{"id":1705,"date":"2024-12-30T02:28:37","date_gmt":"2024-12-30T02:28:37","guid":{"rendered":"https:\/\/rf-capacitor.com\/?post_type=product&#038;p=1705"},"modified":"2024-12-30T02:28:37","modified_gmt":"2024-12-30T02:28:37","slug":"ac-filter-metalized-film-capacitor","status":"publish","type":"product","link":"https:\/\/rf-capacitor.com\/sl\/ac-filter-metalized-film-capacitor\/","title":{"rendered":"AC Filter Metalizirani filmski kondenzator"},"content":{"rendered":"<h3 data-sourcepos=\"1:1-1:40\"><strong>AC Filter Metalizirani filmski kondenzator<\/strong><\/h3>\n<h3 data-sourcepos=\"3:1-3:18\"><strong>Kaj so kondenzatorji z metaliziranim filmom za AC filter?<\/strong><\/h3>\n<ul data-sourcepos=\"5:1-10:0\">\n<li data-sourcepos=\"5:1-5:121\"><strong><span class=\"citation-0 recitation\">Namen:<\/span><\/strong><span class=\"citation-0 recitation citation-end-0\"> Uporablja se predvsem za filtriranje ne\u017eelenih harmonskih (popa\u010denih frekvenc) v izmeni\u010dnih napajalnih sistemih.<\/span><span class=\"button-container hide-from-message-actions ng-star-inserted\"> \u00a0<\/span>\n<div class=\"container ng-tns-c362440147-19 hide\">\n<div class=\"carousel-container ng-tns-c362440147-19\"><\/div>\n<\/div>\n<\/li>\n<li data-sourcepos=\"6:1-10:0\"><strong>Gradnja:<\/strong>\n<ul data-sourcepos=\"7:5-10:0\">\n<li data-sourcepos=\"7:5-7:90\"><strong>Dielektrik:<\/strong> <span class=\"citation-1 recitation citation-end-1\">Narejen je iz tankih plasti metalizirane polipropilenske folije.<\/span><span class=\"button-container hide-from-message-actions ng-star-inserted\">\u00a0<\/span>\n<div class=\"container ng-tns-c362440147-20 hide\">\n<div class=\"carousel-container ng-tns-c362440147-20\"><\/div>\n<\/div>\n<\/li>\n<li data-sourcepos=\"8:5-8:135\"><strong><span class=\"citation-2 recitation\">Metalizacija:<\/span><\/strong><span class=\"citation-2 recitation citation-end-2\"> Na folijo se nanese tanka plast kovine (obi\u010dajno aluminija), ki ustvari prevodno plast.<\/span><span class=\"button-container hide-from-message-actions ng-star-inserted\"> \u00a0<\/span>\n<div class=\"container ng-tns-c362440147-21 hide\">\n<div class=\"carousel-container ng-tns-c362440147-21\"><\/div>\n<\/div>\n<\/li>\n<li data-sourcepos=\"9:5-10:0\"><strong>Samozdravljenje:<\/strong> \u010ce pride do lokalnega kratkega stika, metalizacija okoli napake izhlapi, izolira obmo\u010dje in omogo\u010di nadaljnje delovanje kondenzatorja.<\/li>\n<\/ul>\n<\/li>\n<\/ul>\n<h3 data-sourcepos=\"11:1-11:17\"><strong>Klju\u010dne lastnosti AC Filter metalizirani filmski kondenzator:<\/strong><\/h3>\n<ul data-sourcepos=\"13:1-22:0\">\n<li data-sourcepos=\"13:1-13:99\"><strong><span class=\"citation-3 recitation\">Visoka gostota kapacitivnosti:<\/span><\/strong><span class=\"citation-3 recitation citation-end-3\"> V kompaktni velikosti lahko dose\u017ee visoke vrednosti kapacitivnosti.<\/span><span class=\"button-container hide-from-message-actions ng-star-inserted\">\u00a0<\/span>\n<div class=\"container ng-tns-c362440147-22 hide\">\n<div class=\"carousel-container ng-tns-c362440147-22\"><\/div>\n<\/div>\n<\/li>\n<li data-sourcepos=\"14:1-14:73\"><strong><span class=\"citation-4 recitation\">Nizka izguba:<\/span><\/strong><span class=\"citation-4 recitation citation-end-4\"> Minimalna razpr\u0161itev energije med delovanjem.<\/span><span class=\"button-container hide-from-message-actions ng-star-inserted\">\u00a0 \u00a0<\/span>\n<div class=\"container ng-tns-c362440147-23 hide\">\n<div class=\"carousel-container ng-tns-c362440147-23\"><\/div>\n<\/div>\n<\/li>\n<li data-sourcepos=\"15:1-15:80\"><strong>Samozdravljenje:<\/strong> <span class=\"citation-5 recitation citation-end-5\">Pove\u010da zanesljivost in podalj\u0161a \u017eivljenjsko dobo.<\/span><span class=\"button-container hide-from-message-actions ng-star-inserted\">\u00a0 \u00a0<\/span>\n<div class=\"container ng-tns-c362440147-24 hide\">\n<div class=\"carousel-container ng-tns-c362440147-24\"><\/div>\n<\/div>\n<\/li>\n<li data-sourcepos=\"16:1-16:83\"><strong><span class=\"citation-6 recitation\">Zmogljivost visokega vr\u0161nega toka:<\/span><\/strong><span class=\"citation-6 recitation citation-end-6\"> Lahko prenese visoke tokovne sunke.<\/span><span class=\"button-container hide-from-message-actions ng-star-inserted\"> \u00a0<\/span>\n<div class=\"container ng-tns-c362440147-25 hide\">\n<div class=\"carousel-container ng-tns-c362440147-25\"><\/div>\n<\/div>\n<\/li>\n<li data-sourcepos=\"17:1-22:0\"><strong>\u0160iroka paleta aplikacij:<\/strong> Primerno za razli\u010dne aplikacije, vklju\u010dno z:\n<ul data-sourcepos=\"18:5-22:0\">\n<li data-sourcepos=\"18:5-18:80\"><strong>Inverterski sistemi:<\/strong> glajenje izhodnih valovnih oblik in izbolj\u0161anje u\u010dinkovitosti.<\/li>\n<li data-sourcepos=\"19:5-19:91\"><strong><span class=\"citation-7 recitation\">Motorni pogoni:<\/span><\/strong><span class=\"citation-7 recitation citation-end-7\"> Zmanj\u0161anje harmonskih, ki jih ustvarjajo pogoni s spremenljivo hitrostjo.<\/span>\n<div class=\"container ng-tns-c362440147-26 hide\">\n<div class=\"carousel-container ng-tns-c362440147-26\"><\/div>\n<\/div>\n<\/li>\n<li data-sourcepos=\"20:5-20:67\"><strong><span class=\"citation-8 recitation\">Polnilniki baterij:<\/span><\/strong><span class=\"citation-8 recitation citation-end-8\"> Filtriranje valovitih tokov.<\/span><span class=\"button-container hide-from-message-actions ng-star-inserted\"> \u00a0<\/span>\n<div class=\"container ng-tns-c362440147-27 hide\">\n<div class=\"carousel-container ng-tns-c362440147-27\"><\/div>\n<\/div>\n<\/li>\n<li data-sourcepos=\"21:5-22:0\"><strong><span class=\"citation-9 recitation\">Korekcija faktorja mo\u010di (PFC):<\/span><\/strong><span class=\"citation-9 recitation citation-end-9\"> Izbolj\u0161anje kakovosti elektri\u010dne energije.<\/span><span class=\"button-container hide-from-message-actions ng-star-inserted\"> \u00a0<\/span>\n<div class=\"container ng-tns-c362440147-28 hide\">\n<div class=\"carousel-container ng-tns-c362440147-28\">\n<div class=\"carousel-content ng-tns-c362440147-28\">\n<div class=\"sources-carousel-source ng-tns-c362440147-28 hide ng-star-inserted\" data-test-id=\"sources-carousel-source\"><\/div>\n<\/div>\n<\/div>\n<\/div>\n<\/li>\n<\/ul>\n<\/li>\n<\/ul>\n<h3 data-sourcepos=\"23:1-23:17\"><strong>Aplikacije AC Filter Metalizirani filmski kondenzator:<\/strong><\/h3>\n<ul data-sourcepos=\"25:1-29:0\">\n<li data-sourcepos=\"25:1-25:99\"><strong><span class=\"citation-10 recitation\">Industrijski:<\/span><\/strong><span class=\"citation-10 recitation citation-end-10\"> Korekcija faktorja mo\u010di, filtriranje harmonskih v industrijski opremi.<\/span><span class=\"button-container hide-from-message-actions ng-star-inserted\"> \u00a0<\/span>\n<div class=\"container ng-tns-c362440147-29 hide\">\n<div class=\"carousel-container ng-tns-c362440147-29\"><\/div>\n<\/div>\n<\/li>\n<li data-sourcepos=\"26:1-26:91\"><strong><span class=\"citation-11 recitation\">Obnovljivi viri energije:<\/span><\/strong><span class=\"citation-11 recitation citation-end-11\"> Filtriranje harmonskih v vetrnih in son\u010dnih energetskih sistemih,<\/span>\n<div class=\"container ng-tns-c362440147-30 hide\">\n<div class=\"carousel-container ng-tns-c362440147-30\"><\/div>\n<\/div>\n<\/li>\n<li data-sourcepos=\"27:1-27:90\"><strong>Avtomobilska industrija:<\/strong> <span class=\"citation-12 recitation citation-end-12\">Glajenje nihanj napetosti v elektronskih sistemih.<\/span><span class=\"button-container hide-from-message-actions ng-star-inserted\">\u00a0 \u00a0<\/span>\n<div class=\"container ng-tns-c362440147-31 hide\">\n<div class=\"carousel-container ng-tns-c362440147-31\"><\/div>\n<\/div>\n<\/li>\n<li data-sourcepos=\"28:1-29:0\"><strong><span class=\"citation-13 recitation\">Potro\u0161ni\u0161ka elektronika:<\/span><\/strong><span class=\"citation-13 recitation citation-end-13\"> Izbolj\u0161anje delovanja avdio in video opreme.<\/span><span class=\"button-container hide-from-message-actions ng-star-inserted\"> \u00a0<\/span>\n<div class=\"container ng-tns-c362440147-32 hide\">\n<div class=\"carousel-container ng-tns-c362440147-32\"><\/div>\n<\/div>\n<\/li>\n<\/ul>\n<h3 data-sourcepos=\"30:1-30:13\"><strong>Prednosti:<\/strong><\/h3>\n<ul data-sourcepos=\"32:1-36:0\">\n<li data-sourcepos=\"32:1-32:125\"><strong><span class=\"citation-14 recitation\">Izbolj\u0161ana kakovost elektri\u010dne energije:<\/span><\/strong><span class=\"citation-14 recitation citation-end-14\"> Zmanj\u0161uje harmoni\u010dno popa\u010denje, kar vodi k stabilnej\u0161im in u\u010dinkovitej\u0161im elektroenergetskim sistemom.<\/span>\n<div class=\"container ng-tns-c362440147-33 hide\">\n<div class=\"carousel-container ng-tns-c362440147-33\"><\/div>\n<\/div>\n<\/li>\n<li data-sourcepos=\"33:1-33:105\"><strong><span class=\"citation-15 recitation\">Manj\u0161a poraba energije:<\/span><\/strong><span class=\"citation-15 recitation citation-end-15\"> Zmanj\u0161anje harmoni\u010dnega popa\u010denja lahko zmanj\u0161a izgube energije.<\/span><span class=\"button-container hide-from-message-actions ng-star-inserted\"> \u00a0<\/span>\n<div class=\"container ng-tns-c362440147-34 hide\">\n<div class=\"carousel-container ng-tns-c362440147-34\"><\/div>\n<\/div>\n<\/li>\n<li data-sourcepos=\"34:1-34:92\"><strong>Podalj\u0161ana \u017eivljenjska doba opreme:<\/strong> Za\u0161\u010dita ob\u010dutljive opreme pred u\u010dinki harmonskih.<\/li>\n<li data-sourcepos=\"35:1-36:0\"><strong>Izbolj\u0161ana zanesljivost sistema:<\/strong> <span class=\"citation-16 recitation citation-end-16\">Samozdravljenje pove\u010duje dolgoro\u010dno zanesljivost kondenzatorjev.<\/span><span class=\"button-container hide-from-message-actions ng-star-inserted\"> \u00a0 <\/span><\/li>\n<\/ul>","protected":false},"excerpt":{"rendered":"<table style=\"height: 406px;\" width=\"696\">\n<tbody>\n<tr>\n<td width=\"146\"><strong>Ime izdelka:<\/strong><\/td>\n<td width=\"601\"><strong>AC Filter Metalizirani filmski kondenzator<\/strong><\/td>\n<\/tr>\n<tr>\n<td width=\"146\">\n<h4><strong>Paket:<\/strong><\/h4>\n<\/td>\n<td width=\"601\">Kovinska aluminijasta lupina, negorljiva (UL 94V-0) epoksidna embala\u017ea z visokim tokom<\/td>\n<\/tr>\n<tr>\n<td width=\"146\"><strong>Elektri\u010dna zmogljivost:<\/strong><\/td>\n<td width=\"601\">3\u2716\ufe0f20~3\u2716\ufe0f500UF<\/td>\n<\/tr>\n<tr>\n<td width=\"146\"><strong>Nazivna napetost\uff1a<\/strong><\/td>\n<td width=\"601\">220-1000 Vac<\/td>\n<\/tr>\n<tr>\n<td width=\"146\"><strong>Dielektrik:\u00a0<\/strong><\/td>\n<td width=\"601\">Polipropilenska folija<\/td>\n<\/tr>\n<tr>\n<td width=\"146\"><strong>Struktura:<\/strong><\/td>\n<td width=\"601\">Suha struktura metaliziranega filma<\/td>\n<\/tr>\n<\/tbody>\n<\/table>","protected":false},"featured_media":1706,"comment_status":"open","ping_status":"closed","template":"","meta":[],"product_brand":[],"product_cat":[39],"product_tag":[],"class_list":{"0":"post-1705","1":"product","2":"type-product","3":"status-publish","4":"has-post-thumbnail","6":"product_cat-ac-filter-capacitor-1","8":"first","9":"instock","10":"shipping-taxable","11":"product-type-simple"},"_links":{"self":[{"href":"https:\/\/rf-capacitor.com\/sl\/wp-json\/wp\/v2\/product\/1705","targetHints":{"allow":["GET"]}}],"collection":[{"href":"https:\/\/rf-capacitor.com\/sl\/wp-json\/wp\/v2\/product"}],"about":[{"href":"https:\/\/rf-capacitor.com\/sl\/wp-json\/wp\/v2\/types\/product"}],"replies":[{"embeddable":true,"href":"https:\/\/rf-capacitor.com\/sl\/wp-json\/wp\/v2\/comments?post=1705"}],"wp:featuredmedia":[{"embeddable":true,"href":"https:\/\/rf-capacitor.com\/sl\/wp-json\/wp\/v2\/media\/1706"}],"wp:attachment":[{"href":"https:\/\/rf-capacitor.com\/sl\/wp-json\/wp\/v2\/media?parent=1705"}],"wp:term":[{"taxonomy":"product_brand","embeddable":true,"href":"https:\/\/rf-capacitor.com\/sl\/wp-json\/wp\/v2\/product_brand?post=1705"},{"taxonomy":"product_cat","embeddable":true,"href":"https:\/\/rf-capacitor.com\/sl\/wp-json\/wp\/v2\/product_cat?post=1705"},{"taxonomy":"product_tag","embeddable":true,"href":"https:\/\/rf-capacitor.com\/sl\/wp-json\/wp\/v2\/product_tag?post=1705"}],"curies":[{"name":"wp","href":"https:\/\/api.w.org\/{rel}","templated":true}]}}