{"id":1702,"date":"2024-12-30T01:56:26","date_gmt":"2024-12-30T01:56:26","guid":{"rendered":"https:\/\/rf-capacitor.com\/?post_type=product&#038;p=1702"},"modified":"2024-12-30T01:56:26","modified_gmt":"2024-12-30T01:56:26","slug":"ac-power-capacitor","status":"publish","type":"product","link":"https:\/\/rf-capacitor.com\/sl\/ac-power-capacitor\/","title":{"rendered":"Kondenzator za napajanje z izmeni\u010dnim tokom"},"content":{"rendered":"<h3 data-sourcepos=\"1:1-1:33\"><strong>Kondenzatorji za napajanje z izmeni\u010dnim tokom: Osnove: Kondenzatorji<\/strong><\/h3>\n<p data-sourcepos=\"3:1-3:275\">Kondenzator za izmeni\u010dni tok je specializirana vrsta kondenzatorja, namenjenega za uporabo v sistemih izmeni\u010dnega toka (AC). Uporabljajo se predvsem za <strong>korekcija faktorja mo\u010di<\/strong>, tehniko za izbolj\u0161anje u\u010dinkovitosti in stabilnosti elektri\u010dnega omre\u017eja.<\/p>\n<h3 data-sourcepos=\"3:1-3:275\"><strong>Kako delujejo<\/strong><\/h3>\n<ul data-sourcepos=\"7:1-10:0\">\n<li data-sourcepos=\"7:1-7:211\"><strong>Kapacitivna reaktanca:<\/strong> Kondenzatorji imajo lastnost, znano kot kapacitivna reaktanca, ki nasprotuje toku izmeni\u010dnega toka. Ta reaktanca je obratno sorazmerna s frekvenco izmeni\u010dnega signala.<\/li>\n<li data-sourcepos=\"7:1-7:211\"><strong>Vodilni tok:<\/strong> Ko je kondenzator priklju\u010den na izmeni\u010dni tok, oddaja vodilni tok, kar pomeni, da tokovno valovanje za 90 stopinj prehiteva napetostno valovanje.<\/li>\n<li data-sourcepos=\"9:1-10:0\"><strong>Korekcija faktorja mo\u010di:<\/strong> V \u0161tevilnih industrijskih in komercialnih aplikacijah so elektri\u010dne obremenitve predvsem induktivne (npr. motorji, transformatorji). Zaradi induktivnih bremen tok zaostaja za napetostjo, kar ima za posledico slab faktor mo\u010di. Z uvedbo kapacitivne reaktance v sistem lahko kondenzatorji za izmeni\u010dni tok izravnajo zaostajanje toka, s \u010dimer se faktor mo\u010di pribli\u017ea enoti (1).<\/li>\n<\/ul>\n<h3 data-sourcepos=\"11:1-11:41\"><strong>Prednosti uporabe kondenzatorjev za izmeni\u010dni tok<\/strong><\/h3>\n<ul data-sourcepos=\"13:1-17:0\">\n<li data-sourcepos=\"13:1-13:195\"><strong>Manj\u0161e izgube energije:<\/strong> Ni\u017eji faktor mo\u010di povzro\u010di ve\u010dje izgube energije v elektri\u010dnem sistemu. Korekcija faktorja mo\u010di te izgube zmanj\u0161a, kar pomeni znatne prihranke energije.<\/li>\n<li data-sourcepos=\"14:1-14:140\"><strong>Izbolj\u0161ana regulacija napetosti:<\/strong> Z zmanj\u0161anjem nihanja toka kondenzatorji pomagajo vzdr\u017eevati stabilnej\u0161o raven napetosti v sistemu.<\/li>\n<li data-sourcepos=\"15:1-15:140\"><strong>Ve\u010dja zmogljivost sistema:<\/strong> Vi\u0161ji faktor mo\u010di omogo\u010da prenos ve\u010dje koli\u010dine energije prek obstoje\u010de elektri\u010dne infrastrukture.<\/li>\n<li data-sourcepos=\"15:1-15:140\"><strong>Manj\u0161a obremenitev opreme:<\/strong> Izbolj\u0161ana kakovost elektri\u010dne energije zmanj\u0161a obremenitev elektri\u010dne opreme in podalj\u0161a njeno \u017eivljenjsko dobo.<\/li>\n<\/ul>\n<h3 data-sourcepos=\"18:1-18:16\"><strong>Aplikacije<\/strong><\/h3>\n<p data-sourcepos=\"20:1-20:71\">Kondenzatorji za izmeni\u010dni tok se pogosto uporabljajo v razli\u010dnih okoljih, vklju\u010dno z:<\/p>\n<ul data-sourcepos=\"22:1-25:0\">\n<li data-sourcepos=\"22:1-22:121\"><strong>Industrijski objekti:<\/strong> Tovarne, proizvodni obrati in druga industrijska obmo\u010dja imajo pogosto visoke induktivne obremenitve.<\/li>\n<li data-sourcepos=\"23:1-23:132\"><strong>Poslovne stavbe:<\/strong> Korekcija faktorja mo\u010di lahko koristi velikim komercialnim stavbam z velikimi potrebami po elektri\u010dni energiji.<\/li>\n<li data-sourcepos=\"24:1-25:0\"><strong>Komunalne postaje:<\/strong> Energetska podjetja uporabljajo kondenzatorje v transformatorskih postajah, da izbolj\u0161ajo splo\u0161no kakovost elektri\u010dne energije v omre\u017eju.<\/li>\n<\/ul>\n<h3 data-sourcepos=\"26:1-26:22\"><strong>Klju\u010dni vidiki<\/strong><\/h3>\n<ul data-sourcepos=\"28:1-31:0\">\n<li data-sourcepos=\"28:1-28:191\"><strong>Ocena kondenzatorja:<\/strong> Za u\u010dinkovito korekcijo faktorja mo\u010di je klju\u010dnega pomena izbira ustreznega nazivnega kondenzatorja. Upo\u0161tevati je treba dejavnike, kot so napetost, tok in frekvenca sistema.<\/li>\n<li data-sourcepos=\"29:1-29:135\"><strong>Varnost:<\/strong> Pravilna namestitev in vzdr\u017eevanje kondenzatorjev za izmeni\u010dni tok sta bistvenega pomena za zagotavljanje varnosti in prepre\u010devanje elektri\u010dnih nevarnosti.<\/li>\n<li data-sourcepos=\"30:1-31:0\"><strong>Harmoniki:<\/strong> V nekaterih primerih lahko kondenzatorji v elektri\u010dni sistem vna\u0161ajo harmoni\u010dno popa\u010denje. S skrbno zasnovo in filtriranjem lahko to te\u017eavo omilimo.<\/li>\n<\/ul>","protected":false},"excerpt":{"rendered":"<table style=\"height: 493px;\" width=\"923\">\n<tbody>\n<tr>\n<td width=\"146\"><strong><b>Izdelek<\/b><\/strong>\u00a0<strong><b>Ime:<\/b><\/strong><\/td>\n<td width=\"601\">Kondenzator za napajanje z izmeni\u010dnim tokom<\/td>\n<\/tr>\n<tr>\n<td width=\"146\">\n<h4><strong>Uporaba:\u00a0<\/strong><\/h4>\n<\/td>\n<td width=\"601\">Splo\u0161ni namen, napajanje, visoka napetost, UPS<\/td>\n<\/tr>\n<tr>\n<td width=\"146\"><strong>Obmo\u010dje kapacitivnosti:<\/strong><\/td>\n<td width=\"601\">\u00a00,33UF ~ 60UF<\/td>\n<\/tr>\n<tr>\n<td width=\"146\"><strong>Referen\u010dni standard:<\/strong><\/td>\n<td width=\"601\">IEC61071; GB\/T 17702<\/td>\n<\/tr>\n<tr>\n<td width=\"146\"><strong>Uporaba:\u00a0<\/strong><\/td>\n<td width=\"601\">AC-filter<\/td>\n<\/tr>\n<tr>\n<td width=\"146\">Proizvodni material:<\/td>\n<td width=\"601\">Polipropilen<\/td>\n<\/tr>\n<\/tbody>\n<\/table>","protected":false},"featured_media":1703,"comment_status":"open","ping_status":"closed","template":"","meta":[],"product_brand":[],"product_cat":[39],"product_tag":[],"class_list":{"0":"post-1702","1":"product","2":"type-product","3":"status-publish","4":"has-post-thumbnail","6":"product_cat-ac-filter-capacitor-1","8":"first","9":"instock","10":"shipping-taxable","11":"product-type-simple"},"_links":{"self":[{"href":"https:\/\/rf-capacitor.com\/sl\/wp-json\/wp\/v2\/product\/1702","targetHints":{"allow":["GET"]}}],"collection":[{"href":"https:\/\/rf-capacitor.com\/sl\/wp-json\/wp\/v2\/product"}],"about":[{"href":"https:\/\/rf-capacitor.com\/sl\/wp-json\/wp\/v2\/types\/product"}],"replies":[{"embeddable":true,"href":"https:\/\/rf-capacitor.com\/sl\/wp-json\/wp\/v2\/comments?post=1702"}],"wp:featuredmedia":[{"embeddable":true,"href":"https:\/\/rf-capacitor.com\/sl\/wp-json\/wp\/v2\/media\/1703"}],"wp:attachment":[{"href":"https:\/\/rf-capacitor.com\/sl\/wp-json\/wp\/v2\/media?parent=1702"}],"wp:term":[{"taxonomy":"product_brand","embeddable":true,"href":"https:\/\/rf-capacitor.com\/sl\/wp-json\/wp\/v2\/product_brand?post=1702"},{"taxonomy":"product_cat","embeddable":true,"href":"https:\/\/rf-capacitor.com\/sl\/wp-json\/wp\/v2\/product_cat?post=1702"},{"taxonomy":"product_tag","embeddable":true,"href":"https:\/\/rf-capacitor.com\/sl\/wp-json\/wp\/v2\/product_tag?post=1702"}],"curies":[{"name":"wp","href":"https:\/\/api.w.org\/{rel}","templated":true}]}}