{"id":1649,"date":"2024-12-27T03:26:39","date_gmt":"2024-12-27T03:26:39","guid":{"rendered":"https:\/\/rf-capacitor.com\/?post_type=product&#038;p=1649"},"modified":"2024-12-27T03:26:39","modified_gmt":"2024-12-27T03:26:39","slug":"high-voltage-film-capacitor","status":"publish","type":"product","link":"https:\/\/rf-capacitor.com\/sl\/high-voltage-film-capacitor\/","title":{"rendered":"Visokonapetostni filmski kondenzator"},"content":{"rendered":"<h3 data-sourcepos=\"1:1-1:32\"><strong>Visokonapetostni filmski kondenzatorji<\/strong><\/h3>\n<p data-sourcepos=\"3:1-3:313\"><span class=\"citation-0 recitation citation-end-0\">Visokonapetostni filmski kondenzatorji so specializirani sestavni deli, zasnovani za visoke napetosti ob ohranjanju odli\u010dnih elektri\u010dnih lastnosti.<\/span> Izdelani so iz tankih plasti dielektri\u010dnih materialov, kot so polipropilen, poliester ali polistiren, polo\u017eenih med prevodne elektrode.<span class=\"button-container hide-from-message-actions ng-star-inserted\"> \u00a0<\/span><\/p>\n<h3 data-sourcepos=\"5:1-5:24\"><strong>Glavne zna\u010dilnosti:<\/strong><\/h3>\n<ul data-sourcepos=\"7:1-12:0\">\n<li data-sourcepos=\"7:1-7:106\"><strong>Visoka napetost:<\/strong> <span class=\"citation-1 recitation citation-end-1\">Brez okvare prenese izjemno visoke napetosti.<\/span><span class=\"button-container hide-from-message-actions ng-star-inserted\"> \u00a0<\/span>\n<div class=\"container ng-tns-c362440147-70 hide\">\n<div class=\"carousel-container ng-tns-c362440147-70\"><\/div>\n<\/div>\n<\/li>\n<li data-sourcepos=\"8:1-8:109\"><strong>Majhen uhajalni tok:<\/strong> Minimalno uhajanje toka, kar zagotavlja u\u010dinkovito shranjevanje energije in minimalno izgubo energije.<\/li>\n<li data-sourcepos=\"9:1-9:151\"><strong><span class=\"citation-2 recitation\">Visoka izolacijska odpornost:<\/span><\/strong><span class=\"citation-2 recitation citation-end-2\"> Odli\u010dna odpornost proti elektri\u010dnim okvaram zagotavlja zanesljivo delovanje v visokonapetostnih aplikacijah.<\/span><span class=\"button-container hide-from-message-actions ng-star-inserted\"> \u00a0<\/span>\n<div class=\"container ng-tns-c362440147-71 hide\">\n<div class=\"carousel-container ng-tns-c362440147-71\"><\/div>\n<\/div>\n<\/li>\n<li data-sourcepos=\"10:1-10:198\"><strong>Lastnosti samozdravljenja:<\/strong> <span class=\"citation-3 recitation citation-end-3\">Nekateri filmski kondenzatorji imajo sposobnost samozdravljenja, pri \u010demer se lokalne dielektri\u010dne okvare samodejno popravijo, kar podalj\u0161a \u017eivljenjsko dobo kondenzatorja.<\/span><span class=\"button-container hide-from-message-actions ng-star-inserted\"> \u00a0<\/span>\n<div class=\"container ng-tns-c362440147-72 hide\">\n<div class=\"carousel-container ng-tns-c362440147-72\"><\/div>\n<\/div>\n<\/li>\n<li data-sourcepos=\"11:1-12:0\"><strong><span class=\"citation-4 recitation\">\u0160irok razpon vrednosti kapacitivnosti:<\/span><\/strong><span class=\"citation-4 recitation citation-end-4\"> Na voljo so razli\u010dne vrednosti kapacitivnosti, ki ustrezajo razli\u010dnim aplikacijam.<\/span><span class=\"button-container hide-from-message-actions ng-star-inserted\">\u00a0 \u00a0<\/span>\n<div class=\"container ng-tns-c362440147-73 hide\">\n<div class=\"carousel-container ng-tns-c362440147-73\"><\/div>\n<\/div>\n<\/li>\n<\/ul>\n<h4 data-sourcepos=\"13:1-13:24\"><strong>Visokonapetostni filmski kondenzator Pogoste aplikacije:<\/strong><\/h4>\n<ul data-sourcepos=\"15:1-20:0\">\n<li data-sourcepos=\"15:1-15:157\"><strong>Visokonapetostni napajalniki:<\/strong> Uporablja se v napajalnikih za razli\u010dne elektronske naprave, vklju\u010dno s televizorji, medicinsko opremo in industrijskimi stroji.<\/li>\n<li data-sourcepos=\"16:1-16:164\"><strong><span class=\"citation-5 recitation\">Sistemi za impulzno napajanje:<\/span><\/strong><span class=\"citation-5 recitation citation-end-5\"> Uporabljajo se v aplikacijah, ki zahtevajo shranjevanje in hitro spro\u0161\u010danje visoke energije, kot so pulzni laserji in radarski sistemi.<\/span><span class=\"button-container hide-from-message-actions ng-star-inserted\"> \u00a0<\/span>\n<div class=\"container ng-tns-c362440147-74 hide\">\n<div class=\"carousel-container ng-tns-c362440147-74\"><\/div>\n<\/div>\n<\/li>\n<li data-sourcepos=\"17:1-17:100\"><strong>Motorni pogoni:<\/strong> <span class=\"citation-6 recitation citation-end-6\">Uporablja se v krmilnih sistemih motorjev za filtriranje in shranjevanje energije.<\/span><span class=\"button-container hide-from-message-actions ng-star-inserted\">\u00a0<\/span>\n<div class=\"container ng-tns-c362440147-75 hide\">\n<div class=\"carousel-container ng-tns-c362440147-75\"><\/div>\n<\/div>\n<\/li>\n<li data-sourcepos=\"18:1-18:131\"><strong>Oprema za visokonapetostno testiranje:<\/strong> Uporablja se v opremi za presku\u0161anje izolacijskih lastnosti elektri\u010dnih komponent in sistemov.<\/li>\n<li data-sourcepos=\"19:1-20:0\"><strong>Sistemi za shranjevanje energije:<\/strong> Uporablja se v sistemih za shranjevanje energije za obnovljive vire energije, kot sta son\u010dna in vetrna energija.<\/li>\n<\/ul>","protected":false},"excerpt":{"rendered":"<table style=\"height: 474px;\" width=\"704\">\n<tbody>\n<tr>\n<td width=\"146\"><strong><b>Izdelek<\/b><\/strong>\u00a0<strong><b>Ime:<\/b><\/strong><\/td>\n<td width=\"601\"><strong>Visokonapetostni filmski kondenzator<\/strong><\/td>\n<\/tr>\n<tr>\n<td width=\"146\">\n<h4><strong>Kratek opis:<\/strong><\/h4>\n<\/td>\n<td width=\"601\">\u0160iroko se uporablja v razli\u010dnih vrstah elektronske opreme DC link del za DC podporo, shranjevanje energije in filter, npr. sistemi vetrne energije in pretvorniki;<\/td>\n<\/tr>\n<tr>\n<td width=\"146\"><strong>Obmo\u010dje kapacitivnosti:<\/strong><\/td>\n<td width=\"601\">20\u00b5F ~ 5600\u00b5F<\/td>\n<\/tr>\n<tr>\n<td width=\"146\"><strong>Nazivna napetost\uff1a<\/strong><\/td>\n<td width=\"601\">500 ~ 4000 VDC<\/td>\n<\/tr>\n<tr>\n<td width=\"146\"><strong>Cap.tol\uff1a<\/strong><\/td>\n<td width=\"601\">\u00a0\u00a0\u00b15%\uff08J\uff09\uff1b\u00b110%\uff08K\uff09<\/td>\n<\/tr>\n<tr>\n<td width=\"146\"><\/td>\n<td width=\"601\"><\/td>\n<\/tr>\n<\/tbody>\n<\/table>","protected":false},"featured_media":1664,"comment_status":"open","ping_status":"closed","template":"","meta":[],"product_brand":[],"product_cat":[38],"product_tag":[],"class_list":{"0":"post-1649","1":"product","2":"type-product","3":"status-publish","4":"has-post-thumbnail","6":"product_cat-dc-capacitor-2","8":"first","9":"instock","10":"shipping-taxable","11":"product-type-simple"},"_links":{"self":[{"href":"https:\/\/rf-capacitor.com\/sl\/wp-json\/wp\/v2\/product\/1649","targetHints":{"allow":["GET"]}}],"collection":[{"href":"https:\/\/rf-capacitor.com\/sl\/wp-json\/wp\/v2\/product"}],"about":[{"href":"https:\/\/rf-capacitor.com\/sl\/wp-json\/wp\/v2\/types\/product"}],"replies":[{"embeddable":true,"href":"https:\/\/rf-capacitor.com\/sl\/wp-json\/wp\/v2\/comments?post=1649"}],"wp:featuredmedia":[{"embeddable":true,"href":"https:\/\/rf-capacitor.com\/sl\/wp-json\/wp\/v2\/media\/1664"}],"wp:attachment":[{"href":"https:\/\/rf-capacitor.com\/sl\/wp-json\/wp\/v2\/media?parent=1649"}],"wp:term":[{"taxonomy":"product_brand","embeddable":true,"href":"https:\/\/rf-capacitor.com\/sl\/wp-json\/wp\/v2\/product_brand?post=1649"},{"taxonomy":"product_cat","embeddable":true,"href":"https:\/\/rf-capacitor.com\/sl\/wp-json\/wp\/v2\/product_cat?post=1649"},{"taxonomy":"product_tag","embeddable":true,"href":"https:\/\/rf-capacitor.com\/sl\/wp-json\/wp\/v2\/product_tag?post=1649"}],"curies":[{"name":"wp","href":"https:\/\/api.w.org\/{rel}","templated":true}]}}