{"id":1646,"date":"2024-12-27T02:40:11","date_gmt":"2024-12-27T02:40:11","guid":{"rendered":"https:\/\/rf-capacitor.com\/?post_type=product&#038;p=1646"},"modified":"2024-12-27T02:40:11","modified_gmt":"2024-12-27T02:40:11","slug":"dc-coupling-capacitor","status":"publish","type":"product","link":"https:\/\/rf-capacitor.com\/sl\/dc-coupling-capacitor\/","title":{"rendered":"DC spojni kondenzator"},"content":{"rendered":"<h3 data-sourcepos=\"1:1-1:25\"><strong>DC spojni kondenzator<\/strong><\/h3>\n<p data-sourcepos=\"3:1-3:215\"><span class=\"citation-0 recitation\">Vezni kondenzator za enosmerni tok, znan tudi kot <\/span><strong><span class=\"citation-0 recitation\">povezovalni kondenzator<\/span><\/strong><span class=\"citation-0 recitation\"> ali <\/span><strong><span class=\"citation-0 recitation\">DC blokirni kondenzator<\/span><\/strong><span class=\"citation-0 recitation citation-end-0\">je klju\u010dna sestavina v elektronskih vezjih, zlasti v oja\u010devalnih stopnjah.<\/span> Njegova glavna naloga je:<span class=\"button-container hide-from-message-actions ng-star-inserted\"> \u00a0<\/span><\/p>\n<ul data-sourcepos=\"5:1-7:0\">\n<li data-sourcepos=\"5:1-5:218\"><strong><span class=\"citation-1 recitation\">Izolirajte enosmerno napetost:<\/span><\/strong><span class=\"citation-1 recitation citation-end-1\"> Prepre\u010dite, da bi enosmerna napetost ene stopnje vplivala na enosmerno napetost naslednje stopnje.<\/span> <span class=\"citation-2 recitation citation-end-2\">To je bistvenega pomena za vzdr\u017eevanje pravilne delovne to\u010dke vsake stopnje.<\/span><span class=\"button-container hide-from-message-actions ng-star-inserted\">\u00a0<\/span>\n<div class=\"container ng-tns-c362440147-54 hide\">\n<div class=\"carousel-container ng-tns-c362440147-54\">\n<div class=\"carousel-content ng-tns-c362440147-54\">\n<div class=\"sources-carousel-source ng-tns-c362440147-54 hide ng-star-inserted\" data-test-id=\"sources-carousel-source\"><\/div>\n<\/div>\n<\/div>\n<\/div>\n<\/li>\n<li data-sourcepos=\"6:1-7:0\"><strong><span class=\"citation-3 recitation\">Prenos signalov izmeni\u010dnega toka:<\/span><\/strong><span class=\"citation-3 recitation citation-end-3\"> Pustite, da izmeni\u010dni signal prehaja iz ene stopnje v drugo.<\/span><span class=\"button-container hide-from-message-actions ng-star-inserted\"> \u00a0<\/span>\n<div class=\"container ng-tns-c362440147-55 hide\">\n<div class=\"carousel-container ng-tns-c362440147-55\"><\/div>\n<\/div>\n<\/li>\n<\/ul>\n<h3 data-sourcepos=\"8:1-8:17\"><strong>Kako deluje:<\/strong><\/h3>\n<ul data-sourcepos=\"10:1-12:0\">\n<li data-sourcepos=\"10:1-10:213\"><strong><span class=\"citation-4 recitation\">Blokiranje DC:<\/span><\/strong><span class=\"citation-4 recitation citation-end-4\"> Kondenzatorji delujejo kot odprti tokokrogi za enosmerni tok.<\/span> <span class=\"citation-5 recitation citation-end-5\">Ko se priklju\u010di enosmerna napetost, se kondenzator napolni do te napetosti in preneha voditi, s \u010dimer u\u010dinkovito blokira enosmerni tok.<\/span><span class=\"button-container hide-from-message-actions ng-star-inserted\">\u00a0<\/span>\n<div class=\"container ng-tns-c362440147-56 hide\">\n<div class=\"carousel-container ng-tns-c362440147-56\">\n<div class=\"carousel-content ng-tns-c362440147-56\">\n<div class=\"sources-carousel-source ng-tns-c362440147-56 hide ng-star-inserted\" data-test-id=\"sources-carousel-source\"><\/div>\n<div class=\"sources-carousel-source ng-tns-c362440147-56 hide ng-star-inserted\" data-test-id=\"sources-carousel-source\"><\/div>\n<\/div>\n<\/div>\n<\/div>\n<\/li>\n<li data-sourcepos=\"11:1-12:0\"><strong><span class=\"citation-6 recitation\">Prehodni AC:<\/span><\/strong><span class=\"citation-6 recitation citation-end-6\"> Pri izmeni\u010dnih signalih se napetosti nenehno spreminjajo.<\/span> <span class=\"citation-7 recitation citation-end-7\">Zaradi tega se kondenzator neprekinjeno polni in praznjenje, kar omogo\u010da prehod izmeni\u010dnega signala.<\/span><span class=\"button-container hide-from-message-actions ng-star-inserted\">\u00a0<\/span>\n<div class=\"container ng-tns-c362440147-57 hide\">\n<div class=\"carousel-container ng-tns-c362440147-57\">\n<div class=\"carousel-content ng-tns-c362440147-57\">\n<div class=\"sources-carousel-source ng-tns-c362440147-57 hide ng-star-inserted\" data-test-id=\"sources-carousel-source\"><\/div>\n<\/div>\n<\/div>\n<\/div>\n<\/li>\n<\/ul>\n<h3 data-sourcepos=\"13:1-13:17\"><strong>Uporaba:<\/strong><\/h3>\n<ul data-sourcepos=\"15:1-18:0\">\n<li data-sourcepos=\"15:1-15:90\"><strong><span class=\"citation-8 recitation\">Zvo\u010dni oja\u010devalniki:<\/span><\/strong><span class=\"citation-8 recitation citation-end-8\"> Povezava med stopnjami oja\u010devalnika za izolacijo enosmerne pristranskosti.<\/span><span class=\"button-container hide-from-message-actions ng-star-inserted\"> \u00a0<\/span>\n<div class=\"container ng-tns-c362440147-58 hide\">\n<div class=\"carousel-container ng-tns-c362440147-58\">\n<div class=\"carousel-content ng-tns-c362440147-58\">\n<div class=\"sources-carousel-source ng-tns-c362440147-58 hide ng-star-inserted\" data-test-id=\"sources-carousel-source\"><\/div>\n<\/div>\n<\/div>\n<\/div>\n<\/li>\n<li data-sourcepos=\"16:1-16:100\"><strong><span class=\"citation-9 recitation\">Vezja za obdelavo signalov:<\/span><\/strong><span class=\"citation-9 recitation citation-end-9\"> Prenos izmeni\u010dnih signalov ob blokiranju enosmernih komponent.<\/span><span class=\"button-container hide-from-message-actions ng-star-inserted\"> \u00a0<\/span>\n<div class=\"container ng-tns-c362440147-59 hide\">\n<div class=\"carousel-container ng-tns-c362440147-59\">\n<div class=\"carousel-content ng-tns-c362440147-59\">\n<div class=\"sources-carousel-source ng-tns-c362440147-59 hide ng-star-inserted\" data-test-id=\"sources-carousel-source\"><\/div>\n<\/div>\n<\/div>\n<\/div>\n<\/li>\n<li data-sourcepos=\"17:1-18:0\"><strong><span class=\"citation-10 recitation\">Filtrirna vezja:<\/span><\/strong><span class=\"citation-10 recitation citation-end-10\"> Kot del visokoprepustnih filtrov za blokiranje nizkofrekven\u010dnih signalov, vklju\u010dno z enosmernim tokom.<\/span><span class=\"button-container hide-from-message-actions ng-star-inserted\">\u00a0<\/span>\n<div class=\"container ng-tns-c362440147-60 hide\">\n<div class=\"carousel-container ng-tns-c362440147-60\">\n<div class=\"carousel-content ng-tns-c362440147-60\">\n<div class=\"sources-carousel-source ng-tns-c362440147-60 hide ng-star-inserted\" data-test-id=\"sources-carousel-source\"><\/div>\n<\/div>\n<\/div>\n<\/div>\n<\/li>\n<\/ul>\n<h3 data-sourcepos=\"19:1-19:23\"><strong>Klju\u010dni vidiki:<\/strong><\/h3>\n<ul data-sourcepos=\"21:1-24:0\">\n<li data-sourcepos=\"21:1-21:164\"><strong>Vrednost kapacitivnosti:<\/strong> Vrednost kapacitivnosti dolo\u010da nizkofrekven\u010dno mejo povezovalnega kondenzatorja. Ve\u010dja kapacitivnost omogo\u010da prehod ni\u017ejih frekvenc.<\/li>\n<li data-sourcepos=\"22:1-22:118\"><strong>Nazivna napetost:<\/strong> <span class=\"citation-11 recitation citation-end-11\">Kondenzator mora biti dimenzioniran za najve\u010djo napetost, ki bo nanj priklju\u010dena.<\/span>\n<div class=\"container ng-tns-c362440147-61 hide\">\n<div class=\"carousel-container ng-tns-c362440147-61\"><\/div>\n<\/div>\n<\/li>\n<li data-sourcepos=\"23:1-24:0\"><strong>Prepustni tok:<\/strong> Uhajalni tok kondenzatorja lahko vpliva na enosmerno napetost v vezju.<\/li>\n<\/ul>\n<p data-sourcepos=\"25:1-25:205\"><strong><span class=\"citation-12 recitation\">V bistvu kondenzator z enosmernim tokom deluje kot most za izmeni\u010dne signale, hkrati pa u\u010dinkovito izolira enosmerne komponente in zagotavlja, da vsaka stopnja vezja deluje neodvisno in pravilno.<\/span><\/strong><span class=\"button-container hide-from-message-actions ng-star-inserted\"> \u00a0 <\/span><\/p>","protected":false},"excerpt":{"rendered":"<table style=\"height: 556px;\" width=\"706\">\n<tbody>\n<tr>\n<td width=\"146\"><strong><b>Izdelek<\/b><\/strong>\u00a0<strong><b>Ime:<\/b><\/strong><\/td>\n<td width=\"601\"><strong>DC spojni kondenzator<\/strong><\/td>\n<\/tr>\n<tr>\n<td width=\"146\">\n<h4><strong>Kratek opis:<\/strong><\/h4>\n<\/td>\n<td width=\"601\">\u0160iroko se uporablja v vezju DC-Link za visokofrekven\u010dno filtriranje in lo\u010devanje<br \/>\n\u0160iroko se uporablja v mo\u010dnostnih elektronskih vezjih, za namene spajanja<\/td>\n<\/tr>\n<tr>\n<td width=\"146\"><strong>Obmo\u010dje kapacitivnosti:<\/strong><\/td>\n<td width=\"601\">\u00a010\u03bcF - 100\u03bcF<\/td>\n<\/tr>\n<tr>\n<td width=\"146\"><strong>Nazivna napetost\uff1a<\/strong><\/td>\n<td width=\"601\">350V.DC - 1100V.DC<\/td>\n<\/tr>\n<tr>\n<td width=\"146\"><strong>Cap.tol\uff1a<\/strong><\/td>\n<td width=\"601\">\u00b15%(J)\uff1a\u00b110%(K)<\/td>\n<\/tr>\n<tr>\n<td width=\"146\"><strong>Model kondenzatorja:\u00a0<\/strong><\/td>\n<td width=\"601\">Serija DMJ-MT<\/td>\n<\/tr>\n<\/tbody>\n<\/table>","protected":false},"featured_media":1647,"comment_status":"open","ping_status":"closed","template":"","meta":[],"product_brand":[],"product_cat":[38],"product_tag":[],"class_list":{"0":"post-1646","1":"product","2":"type-product","3":"status-publish","4":"has-post-thumbnail","6":"product_cat-dc-capacitor-2","8":"first","9":"instock","10":"shipping-taxable","11":"product-type-simple"},"_links":{"self":[{"href":"https:\/\/rf-capacitor.com\/sl\/wp-json\/wp\/v2\/product\/1646","targetHints":{"allow":["GET"]}}],"collection":[{"href":"https:\/\/rf-capacitor.com\/sl\/wp-json\/wp\/v2\/product"}],"about":[{"href":"https:\/\/rf-capacitor.com\/sl\/wp-json\/wp\/v2\/types\/product"}],"replies":[{"embeddable":true,"href":"https:\/\/rf-capacitor.com\/sl\/wp-json\/wp\/v2\/comments?post=1646"}],"wp:featuredmedia":[{"embeddable":true,"href":"https:\/\/rf-capacitor.com\/sl\/wp-json\/wp\/v2\/media\/1647"}],"wp:attachment":[{"href":"https:\/\/rf-capacitor.com\/sl\/wp-json\/wp\/v2\/media?parent=1646"}],"wp:term":[{"taxonomy":"product_brand","embeddable":true,"href":"https:\/\/rf-capacitor.com\/sl\/wp-json\/wp\/v2\/product_brand?post=1646"},{"taxonomy":"product_cat","embeddable":true,"href":"https:\/\/rf-capacitor.com\/sl\/wp-json\/wp\/v2\/product_cat?post=1646"},{"taxonomy":"product_tag","embeddable":true,"href":"https:\/\/rf-capacitor.com\/sl\/wp-json\/wp\/v2\/product_tag?post=1646"}],"curies":[{"name":"wp","href":"https:\/\/api.w.org\/{rel}","templated":true}]}}