{"id":1643,"date":"2024-12-27T02:32:04","date_gmt":"2024-12-27T02:32:04","guid":{"rendered":"https:\/\/rf-capacitor.com\/?post_type=product&#038;p=1643"},"modified":"2024-12-27T02:40:52","modified_gmt":"2024-12-27T02:40:52","slug":"dc-bias-capacitor","status":"publish","type":"product","link":"https:\/\/rf-capacitor.com\/sl\/dc-bias-capacitor\/","title":{"rendered":"DC Bias kondenzator"},"content":{"rendered":"<p data-sourcepos=\"1:1-1:155\"><span class=\"citation-0 recitation\">A <\/span><strong><span class=\"citation-0 recitation\">DC pristranski kondenzator<\/span><\/strong><span class=\"citation-0 recitation citation-end-0\"> je kondenzator, ki se uporablja v elektronskih vezjih za blokiranje toka enosmernega toka, medtem ko prepu\u0161\u010da izmeni\u010dne signale.<\/span><span class=\"button-container hide-from-message-actions ng-star-inserted\"> \u00a0<\/span><\/p>\n<h3 data-sourcepos=\"3:1-3:23\"><strong>Tukaj je raz\u010dlenitev:<\/strong><\/h3>\n<ul data-sourcepos=\"5:1-9:0\">\n<li data-sourcepos=\"5:1-6:225\"><strong>Blokiranje DC:<\/strong>\n<ul data-sourcepos=\"6:5-6:225\">\n<li data-sourcepos=\"6:5-6:225\"><span class=\"citation-1 recitation citation-end-1\">Kondenzatorji shranjujejo elektri\u010dni naboj.<\/span> Ko priklju\u010dimo enosmerno napetost, se kondenzator napolni do te napetosti, nato pa preneha delovati. To u\u010dinkovito prepre\u010di tok enosmerne napetosti, ki te\u010de skozi tokokrog.\n<div class=\"container ng-tns-c362440147-43 hide\">\n<div class=\"carousel-container ng-tns-c362440147-43\"><\/div>\n<\/div>\n<\/li>\n<\/ul>\n<\/li>\n<li data-sourcepos=\"7:1-9:0\"><strong>Prehodni AC:<\/strong>\n<ul data-sourcepos=\"8:5-9:0\">\n<li data-sourcepos=\"8:5-9:0\"><span class=\"citation-2 recitation citation-end-2\">Pri izmeni\u010dnih signalih se napetosti po definiciji nenehno spreminjajo.<\/span> Zaradi tega se kondenzator neprekinjeno polni in praznjenje, kar omogo\u010da prehod izmeni\u010dnega signala.<span class=\"button-container hide-from-message-actions ng-star-inserted\">\u00a0<\/span>\n<div class=\"container ng-tns-c362440147-44 hide\">\n<div class=\"carousel-container ng-tns-c362440147-44\">\n<div class=\"carousel-content ng-tns-c362440147-44\">\n<div class=\"sources-carousel-source ng-tns-c362440147-44 hide ng-star-inserted\" data-test-id=\"sources-carousel-source\"><\/div>\n<\/div>\n<\/div>\n<\/div>\n<\/li>\n<\/ul>\n<\/li>\n<\/ul>\n<h3 data-sourcepos=\"10:1-10:24\"><strong>Obi\u010dajne aplikacije:<\/strong><\/h3>\n<ul data-sourcepos=\"12:1-18:0\">\n<li data-sourcepos=\"12:1-13:165\"><strong>Povezovanje izmeni\u010dnih signalov:<\/strong>\n<ul data-sourcepos=\"13:5-13:165\">\n<li data-sourcepos=\"13:5-13:165\"><span class=\"citation-3 recitation citation-end-3\">Kondenzatorji za enosmerno napetost se pogosto uporabljajo za povezovanje izmeni\u010dnih signalov med razli\u010dnimi stopnjami oja\u010devalnika, hkrati pa izolirajo enosmerno napetost vsake stopnje.<\/span><span class=\"button-container hide-from-message-actions ng-star-inserted\">\u00a0<\/span>\n<div class=\"container ng-tns-c362440147-45 hide\">\n<div class=\"carousel-container ng-tns-c362440147-45\">\n<div class=\"carousel-content ng-tns-c362440147-45\">\n<div class=\"sources-carousel-source ng-tns-c362440147-45 hide ng-star-inserted\" data-test-id=\"sources-carousel-source\"><\/div>\n<\/div>\n<\/div>\n<\/div>\n<\/li>\n<\/ul>\n<\/li>\n<li data-sourcepos=\"14:1-15:116\"><strong>Odstranjevanje zamikov enosmernega toka:<\/strong>\n<ul data-sourcepos=\"15:5-15:116\">\n<li data-sourcepos=\"15:5-15:116\">Uporabljajo se lahko za odstranjevanje enosmernega odmika v izmeni\u010dnem signalu, preden se ta obdela v naslednji stopnji.<\/li>\n<\/ul>\n<\/li>\n<li data-sourcepos=\"16:1-18:0\"><strong>Visokoprepustni filtri:<\/strong>\n<ul data-sourcepos=\"17:5-18:0\">\n<li data-sourcepos=\"17:5-18:0\"><span class=\"citation-4 recitation citation-end-4\">V kombinaciji z uporom lahko kondenzator z enosmerno napetostjo tvori preprost visokoprepustni filter, ki prepu\u0161\u010da visokofrekven\u010dne signale, hkrati pa blokira nizkofrekven\u010dne signale, vklju\u010dno z enosmerno napetostjo.<\/span><span class=\"button-container hide-from-message-actions ng-star-inserted\">\u00a0<\/span>\n<div class=\"container ng-tns-c362440147-46 hide\">\n<div class=\"carousel-container ng-tns-c362440147-46\">\n<div class=\"carousel-content ng-tns-c362440147-46\">\n<div class=\"sources-carousel-source ng-tns-c362440147-46 hide ng-star-inserted\" data-test-id=\"sources-carousel-source\"><\/div>\n<\/div>\n<\/div>\n<\/div>\n<\/li>\n<\/ul>\n<\/li>\n<\/ul>\n<h3 data-sourcepos=\"19:1-19:23\"><strong>Klju\u010dni vidiki:<\/strong><\/h3>\n<ul data-sourcepos=\"21:1-24:0\">\n<li data-sourcepos=\"21:1-21:172\"><strong>Vrednost kapacitivnosti:<\/strong> Vrednost kapacitivnosti kondenzatorja za enosmerni tok je klju\u010dnega pomena za njegovo delovanje. Ve\u010dja kapacitivnost bo na splo\u0161no omogo\u010dila prehod ni\u017ejih frekvenc.<\/li>\n<li data-sourcepos=\"22:1-22:105\"><strong>Nazivna napetost:<\/strong> Kondenzator mora biti dimenzioniran za najve\u010djo napetost, ki bo nanj priklju\u010dena.<\/li>\n<li data-sourcepos=\"23:1-24:0\"><strong>Prepustni tok:<\/strong> Uhajalni tok kondenzatorja lahko vpliva na enosmerno napetost v vezju.<\/li>\n<\/ul>\n<h3 data-sourcepos=\"25:1-25:15\"><strong>\u010ce povzamemo:<\/strong><\/h3>\n<p data-sourcepos=\"27:1-27:252\">Kondenzatorji za enosmerni tok imajo pomembno vlogo v \u0161tevilnih elektronskih vezjih, saj omogo\u010dajo u\u010dinkovit prenos izmeni\u010dnih signalov in hkrati izolirajo enosmerne komponente. Z razumevanjem njihovega delovanja in zna\u010dilnosti jih lahko in\u017eenirji u\u010dinkovito uporabljajo pri svojih projektih.<\/p>","protected":false},"excerpt":{"rendered":"<table style=\"height: 575px;\" width=\"683\">\n<tbody>\n<tr>\n<td width=\"146\"><strong><b>Izdelek<\/b><\/strong>\u00a0<strong><b>Ime:<\/b><\/strong><\/td>\n<td width=\"601\">DC Bias kondenzator<\/td>\n<\/tr>\n<tr>\n<td width=\"146\">\n<h4><strong>Kratek opis:<\/strong><\/h4>\n<\/td>\n<td width=\"601\">Inverter Pv, pretvornik vetrne energije; AII vrste frekven\u010dnega pretvornika in inverterja<br \/>\nnapajanje; izklju\u010dno elektri\u010dni in hibridni avtomobili; polnilni kup, UPS itd.<\/td>\n<\/tr>\n<tr>\n<td width=\"146\"><strong>Obmo\u010dje kapacitivnosti:<\/strong><\/td>\n<td width=\"601\">\u00a01\u03bcF - 200\u03bcF<\/td>\n<\/tr>\n<tr>\n<td width=\"146\"><strong>Nazivna napetost\uff1a<\/strong><\/td>\n<td width=\"601\">450V.DC - 1800V.DC<\/td>\n<\/tr>\n<tr>\n<td width=\"146\"><strong>Cap.tol\uff1a<\/strong><\/td>\n<td width=\"601\">\u00a0\u00b15%\uff08J\uff09\uff1b\u00b110%\uff08K\uff09<\/td>\n<\/tr>\n<tr>\n<td width=\"146\"><strong>Model kondenzatorja:\u00a0<\/strong><\/td>\n<td width=\"601\">Serija DMJ-PS<\/td>\n<\/tr>\n<\/tbody>\n<\/table>","protected":false},"featured_media":1644,"comment_status":"open","ping_status":"closed","template":"","meta":[],"product_brand":[],"product_cat":[38],"product_tag":[],"class_list":{"0":"post-1643","1":"product","2":"type-product","3":"status-publish","4":"has-post-thumbnail","6":"product_cat-dc-capacitor-2","8":"first","9":"instock","10":"shipping-taxable","11":"product-type-simple"},"_links":{"self":[{"href":"https:\/\/rf-capacitor.com\/sl\/wp-json\/wp\/v2\/product\/1643","targetHints":{"allow":["GET"]}}],"collection":[{"href":"https:\/\/rf-capacitor.com\/sl\/wp-json\/wp\/v2\/product"}],"about":[{"href":"https:\/\/rf-capacitor.com\/sl\/wp-json\/wp\/v2\/types\/product"}],"replies":[{"embeddable":true,"href":"https:\/\/rf-capacitor.com\/sl\/wp-json\/wp\/v2\/comments?post=1643"}],"wp:featuredmedia":[{"embeddable":true,"href":"https:\/\/rf-capacitor.com\/sl\/wp-json\/wp\/v2\/media\/1644"}],"wp:attachment":[{"href":"https:\/\/rf-capacitor.com\/sl\/wp-json\/wp\/v2\/media?parent=1643"}],"wp:term":[{"taxonomy":"product_brand","embeddable":true,"href":"https:\/\/rf-capacitor.com\/sl\/wp-json\/wp\/v2\/product_brand?post=1643"},{"taxonomy":"product_cat","embeddable":true,"href":"https:\/\/rf-capacitor.com\/sl\/wp-json\/wp\/v2\/product_cat?post=1643"},{"taxonomy":"product_tag","embeddable":true,"href":"https:\/\/rf-capacitor.com\/sl\/wp-json\/wp\/v2\/product_tag?post=1643"}],"curies":[{"name":"wp","href":"https:\/\/api.w.org\/{rel}","templated":true}]}}