{"id":1630,"date":"2024-12-26T08:55:26","date_gmt":"2024-12-26T08:55:26","guid":{"rendered":"https:\/\/rf-capacitor.com\/?post_type=product&#038;p=1630"},"modified":"2024-12-26T09:16:35","modified_gmt":"2024-12-26T09:16:35","slug":"dc-circuit-capacitor","status":"publish","type":"product","link":"https:\/\/rf-capacitor.com\/sl\/dc-circuit-capacitor\/","title":{"rendered":"Kondenzator tokokroga DC"},"content":{"rendered":"<h3 data-sourcepos=\"1:1-1:47\"><strong>Kondenzatorji v enosmernih tokokrogih: Nepri\u010dakovane vloge<\/strong><\/h3>\n<p data-sourcepos=\"3:1-3:203\">\u010ceprav kondenzatorje za enosmerni tok pogosto povezujemo z vezji za izmeni\u010dni tok, imajo lahko presenetljivo in klju\u010dno vlogo tudi v vezjih za enosmerni tok. Tukaj je raz\u010dlenjeno, kako se kondenzatorji obna\u0161ajo in uporabljajo v okoljih z enosmernim tokom:<\/p>\n<h4 data-sourcepos=\"5:1-5:37\"><strong>1. Za\u010detno polnjenje in blokiranje:<\/strong><\/h4>\n<ul data-sourcepos=\"7:1-9:0\">\n<li data-sourcepos=\"7:1-7:201\"><strong>Faza polnjenja:<\/strong> Ko kondenzator z enosmernim tokokrogom prvi\u010d priklju\u010dimo na nenabit kondenzator, ste\u010de kratek tok. Ta tok nabije plo\u0161\u010de kondenzatorja in ustvari nasprotno elektri\u010dno polje.<\/li>\n<li data-sourcepos=\"7:1-7:201\"><strong>Stalno stanje:<\/strong> Ko je kondenzator popolnoma napolnjen, deluje kot odprt tokokrog in prepre\u010duje nadaljnji tok enosmernega toka. To je zato, ker nakopi\u010deni naboj na plo\u0161\u010dah ustvari elektri\u010dno polje, ki popolnoma nevtralizira uporabljeni enosmerni tok v kondenzatorju.<\/li>\n<li data-sourcepos=\"8:1-9:0\"><strong style=\"color: #555555; font-size: 14.4px;\">2. Glajenje in filtriranje:<\/strong><\/li>\n<\/ul>\n<ul data-sourcepos=\"12:1-14:0\">\n<li data-sourcepos=\"12:1-12:281\"><strong>Zmanj\u0161anje valovanja:<\/strong> V napajalnikih se kondenzatorji uporabljajo za bla\u017eenje nihanj napetosti (valovanje), ki se pogosto pojavljajo zaradi procesa usmerjanja. Kondenzator absorbira odve\u010dni naboj med vi\u0161ki napetosti in ga sprosti med padci, kar zagotavlja stabilnej\u0161i enosmerni izhod.<\/li>\n<li data-sourcepos=\"13:1-14:0\"><strong>Filtriranje:<\/strong> Kondenzatorji se lahko uporabljajo za filtriranje visokofrekven\u010dnega \u0161uma iz enosmernega signala. Kondenzator enosmernega tokokroga To je \u0161e posebej pomembno pri ob\u010dutljivih elektronskih vezjih, kjer lahko \u0161um moti pravilno delovanje.<\/li>\n<\/ul>\n<h4 data-sourcepos=\"15:1-15:23\"><strong>3. \u010casovna vezja:<\/strong><\/h4>\n<ul data-sourcepos=\"17:1-18:0\">\n<li data-sourcepos=\"17:1-18:0\"><strong>Vezja RC:<\/strong> Kondenzatorji v kombinaciji z upori (vezja RC) so osnova za \u010dasovna vezja. \u010cas, ki je potreben, da se kondenzator napolni ali izprazni prek upora, je mogo\u010de natan\u010dno nadzorovati, kar omogo\u010da ustvarjanje zakasnitev, oscilatorjev in drugih funkcij, povezanih s \u010dasom.<\/li>\n<li data-sourcepos=\"17:1-18:0\">\n<h4><strong style=\"color: #555555; font-size: 14.4px;\">4. Povezovanje izmeni\u010dnih signalov:<\/strong><\/h4>\n<\/li>\n<\/ul>\n<ul data-sourcepos=\"21:1-22:0\">\n<li data-sourcepos=\"21:1-22:0\"><strong>Blokiranje DC:<\/strong> Kondenzatorji se lahko uporabljajo za povezovanje izmeni\u010dnih signalov med razli\u010dnimi stopnjami enosmernega tokokroga, pri \u010demer u\u010dinkovito blokirajo enosmerno komponento. To je klju\u010dnega pomena v \u0161tevilnih zvo\u010dnih in oja\u010devalnih vezjih.<\/li>\n<li data-sourcepos=\"21:1-22:0\"><strong style=\"color: #555555; font-size: 14.4px;\">Klju\u010dne to\u010dke:<\/strong><\/li>\n<\/ul>\n<ul data-sourcepos=\"25:1-27:0\">\n<li data-sourcepos=\"25:1-25:248\"><strong>Ni vedno pasiven:<\/strong> \u010ceprav kondenzatorji na splo\u0161no blokirajo enosmerni tok, njihovo obna\u0161anje v enosmernih tokokrogih ni vedno pasivno. Aktivno lahko sodelujejo pri oblikovanju obna\u0161anja vezja, zlasti pri polnjenju, glajenju in \u010dasovnih aplikacijah.<\/li>\n<li data-sourcepos=\"25:1-25:248\"><strong>Specifi\u010dno za uporabo:<\/strong> Posebna vloga kondenzatorja v enosmernem vezju je v veliki meri odvisna od zasnove vezja in predvidene funkcije.<\/li>\n<\/ul>\n<p data-sourcepos=\"28:1-28:223\"><strong>V bistvu kondenzatorji v enosmernih vezjih niso le pasivni elementi, temve\u010d so lahko dinami\u010dne komponente, ki igrajo klju\u010dno vlogo pri oblikovanju obna\u0161anja vezja, od glajenja napajanja do oblikovanja natan\u010dnih \u010dasovnih mehanizmov.<\/strong><\/p>","protected":false},"excerpt":{"rendered":"<table style=\"height: 544px;\" width=\"704\">\n<tbody>\n<tr>\n<td width=\"146\"><strong><b>Izdelek<\/b><\/strong>\u00a0<strong><b>Ime:<\/b><\/strong><\/td>\n<td width=\"601\">Kondenzator tokokroga DC<\/td>\n<\/tr>\n<tr>\n<td width=\"146\">\n<h4><strong>Kratek opis:<\/strong><\/h4>\n<\/td>\n<td width=\"601\">Metalizirani filmski kondenzatorji so med najpogostej\u0161imi kondenzatorji, ki se uporabljajo v dana\u0161njih elektronskih vezjih, medtem ko se filmski kondenzatorji z majhno mo\u010djo pogosto uporabljajo za razvezavo in filtriranje.<\/td>\n<\/tr>\n<tr>\n<td width=\"146\"><strong>Obmo\u010dje kapacitivnosti:<\/strong><\/td>\n<td width=\"601\">8-150uf<\/td>\n<\/tr>\n<tr>\n<td width=\"146\"><strong>Nazivna napetost\uff1a<\/strong><\/td>\n<td width=\"601\">450-1300V<\/td>\n<\/tr>\n<tr>\n<td width=\"146\">\u00a0<strong>Temperatura:<\/strong><\/td>\n<td width=\"601\">do 105 \u2103<\/td>\n<\/tr>\n<\/tbody>\n<\/table>","protected":false},"featured_media":1632,"comment_status":"open","ping_status":"closed","template":"","meta":[],"product_brand":[],"product_cat":[38],"product_tag":[],"class_list":{"0":"post-1630","1":"product","2":"type-product","3":"status-publish","4":"has-post-thumbnail","6":"product_cat-dc-capacitor-2","8":"first","9":"instock","10":"shipping-taxable","11":"product-type-simple"},"_links":{"self":[{"href":"https:\/\/rf-capacitor.com\/sl\/wp-json\/wp\/v2\/product\/1630","targetHints":{"allow":["GET"]}}],"collection":[{"href":"https:\/\/rf-capacitor.com\/sl\/wp-json\/wp\/v2\/product"}],"about":[{"href":"https:\/\/rf-capacitor.com\/sl\/wp-json\/wp\/v2\/types\/product"}],"replies":[{"embeddable":true,"href":"https:\/\/rf-capacitor.com\/sl\/wp-json\/wp\/v2\/comments?post=1630"}],"wp:featuredmedia":[{"embeddable":true,"href":"https:\/\/rf-capacitor.com\/sl\/wp-json\/wp\/v2\/media\/1632"}],"wp:attachment":[{"href":"https:\/\/rf-capacitor.com\/sl\/wp-json\/wp\/v2\/media?parent=1630"}],"wp:term":[{"taxonomy":"product_brand","embeddable":true,"href":"https:\/\/rf-capacitor.com\/sl\/wp-json\/wp\/v2\/product_brand?post=1630"},{"taxonomy":"product_cat","embeddable":true,"href":"https:\/\/rf-capacitor.com\/sl\/wp-json\/wp\/v2\/product_cat?post=1630"},{"taxonomy":"product_tag","embeddable":true,"href":"https:\/\/rf-capacitor.com\/sl\/wp-json\/wp\/v2\/product_tag?post=1630"}],"curies":[{"name":"wp","href":"https:\/\/api.w.org\/{rel}","templated":true}]}}