{"id":2087,"date":"2025-01-14T03:17:14","date_gmt":"2025-01-14T03:17:14","guid":{"rendered":"https:\/\/rf-capacitor.com\/?post_type=product&#038;p=2087"},"modified":"2025-01-14T07:43:50","modified_gmt":"2025-01-14T07:43:50","slug":"closed-loop-hall-current-sensor","status":"publish","type":"product","link":"https:\/\/rf-capacitor.com\/sk\/closed-loop-hall-current-sensor\/","title":{"rendered":"Uzavret\u00e1 slu\u010dka Hallovho sn\u00edma\u010da pr\u00fadu"},"content":{"rendered":"<p data-sourcepos=\"1:1-1:157\">Sn\u00edma\u010d pr\u00fadu s uzavretou slu\u010dkou Hallovho javu je sofistikovanej\u0161\u00ed typ sn\u00edma\u010da pr\u00fadu, ktor\u00fd prekon\u00e1va mnoh\u00e9 obmedzenia svojho n\u00e1protivku s otvorenou slu\u010dkou.<\/p>\n<h2 data-sourcepos=\"3:1-3:17\">Ako funguje Hallov sn\u00edma\u010d pr\u00fadu s uzavretou slu\u010dkou:<\/h2>\n<ol data-sourcepos=\"5:1-9:0\">\n<li data-sourcepos=\"5:1-5:171\"><strong>Detekcia magnetick\u00e9ho po\u013ea:<\/strong> Podobne ako sn\u00edma\u010d s otvorenou slu\u010dkou vyu\u017e\u00edva Hallov sn\u00edma\u010d na detekciu magnetick\u00e9ho po\u013ea generovan\u00e9ho pr\u00fadom pretekaj\u00facim vodi\u010dom.<\/li>\n<li data-sourcepos=\"6:1-6:179\"><strong>Mechanizmus sp\u00e4tnej v\u00e4zby:<\/strong> Hlavn\u00fd rozdiel spo\u010d\u00edva v zapojen\u00ed sp\u00e4tnej v\u00e4zby. V\u00fdstupn\u00fd sign\u00e1l z Hallovho sn\u00edma\u010da sa zosiln\u00ed a pou\u017eije na pohon kompenza\u010dnej cievky.<\/li>\n<li data-sourcepos=\"7:1-7:151\"><strong>Zru\u0161enie magnetick\u00e9ho po\u013ea:<\/strong> T\u00e1to kompenza\u010dn\u00e1 cievka vytv\u00e1ra magnetick\u00e9 pole, ktor\u00e9 je protikladom magnetick\u00e9ho po\u013ea vytv\u00e1ran\u00e9ho prim\u00e1rnym pr\u00fadom.<\/li>\n<li data-sourcepos=\"8:1-9:0\"><strong>Stav nulov\u00e9ho toku:<\/strong> Syst\u00e9m akt\u00edvne upravuje pr\u00fad pretekaj\u00faci kompenza\u010dnou cievkou, a\u017e k\u00fdm sa \u010dist\u00e9 magnetick\u00e9 pole v jadre nezminimalizuje (v ide\u00e1lnom pr\u00edpade sa zn\u00ed\u017ei na nulu).<\/li>\n<\/ol>\n<h2 data-sourcepos=\"10:1-10:19\">K\u013e\u00fa\u010dov\u00e9 v\u00fdhody:<\/h2>\n<ul data-sourcepos=\"12:1-16:0\">\n<li data-sourcepos=\"12:1-12:104\"><strong>Vylep\u0161en\u00e1 presnos\u0165:<\/strong> Minimalizuje vplyv vonkaj\u0161\u00edch magnetick\u00fdch pol\u00ed a teplotn\u00fdch zmien.<\/li>\n<li data-sourcepos=\"13:1-13:91\"><strong>Zv\u00fd\u0161en\u00e1 linearita:<\/strong> Poskytuje vysoko line\u00e1rny v\u00fdstupn\u00fd sign\u00e1l v \u0161irokom pr\u00fadovom rozsahu.<\/li>\n<li data-sourcepos=\"14:1-14:99\"><strong>Zn\u00ed\u017een\u00fd teplotn\u00fd drift:<\/strong> Minimalizuje vplyv teplotn\u00fdch zmien na v\u00fdkon senzora.<\/li>\n<li data-sourcepos=\"15:1-16:0\"><strong>Vysok\u00e1 presnos\u0165:<\/strong> Dosahuje vy\u0161\u0161iu presnos\u0165 a prec\u00edznos\u0165 v porovnan\u00ed so sn\u00edma\u010dmi s otvorenou slu\u010dkou.<\/li>\n<\/ul>\n<h2 data-sourcepos=\"17:1-17:17\">Aplik\u00e1cie:<\/h2>\n<ul data-sourcepos=\"19:1-22:0\">\n<li data-sourcepos=\"19:1-19:198\"><strong>Vysoko presn\u00e9 aplik\u00e1cie:<\/strong> Pou\u017e\u00edva sa v aplik\u00e1ci\u00e1ch, kde je d\u00f4le\u017eit\u00e1 vysok\u00e1 presnos\u0165 a prec\u00edznos\u0165, napr\u00edklad pri presnom riaden\u00ed motorov, monitorovan\u00ed kvality energie a vedeck\u00fdch pr\u00edstrojoch.<\/li>\n<li data-sourcepos=\"20:1-20:120\"><strong>Priemyseln\u00e1 automatiz\u00e1cia:<\/strong> Pou\u017e\u00edvaj\u00fa sa v n\u00e1ro\u010dn\u00fdch priemyseln\u00fdch prostrediach, kde je najd\u00f4le\u017eitej\u0161ia presnos\u0165 a spo\u013eahlivos\u0165.<\/li>\n<li data-sourcepos=\"21:1-22:0\"><strong>Syst\u00e9my obnovite\u013en\u00fdch zdrojov energie:<\/strong> Pou\u017e\u00edva sa v sol\u00e1rnych strieda\u010doch, vetern\u00fdch turb\u00ednach a in\u00fdch syst\u00e9moch obnovite\u013enej energie na presn\u00e9 monitorovanie a riadenie v\u00fdkonu.<\/li>\n<\/ul>\n<h2 data-sourcepos=\"23:1-23:15\">Zhrnutie:<\/h2>\n<p data-sourcepos=\"25:1-25:329\">Sn\u00edma\u010de pr\u00fadu s uzavretou slu\u010dkou Hallovho javu maj\u00fa oproti svojim n\u00e1protivkom s otvorenou slu\u010dkou v\u00fdznamn\u00e9 v\u00fdhody, preto\u017ee obsahuj\u00fa mechanizmus sp\u00e4tnej v\u00e4zby na akt\u00edvnu kompenz\u00e1ciu vonkaj\u0161\u00edch vplyvov a zlep\u0161enie celkov\u00e9ho v\u00fdkonu. V\u010faka tomu s\u00fa vhodn\u00e9 pre \u0161irok\u00fa \u0161k\u00e1lu aplik\u00e1ci\u00ed, kde je nevyhnutn\u00e1 vysok\u00e1 presnos\u0165 a spo\u013eahlivos\u0165.<\/p>","protected":false},"excerpt":{"rendered":"<p>\u25cf Uzavret\u00fd typ Hallovho sn\u00edma\u010da pr\u00fadu<\/p>\n<p>\u25cf Menovit\u00fd pr\u00fadov\u00fd vstup:  4V \/ 5V<\/p>\n<p>\u25cf clona: Nap\u00e1janie: \u00b112V \/ \u00b115V<\/p>\n<p>\u25cf striedav\u00fd, jednosmern\u00fd, impulzn\u00fd a in\u00fd komplexn\u00fd pr\u00fad<\/p>\n<p>\u25cf R\u00fdchla odozva, \u0161irok\u00fd rozsah merania, vysok\u00e1 presnos\u0165, siln\u00e1 pre\u0165a\u017eite\u013enos\u0165, dobr\u00e1 linearita a vynikaj\u00faci a antiinterferen\u010dn\u00fd v\u00fdkon<\/p>","protected":false},"featured_media":2089,"comment_status":"open","ping_status":"closed","template":"","meta":[],"product_brand":[],"product_cat":[44],"product_tag":[],"class_list":{"0":"post-2087","1":"product","2":"type-product","3":"status-publish","4":"has-post-thumbnail","6":"product_cat-current-sensor-2","8":"first","9":"instock","10":"shipping-taxable","11":"product-type-simple"},"_links":{"self":[{"href":"https:\/\/rf-capacitor.com\/sk\/wp-json\/wp\/v2\/product\/2087","targetHints":{"allow":["GET"]}}],"collection":[{"href":"https:\/\/rf-capacitor.com\/sk\/wp-json\/wp\/v2\/product"}],"about":[{"href":"https:\/\/rf-capacitor.com\/sk\/wp-json\/wp\/v2\/types\/product"}],"replies":[{"embeddable":true,"href":"https:\/\/rf-capacitor.com\/sk\/wp-json\/wp\/v2\/comments?post=2087"}],"wp:featuredmedia":[{"embeddable":true,"href":"https:\/\/rf-capacitor.com\/sk\/wp-json\/wp\/v2\/media\/2089"}],"wp:attachment":[{"href":"https:\/\/rf-capacitor.com\/sk\/wp-json\/wp\/v2\/media?parent=2087"}],"wp:term":[{"taxonomy":"product_brand","embeddable":true,"href":"https:\/\/rf-capacitor.com\/sk\/wp-json\/wp\/v2\/product_brand?post=2087"},{"taxonomy":"product_cat","embeddable":true,"href":"https:\/\/rf-capacitor.com\/sk\/wp-json\/wp\/v2\/product_cat?post=2087"},{"taxonomy":"product_tag","embeddable":true,"href":"https:\/\/rf-capacitor.com\/sk\/wp-json\/wp\/v2\/product_tag?post=2087"}],"curies":[{"name":"wp","href":"https:\/\/api.w.org\/{rel}","templated":true}]}}