{"id":1890,"date":"2025-01-02T06:49:41","date_gmt":"2025-01-02T06:49:41","guid":{"rendered":"https:\/\/rf-capacitor.com\/?post_type=product&#038;p=1890"},"modified":"2025-01-02T06:49:41","modified_gmt":"2025-01-02T06:49:41","slug":"compact-resonant-capacitors","status":"publish","type":"product","link":"https:\/\/rf-capacitor.com\/sk\/compact-resonant-capacitors\/","title":{"rendered":"Kompaktn\u00e9 rezonan\u010dn\u00e9 kondenz\u00e1tory"},"content":{"rendered":"<div class=\"user-query-container ng-star-inserted\">\n<div id=\"user-query-content-6\" class=\"query-content\">\n<div class=\"query-text gds-body-l ng-star-inserted\" dir=\"ltr\" role=\"heading\" aria-level=\"2\">\n<h3 class=\"query-text-line ng-star-inserted\">Kompaktn\u00e9 rezonan\u010dn\u00e9 kondenz\u00e1tory<\/h3>\n<\/div>\n<\/div>\n<div class=\"button-gutter\"><span class=\"citation-0 recitation citation-end-0\" style=\"font-size: 14.4px; color: #555555;\">Kompaktn\u00e9 rezonan\u010dn\u00e9 kondenz\u00e1tory s\u00fa navrhnut\u00e9 tak, aby minimalizovali ve\u013ekos\u0165 a hmotnos\u0165 pri zachovan\u00ed vysok\u00e9ho v\u00fdkonu v rezonan\u010dn\u00fdch obvodoch.<\/span><span class=\"button-container hide-from-message-actions ng-star-inserted\" style=\"font-size: 14.4px; color: #555555;\">\u00a0 \u00a0<\/span><\/div>\n<\/div>\n<div>\n<div class=\"response-container ng-tns-c3227055261-101 response-optimization tts-removed ng-star-inserted response-container-has-multiple-responses\">\n<div class=\"presented-response-container ng-tns-c3227055261-101\">\n<div class=\"response-container-content ng-tns-c3227055261-101 tunable-selection-with-avatar\">\n<div class=\"response-content ng-tns-c3227055261-101\">\n<div id=\"model-response-message-contentr_7732902abd9846b2\" class=\"markdown markdown-main-panel tutor-markdown-rendering response-optimization\" dir=\"ltr\">\n<h3 data-sourcepos=\"1:1-1:139\"><strong style=\"font-size: 14.4px;\">K\u013e\u00fa\u010dov\u00e9 vlastnosti:<\/strong><\/h3>\n<ul data-sourcepos=\"5:1-9:0\">\n<li data-sourcepos=\"5:1-5:95\"><strong>Vysok\u00e1 kapacitn\u00e1 hustota:<\/strong> Dosahuje vysok\u00e9 hodnoty kapacity pri malej fyzickej ploche.<\/li>\n<li data-sourcepos=\"6:1-6:107\"><strong><span class=\"citation-1 recitation\">N\u00edzky ESR (ekvivalentn\u00fd s\u00e9riov\u00fd odpor):<\/span><\/strong><span class=\"citation-1 recitation citation-end-1\"> Minimalizuje energetick\u00e9 straty a zvy\u0161uje \u00fa\u010dinnos\u0165.<\/span>\n<div class=\"container ng-tns-c362440147-106 hide\">\n<div class=\"carousel-container ng-tns-c362440147-106\"><\/div>\n<\/div>\n<\/li>\n<li data-sourcepos=\"7:1-7:90\"><strong>Vysok\u00fd Q-faktor:<\/strong> Zabezpe\u010duje vysok\u00fd faktor kvality pre efekt\u00edvnu prev\u00e1dzku rezonan\u010dn\u00e9ho obvodu.<\/li>\n<li data-sourcepos=\"8:1-9:0\"><strong>Teplotn\u00e1 stabilita:<\/strong> Udr\u017euje stabiln\u00e9 hodnoty kapacity v \u0161irokom rozsahu tepl\u00f4t.<\/li>\n<\/ul>\n<h3 data-sourcepos=\"10:1-10:38\"><strong>Technol\u00f3gie umo\u017e\u0148uj\u00face kompaktnos\u0165:<\/strong><\/h3>\n<ul data-sourcepos=\"12:1-15:0\">\n<li data-sourcepos=\"12:1-12:133\"><strong>Pokro\u010dil\u00e9 dielektrick\u00e9 materi\u00e1ly:<\/strong> <span class=\"citation-2 recitation citation-end-2\">Pou\u017eitie dielektrick\u00fdch materi\u00e1lov s vysokou priepustnos\u0165ou umo\u017e\u0148uje dosiahnu\u0165 men\u0161ie fyzick\u00e9 rozmery.<\/span>\n<div class=\"container ng-tns-c362440147-107 hide\">\n<div class=\"carousel-container ng-tns-c362440147-107\"><\/div>\n<\/div>\n<\/li>\n<li data-sourcepos=\"13:1-13:116\"><strong>Viacvrstvov\u00e1 kon\u0161trukcia:<\/strong> Pou\u017eitie viacvrstvov\u00fdch \u0161trukt\u00far zvy\u0161uje kapacitn\u00fa hustotu v obmedzenom priestore.<\/li>\n<li data-sourcepos=\"14:1-15:0\"><strong>Techniky miniaturiz\u00e1cie:<\/strong> Pokro\u010dil\u00e9 v\u00fdrobn\u00e9 procesy umo\u017e\u0148uj\u00fa vytv\u00e1ra\u0165 mimoriadne mal\u00e9 a presn\u00e9 komponenty.<\/li>\n<\/ul>\n<h3 data-sourcepos=\"16:1-16:17\"><strong>Aplik\u00e1cie:<\/strong><\/h3>\n<ul data-sourcepos=\"18:1-22:0\">\n<li data-sourcepos=\"18:1-18:115\"><strong>Bezdr\u00f4tov\u00e1 komunik\u00e1cia:<\/strong> Pou\u017e\u00edva sa vo vysokofrekven\u010dn\u00fdch obvodoch pre mobiln\u00e9 telef\u00f3ny, Wi-Fi a in\u00e9 bezdr\u00f4tov\u00e9 zariadenia.<\/li>\n<li data-sourcepos=\"19:1-19:98\"><strong>RF syst\u00e9my:<\/strong> Pou\u017e\u00edva sa v r\u00e1diofrekven\u010dn\u00fdch syst\u00e9moch, ako je radar a satelitn\u00e1 komunik\u00e1cia.<\/li>\n<li data-sourcepos=\"20:1-20:89\"><strong>V\u00fdkonov\u00e1 elektronika:<\/strong> <span class=\"citation-3 recitation citation-end-3\">Vyu\u017e\u00edva sa v kompaktn\u00fdch a \u00fa\u010dinn\u00fdch meni\u010doch energie.<\/span>\n<div class=\"container ng-tns-c362440147-108 hide\">\n<div class=\"carousel-container ng-tns-c362440147-108\"><\/div>\n<\/div>\n<\/li>\n<li data-sourcepos=\"21:1-22:0\"><strong>Automobilov\u00e1 elektronika:<\/strong> Nach\u00e1dza sa v r\u00f4znych aplik\u00e1ci\u00e1ch v automobilovom priemysle vr\u00e1tane riadiacich jednotiek motora a pokro\u010dil\u00fdch asisten\u010dn\u00fdch syst\u00e9mov vodi\u010da (ADAS).<\/li>\n<\/ul>\n<h3 data-sourcepos=\"23:1-23:13\"><strong>V\u00fdhody:<\/strong><\/h3>\n<ul data-sourcepos=\"25:1-28:0\">\n<li data-sourcepos=\"25:1-25:78\"><strong>Zn\u00ed\u017een\u00e1 ve\u013ekos\u0165 a hmotnos\u0165:<\/strong> Umo\u017e\u0148uje pou\u017e\u00edva\u0165 men\u0161ie a \u013eah\u0161ie elektronick\u00e9 zariadenia.<\/li>\n<li data-sourcepos=\"26:1-26:106\"><strong>Vylep\u0161en\u00fd v\u00fdkon:<\/strong> Vy\u0161\u0161ia hustota kapacity a ni\u017e\u0161ie ESR ved\u00fa k lep\u0161iemu v\u00fdkonu obvodu.<\/li>\n<li data-sourcepos=\"27:1-28:0\"><strong>Zn\u00ed\u017eenie n\u00e1kladov:<\/strong> Potenci\u00e1l zn\u00ed\u017eenia v\u00fdrobn\u00fdch n\u00e1kladov v\u010faka men\u0161\u00edm rozmerom komponentov.<\/li>\n<\/ul>\n<\/div>\n<\/div>\n<\/div>\n<\/div>\n<\/div>\n<\/div>","protected":false},"excerpt":{"rendered":"<table style=\"height: 581px;\" width=\"732\">\n<tbody>\n<tr>\n<td width=\"146\"><strong><b>Produkt<\/b><\/strong>\u00a0<strong><b>N\u00e1zov:<\/b><\/strong><\/td>\n<td width=\"601\"><strong>Kompaktn\u00e9 rezonan\u010dn\u00e9 kondenz\u00e1tory<\/strong><\/td>\n<\/tr>\n<tr>\n<td width=\"146\">\n<h4><strong>Kr\u00e1tky popis:<\/strong><\/h4>\n<\/td>\n<td width=\"601\">1. Elektr\u00f3dy s medenou maticou, mal\u00e9 fyzick\u00e9 rozmery, jednoduch\u00e1 in\u0161tal\u00e1cia<\/p>\n<p>2. Plastov\u00e9 obaly zataven\u00e9 suchou \u017eivicou<\/p>\n<p>3. Schopnos\u0165 pracova\u0165 pri vysokofrekven\u010dnom pr\u00fade alebo vysokom pulznom pr\u00fade<\/p>\n<p>4. N\u00edzke ESL a ESR<\/td>\n<\/tr>\n<tr>\n<td width=\"146\"><strong>Rozsah kapacity:<\/strong><\/td>\n<td width=\"601\">1\uff5e8\u03bcF<\/td>\n<\/tr>\n<tr>\n<td width=\"146\"><strong>Menovit\u00e9 nap\u00e4tie\uff1a<\/strong><\/td>\n<td width=\"601\">1200V.DC\uff5e2000V.DC<\/td>\n<\/tr>\n<tr>\n<td width=\"146\"><strong>Cap.tol\uff1a<\/strong><\/td>\n<td width=\"601\">\u00b15%(J)<\/td>\n<\/tr>\n<tr>\n<td width=\"146\"><strong>V\u00fddr\u017en\u00e9 nap\u00e4tie:<\/strong><\/td>\n<td width=\"601\">1.5Un DC\/60S<\/td>\n<\/tr>\n<\/tbody>\n<\/table>","protected":false},"featured_media":1891,"comment_status":"open","ping_status":"closed","template":"","meta":[],"product_brand":[],"product_cat":[42],"product_tag":[],"class_list":{"0":"post-1890","1":"product","2":"type-product","3":"status-publish","4":"has-post-thumbnail","6":"product_cat-resonance-capacitor","8":"first","9":"instock","10":"shipping-taxable","11":"product-type-simple"},"_links":{"self":[{"href":"https:\/\/rf-capacitor.com\/sk\/wp-json\/wp\/v2\/product\/1890","targetHints":{"allow":["GET"]}}],"collection":[{"href":"https:\/\/rf-capacitor.com\/sk\/wp-json\/wp\/v2\/product"}],"about":[{"href":"https:\/\/rf-capacitor.com\/sk\/wp-json\/wp\/v2\/types\/product"}],"replies":[{"embeddable":true,"href":"https:\/\/rf-capacitor.com\/sk\/wp-json\/wp\/v2\/comments?post=1890"}],"wp:featuredmedia":[{"embeddable":true,"href":"https:\/\/rf-capacitor.com\/sk\/wp-json\/wp\/v2\/media\/1891"}],"wp:attachment":[{"href":"https:\/\/rf-capacitor.com\/sk\/wp-json\/wp\/v2\/media?parent=1890"}],"wp:term":[{"taxonomy":"product_brand","embeddable":true,"href":"https:\/\/rf-capacitor.com\/sk\/wp-json\/wp\/v2\/product_brand?post=1890"},{"taxonomy":"product_cat","embeddable":true,"href":"https:\/\/rf-capacitor.com\/sk\/wp-json\/wp\/v2\/product_cat?post=1890"},{"taxonomy":"product_tag","embeddable":true,"href":"https:\/\/rf-capacitor.com\/sk\/wp-json\/wp\/v2\/product_tag?post=1890"}],"curies":[{"name":"wp","href":"https:\/\/api.w.org\/{rel}","templated":true}]}}