{"id":1886,"date":"2025-01-02T06:26:09","date_gmt":"2025-01-02T06:26:09","guid":{"rendered":"https:\/\/rf-capacitor.com\/?post_type=product&#038;p=1886"},"modified":"2025-01-02T06:26:09","modified_gmt":"2025-01-02T06:26:09","slug":"high-voltage-resonance-capacitor","status":"publish","type":"product","link":"https:\/\/rf-capacitor.com\/sk\/high-voltage-resonance-capacitor\/","title":{"rendered":"Vysokonap\u00e4\u0165ov\u00fd rezonan\u010dn\u00fd kondenz\u00e1tor"},"content":{"rendered":"<div class=\"user-query-container ng-star-inserted\">\n<div id=\"user-query-content-5\" class=\"query-content\">\n<div class=\"query-text gds-body-l ng-star-inserted\" dir=\"ltr\" role=\"heading\" aria-level=\"2\">\n<h3 class=\"query-text-line ng-star-inserted\">Vysokonap\u00e4\u0165ov\u00fd rezonan\u010dn\u00fd kondenz\u00e1tor<\/h3>\n<\/div>\n<\/div>\n<\/div>\n<div>\n<div class=\"response-container ng-tns-c3227055261-91 response-optimization tts-removed ng-star-inserted response-container-has-multiple-responses\">\n<div class=\"presented-response-container ng-tns-c3227055261-91\">\n<div class=\"response-container-content ng-tns-c3227055261-91 tunable-selection-with-avatar\">\n<div class=\"response-content ng-tns-c3227055261-91\">\n<div id=\"model-response-message-contentr_53dd446f46a75fa7\" class=\"markdown markdown-main-panel tutor-markdown-rendering response-optimization\" dir=\"ltr\">\n<p data-sourcepos=\"1:1-1:126\"><span class=\"citation-0 recitation citation-end-0\">Vysokonap\u00e4\u0165ov\u00e9 rezonan\u010dn\u00e9 kondenz\u00e1tory s\u00fa \u0161pecializovan\u00e9 komponenty ur\u010den\u00e9 na pou\u017eitie vo vysokonap\u00e4\u0165ov\u00fdch rezonan\u010dn\u00fdch obvodoch.<\/span><span class=\"button-container hide-from-message-actions ng-star-inserted\"> \u00a0<\/span><\/p>\n<h3 data-sourcepos=\"3:1-3:24\"><strong>K\u013e\u00fa\u010dov\u00e9 vlastnosti:<\/strong><\/h3>\n<ul data-sourcepos=\"5:1-10:0\">\n<li data-sourcepos=\"5:1-5:127\"><strong>Extr\u00e9mne vysok\u00e9 nap\u00e4tie:<\/strong> <span class=\"citation-1 recitation citation-end-1\">Dok\u00e1\u017ee odola\u0165 ve\u013emi vysok\u00e9mu nap\u00e4tiu (zvy\u010dajne v rozsahu kilovoltov).<\/span><span class=\"button-container hide-from-message-actions ng-star-inserted\">\u00a0 \u00a0<\/span>\n<div class=\"container ng-tns-c362440147-96 hide\">\n<div class=\"carousel-container ng-tns-c362440147-96\"><\/div>\n<\/div>\n<\/li>\n<li data-sourcepos=\"6:1-6:95\"><strong>N\u00edzka strata:<\/strong> Minim\u00e1lne vn\u00fatorn\u00e9 straty na minimaliz\u00e1ciu rozptylu energie a maximaliz\u00e1ciu \u00fa\u010dinnosti.<\/li>\n<li data-sourcepos=\"7:1-7:110\"><strong>Vysok\u00fd Q-faktor:<\/strong> <span class=\"citation-2 recitation citation-end-2\">Vysok\u00fd kvalitat\u00edvny faktor (Q) je rozhoduj\u00faci pre efekt\u00edvnu prev\u00e1dzku rezonan\u010dn\u00e9ho obvodu.<\/span><span class=\"button-container hide-from-message-actions ng-star-inserted\">\u00a0 \u00a0<\/span>\n<div class=\"container ng-tns-c362440147-97 hide\">\n<div class=\"carousel-container ng-tns-c362440147-97\"><\/div>\n<\/div>\n<\/li>\n<li data-sourcepos=\"8:1-8:96\"><strong>Presn\u00e1 kapacita:<\/strong> Rozhoduj\u00face pre dosiahnutie po\u017eadovanej rezonan\u010dnej frekvencie v obvode.<\/li>\n<li data-sourcepos=\"9:1-10:0\"><strong>Robustn\u00e1 kon\u0161trukcia:<\/strong> S\u00fa navrhnut\u00e9 tak, aby vydr\u017eali nam\u00e1hanie pri pr\u00e1ci s vysok\u00fdm nap\u00e4t\u00edm a n\u00e1ro\u010dn\u00e9 prostredie, v ktorom sa pou\u017e\u00edvaj\u00fa.<\/li>\n<\/ul>\n<h3 data-sourcepos=\"11:1-11:17\"><strong>Aplik\u00e1cie:<\/strong><\/h3>\n<ul data-sourcepos=\"13:1-18:0\">\n<li data-sourcepos=\"13:1-13:154\"><strong><span class=\"citation-3 recitation\">Teslove cievky:<\/span><\/strong><span class=\"citation-3 recitation citation-end-3\"> Klasick\u00fd pr\u00edklad, kde sa na generovanie vysokonap\u00e4\u0165ov\u00fdch vysokofrekven\u010dn\u00fdch oscil\u00e1ci\u00ed pou\u017e\u00edvaj\u00fa vysokonap\u00e4\u0165ov\u00e9 rezonan\u010dn\u00e9 kondenz\u00e1tory.<\/span><span class=\"button-container hide-from-message-actions ng-star-inserted\">\u00a0<\/span>\n<div class=\"container ng-tns-c362440147-98 hide\">\n<div class=\"carousel-container ng-tns-c362440147-98\"><\/div>\n<\/div>\n<\/li>\n<li data-sourcepos=\"14:1-14:135\"><strong>Ur\u00fdch\u013eova\u010de \u010dast\u00edc:<\/strong> Pou\u017e\u00edva sa v r\u00f4znych komponentoch ur\u00fdch\u013eova\u010dov \u010dast\u00edc na generovanie a manipul\u00e1ciu vysokoenergetick\u00fdch zv\u00e4zkov \u010dast\u00edc.<\/li>\n<li data-sourcepos=\"15:1-15:85\"><strong>Vysiela\u010de s vysok\u00fdm v\u00fdkonom:<\/strong> Nach\u00e1dza sa vo vysokov\u00fdkonn\u00fdch rozhlasov\u00fdch a telev\u00edznych vysiela\u010doch.<\/li>\n<li data-sourcepos=\"16:1-16:98\"><strong>V\u00fdskum fyziky plazmy:<\/strong> Pou\u017e\u00edva sa pri experimentoch v oblasti fyziky plazmy na generovanie a obmedzenie plazmy.<\/li>\n<li data-sourcepos=\"17:1-18:0\"><strong>Priemyseln\u00e9 aplik\u00e1cie:<\/strong> Niektor\u00e9 \u0161pecializovan\u00e9 priemyseln\u00e9 aplik\u00e1cie m\u00f4\u017eu vy\u017eadova\u0165 vysokonap\u00e4\u0165ov\u00e9 rezonan\u010dn\u00e9 kondenz\u00e1tory.<\/li>\n<\/ul>\n<p data-sourcepos=\"19:1-19:15\"><strong>Zhrnutie:<\/strong><\/p>\n<p data-sourcepos=\"21:1-21:254\">Vysokonap\u00e4\u0165ov\u00e9 rezonan\u010dn\u00e9 kondenz\u00e1tory s\u00fa kritick\u00fdmi komponentmi v mnoh\u00fdch vysokonap\u00e4\u0165ov\u00fdch aplik\u00e1ci\u00e1ch. Ich schopnos\u0165 odol\u00e1va\u0165 extr\u00e9mnym nap\u00e4tiam, minimalizova\u0165 straty a efekt\u00edvne fungova\u0165 v rezonan\u010dn\u00fdch obvodoch z nich rob\u00ed z\u00e1kladn\u00e9 prvky t\u00fdchto n\u00e1ro\u010dn\u00fdch aplik\u00e1ci\u00ed.<\/p>\n<\/div>\n<\/div>\n<\/div>\n<\/div>\n<\/div>\n<\/div>","protected":false},"excerpt":{"rendered":"<table style=\"height: 581px;\" width=\"824\">\n<tbody>\n<tr>\n<td width=\"146\"><strong><b>Produkt<\/b><\/strong>\u00a0<strong><b>N\u00e1zov:<\/b><\/strong><\/td>\n<td width=\"601\"><strong>Vysokonap\u00e4\u0165ov\u00fd rezonan\u010dn\u00fd kondenz\u00e1tor<\/strong><\/td>\n<\/tr>\n<tr>\n<td width=\"146\">\n<h4><strong>Kr\u00e1tky popis:<\/strong><\/h4>\n<\/td>\n<td width=\"601\">1. Mal\u00e1 kompaktn\u00e1 ve\u013ekos\u0165 balenia<\/p>\n<p>2. Schopn\u00e9 zvl\u00e1dnu\u0165 ve\u013ek\u00e9 nap\u00e4tia a pr\u00fady<\/p>\n<p>3. Pou\u017eitie n\u00edzko stratov\u00e9ho dielektrika z polypropyl\u00e9novej f\u00f3lie<\/td>\n<\/tr>\n<tr>\n<td width=\"146\"><strong>Odolnos\u0165 proti vybitiu:<\/strong><\/td>\n<td width=\"601\">30000M\u03a9<\/td>\n<\/tr>\n<tr>\n<td width=\"146\"><strong>Menovit\u00e9 nap\u00e4tie\uff1a<\/strong><\/td>\n<td width=\"601\">5000v\/\u00b5s<\/td>\n<\/tr>\n<tr>\n<td width=\"146\"><strong>Cap.tol\uff1a<\/strong><\/td>\n<td width=\"601\">\n<table style=\"height: 6px;\" border=\"0\" width=\"5\" cellspacing=\"0\">\n<tbody>\n<tr>\n<td valign=\"center\" nowrap=\"nowrap\" width=\"330\"><\/td>\n<\/tr>\n<\/tbody>\n<\/table>\n<p>-40\u2103~ +85\u2103<\/td>\n<\/tr>\n<tr>\n<td width=\"146\"><strong>\u017divotnos\u0165:\u00a0<\/strong><\/td>\n<td width=\"601\">100000H<\/td>\n<\/tr>\n<\/tbody>\n<\/table>","protected":false},"featured_media":1887,"comment_status":"open","ping_status":"closed","template":"","meta":[],"product_brand":[],"product_cat":[42],"product_tag":[],"class_list":{"0":"post-1886","1":"product","2":"type-product","3":"status-publish","4":"has-post-thumbnail","6":"product_cat-resonance-capacitor","8":"first","9":"instock","10":"shipping-taxable","11":"product-type-simple"},"_links":{"self":[{"href":"https:\/\/rf-capacitor.com\/sk\/wp-json\/wp\/v2\/product\/1886","targetHints":{"allow":["GET"]}}],"collection":[{"href":"https:\/\/rf-capacitor.com\/sk\/wp-json\/wp\/v2\/product"}],"about":[{"href":"https:\/\/rf-capacitor.com\/sk\/wp-json\/wp\/v2\/types\/product"}],"replies":[{"embeddable":true,"href":"https:\/\/rf-capacitor.com\/sk\/wp-json\/wp\/v2\/comments?post=1886"}],"wp:featuredmedia":[{"embeddable":true,"href":"https:\/\/rf-capacitor.com\/sk\/wp-json\/wp\/v2\/media\/1887"}],"wp:attachment":[{"href":"https:\/\/rf-capacitor.com\/sk\/wp-json\/wp\/v2\/media?parent=1886"}],"wp:term":[{"taxonomy":"product_brand","embeddable":true,"href":"https:\/\/rf-capacitor.com\/sk\/wp-json\/wp\/v2\/product_brand?post=1886"},{"taxonomy":"product_cat","embeddable":true,"href":"https:\/\/rf-capacitor.com\/sk\/wp-json\/wp\/v2\/product_cat?post=1886"},{"taxonomy":"product_tag","embeddable":true,"href":"https:\/\/rf-capacitor.com\/sk\/wp-json\/wp\/v2\/product_tag?post=1886"}],"curies":[{"name":"wp","href":"https:\/\/api.w.org\/{rel}","templated":true}]}}