{"id":1863,"date":"2025-01-02T02:25:29","date_gmt":"2025-01-02T02:25:29","guid":{"rendered":"https:\/\/rf-capacitor.com\/?post_type=product&#038;p=1863"},"modified":"2025-01-02T02:25:29","modified_gmt":"2025-01-02T02:25:29","slug":"rmf-induction-heating-capacitor","status":"publish","type":"product","link":"https:\/\/rf-capacitor.com\/sk\/rmf-induction-heating-capacitor\/","title":{"rendered":"RMF Induk\u010dn\u00fd vykurovac\u00ed kondenz\u00e1tor"},"content":{"rendered":"<div class=\"user-query-container ng-star-inserted\">\n<div id=\"user-query-content-3\" class=\"query-content\">\n<div class=\"query-text gds-body-l ng-star-inserted\" dir=\"ltr\" role=\"heading\" aria-level=\"2\">\n<h3 class=\"query-text-line ng-star-inserted\">RMF Induk\u010dn\u00fd vykurovac\u00ed kondenz\u00e1tor<\/h3>\n<\/div>\n<\/div>\n<\/div>\n<div>\n<div class=\"response-container ng-tns-c3227055261-50 response-optimization tts-removed ng-star-inserted response-container-has-multiple-responses\">\n<div class=\"presented-response-container ng-tns-c3227055261-50\">\n<div class=\"response-container-content ng-tns-c3227055261-50 tunable-selection-with-avatar\">\n<div class=\"response-content ng-tns-c3227055261-50\">\n<div id=\"model-response-message-contentr_6c2a80d1ec190fc8\" class=\"markdown markdown-main-panel tutor-markdown-rendering response-optimization\" dir=\"ltr\">\n<p data-sourcepos=\"1:1-1:113\"><span class=\"citation-0 recitation\">Kondenz\u00e1tory RFM s\u00fa \u0161peci\u00e1lne navrhnut\u00e9 na pou\u017eitie v <\/span><strong><span class=\"citation-0 recitation\">stredofrekven\u010dn\u00e9 induk\u010dn\u00e9 vykurovacie syst\u00e9my<\/span><\/strong><span class=\"citation-0 recitation citation-end-0\">.<\/span><span class=\"button-container hide-from-message-actions ng-star-inserted\">\u00a0<\/span><\/p>\n<h3 data-sourcepos=\"3:1-3:24\"><strong>K\u013e\u00fa\u010dov\u00e9 vlastnosti:<\/strong><\/h3>\n<ul data-sourcepos=\"5:1-10:0\">\n<li data-sourcepos=\"5:1-5:95\"><strong>Hodnota vysok\u00e9ho nap\u00e4tia:<\/strong> Musia odol\u00e1va\u0165 vysok\u00fdm nap\u00e4tiam, ktor\u00e9 v t\u00fdchto syst\u00e9moch vznikaj\u00fa.<\/li>\n<li data-sourcepos=\"6:1-6:119\"><strong>Vysok\u00e1 kapacita spracovania pr\u00fadu:<\/strong> <span class=\"citation-1 recitation citation-end-1\">Dok\u00e1\u017ee zvl\u00e1dnu\u0165 ve\u013ek\u00e9 pr\u00fady spojen\u00e9 s induk\u010dn\u00fdm ohrevom.<\/span><span class=\"button-container hide-from-message-actions ng-star-inserted\"> \u00a0<\/span>\n<div class=\"container ng-tns-c362440147-55 hide\">\n<div class=\"carousel-container ng-tns-c362440147-55\"><\/div>\n<\/div>\n<\/li>\n<li data-sourcepos=\"7:1-7:104\"><strong><span class=\"citation-2 recitation\">N\u00edzky ESR (ekvivalentn\u00fd s\u00e9riov\u00fd odpor):<\/span><\/strong><span class=\"citation-2 recitation citation-end-2\"> Minimalizuje straty energie v kondenz\u00e1tore.<\/span><span class=\"button-container hide-from-message-actions ng-star-inserted\">\u00a0 \u00a0<\/span>\n<div class=\"container ng-tns-c362440147-56 hide\">\n<div class=\"carousel-container ng-tns-c362440147-56\"><\/div>\n<\/div>\n<\/li>\n<li data-sourcepos=\"8:1-8:123\"><strong>Dobr\u00e1 tepeln\u00e1 stabilita:<\/strong> M\u00f4\u017ee pracova\u0165 pri vysok\u00fdch teplot\u00e1ch v\u010faka teplu, ktor\u00e9 vznik\u00e1 pri induk\u010dnom ohreve.<\/li>\n<li data-sourcepos=\"9:1-10:0\"><strong>Robustn\u00e1 kon\u0161trukcia:<\/strong> Navrhnut\u00e9 tak, aby odolali n\u00e1ro\u010dn\u00fdm prev\u00e1dzkov\u00fdm podmienkam v priemyselnom prostred\u00ed.<\/li>\n<\/ul>\n<h3 data-sourcepos=\"11:1-11:39\"><strong>Ako funguj\u00fa v RMF Induk\u010dn\u00fd vykurovac\u00ed kondenz\u00e1tor:<\/strong><\/h3>\n<ol data-sourcepos=\"13:1-15:0\">\n<li data-sourcepos=\"13:1-13:220\"><strong><span class=\"citation-3 recitation\">Rezonancia:<\/span><\/strong><span class=\"citation-3 recitation citation-end-3\"> Kondenz\u00e1tory RFM sa pou\u017e\u00edvaj\u00fa na vytvorenie rezonan\u010dn\u00e9ho obvodu s induk\u010dnou cievkou.<\/span> T\u00e1to rezonancia maximalizuje tok pr\u00fadu cez cievku, \u010do je nevyhnutn\u00e9 pre \u00fa\u010dinn\u00e9 induk\u010dn\u00e9 vykurovanie.<span class=\"button-container hide-from-message-actions ng-star-inserted\">\u00a0 \u00a0<\/span>\n<div class=\"container ng-tns-c362440147-57 hide\">\n<div class=\"carousel-container ng-tns-c362440147-57\"><\/div>\n<\/div>\n<\/li>\n<li data-sourcepos=\"14:1-15:0\"><strong><span class=\"citation-4 recitation\">Korekcia \u00fa\u010dinn\u00edka:<\/span><\/strong><span class=\"citation-4 recitation citation-end-4\"> Pom\u00e1haj\u00fa zlep\u0161ova\u0165 \u00fa\u010dinn\u00edk induk\u010dn\u00e9ho vykurovacieho syst\u00e9mu, zni\u017euj\u00fa jalov\u00fd v\u00fdkon a zlep\u0161uj\u00fa celkov\u00fa \u00fa\u010dinnos\u0165 syst\u00e9mu.<\/span><span class=\"button-container hide-from-message-actions ng-star-inserted\"> \u00a0<\/span>\n<div class=\"container ng-tns-c362440147-58 hide\">\n<div class=\"carousel-container ng-tns-c362440147-58\"><\/div>\n<\/div>\n<\/li>\n<\/ol>\n<h3 data-sourcepos=\"16:1-16:25\"><strong>Typick\u00e9 aplik\u00e1cie:<\/strong><\/h3>\n<ul data-sourcepos=\"18:1-20:0\">\n<li data-sourcepos=\"18:1-18:93\"><strong>Vykurovanie kovov:<\/strong> Pou\u017e\u00edva sa v r\u00f4znych aplik\u00e1ci\u00e1ch, ako je kovanie kovov, kalenie a tavenie.<\/li>\n<li data-sourcepos=\"19:1-20:0\"><strong>Tepeln\u00e9 spracovanie:<\/strong> <span class=\"citation-5 recitation citation-end-5\">Pou\u017e\u00edva sa pri tepelnom spracovan\u00ed kovov na zlep\u0161enie ich mechanick\u00fdch vlastnost\u00ed.<\/span><span class=\"button-container hide-from-message-actions ng-star-inserted\"> \u00a0 <\/span><\/li>\n<\/ul>\n<\/div>\n<\/div>\n<\/div>\n<\/div>\n<\/div>\n<\/div>","protected":false},"excerpt":{"rendered":"<table style=\"height: 472px;\" width=\"718\">\n<tbody>\n<tr>\n<td width=\"146\"><strong><b>Produkt<\/b><\/strong>\u00a0<strong><b>N\u00e1zov:<\/b><\/strong><\/td>\n<td width=\"601\"><strong>RMF Induk\u010dn\u00fd vykurovac\u00ed kondenz\u00e1tor<\/strong><\/td>\n<\/tr>\n<tr>\n<td width=\"146\">\n<h4><strong>Kr\u00e1tky popis:<\/strong><\/h4>\n<\/td>\n<td width=\"601\">Pv meni\u010d, vetern\u00fd meni\u010d; AII druhy frekven\u010dn\u00e9ho meni\u010da a meni\u010da<br \/>\nnap\u00e1janie; \u010disto elektrick\u00e9 a hybridn\u00e9 aut\u00e1; nab\u00edjacie hromady, UPS at\u010f.<\/td>\n<\/tr>\n<tr>\n<td width=\"146\"><b>Rozsah v\u00fdkonu<\/b>:<\/td>\n<td width=\"601\">do 6000 uF<\/td>\n<\/tr>\n<tr>\n<td width=\"146\"><strong>Menovit\u00e9 nap\u00e4tie\uff1a<\/strong><\/td>\n<td width=\"601\">0,75kv a\u017e 3kv<\/td>\n<\/tr>\n<tr>\n<td width=\"146\"><strong><b>Referen\u010dn\u00fd \u0161tandard<\/b>:\uff1a<\/strong><\/td>\n<td width=\"601\">GB\/T3984.1-2004<\/td>\n<\/tr>\n<tr>\n<td width=\"146\"><strong>IEC60110-1:<\/strong><\/td>\n<td width=\"601\">1998<\/td>\n<\/tr>\n<\/tbody>\n<\/table>","protected":false},"featured_media":1864,"comment_status":"open","ping_status":"closed","template":"","meta":[],"product_brand":[],"product_cat":[41],"product_tag":[],"class_list":{"0":"post-1863","1":"product","2":"type-product","3":"status-publish","4":"has-post-thumbnail","6":"product_cat-induction-heating-capacitor","8":"first","9":"instock","10":"shipping-taxable","11":"product-type-simple"},"_links":{"self":[{"href":"https:\/\/rf-capacitor.com\/sk\/wp-json\/wp\/v2\/product\/1863","targetHints":{"allow":["GET"]}}],"collection":[{"href":"https:\/\/rf-capacitor.com\/sk\/wp-json\/wp\/v2\/product"}],"about":[{"href":"https:\/\/rf-capacitor.com\/sk\/wp-json\/wp\/v2\/types\/product"}],"replies":[{"embeddable":true,"href":"https:\/\/rf-capacitor.com\/sk\/wp-json\/wp\/v2\/comments?post=1863"}],"wp:featuredmedia":[{"embeddable":true,"href":"https:\/\/rf-capacitor.com\/sk\/wp-json\/wp\/v2\/media\/1864"}],"wp:attachment":[{"href":"https:\/\/rf-capacitor.com\/sk\/wp-json\/wp\/v2\/media?parent=1863"}],"wp:term":[{"taxonomy":"product_brand","embeddable":true,"href":"https:\/\/rf-capacitor.com\/sk\/wp-json\/wp\/v2\/product_brand?post=1863"},{"taxonomy":"product_cat","embeddable":true,"href":"https:\/\/rf-capacitor.com\/sk\/wp-json\/wp\/v2\/product_cat?post=1863"},{"taxonomy":"product_tag","embeddable":true,"href":"https:\/\/rf-capacitor.com\/sk\/wp-json\/wp\/v2\/product_tag?post=1863"}],"curies":[{"name":"wp","href":"https:\/\/api.w.org\/{rel}","templated":true}]}}