{"id":1860,"date":"2025-01-02T02:14:12","date_gmt":"2025-01-02T02:14:12","guid":{"rendered":"https:\/\/rf-capacitor.com\/?post_type=product&#038;p=1860"},"modified":"2025-01-02T02:14:12","modified_gmt":"2025-01-02T02:14:12","slug":"switching-power-snubber-capacitor","status":"publish","type":"product","link":"https:\/\/rf-capacitor.com\/sk\/switching-power-snubber-capacitor\/","title":{"rendered":"Sp\u00ednan\u00fd kondenz\u00e1tor Snubber"},"content":{"rendered":"<div class=\"user-query-container ng-star-inserted\">\n<div id=\"user-query-content-2\" class=\"query-content\">\n<div class=\"query-text gds-body-l ng-star-inserted\" dir=\"ltr\" role=\"heading\" aria-level=\"2\">\n<h3 class=\"query-text-line ng-star-inserted\">Sp\u00ednan\u00fd kondenz\u00e1tor Snubber<\/h3>\n<\/div>\n<\/div>\n<div class=\"button-gutter\"><span class=\"citation-0 recitation citation-end-0\" style=\"font-size: 14.4px; color: #555555;\">V sp\u00ednan\u00fdch nap\u00e1jac\u00edch zdrojoch s\u00fa snubber kondenz\u00e1tory k\u013e\u00fa\u010dov\u00e9 na ochranu sp\u00ednac\u00edch zariaden\u00ed (ako s\u00fa MOSFET alebo IGBT) pred nadmern\u00fdm nap\u00e4\u0165ov\u00fdm a pr\u00fadov\u00fdm nam\u00e1han\u00edm po\u010das sp\u00ednac\u00edch prechodov.<\/span><span class=\"button-container hide-from-message-actions ng-star-inserted\" style=\"font-size: 14.4px; color: #555555;\">\u00a0 \u00a0<\/span><\/div>\n<\/div>\n<div>\n<div class=\"response-container ng-tns-c3227055261-38 response-optimization tts-removed ng-star-inserted response-container-has-multiple-responses\">\n<div class=\"presented-response-container ng-tns-c3227055261-38\">\n<div class=\"response-container-content ng-tns-c3227055261-38 tunable-selection-with-avatar\">\n<div class=\"response-content ng-tns-c3227055261-38\">\n<div id=\"model-response-message-contentr_690cc733da6ea17b\" class=\"markdown markdown-main-panel tutor-markdown-rendering response-optimization\" dir=\"ltr\">\n<h2 data-sourcepos=\"1:1-1:208\"><strong style=\"font-size: 14.4px;\">\u00a0Ako funguje sp\u00ednan\u00fd kondenz\u00e1tor Snubber:<\/strong><\/h2>\n<ul data-sourcepos=\"5:1-7:0\">\n<li data-sourcepos=\"5:1-5:287\"><strong><span class=\"citation-1 recitation\">Nap\u00e4\u0165ov\u00e9 \u0161pi\u010dky:<\/span><\/strong><span class=\"citation-1 recitation citation-end-1\"> Ke\u010f sa sp\u00edna\u010d vypne, parazitn\u00e1 induk\u010dnos\u0165 v obvode m\u00f4\u017ee sp\u00f4sobi\u0165 r\u00fdchly n\u00e1rast nap\u00e4tia na sp\u00edna\u010di.<\/span> <span class=\"citation-2 recitation citation-end-2\">Od\u013eah\u010dovac\u00ed kondenz\u00e1tor absorbuje tento n\u00e1hly n\u00e1rast nap\u00e4tia, obmedzuje \u0161pi\u010dkov\u00e9 nap\u00e4tie a zabra\u0148uje po\u0161kodeniu sp\u00edna\u010da.<\/span>\n<div class=\"container ng-tns-c362440147-43 hide\">\n<div class=\"carousel-container ng-tns-c362440147-43\"><\/div>\n<\/div>\n<\/li>\n<li data-sourcepos=\"6:1-7:0\"><strong>Prep\u00ednanie pr\u00fadu:<\/strong> Po\u010das prechodu do vypnut\u00e9ho stavu poskytuje kondenz\u00e1tor do\u010dasn\u00fa cestu pre tok pr\u00fadu, \u010d\u00edm zni\u017euje di\/dt (r\u00fdchlos\u0165 zmeny pr\u00fadu) a minimalizuje EMI (elektromagnetick\u00e9 ru\u0161enie).<\/li>\n<\/ul>\n<h3 data-sourcepos=\"8:1-8:24\"><strong>K\u013e\u00fa\u010dov\u00e9 vlastnosti:<\/strong><\/h3>\n<ul data-sourcepos=\"10:1-14:0\">\n<li data-sourcepos=\"10:1-10:88\"><strong>Hodnota vysok\u00e9ho nap\u00e4tia:<\/strong> Mus\u00ed odol\u00e1va\u0165 \u0161pi\u010dkov\u00fdm nap\u00e4tiam, ktor\u00e9 sa vyskytuj\u00fa po\u010das sp\u00ednania.<\/li>\n<li data-sourcepos=\"11:1-11:104\"><strong><span class=\"citation-3 recitation\">N\u00edzky ESR (ekvivalentn\u00fd s\u00e9riov\u00fd odpor):<\/span><\/strong><span class=\"citation-3 recitation citation-end-3\"> Minimalizuje straty energie v kondenz\u00e1tore.<\/span><span class=\"button-container hide-from-message-actions ng-star-inserted\"> \u00a0<\/span>\n<div class=\"container ng-tns-c362440147-44 hide\">\n<div class=\"carousel-container ng-tns-c362440147-44\"><\/div>\n<\/div>\n<\/li>\n<li data-sourcepos=\"12:1-12:123\"><strong>Schopnos\u0165 r\u00fdchleho nab\u00edjania\/vyb\u00edjania:<\/strong> <span class=\"citation-4 recitation citation-end-4\">Schopnos\u0165 r\u00fdchlo absorbova\u0165 a uvo\u013e\u0148ova\u0165 energiu po\u010das prep\u00ednania.<\/span>\n<div class=\"container ng-tns-c362440147-45 hide\">\n<div class=\"carousel-container ng-tns-c362440147-45\"><\/div>\n<\/div>\n<\/li>\n<li data-sourcepos=\"13:1-14:0\"><strong>Kompaktn\u00e1 ve\u013ekos\u0165:<\/strong> Minimaliz\u00e1cia priestorov\u00fdch po\u017eiadaviek v syst\u00e9moch v\u00fdkonovej elektroniky.<\/li>\n<\/ul>\n<h3 data-sourcepos=\"15:1-15:32\"><strong>Typy sp\u00ednan\u00fdch v\u00fdkonov\u00fdch kondenz\u00e1torov:<\/strong><\/h3>\n<ul data-sourcepos=\"17:1-19:0\">\n<li data-sourcepos=\"17:1-17:112\"><strong>Filmov\u00e9 kondenz\u00e1tory:<\/strong> Be\u017ene sa pou\u017e\u00edvaj\u00fa v\u010faka vysok\u00e9mu menovit\u00e9mu nap\u00e4tiu, n\u00edzkemu ESR a dobrej teplotnej stabilite.<\/li>\n<li data-sourcepos=\"18:1-19:0\"><strong>Keramick\u00e9 kondenz\u00e1tory:<\/strong> Pon\u00fakaj\u00fa vysok\u00fa kapacitu v malom balen\u00ed, ale m\u00f4\u017eu ma\u0165 obmedzenia v menovitom nap\u00e4t\u00ed a teplotnej stabilite.<\/li>\n<\/ul>\n<h3 data-sourcepos=\"20:1-20:26\"><strong>\u00davahy o dizajne:<\/strong><\/h3>\n<ul data-sourcepos=\"22:1-25:0\">\n<li data-sourcepos=\"22:1-22:87\"><strong>Charakteristika sp\u00ednacieho zariadenia:<\/strong> \u010casy zapnutia\/vypnutia, \u0161pi\u010dkov\u00e9 pr\u00fady a nap\u00e4tia.<\/li>\n<li data-sourcepos=\"23:1-23:69\"><strong>Parametre obvodu:<\/strong> Parazitn\u00e1 induk\u010dnos\u0165, charakteristiky za\u0165a\u017eenia.<\/li>\n<li data-sourcepos=\"24:1-25:0\"><strong><span class=\"citation-5 recitation\">Topol\u00f3gia obvodu Snubber:<\/span><\/strong><span class=\"citation-5 recitation citation-end-5\"> R\u00f4zne konfigur\u00e1cie snubberov (R-C, RCD at\u010f.) maj\u00fa r\u00f4zny vplyv na v\u00fdkon obvodu.<\/span><span class=\"button-container hide-from-message-actions ng-star-inserted\">\u00a0 \u00a0<\/span>\n<div class=\"container ng-tns-c362440147-46 hide\">\n<div class=\"carousel-container ng-tns-c362440147-46\"><\/div>\n<\/div>\n<\/li>\n<\/ul>\n<h3 data-sourcepos=\"26:1-26:41\"><strong>V\u00fdhody pou\u017e\u00edvania kondenz\u00e1torov Snubber:<\/strong><\/h3>\n<ul data-sourcepos=\"28:1-31:0\">\n<li data-sourcepos=\"28:1-28:102\"><strong>Zlep\u0161en\u00e1 spo\u013eahlivos\u0165 prep\u00edna\u010da:<\/strong> Zn\u00ed\u017een\u00e9 nam\u00e1hanie sp\u00ednacieho zariadenia, \u010do vedie k dlh\u0161ej \u017eivotnosti.<\/li>\n<li data-sourcepos=\"29:1-29:68\"><strong>Zn\u00ed\u017een\u00e9 emisie EMI:<\/strong> Minimalizuje elektromagnetick\u00e9 ru\u0161enie.<\/li>\n<li data-sourcepos=\"30:1-31:0\"><strong>Zv\u00fd\u0161en\u00e1 \u00fa\u010dinnos\u0165 syst\u00e9mu:<\/strong> Zn\u00ed\u017een\u00e9 straty energie v\u010faka ni\u017e\u0161\u00edm sp\u00ednac\u00edm strat\u00e1m.<\/li>\n<\/ul>\n<\/div>\n<\/div>\n<\/div>\n<\/div>\n<\/div>\n<\/div>","protected":false},"excerpt":{"rendered":"<table style=\"height: 523px;\" width=\"704\">\n<tbody>\n<tr>\n<td width=\"146\"><strong><b>Produkt<\/b><\/strong>\u00a0<strong><b>N\u00e1zov:<\/b><\/strong><\/td>\n<td width=\"601\"><strong>Sp\u00ednan\u00fd kondenz\u00e1tor Snubber<\/strong><\/td>\n<\/tr>\n<tr>\n<td width=\"146\">\n<h4><strong>Kr\u00e1tky popis:<\/strong><\/h4>\n<\/td>\n<td width=\"601\">Filmov\u00e9 kondenz\u00e1tory CRE s\u00fa ur\u010den\u00e9 na prev\u00e1dzku s vysok\u00fdm \u0161pi\u010dkov\u00fdm pr\u00fadom, ktor\u00fd je potrebn\u00fd na ochranu proti prechodn\u00fdm nap\u00e4tiam.<\/td>\n<\/tr>\n<tr>\n<td width=\"146\"><strong>Rozsah kapacity:<\/strong><\/td>\n<td width=\"601\">\u00a02\u03bcF\u00b110%<\/td>\n<\/tr>\n<tr>\n<td width=\"146\"><strong>Menovit\u00e9 nap\u00e4tie\uff1a<\/strong><\/td>\n<td width=\"601\">700V.DC\uff5e3000V.DC<\/td>\n<\/tr>\n<tr>\n<td width=\"146\"><strong>Cap.tol\uff1a<\/strong><\/td>\n<td width=\"601\">\u00b15%(J);\u00b110%(K)<\/td>\n<\/tr>\n<tr>\n<td width=\"146\"><\/td>\n<td width=\"601\"><\/td>\n<\/tr>\n<\/tbody>\n<\/table>","protected":false},"featured_media":1861,"comment_status":"open","ping_status":"closed","template":"","meta":[],"product_brand":[],"product_cat":[40],"product_tag":[],"class_list":{"0":"post-1860","1":"product","2":"type-product","3":"status-publish","4":"has-post-thumbnail","6":"product_cat-snubber-capacitor","8":"first","9":"instock","10":"shipping-taxable","11":"product-type-simple"},"_links":{"self":[{"href":"https:\/\/rf-capacitor.com\/sk\/wp-json\/wp\/v2\/product\/1860","targetHints":{"allow":["GET"]}}],"collection":[{"href":"https:\/\/rf-capacitor.com\/sk\/wp-json\/wp\/v2\/product"}],"about":[{"href":"https:\/\/rf-capacitor.com\/sk\/wp-json\/wp\/v2\/types\/product"}],"replies":[{"embeddable":true,"href":"https:\/\/rf-capacitor.com\/sk\/wp-json\/wp\/v2\/comments?post=1860"}],"wp:featuredmedia":[{"embeddable":true,"href":"https:\/\/rf-capacitor.com\/sk\/wp-json\/wp\/v2\/media\/1861"}],"wp:attachment":[{"href":"https:\/\/rf-capacitor.com\/sk\/wp-json\/wp\/v2\/media?parent=1860"}],"wp:term":[{"taxonomy":"product_brand","embeddable":true,"href":"https:\/\/rf-capacitor.com\/sk\/wp-json\/wp\/v2\/product_brand?post=1860"},{"taxonomy":"product_cat","embeddable":true,"href":"https:\/\/rf-capacitor.com\/sk\/wp-json\/wp\/v2\/product_cat?post=1860"},{"taxonomy":"product_tag","embeddable":true,"href":"https:\/\/rf-capacitor.com\/sk\/wp-json\/wp\/v2\/product_tag?post=1860"}],"curies":[{"name":"wp","href":"https:\/\/api.w.org\/{rel}","templated":true}]}}