{"id":1856,"date":"2025-01-02T02:04:58","date_gmt":"2025-01-02T02:04:58","guid":{"rendered":"https:\/\/rf-capacitor.com\/?post_type=product&#038;p=1856"},"modified":"2025-01-02T02:04:58","modified_gmt":"2025-01-02T02:04:58","slug":"resonant-circuit-snubber-capacitor","status":"publish","type":"product","link":"https:\/\/rf-capacitor.com\/sk\/resonant-circuit-snubber-capacitor\/","title":{"rendered":"Rezonan\u010dn\u00fd obvod Snubber kondenz\u00e1tor"},"content":{"rendered":"<div class=\"user-query-container ng-star-inserted\">\n<div id=\"user-query-content-1\" class=\"query-content\">\n<div class=\"query-text gds-body-l ng-star-inserted\" dir=\"ltr\" role=\"heading\" aria-level=\"2\">\n<h3 class=\"query-text-line ng-star-inserted\">Rezonan\u010dn\u00fd obvod Snubber kondenz\u00e1tor<\/h3>\n<\/div>\n<\/div>\n<\/div>\n<div>\n<div class=\"response-container ng-tns-c3227055261-32 response-optimization tts-removed ng-star-inserted response-container-has-multiple-responses\">\n<div class=\"presented-response-container ng-tns-c3227055261-32\">\n<div class=\"response-container-content ng-tns-c3227055261-32 tunable-selection-with-avatar\">\n<div class=\"response-content ng-tns-c3227055261-32\">\n<div id=\"model-response-message-contentr_be92511bd195e395\" class=\"markdown markdown-main-panel tutor-markdown-rendering response-optimization\" dir=\"ltr\">\n<p data-sourcepos=\"1:1-1:154\">V rezonan\u010dn\u00fdch obvodoch snubberu zohr\u00e1va kondenz\u00e1tor k\u013e\u00fa\u010dov\u00fa \u00falohu pri vytv\u00e1ran\u00ed rezonan\u010dn\u00e9ho obvodu n\u00e1dr\u017ee s parazitnou induk\u010dnos\u0165ou pr\u00edtomnou v syst\u00e9me.<\/p>\n<h3 data-sourcepos=\"3:1-3:17\"><strong>Ako funguje rezonan\u010dn\u00fd kondenz\u00e1tor Snubber:<\/strong><\/h3>\n<ul data-sourcepos=\"5:1-7:0\">\n<li data-sourcepos=\"5:1-5:283\"><strong>Rezonancia:<\/strong> Kondenz\u00e1tor a parazitn\u00e1 induk\u010dnos\u0165 tvoria LC obvod n\u00e1dr\u017ee. Ke\u010f sa IGBT vypne, energia ulo\u017een\u00e1 v parazitnej induk\u010dnosti sa prenesie do kondenz\u00e1tora. Tento prenos energie sa uskuto\u010d\u0148uje pri rezonan\u010dnej frekvencii LC n\u00e1dr\u017ee, \u010do vedie k oscil\u00e1ci\u00e1m.<\/li>\n<li data-sourcepos=\"6:1-7:0\"><strong>Rozptyl energie:<\/strong> Do rezonan\u010dn\u00e9ho obvodu snubberu sa zvy\u010dajne zara\u010fuje rezistor, ktor\u00fd tlm\u00ed tieto oscil\u00e1cie a rozpty\u013euje energiu.<\/li>\n<\/ul>\n<h3 data-sourcepos=\"8:1-8:56\"><strong>K\u013e\u00fa\u010dov\u00e9 charakteristiky rezonan\u010dn\u00fdch kondenz\u00e1torov:<\/strong><\/h3>\n<ul data-sourcepos=\"10:1-13:0\">\n<li data-sourcepos=\"10:1-10:82\"><strong>Presn\u00e1 kapacita:<\/strong> Rozhoduj\u00face pre dosiahnutie po\u017eadovanej rezonan\u010dnej frekvencie.<\/li>\n<li data-sourcepos=\"11:1-11:78\"><strong><span class=\"citation-0 recitation\">N\u00edzke ESR:<\/span><\/strong><span class=\"citation-0 recitation citation-end-0\"> Minimalizuje straty po\u010das rezonan\u010dn\u00fdch kmitov. <\/span>\n<div class=\"container ng-tns-c362440147-35\">\n<div class=\"carousel-container ng-tns-c362440147-35\">\n<div class=\"carousel-content ng-tns-c362440147-35\">\n<div class=\"sources-carousel-source ng-tns-c362440147-35 ng-star-inserted\" data-test-id=\"sources-carousel-source\">\n<div class=\"source-card-container\">\n<div class=\"source-card-content\"><\/div>\n<\/div>\n<\/div>\n<\/div>\n<\/div>\n<\/div>\n<\/li>\n<li data-sourcepos=\"12:1-13:0\"><strong>Hodnota vysok\u00e9ho nap\u00e4tia:<\/strong> Mus\u00ed odola\u0165 \u0161pi\u010dkov\u00fdm nap\u00e4tiam, ktor\u00e9 sa vyskytuj\u00fa po\u010das rezonancie.<\/li>\n<\/ul>\n<h3 data-sourcepos=\"14:1-14:42\"><strong>V\u00fdhody rezonan\u010dn\u00e9ho obvodu Snubber Capacitor:<\/strong><\/h3>\n<ul data-sourcepos=\"16:1-19:0\">\n<li data-sourcepos=\"16:1-16:158\"><strong>Zn\u00ed\u017een\u00e9 straty pri prep\u00ednan\u00ed:<\/strong> Vyu\u017eit\u00edm rezonan\u010dn\u00e9ho prenosu energie mo\u017eno v porovnan\u00ed s tradi\u010dn\u00fdmi R-C snubbermi v\u00fdrazne zn\u00ed\u017ei\u0165 sp\u00ednacie straty.<\/li>\n<li data-sourcepos=\"17:1-17:96\"><strong>Zv\u00fd\u0161en\u00e1 \u00fa\u010dinnos\u0165:<\/strong> Ni\u017e\u0161ie sp\u00ednacie straty sa premietaj\u00fa do vy\u0161\u0161ej celkovej \u00fa\u010dinnosti syst\u00e9mu.<\/li>\n<li data-sourcepos=\"18:1-19:0\"><strong>Zn\u00ed\u017een\u00e9 EMI:<\/strong> Rezonan\u010dn\u00fd charakter obvodu m\u00f4\u017ee pom\u00f4c\u0165 zn\u00ed\u017ei\u0165 emisie EMI.<\/li>\n<\/ul>\n<h3 data-sourcepos=\"20:1-20:26\"><strong>\u00davahy o dizajne:<\/strong><\/h3>\n<ul data-sourcepos=\"22:1-25:0\">\n<li data-sourcepos=\"22:1-22:89\"><strong>Rezonan\u010dn\u00e1 frekvencia:<\/strong> Starostlivo vypo\u010d\u00edtan\u00e9 tak, aby zodpovedali po\u017eadovan\u00fdm prev\u00e1dzkov\u00fdm podmienkam.<\/li>\n<li data-sourcepos=\"23:1-23:117\"><strong>Koeficient tlmenia:<\/strong> Hodnota rezistora sa vol\u00ed tak, aby zabezpe\u010dila primeran\u00e9 tlmenie a zabr\u00e1nila nadmern\u00fdm oscil\u00e1ci\u00e1m.<\/li>\n<li data-sourcepos=\"24:1-25:0\"><strong>V\u00fdber komponentov obvodu:<\/strong> Starostliv\u00fd v\u00fdber komponentov (kondenz\u00e1tor, rezistor, induktor) je rozhoduj\u00faci pre optim\u00e1lny v\u00fdkon.<\/li>\n<\/ul>\n<p data-sourcepos=\"30:1-30:230\">\n<\/div>\n<\/div>\n<\/div>\n<\/div>\n<\/div>\n<\/div>","protected":false},"excerpt":{"rendered":"<table style=\"height: 534px;\" width=\"695\">\n<tbody>\n<tr>\n<td width=\"146\"><strong><b>Produkt<\/b><\/strong>\u00a0<strong><b>N\u00e1zov:<\/b><\/strong><\/td>\n<td width=\"601\"><strong>Rezonan\u010dn\u00fd obvod Snubber kondenz\u00e1tor<\/strong><\/td>\n<\/tr>\n<tr>\n<td width=\"146\">\n<h4><strong>Kr\u00e1tky popis:<\/strong><\/h4>\n<\/td>\n<td width=\"601\">\u0160iroko sa pou\u017e\u00edva v zariadeniach v\u00fdkonovej elektroniky, ke\u010f je ochrana proti absorpcii \u0161pi\u010dkov\u00e9ho nap\u00e4tia, \u0161pi\u010dkov\u00e9ho pr\u00fadu<\/td>\n<\/tr>\n<tr>\n<td width=\"146\"><strong>Rozsah kapacity:<\/strong><\/td>\n<td width=\"601\">0,1 \u03bcF ~ 5,6 \u03bcF<\/td>\n<\/tr>\n<tr>\n<td width=\"146\"><strong>Menovit\u00e9 nap\u00e4tie\uff1a<\/strong><\/td>\n<td width=\"601\">630V.DC ~ 2000V.DC<\/td>\n<\/tr>\n<tr>\n<td width=\"146\"><strong>Cap.tol\uff1a<\/strong><\/td>\n<td width=\"601\">\u00a0\u00a0\u00b15%(J)\uff1b\u00b110%(K)<\/td>\n<\/tr>\n<tr>\n<td width=\"146\"><strong>Model kondenz\u00e1tora:\u00a0<\/strong><\/td>\n<td width=\"601\">IGBT snubber<\/td>\n<\/tr>\n<\/tbody>\n<\/table>","protected":false},"featured_media":1857,"comment_status":"open","ping_status":"closed","template":"","meta":[],"product_brand":[],"product_cat":[40],"product_tag":[],"class_list":{"0":"post-1856","1":"product","2":"type-product","3":"status-publish","4":"has-post-thumbnail","6":"product_cat-snubber-capacitor","8":"first","9":"instock","10":"shipping-taxable","11":"product-type-simple"},"_links":{"self":[{"href":"https:\/\/rf-capacitor.com\/sk\/wp-json\/wp\/v2\/product\/1856","targetHints":{"allow":["GET"]}}],"collection":[{"href":"https:\/\/rf-capacitor.com\/sk\/wp-json\/wp\/v2\/product"}],"about":[{"href":"https:\/\/rf-capacitor.com\/sk\/wp-json\/wp\/v2\/types\/product"}],"replies":[{"embeddable":true,"href":"https:\/\/rf-capacitor.com\/sk\/wp-json\/wp\/v2\/comments?post=1856"}],"wp:featuredmedia":[{"embeddable":true,"href":"https:\/\/rf-capacitor.com\/sk\/wp-json\/wp\/v2\/media\/1857"}],"wp:attachment":[{"href":"https:\/\/rf-capacitor.com\/sk\/wp-json\/wp\/v2\/media?parent=1856"}],"wp:term":[{"taxonomy":"product_brand","embeddable":true,"href":"https:\/\/rf-capacitor.com\/sk\/wp-json\/wp\/v2\/product_brand?post=1856"},{"taxonomy":"product_cat","embeddable":true,"href":"https:\/\/rf-capacitor.com\/sk\/wp-json\/wp\/v2\/product_cat?post=1856"},{"taxonomy":"product_tag","embeddable":true,"href":"https:\/\/rf-capacitor.com\/sk\/wp-json\/wp\/v2\/product_tag?post=1856"}],"curies":[{"name":"wp","href":"https:\/\/api.w.org\/{rel}","templated":true}]}}