{"id":1793,"date":"2024-12-31T03:18:31","date_gmt":"2024-12-31T03:18:31","guid":{"rendered":"https:\/\/rf-capacitor.com\/?post_type=product&#038;p=1793"},"modified":"2024-12-31T03:18:31","modified_gmt":"2024-12-31T03:18:31","slug":"damping-absorption-snubber-capacitor","status":"publish","type":"product","link":"https:\/\/rf-capacitor.com\/sk\/damping-absorption-snubber-capacitor\/","title":{"rendered":"Tlmiaci absorp\u010dn\u00fd kondenz\u00e1tor Snubber"},"content":{"rendered":"<h3 data-sourcepos=\"1:1-1:41\"><strong>Tlmiace absorp\u010dn\u00e9 kondenz\u00e1tory Snubber<\/strong><\/h3>\n<ul data-sourcepos=\"3:1-24:0\">\n<li data-sourcepos=\"3:1-3:158\">\n<p data-sourcepos=\"3:3-3:158\"><strong><span class=\"citation-0 recitation\">\u00da\u010del:<\/span><\/strong><span class=\"citation-0 recitation citation-end-0\"> Prim\u00e1rne sa pou\u017e\u00edva na potla\u010denie prekro\u010denia nap\u00e4tia a pr\u00fadu, ku ktor\u00e9mu m\u00f4\u017ee d\u00f4js\u0165 po\u010das sp\u00ednac\u00edch oper\u00e1ci\u00ed v obvodoch v\u00fdkonovej elektroniky.<\/span><span class=\"button-container hide-from-message-actions ng-star-inserted\"> \u00a0<\/span><\/p>\n<div class=\"container ng-tns-c362440147-135 hide\">\n<div class=\"carousel-container ng-tns-c362440147-135\"><\/div>\n<\/div>\n<\/li>\n<li data-sourcepos=\"4:1-9:0\">\n<h3 data-sourcepos=\"4:3-4:20\"><strong>Ako funguje tlmiaci absorp\u010dn\u00fd kondenz\u00e1tor Snubber:<\/strong><\/h3>\n<ul data-sourcepos=\"5:5-9:0\">\n<li data-sourcepos=\"5:5-5:199\"><strong><span class=\"citation-1 recitation\">Prekro\u010denie nap\u00e4tia a pr\u00fadu:<\/span><\/strong><span class=\"citation-1 recitation citation-end-1\"> Ke\u010f sa vypne sp\u00edna\u010d v obvode v\u00fdkonovej elektroniky, n\u00e1hla zmena podmienok v obvode m\u00f4\u017ee vies\u0165 k r\u00fdchlym prechodn\u00fdm javom nap\u00e4tia a pr\u00fadu.<\/span><span class=\"button-container hide-from-message-actions ng-star-inserted\">\u00a0<\/span>\n<div class=\"container ng-tns-c362440147-136 hide\">\n<div class=\"carousel-container ng-tns-c362440147-136\"><\/div>\n<\/div>\n<\/li>\n<li data-sourcepos=\"6:5-6:162\"><strong><span class=\"citation-2 recitation\">Odru\u0161ovac\u00ed obvod:<\/span><\/strong><span class=\"citation-2 recitation citation-end-2\"> Paralelne so sp\u00ednac\u00edm zariaden\u00edm je zapojen\u00fd odru\u0161ovac\u00ed obvod, ktor\u00fd sa zvy\u010dajne sklad\u00e1 z rezistora a kondenz\u00e1tora.<\/span><span class=\"button-container hide-from-message-actions ng-star-inserted\"> \u00a0<\/span>\n<div class=\"container ng-tns-c362440147-137 hide\">\n<div class=\"carousel-container ng-tns-c362440147-137\"><\/div>\n<\/div>\n<\/li>\n<li data-sourcepos=\"7:5-7:190\"><strong><span class=\"citation-3 recitation\">Tlmiaci \u00fa\u010dinok:<\/span><\/strong><span class=\"citation-3 recitation citation-end-3\"> Kondenz\u00e1tor absorbuje energiu spojen\u00fa s prekro\u010den\u00edm, \u010d\u00edm \u00fa\u010dinne \"tlm\u00ed\" prechodn\u00fd jav a zabra\u0148uje nadmern\u00fdm nap\u00e4\u0165ov\u00fdm alebo pr\u00fadov\u00fdm \u0161pi\u010dk\u00e1m.<\/span><\/li>\n<li data-sourcepos=\"7:5-7:190\"><strong style=\"font-size: 14.4px;\">Absorpcia:<\/strong><span style=\"font-size: 14.4px;\"> Kondenz\u00e1tor absorbuje energiu a potom ju postupne uvo\u013e\u0148uje, \u010d\u00edm zabra\u0148uje po\u0161kodeniu sp\u00ednacieho zariadenia.<\/span><\/li>\n<\/ul>\n<\/li>\n<li data-sourcepos=\"10:1-14:0\">\n<h3 data-sourcepos=\"10:3-10:26\"><strong>K\u013e\u00fa\u010dov\u00e9 vlastnosti Tlmiaci absorp\u010dn\u00fd kondenz\u00e1tor Snubber:<\/strong><\/h3>\n<ul data-sourcepos=\"11:5-14:0\">\n<li data-sourcepos=\"11:5-11:134\"><strong><span class=\"citation-4 recitation\">N\u00edzke ESR:<\/span><\/strong><span class=\"citation-4 recitation citation-end-4\"> N\u00edzky ekvivalentn\u00fd s\u00e9riov\u00fd odpor je rozhoduj\u00faci pre efekt\u00edvnu absorpciu energie a minim\u00e1lne straty energie.<\/span><span class=\"button-container hide-from-message-actions ng-star-inserted\"> \u00a0<\/span>\n<div class=\"container ng-tns-c362440147-139 hide\">\n<div class=\"carousel-container ng-tns-c362440147-139\"><\/div>\n<\/div>\n<\/li>\n<li data-sourcepos=\"12:5-12:127\"><strong><span class=\"citation-5 recitation\">Hodnota vysok\u00e9ho nap\u00e4tia:<\/span><\/strong><span class=\"citation-5 recitation citation-end-5\"> Mus\u00ed by\u0165 schopn\u00fd odola\u0165 \u0161pi\u010dkov\u00fdm nap\u00e4tiam, ktor\u00e9 sa vyskytuj\u00fa po\u010das prechodn\u00fdch javov pri sp\u00ednan\u00ed.<\/span><span class=\"button-container hide-from-message-actions ng-star-inserted\"> \u00a0<\/span>\n<div class=\"container ng-tns-c362440147-140 hide\">\n<div class=\"carousel-container ng-tns-c362440147-140\"><\/div>\n<\/div>\n<\/li>\n<li data-sourcepos=\"13:5-14:0\"><strong>R\u00fdchla reakcia:<\/strong> Mus\u00ed r\u00fdchlo reagova\u0165 na r\u00fdchle zmeny nap\u00e4tia a pr\u00fadu.<\/li>\n<\/ul>\n<\/li>\n<li data-sourcepos=\"15:1-18:0\">\n<h4 data-sourcepos=\"15:3-15:19\"><strong>Aplik\u00e1cie:<\/strong><\/h4>\n<ul data-sourcepos=\"16:5-18:0\">\n<li data-sourcepos=\"16:5-16:196\"><strong><span class=\"citation-6 recitation\">V\u00fdkonov\u00e1 elektronika:<\/span><\/strong><span class=\"citation-6 recitation citation-end-6\"> \u0160iroko sa pou\u017e\u00edva vo v\u00fdkonov\u00fdch elektronick\u00fdch obvodoch, ako s\u00fa meni\u010de, konvertory a motorov\u00e9 pohony, na ochranu sp\u00ednac\u00edch zariaden\u00ed, ako s\u00fa IGBT, MOSFET a tyristory.<\/span><span class=\"button-container hide-from-message-actions ng-star-inserted\"> \u00a0<\/span>\n<div class=\"container ng-tns-c362440147-141 hide\">\n<div class=\"carousel-container ng-tns-c362440147-141\"><\/div>\n<\/div>\n<\/li>\n<li data-sourcepos=\"17:5-18:0\"><strong>Vysokonap\u00e4\u0165ov\u00e9 aplik\u00e1cie:<\/strong> Pou\u017e\u00edvaj\u00fa sa vo vysokonap\u00e4\u0165ov\u00fdch aplik\u00e1ci\u00e1ch, kde m\u00f4\u017eu by\u0165 sp\u00ednacie prechodov\u00e9 javy z\u00e1va\u017enej\u0161ie.<\/li>\n<\/ul>\n<\/li>\n<li data-sourcepos=\"19:1-24:0\">\n<h4 data-sourcepos=\"19:3-19:15\"><strong>V\u00fdhody:<\/strong><\/h4>\n<ul data-sourcepos=\"20:5-24:0\">\n<li data-sourcepos=\"20:5-20:109\"><strong><span class=\"citation-7 recitation\">Zn\u00ed\u017een\u00e9 straty pri prep\u00ednan\u00ed:<\/span><\/strong><span class=\"citation-7 recitation citation-end-7\"> Minimalizuje straty energie spojen\u00e9 so sp\u00ednac\u00edmi oper\u00e1ciami.<\/span><span class=\"button-container hide-from-message-actions ng-star-inserted\"> \u00a0<\/span>\n<div class=\"container ng-tns-c362440147-142 hide\">\n<div class=\"carousel-container ng-tns-c362440147-142\"><\/div>\n<\/div>\n<\/li>\n<li data-sourcepos=\"21:5-21:110\"><strong><span class=\"citation-8 recitation\">Zv\u00fd\u0161en\u00e1 spo\u013eahlivos\u0165:<\/span><\/strong><span class=\"citation-8 recitation citation-end-8\"> Chr\u00e1ni sp\u00ednacie zariadenia pred po\u0161koden\u00edm a predl\u017euje ich \u017eivotnos\u0165.<\/span><span class=\"button-container hide-from-message-actions ng-star-inserted\"> \u00a0<\/span>\n<div class=\"container ng-tns-c362440147-143 hide\">\n<div class=\"carousel-container ng-tns-c362440147-143\"><\/div>\n<\/div>\n<\/li>\n<li data-sourcepos=\"22:5-22:156\"><strong><span class=\"citation-9 recitation\">Zn\u00ed\u017een\u00e9 EMI\/RFI:<\/span><\/strong><span class=\"citation-9 recitation citation-end-9\"> Zni\u017euje elektromagnetick\u00e9 ru\u0161enie (EMI) a r\u00e1diofrekven\u010dn\u00e9 ru\u0161enie (RFI), ktor\u00e9 vznikaj\u00fa pri prechodov\u00fdch javoch pri sp\u00ednan\u00ed.<\/span><span class=\"button-container hide-from-message-actions ng-star-inserted\"> \u00a0<\/span>\n<div class=\"container ng-tns-c362440147-144 hide\">\n<div class=\"carousel-container ng-tns-c362440147-144\"><\/div>\n<\/div>\n<\/li>\n<li data-sourcepos=\"23:5-24:0\"><strong>Zv\u00fd\u0161en\u00e1 \u00fa\u010dinnos\u0165:<\/strong> <span class=\"citation-10 recitation citation-end-10\">Zn\u00ed\u017een\u00edm sp\u00ednac\u00edch str\u00e1t m\u00f4\u017eu snubber obvody prispie\u0165 k zlep\u0161eniu celkovej \u00fa\u010dinnosti syst\u00e9mu.<\/span><span class=\"button-container hide-from-message-actions ng-star-inserted\"> \u00a0 <\/span><\/li>\n<\/ul>\n<\/li>\n<\/ul>","protected":false},"excerpt":{"rendered":"<table style=\"height: 549px;\" width=\"734\">\n<tbody>\n<tr>\n<td width=\"146\"><strong><b>Produkt<\/b><\/strong>\u00a0<strong><b>N\u00e1zov:<\/b><\/strong><\/td>\n<td width=\"601\"><strong>Tlmiaci absorp\u010dn\u00fd kondenz\u00e1tor Snubber<\/strong><\/td>\n<\/tr>\n<tr>\n<td width=\"146\">\n<h4><strong>Kr\u00e1tky popis:<\/strong><\/h4>\n<\/td>\n<td width=\"601\">1. Inovat\u00edvne tlmiace absorp\u010dn\u00e9 kondenz\u00e1tory navrhuje a vyr\u00e1ba spolo\u010dnos\u0165 CRE<\/p>\n<p>2. Spolo\u010dnos\u0165 CRE je l\u00eddrom v oblasti kon\u0161trukcie a v\u00fdroby filmov\u00fdch kondenz\u00e1torov.<\/p>\n<p>3. Ak po\u017eadujete jedine\u010dn\u00e9 \u0161pecifik\u00e1cie tlmiaceho absorp\u010dn\u00e9ho kondenz\u00e1tora, obr\u00e1\u0165te sa na na\u0161e kon\u0161truk\u010dn\u00e9 centrum, kde v\u00e1m vyrobia kondenz\u00e1tor na mieru.<\/td>\n<\/tr>\n<tr>\n<td width=\"146\"><strong>Rozsah kapacity:<\/strong><\/td>\n<td width=\"601\">\u00a00,33 \u03bcF \u00b15%<\/td>\n<\/tr>\n<tr>\n<td width=\"146\"><strong>Menovit\u00e9 nap\u00e4tie\uff1a<\/strong><\/td>\n<td width=\"601\">3400 V.AC<\/td>\n<\/tr>\n<tr>\n<td width=\"146\"><strong>Cap.tol\uff1a<\/strong><\/td>\n<td width=\"601\">-40\u2103_85\u2103<\/td>\n<\/tr>\n<\/tbody>\n<\/table>","protected":false},"featured_media":1795,"comment_status":"open","ping_status":"closed","template":"","meta":[],"product_brand":[],"product_cat":[40],"product_tag":[],"class_list":{"0":"post-1793","1":"product","2":"type-product","3":"status-publish","4":"has-post-thumbnail","6":"product_cat-snubber-capacitor","8":"first","9":"instock","10":"shipping-taxable","11":"product-type-simple"},"_links":{"self":[{"href":"https:\/\/rf-capacitor.com\/sk\/wp-json\/wp\/v2\/product\/1793","targetHints":{"allow":["GET"]}}],"collection":[{"href":"https:\/\/rf-capacitor.com\/sk\/wp-json\/wp\/v2\/product"}],"about":[{"href":"https:\/\/rf-capacitor.com\/sk\/wp-json\/wp\/v2\/types\/product"}],"replies":[{"embeddable":true,"href":"https:\/\/rf-capacitor.com\/sk\/wp-json\/wp\/v2\/comments?post=1793"}],"wp:featuredmedia":[{"embeddable":true,"href":"https:\/\/rf-capacitor.com\/sk\/wp-json\/wp\/v2\/media\/1795"}],"wp:attachment":[{"href":"https:\/\/rf-capacitor.com\/sk\/wp-json\/wp\/v2\/media?parent=1793"}],"wp:term":[{"taxonomy":"product_brand","embeddable":true,"href":"https:\/\/rf-capacitor.com\/sk\/wp-json\/wp\/v2\/product_brand?post=1793"},{"taxonomy":"product_cat","embeddable":true,"href":"https:\/\/rf-capacitor.com\/sk\/wp-json\/wp\/v2\/product_cat?post=1793"},{"taxonomy":"product_tag","embeddable":true,"href":"https:\/\/rf-capacitor.com\/sk\/wp-json\/wp\/v2\/product_tag?post=1793"}],"curies":[{"name":"wp","href":"https:\/\/api.w.org\/{rel}","templated":true}]}}