{"id":1783,"date":"2024-12-31T02:56:12","date_gmt":"2024-12-31T02:56:12","guid":{"rendered":"https:\/\/rf-capacitor.com\/?post_type=product&#038;p=1783"},"modified":"2024-12-31T02:56:12","modified_gmt":"2024-12-31T02:56:12","slug":"low-esr-ac-filter-capacitor","status":"publish","type":"product","link":"https:\/\/rf-capacitor.com\/sk\/low-esr-ac-filter-capacitor\/","title":{"rendered":"Kondenz\u00e1tor AC filtra s n\u00edzkym ESR"},"content":{"rendered":"<h3 data-sourcepos=\"1:1-1:32\"><strong>N\u00edzke ESR AC filtra\u010dn\u00e9 kondenz\u00e1tory<\/strong><\/h3>\n<ul data-sourcepos=\"3:1-17:0\">\n<li data-sourcepos=\"3:1-3:208\">\n<p data-sourcepos=\"3:3-3:208\"><strong>ESR:<\/strong> <span class=\"citation-0 recitation citation-end-0\">Znamen\u00e1 \"ekvivalentn\u00fd s\u00e9riov\u00fd odpor\".<\/span> <span class=\"citation-1 recitation citation-end-1\">Predstavuje vn\u00fatorn\u00fd odpor kondenz\u00e1tora, ktor\u00fd m\u00f4\u017ee po\u010das prev\u00e1dzky sp\u00f4sobova\u0165 straty energie a tvorbu tepla.<\/span><span class=\"button-container hide-from-message-actions ng-star-inserted\">\u00a0<\/span><\/p>\n<div class=\"container ng-tns-c362440147-124 hide\">\n<div class=\"carousel-container ng-tns-c362440147-124\"><\/div>\n<\/div>\n<\/li>\n<li data-sourcepos=\"4:1-9:0\">\n<p data-sourcepos=\"4:3-4:105\"><strong>N\u00edzka hodnota ESR D\u00f4le\u017eitos\u0165:<\/strong> <span class=\"citation-2 recitation citation-end-2\">V aplik\u00e1ci\u00e1ch filtrov striedav\u00e9ho pr\u00fadu je n\u00edzke ESR k\u013e\u00fa\u010dov\u00e9 z nieko\u013ek\u00fdch d\u00f4vodov:<\/span><span class=\"button-container hide-from-message-actions ng-star-inserted\"> \u00a0<\/span><\/p>\n<div class=\"container ng-tns-c362440147-125 hide\">\n<div class=\"carousel-container ng-tns-c362440147-125\"><\/div>\n<\/div>\n<ul data-sourcepos=\"5:5-9:0\">\n<li data-sourcepos=\"5:5-5:147\"><strong><span class=\"citation-3 recitation\">Zn\u00ed\u017eenie str\u00e1t energie:<\/span><\/strong><span class=\"citation-3 recitation citation-end-3\"> Ni\u017e\u0161ie ESR minimalizuje tvorbu vn\u00fatorn\u00e9ho tepla, \u010do vedie k zn\u00ed\u017eeniu v\u00fdkonov\u00fdch str\u00e1t a zlep\u0161eniu \u00fa\u010dinnosti.<\/span><span class=\"button-container hide-from-message-actions ng-star-inserted\">\u00a0<\/span>\n<div class=\"container ng-tns-c362440147-126 hide\">\n<div class=\"carousel-container ng-tns-c362440147-126\"><\/div>\n<\/div>\n<\/li>\n<li data-sourcepos=\"6:5-6:186\"><strong>Vylep\u0161en\u00fd v\u00fdkon filtrovania:<\/strong> N\u00edzke ESR umo\u017e\u0148uje kondenz\u00e1toru efekt\u00edvnej\u0161ie reagova\u0165 na r\u00fdchle zmeny pr\u00fadu, \u010d\u00edm sa zlep\u0161uje jeho schopnos\u0165 odfiltrova\u0165 vysokofrekven\u010dn\u00e9 harmonick\u00e9.<\/li>\n<li data-sourcepos=\"7:5-7:173\"><strong>Zv\u00fd\u0161en\u00e1 stabilita:<\/strong> Zni\u017euje riziko rezonancie v energetickom syst\u00e9me, ktor\u00e1 m\u00f4\u017ee nasta\u0165 pri interakcii vysokofrekven\u010dn\u00fdch komponentov s induk\u010dnos\u0165ou syst\u00e9mu.<\/li>\n<li data-sourcepos=\"8:5-9:0\"><strong>Zv\u00fd\u0161en\u00e1 spo\u013eahlivos\u0165:<\/strong> <span class=\"citation-4 recitation citation-end-4\">Ni\u017e\u0161ia tvorba vn\u00fatorn\u00e9ho tepla zni\u017euje za\u0165a\u017eenie kondenz\u00e1tora, \u010d\u00edm sa predl\u017euje jeho \u017eivotnos\u0165.<\/span><span class=\"button-container hide-from-message-actions ng-star-inserted\"> \u00a0<\/span>\n<div class=\"container ng-tns-c362440147-127 hide\">\n<div class=\"carousel-container ng-tns-c362440147-127\"><\/div>\n<\/div>\n<\/li>\n<\/ul>\n<\/li>\n<li data-sourcepos=\"10:1-13:0\">\n<h3 data-sourcepos=\"10:3-10:19\"><strong>Be\u017en\u00e9 typy Kondenz\u00e1tor striedav\u00e9ho pr\u00fadu s n\u00edzkym ESR:<\/strong><\/h3>\n<ul data-sourcepos=\"11:5-13:0\">\n<li data-sourcepos=\"11:5-11:130\"><strong><span class=\"citation-5 recitation\">Metalizovan\u00e9 polypropyl\u00e9nov\u00e9 filmov\u00e9 kondenz\u00e1tory:<\/span><\/strong><span class=\"citation-5 recitation citation-end-5\"> \u010casto sa uprednost\u0148uj\u00fa pre n\u00edzky ESR a vysokofrekven\u010dn\u00fd v\u00fdkon.<\/span><span class=\"button-container hide-from-message-actions ng-star-inserted\"> \u00a0<\/span>\n<div class=\"container ng-tns-c362440147-128 hide\">\n<div class=\"carousel-container ng-tns-c362440147-128\"><\/div>\n<\/div>\n<\/li>\n<li data-sourcepos=\"12:5-13:0\"><strong>Metalizovan\u00e9 papierov\u00e9 kondenz\u00e1tory:<\/strong> M\u00f4\u017ee tie\u017e pon\u00faknu\u0165 n\u00edzky ESR, najm\u00e4 v aplik\u00e1ci\u00e1ch s vy\u0161\u0161\u00edm v\u00fdkonom.<\/li>\n<\/ul>\n<\/li>\n<li data-sourcepos=\"14:1-17:0\">\n<h3 data-sourcepos=\"14:3-14:19\"><strong>Aplik\u00e1cie:<\/strong><\/h3>\n<ul data-sourcepos=\"15:5-17:0\">\n<li data-sourcepos=\"15:5-15:202\"><strong>Aplik\u00e1cie s vysok\u00fdm v\u00fdkonom:<\/strong> Pou\u017e\u00edva sa v priemyseln\u00fdch zariadeniach s vysok\u00fdm v\u00fdkonom, v syst\u00e9moch obnovite\u013en\u00fdch zdrojov energie a v syst\u00e9moch prenosu a distrib\u00facie energie, kde s\u00fa pr\u00edtomn\u00e9 vysok\u00e9 pr\u00fady a r\u00fdchle prechodn\u00e9 javy.<\/li>\n<li data-sourcepos=\"16:5-17:0\"><strong>Vysokofrekven\u010dn\u00e9 aplik\u00e1cie:<\/strong> Pou\u017e\u00edvaj\u00fa sa v aplik\u00e1ci\u00e1ch, ktor\u00e9 zah\u0155\u0148aj\u00fa vysokofrekven\u010dn\u00e9 sp\u00ednanie, ako s\u00fa napr\u00edklad motorov\u00e9 pohony, meni\u010de a v\u00fdkonov\u00e9 elektronick\u00e9 meni\u010de.<\/li>\n<\/ul>\n<\/li>\n<\/ul>\n<p data-sourcepos=\"18:1-18:358\"><strong>Zhrnutie:<\/strong> Filtra\u010dn\u00e9 kondenz\u00e1tory na striedav\u00fd pr\u00fad s n\u00edzkym ESR s\u00fa nevyhnutn\u00e9 na zabezpe\u010denie optim\u00e1lneho v\u00fdkonu a spo\u013eahlivosti v n\u00e1ro\u010dn\u00fdch aplik\u00e1ci\u00e1ch, kde s\u00fa pr\u00edtomn\u00e9 vysok\u00e9 pr\u00fady, r\u00fdchle prechodn\u00e9 javy a vysokofrekven\u010dn\u00e9 komponenty. Minimaliz\u00e1ciou vn\u00fatorn\u00e9ho odporu tieto kondenz\u00e1tory prispievaj\u00fa k zlep\u0161eniu kvality nap\u00e1jania, zn\u00ed\u017eeniu energetick\u00fdch str\u00e1t a zv\u00fd\u0161eniu stability syst\u00e9mu.<\/p>","protected":false},"excerpt":{"rendered":"<table style=\"height: 601px;\" width=\"720\">\n<tbody>\n<tr>\n<td width=\"146\"><strong><b>Produkt<\/b><\/strong>\u00a0<strong><b>N\u00e1zov:<\/b><\/strong><\/td>\n<td width=\"601\"><strong>Kondenz\u00e1tor AC filtra s n\u00edzkym ESR<\/strong><\/td>\n<\/tr>\n<tr>\n<td width=\"146\">\n<h4><strong>Dielektrick\u00fd materi\u00e1l:<\/strong><\/h4>\n<\/td>\n<td width=\"601\">1. Ve\u013ek\u00e9 puzdro z nehrdzavej\u00facej ocele<\/p>\n<p>2. vysok\u00e1 \u0161pecifick\u00e1 energia<\/p>\n<p>3. vlnov\u00fd rez metalizovanej PP f\u00f3lie\/PU, ktor\u00fd zabezpe\u010duje n\u00edzku vlastn\u00fa induk\u010dnos\u0165, vysok\u00fa odolnos\u0165 proti pretrhnutiu a vysok\u00fa spo\u013eahlivos\u0165.<\/td>\n<\/tr>\n<tr>\n<td width=\"146\"><strong>Rozsah kapacity:<\/strong><\/td>\n<td width=\"601\">3*200\u03bcF \u00b15%<\/td>\n<\/tr>\n<tr>\n<td width=\"146\"><strong>Menovit\u00e9 nap\u00e4tie\uff1a<\/strong><\/td>\n<td width=\"601\">\u00a0450V.AC SH<\/td>\n<\/tr>\n<tr>\n<td width=\"146\"><strong>Cap.tol\uff1a<\/strong><\/td>\n<td width=\"601\">5%~+5%<\/td>\n<\/tr>\n<tr>\n<td width=\"146\"><strong>Maxim\u00e1lna teplota okolia:<\/strong><\/td>\n<td width=\"601\">\u00a0-40\u2103-85\u2103<\/td>\n<\/tr>\n<\/tbody>\n<\/table>","protected":false},"featured_media":1787,"comment_status":"open","ping_status":"closed","template":"","meta":[],"product_brand":[],"product_cat":[39],"product_tag":[],"class_list":{"0":"post-1783","1":"product","2":"type-product","3":"status-publish","4":"has-post-thumbnail","6":"product_cat-ac-filter-capacitor-1","8":"first","9":"instock","10":"shipping-taxable","11":"product-type-simple"},"_links":{"self":[{"href":"https:\/\/rf-capacitor.com\/sk\/wp-json\/wp\/v2\/product\/1783","targetHints":{"allow":["GET"]}}],"collection":[{"href":"https:\/\/rf-capacitor.com\/sk\/wp-json\/wp\/v2\/product"}],"about":[{"href":"https:\/\/rf-capacitor.com\/sk\/wp-json\/wp\/v2\/types\/product"}],"replies":[{"embeddable":true,"href":"https:\/\/rf-capacitor.com\/sk\/wp-json\/wp\/v2\/comments?post=1783"}],"wp:featuredmedia":[{"embeddable":true,"href":"https:\/\/rf-capacitor.com\/sk\/wp-json\/wp\/v2\/media\/1787"}],"wp:attachment":[{"href":"https:\/\/rf-capacitor.com\/sk\/wp-json\/wp\/v2\/media?parent=1783"}],"wp:term":[{"taxonomy":"product_brand","embeddable":true,"href":"https:\/\/rf-capacitor.com\/sk\/wp-json\/wp\/v2\/product_brand?post=1783"},{"taxonomy":"product_cat","embeddable":true,"href":"https:\/\/rf-capacitor.com\/sk\/wp-json\/wp\/v2\/product_cat?post=1783"},{"taxonomy":"product_tag","embeddable":true,"href":"https:\/\/rf-capacitor.com\/sk\/wp-json\/wp\/v2\/product_tag?post=1783"}],"curies":[{"name":"wp","href":"https:\/\/api.w.org\/{rel}","templated":true}]}}