{"id":1773,"date":"2024-12-31T02:47:20","date_gmt":"2024-12-31T02:47:20","guid":{"rendered":"https:\/\/rf-capacitor.com\/?post_type=product&#038;p=1773"},"modified":"2024-12-31T03:19:56","modified_gmt":"2024-12-31T03:19:56","slug":"dual-run-ac-capacitor","status":"publish","type":"product","link":"https:\/\/rf-capacitor.com\/sk\/dual-run-ac-capacitor\/","title":{"rendered":"Dvojit\u00fd kondenz\u00e1tor striedav\u00e9ho pr\u00fadu"},"content":{"rendered":"<h2 data-sourcepos=\"1:1-1:147\"><span class=\"citation-0 recitation citation-end-0\"> Dvojit\u00fd kondenz\u00e1tor striedav\u00e9ho pr\u00fadu<\/span><\/h2>\n<p data-sourcepos=\"1:1-1:147\"><span class=\"citation-0 recitation citation-end-0\">Dvojit\u00fd kondenz\u00e1tor striedav\u00e9ho pr\u00fadu je typ kondenz\u00e1tora, ktor\u00fd v sebe sp\u00e1ja funkcie \u0161tartovacieho a rozbehov\u00e9ho kondenz\u00e1tora v jednej jednotke.<\/span><span class=\"button-container hide-from-message-actions ng-star-inserted\">\u00a0 \u00a0<\/span><\/p>\n<ul data-sourcepos=\"3:1-5:0\">\n<li data-sourcepos=\"3:1-3:128\"><strong><span class=\"citation-1 recitation\">\u0160tartovac\u00ed kondenz\u00e1tor:<\/span><\/strong><span class=\"citation-1 recitation citation-end-1\"> Poskytuje do\u010dasn\u00e9 zv\u00fd\u0161enie elektrickej energie na pomoc pri \u0161tarte kompresora a motorov ventil\u00e1torov.<\/span><span class=\"button-container hide-from-message-actions ng-star-inserted\"> \u00a0<\/span>\n<div class=\"container ng-tns-c362440147-111 hide\">\n<div class=\"carousel-container ng-tns-c362440147-111\"><\/div>\n<\/div>\n<\/li>\n<li data-sourcepos=\"4:1-5:0\"><strong>Kondenz\u00e1tor chodu:<\/strong> <span class=\"citation-2 recitation citation-end-2\">Zlep\u0161uje \u00fa\u010dinnos\u0165 a v\u00fdkon motorov po\u010das nepretr\u017eitej prev\u00e1dzky.<\/span><span class=\"button-container hide-from-message-actions ng-star-inserted\">\u00a0 \u00a0<\/span>\n<div class=\"container ng-tns-c362440147-112 hide\">\n<div class=\"carousel-container ng-tns-c362440147-112\"><\/div>\n<\/div>\n<\/li>\n<\/ul>\n<h3 data-sourcepos=\"6:1-6:17\"><strong>K\u013e\u00fa\u010dov\u00e9 vlastnosti:<\/strong><\/h3>\n<ul data-sourcepos=\"8:1-11:0\">\n<li data-sourcepos=\"8:1-8:128\"><strong>Pohodlie:<\/strong> <span class=\"citation-3 recitation citation-end-3\">Zjednodu\u0161uje in\u0161tal\u00e1ciu a \u00fadr\u017ebu nahraden\u00edm dvoch samostatn\u00fdch kondenz\u00e1torov jednou jednotkou.<\/span><\/li>\n<li data-sourcepos=\"8:1-8:128\"><strong style=\"font-size: 14.4px;\">\u00daspora miesta:<\/strong> <span class=\"citation-4 recitation citation-end-4\" style=\"font-size: 14.4px;\">Zni\u017euje priestor potrebn\u00fd pre kondenz\u00e1tory v syst\u00e9me HVAC.<\/span><span class=\"button-container hide-from-message-actions ng-star-inserted\" style=\"font-size: 14.4px;\">\u00a0\u00a0<\/span>\n<div class=\"container ng-tns-c362440147-114 hide\">\n<div class=\"carousel-container ng-tns-c362440147-114\"><\/div>\n<\/div>\n<\/li>\n<li data-sourcepos=\"10:1-11:0\"><strong><span class=\"citation-5 recitation\">Zv\u00fd\u0161en\u00e1 \u00fa\u010dinnos\u0165:<\/span><\/strong><span class=\"citation-5 recitation citation-end-5\"> M\u00f4\u017ee prispie\u0165 k zlep\u0161eniu celkovej \u00fa\u010dinnosti syst\u00e9mu.<\/span><span class=\"button-container hide-from-message-actions ng-star-inserted\"> \u00a0<\/span>\n<div class=\"container ng-tns-c362440147-115 hide\">\n<div class=\"carousel-container ng-tns-c362440147-115\"><\/div>\n<\/div>\n<\/li>\n<\/ul>\n<h3 data-sourcepos=\"12:1-12:17\"><strong>Aplik\u00e1cie:<\/strong><\/h3>\n<ul data-sourcepos=\"14:1-15:0\">\n<li data-sourcepos=\"14:1-15:0\"><span class=\"citation-6 recitation citation-end-6\">Pou\u017e\u00edvaj\u00fa sa predov\u0161etk\u00fdm v klimatiza\u010dn\u00fdch syst\u00e9moch na zabezpe\u010denie hladkej a \u00fa\u010dinnej prev\u00e1dzky kompresora a motorov ventil\u00e1torov.<\/span><span class=\"button-container hide-from-message-actions ng-star-inserted\">\u00a0 \u00a0<\/span>\n<div class=\"container ng-tns-c362440147-116 hide\">\n<div class=\"carousel-container ng-tns-c362440147-116\"><\/div>\n<\/div>\n<\/li>\n<\/ul>\n<p data-sourcepos=\"20:1-20:167\"><strong><span class=\"citation-7 recitation\">Pozn\u00e1mka:<\/span><\/strong><span class=\"citation-7 recitation citation-end-7\"> Kondenz\u00e1tory s dvojit\u00fdm chodom s\u00fa \u0161pecializovan\u00e9 komponenty a mali by sa vybera\u0165 a in\u0161talova\u0165 pod\u013ea \u0161pecifick\u00fdch po\u017eiadaviek syst\u00e9mu HVAC.<\/span><span class=\"button-container hide-from-message-actions ng-star-inserted\"> \u00a0 <\/span><\/p>","protected":false},"excerpt":{"rendered":"<table style=\"height: 619px;\" width=\"693\">\n<tbody>\n<tr>\n<td width=\"146\"><strong><b>Produkt<\/b><\/strong>\u00a0<strong><b>N\u00e1zov:<\/b><\/strong><\/td>\n<td width=\"601\"><strong>Dvojit\u00fd kondenz\u00e1tor striedav\u00e9ho pr\u00fadu<\/strong><\/td>\n<\/tr>\n<tr>\n<td width=\"146\">\n<h4><strong>Kr\u00e1tky popis:<\/strong><\/h4>\n<\/td>\n<td width=\"601\">1. Inovat\u00edvny dizajn<\/p>\n<p>2. Robustn\u00fd pr\u00edpad<\/p>\n<p>3. Vysokokvalitn\u00fd striedav\u00fd kondenz\u00e1tor s dobrou cenou<\/td>\n<\/tr>\n<tr>\n<td width=\"146\"><strong>Rozsah kapacity:<\/strong><\/td>\n<td width=\"601\">\u00a03*10\u03bcF \u00b15%<\/td>\n<\/tr>\n<tr>\n<td width=\"146\"><strong>Menovit\u00e9 nap\u00e4tie\uff1a<\/strong><\/td>\n<td width=\"601\">750 V.AC<\/td>\n<\/tr>\n<tr>\n<td width=\"146\"><strong>Cap.tol\uff1a<\/strong><\/td>\n<td width=\"601\">-40\u2103_85\u2103<\/td>\n<\/tr>\n<tr>\n<td width=\"146\"><\/td>\n<td width=\"601\"><\/td>\n<\/tr>\n<\/tbody>\n<\/table>","protected":false},"featured_media":1775,"comment_status":"open","ping_status":"closed","template":"","meta":[],"product_brand":[],"product_cat":[39],"product_tag":[],"class_list":{"0":"post-1773","1":"product","2":"type-product","3":"status-publish","4":"has-post-thumbnail","6":"product_cat-ac-filter-capacitor-1","8":"first","9":"instock","10":"shipping-taxable","11":"product-type-simple"},"_links":{"self":[{"href":"https:\/\/rf-capacitor.com\/sk\/wp-json\/wp\/v2\/product\/1773","targetHints":{"allow":["GET"]}}],"collection":[{"href":"https:\/\/rf-capacitor.com\/sk\/wp-json\/wp\/v2\/product"}],"about":[{"href":"https:\/\/rf-capacitor.com\/sk\/wp-json\/wp\/v2\/types\/product"}],"replies":[{"embeddable":true,"href":"https:\/\/rf-capacitor.com\/sk\/wp-json\/wp\/v2\/comments?post=1773"}],"wp:featuredmedia":[{"embeddable":true,"href":"https:\/\/rf-capacitor.com\/sk\/wp-json\/wp\/v2\/media\/1775"}],"wp:attachment":[{"href":"https:\/\/rf-capacitor.com\/sk\/wp-json\/wp\/v2\/media?parent=1773"}],"wp:term":[{"taxonomy":"product_brand","embeddable":true,"href":"https:\/\/rf-capacitor.com\/sk\/wp-json\/wp\/v2\/product_brand?post=1773"},{"taxonomy":"product_cat","embeddable":true,"href":"https:\/\/rf-capacitor.com\/sk\/wp-json\/wp\/v2\/product_cat?post=1773"},{"taxonomy":"product_tag","embeddable":true,"href":"https:\/\/rf-capacitor.com\/sk\/wp-json\/wp\/v2\/product_tag?post=1773"}],"curies":[{"name":"wp","href":"https:\/\/api.w.org\/{rel}","templated":true}]}}