{"id":1767,"date":"2024-12-31T02:35:15","date_gmt":"2024-12-31T02:35:15","guid":{"rendered":"https:\/\/rf-capacitor.com\/?post_type=product&#038;p=1767"},"modified":"2024-12-31T02:35:15","modified_gmt":"2024-12-31T02:35:15","slug":"metallized-polypropylene-film-capacitor","status":"publish","type":"product","link":"https:\/\/rf-capacitor.com\/sk\/metallized-polypropylene-film-capacitor\/","title":{"rendered":"Metalizovan\u00fd polypropyl\u00e9nov\u00fd filmov\u00fd kondenz\u00e1tor"},"content":{"rendered":"<h3 data-sourcepos=\"1:1-1:50\"><strong>Metalizovan\u00e9 polypropyl\u00e9nov\u00e9 filmov\u00e9 kondenz\u00e1tory (MKP)<\/strong><\/h3>\n<ul data-sourcepos=\"3:1-27:0\">\n<li data-sourcepos=\"3:1-7:0\">\n<p data-sourcepos=\"3:3-3:19\"><strong>Kon\u0161trukcia:<\/strong><\/p>\n<ul data-sourcepos=\"4:5-7:0\">\n<li data-sourcepos=\"4:5-4:104\"><strong>Dielektrikum:<\/strong> <span class=\"citation-0 recitation citation-end-0\">Ako izola\u010dn\u00fd materi\u00e1l pou\u017eite tenk\u00e9 vrstvy polypropyl\u00e9novej f\u00f3lie.<\/span><span class=\"button-container hide-from-message-actions ng-star-inserted\">\u00a0 \u00a0<\/span>\n<div class=\"container ng-tns-c362440147-96 hide\">\n<div class=\"carousel-container ng-tns-c362440147-96\"><\/div>\n<\/div>\n<\/li>\n<li data-sourcepos=\"5:5-5:136\"><strong>Metaliz\u00e1cia:<\/strong> Na film sa v\u00e1kuovo nanesie tenk\u00e1 vrstva kovu (zvy\u010dajne hlin\u00edka), ktor\u00e1 tvor\u00ed vodiv\u00e9 elektr\u00f3dy.<\/li>\n<li data-sourcepos=\"6:5-7:0\"><strong>Samolie\u010denie:<\/strong> <span class=\"citation-1 recitation citation-end-1\">Ak d\u00f4jde k lokalizovan\u00e9mu skratu v d\u00f4sledku v\u00fdrobnej chyby alebo prep\u00e4tia, metaliz\u00e1cia okolo poruchy sa odpar\u00ed, \u010d\u00edm sa oblas\u0165 izoluje a zabr\u00e1ni \u010fal\u0161iemu po\u0161kodeniu.<\/span> <span class=\"citation-2 recitation citation-end-2\">Tento samoregenera\u010dn\u00fd mechanizmus zvy\u0161uje spo\u013eahlivos\u0165.<\/span><span class=\"button-container hide-from-message-actions ng-star-inserted\"> \u00a0<\/span>\n<div class=\"container ng-tns-c362440147-97 hide\">\n<div class=\"carousel-container ng-tns-c362440147-97\"><\/div>\n<\/div>\n<\/li>\n<\/ul>\n<\/li>\n<li data-sourcepos=\"8:1-14:0\">\n<h3 data-sourcepos=\"8:3-8:26\"><strong>K\u013e\u00fa\u010dov\u00e9 vlastnosti Metalizovan\u00fd polypropyl\u00e9nov\u00fd filmov\u00fd kondenz\u00e1tor:<\/strong><\/h3>\n<ul data-sourcepos=\"9:5-14:0\">\n<li data-sourcepos=\"9:5-9:122\"><strong><span class=\"citation-3 recitation\">N\u00edzka strata:<\/span><\/strong><span class=\"citation-3 recitation citation-end-3\"> Vykazuj\u00fa ve\u013emi n\u00edzke dielektrick\u00e9 straty, v\u010faka \u010domu s\u00fa vhodn\u00e9 na vysokofrekven\u010dn\u00e9 aplik\u00e1cie.<\/span><span class=\"button-container hide-from-message-actions ng-star-inserted\"> \u00a0<\/span>\n<div class=\"container ng-tns-c362440147-98 hide\">\n<div class=\"carousel-container ng-tns-c362440147-98\"><\/div>\n<\/div>\n<\/li>\n<li data-sourcepos=\"10:5-10:72\"><strong>Vysok\u00e1 stabilita:<\/strong> Vynikaj\u00faca teplotn\u00e1 a \u010dasov\u00e1 stabilita.<\/li>\n<li data-sourcepos=\"11:5-11:83\"><strong>Samolie\u010denie:<\/strong> <span class=\"citation-4 recitation citation-end-4\">Zvy\u0161uje spo\u013eahlivos\u0165 a predl\u017euje \u017eivotnos\u0165.<\/span><span class=\"button-container hide-from-message-actions ng-star-inserted\"> \u00a0<\/span>\n<div class=\"container ng-tns-c362440147-99 hide\">\n<div class=\"carousel-container ng-tns-c362440147-99\"><\/div>\n<\/div>\n<\/li>\n<li data-sourcepos=\"12:5-12:72\"><strong>Hodnota vysok\u00e9ho nap\u00e4tia:<\/strong> <span class=\"citation-5 recitation citation-end-5\">Vydr\u017e\u00ed vysok\u00e9 nap\u00e4tie.<\/span><span class=\"button-container hide-from-message-actions ng-star-inserted\"> \u00a0<\/span>\n<div class=\"container ng-tns-c362440147-100 hide\">\n<div class=\"carousel-container ng-tns-c362440147-100\"><\/div>\n<\/div>\n<\/li>\n<li data-sourcepos=\"13:5-14:0\"><strong>Kompaktn\u00e1 ve\u013ekos\u0165:<\/strong> Dosahuj\u00fa vysok\u00e9 hodnoty kapacity v relat\u00edvne mal\u00fdch baleniach.<\/li>\n<\/ul>\n<\/li>\n<li data-sourcepos=\"15:1-21:0\">\n<h3 data-sourcepos=\"15:3-15:19\"><strong>Aplik\u00e1cie:<\/strong><\/h3>\n<ul data-sourcepos=\"16:5-21:0\">\n<li data-sourcepos=\"16:5-16:110\"><strong>Filtre striedav\u00e9ho pr\u00fadu:<\/strong> <span class=\"citation-6 recitation citation-end-6\">Pou\u017e\u00edva sa v syst\u00e9moch striedav\u00e9ho pr\u00fadu na filtrovanie harmonick\u00fdch a zlep\u0161enie kvality energie.<\/span><span class=\"button-container hide-from-message-actions ng-star-inserted\"> \u00a0<\/span>\n<div class=\"container ng-tns-c362440147-101 hide\">\n<div class=\"carousel-container ng-tns-c362440147-101\"><\/div>\n<\/div>\n<\/li>\n<li data-sourcepos=\"17:5-17:98\"><strong>Motorov\u00e9 pohony:<\/strong> Pou\u017e\u00edvaj\u00fa sa v pohone s premenlivou r\u00fdchlos\u0165ou na zlep\u0161enie v\u00fdkonu a zn\u00ed\u017eenie hlu\u010dnosti.<\/li>\n<li data-sourcepos=\"18:5-18:142\"><strong>Sp\u00ednan\u00e9 nap\u00e1jacie zdroje:<\/strong> \u0160iroko sa pou\u017e\u00edva v r\u00f4znych elektronick\u00fdch obvodoch vr\u00e1tane sp\u00ednan\u00fdch nap\u00e1jac\u00edch zdrojov, meni\u010dov a konvertorov.<\/li>\n<li data-sourcepos=\"19:5-19:149\"><strong>Vysokofrekven\u010dn\u00e9 aplik\u00e1cie:<\/strong> Vhodn\u00e9 pre aplik\u00e1cie pracuj\u00face pri vysok\u00fdch frekvenci\u00e1ch, ako s\u00fa napr\u00edklad RF obvody a telekomunika\u010dn\u00e9 zariadenia.<\/li>\n<li data-sourcepos=\"20:5-21:0\"><strong>Zvukov\u00e9 vybavenie:<\/strong> <span class=\"citation-7 recitation citation-end-7\">Pou\u017e\u00edva sa v audio aplik\u00e1ci\u00e1ch na zlep\u0161enie kvality sign\u00e1lu a zn\u00ed\u017eenie skreslenia.<\/span><span class=\"button-container hide-from-message-actions ng-star-inserted\">\u00a0<\/span>\n<div class=\"container ng-tns-c362440147-102 hide\">\n<div class=\"carousel-container ng-tns-c362440147-102\"><\/div>\n<\/div>\n<\/li>\n<\/ul>\n<\/li>\n<li data-sourcepos=\"22:1-27:0\">\n<h3 data-sourcepos=\"22:3-22:15\"><strong>V\u00fdhody:<\/strong><\/h3>\n<ul data-sourcepos=\"23:5-27:0\">\n<li data-sourcepos=\"23:5-23:108\"><strong><span class=\"citation-8 recitation\">Vylep\u0161en\u00fd v\u00fdkon:<\/span><\/strong><span class=\"citation-8 recitation citation-end-8\"> Zlep\u0161ite v\u00fdkon a \u00fa\u010dinnos\u0165 elektronick\u00fdch zariaden\u00ed.<\/span>\n<div class=\"container ng-tns-c362440147-103 hide\">\n<div class=\"carousel-container ng-tns-c362440147-103\"><\/div>\n<\/div>\n<\/li>\n<li data-sourcepos=\"24:5-24:80\"><strong>Zn\u00ed\u017eenie energetick\u00fdch str\u00e1t:<\/strong> Minimaliz\u00e1cia energetick\u00fdch str\u00e1t v r\u00f4znych aplik\u00e1ci\u00e1ch.<\/li>\n<li data-sourcepos=\"25:5-25:87\"><strong>Zv\u00fd\u0161en\u00e1 spo\u013eahlivos\u0165:<\/strong> Samoregenera\u010dn\u00fd mechanizmus zvy\u0161uje dlhodob\u00fa spo\u013eahlivos\u0165.<\/li>\n<li data-sourcepos=\"26:5-27:0\"><strong>Kompaktn\u00fd a \u013eahk\u00fd:<\/strong> Vhodn\u00e9 pre aplik\u00e1cie s obmedzen\u00fdm priestorom.<\/li>\n<\/ul>\n<\/li>\n<\/ul>\n<p data-sourcepos=\"28:1-28:293\"><strong>Zhrnutie:<\/strong> Metalizovan\u00e9 polypropyl\u00e9nov\u00e9 filmov\u00e9 kondenz\u00e1tory s\u00fa univerz\u00e1lnym a spo\u013eahliv\u00fdm komponentom so \u0161irokou \u0161k\u00e1lou aplik\u00e1ci\u00ed v r\u00f4znych elektronick\u00fdch a v\u00fdkonov\u00fdch syst\u00e9moch. Ich n\u00edzke straty, vysok\u00e1 stabilita a samoregenera\u010dn\u00e9 schopnosti z nich robia preferovan\u00fa vo\u013ebu pre mnoh\u00e9 kritick\u00e9 aplik\u00e1cie.<\/p>\n<p data-sourcepos=\"30:1-30:82\">","protected":false},"excerpt":{"rendered":"<table style=\"height: 493px;\" width=\"698\">\n<tbody>\n<tr>\n<td width=\"146\"><strong><b>Produkt<\/b><\/strong>\u00a0<strong><b>N\u00e1zov:<\/b><\/strong><\/td>\n<td width=\"601\"><strong>Metalizovan\u00fd polypropyl\u00e9nov\u00fd filmov\u00fd kondenz\u00e1tor<\/strong><\/td>\n<\/tr>\n<tr>\n<td width=\"146\">\n<h4><strong>Dielektrick\u00fd materi\u00e1l:<\/strong><\/h4>\n<\/td>\n<td width=\"601\">Metalizovan\u00e1 polypropyl\u00e9nov\u00e1 f\u00f3lia<\/td>\n<\/tr>\n<tr>\n<td width=\"146\"><strong>Rozsah kapacity:<\/strong><\/td>\n<td width=\"601\">50 Hz a\/alebo 60 Hz<\/td>\n<\/tr>\n<tr>\n<td width=\"146\"><strong>Menovit\u00e9 nap\u00e4tie\uff1a<\/strong><\/td>\n<td width=\"601\">\u00a0660 VAC<\/td>\n<\/tr>\n<tr>\n<td width=\"146\"><strong>Cap.tol\uff1a<\/strong><\/td>\n<td width=\"601\">5%~+5%<\/td>\n<\/tr>\n<tr>\n<td width=\"146\"><strong>Maxim\u00e1lna teplota okolia:<\/strong><\/td>\n<td width=\"601\">\u00a0-40 \u2103 a\u017e +70 \u2103<\/td>\n<\/tr>\n<\/tbody>\n<\/table>","protected":false},"featured_media":1770,"comment_status":"open","ping_status":"closed","template":"","meta":[],"product_brand":[],"product_cat":[39],"product_tag":[],"class_list":{"0":"post-1767","1":"product","2":"type-product","3":"status-publish","4":"has-post-thumbnail","6":"product_cat-ac-filter-capacitor-1","8":"first","9":"instock","10":"shipping-taxable","11":"product-type-simple"},"_links":{"self":[{"href":"https:\/\/rf-capacitor.com\/sk\/wp-json\/wp\/v2\/product\/1767","targetHints":{"allow":["GET"]}}],"collection":[{"href":"https:\/\/rf-capacitor.com\/sk\/wp-json\/wp\/v2\/product"}],"about":[{"href":"https:\/\/rf-capacitor.com\/sk\/wp-json\/wp\/v2\/types\/product"}],"replies":[{"embeddable":true,"href":"https:\/\/rf-capacitor.com\/sk\/wp-json\/wp\/v2\/comments?post=1767"}],"wp:featuredmedia":[{"embeddable":true,"href":"https:\/\/rf-capacitor.com\/sk\/wp-json\/wp\/v2\/media\/1770"}],"wp:attachment":[{"href":"https:\/\/rf-capacitor.com\/sk\/wp-json\/wp\/v2\/media?parent=1767"}],"wp:term":[{"taxonomy":"product_brand","embeddable":true,"href":"https:\/\/rf-capacitor.com\/sk\/wp-json\/wp\/v2\/product_brand?post=1767"},{"taxonomy":"product_cat","embeddable":true,"href":"https:\/\/rf-capacitor.com\/sk\/wp-json\/wp\/v2\/product_cat?post=1767"},{"taxonomy":"product_tag","embeddable":true,"href":"https:\/\/rf-capacitor.com\/sk\/wp-json\/wp\/v2\/product_tag?post=1767"}],"curies":[{"name":"wp","href":"https:\/\/api.w.org\/{rel}","templated":true}]}}