{"id":1666,"date":"2024-12-27T03:40:14","date_gmt":"2024-12-27T03:40:14","guid":{"rendered":"https:\/\/rf-capacitor.com\/?post_type=product&#038;p=1666"},"modified":"2024-12-31T03:26:01","modified_gmt":"2024-12-31T03:26:01","slug":"polyester-film-capacitor","status":"publish","type":"product","link":"https:\/\/rf-capacitor.com\/sk\/polyester-film-capacitor\/","title":{"rendered":"Polyesterov\u00fd filmov\u00fd kondenz\u00e1tor"},"content":{"rendered":"<h3 data-sourcepos=\"1:1-1:29\"><strong>Polyesterov\u00e9 filmov\u00e9 kondenz\u00e1tory<\/strong><\/h3>\n<p data-sourcepos=\"3:1-3:312\"><span class=\"citation-0 recitation citation-end-0\">Polyesterov\u00e9 filmov\u00e9 kondenz\u00e1tory s\u00fa be\u017en\u00fdm typom filmov\u00e9ho kondenz\u00e1tora, ktor\u00fd vyu\u017e\u00edva polyesterov\u00fd film ako dielektrick\u00fd materi\u00e1l medzi vodiv\u00fdmi doskami.<\/span> <span class=\"citation-1 recitation citation-end-1\">S\u00fa zn\u00e1me svojou dobrou stabilitou, spo\u013eahlivos\u0165ou a cenovou v\u00fdhodnos\u0165ou, v\u010faka \u010domu sa \u0161iroko pou\u017e\u00edvaj\u00fa v r\u00f4znych elektronick\u00fdch aplik\u00e1ci\u00e1ch.<\/span><span class=\"button-container hide-from-message-actions ng-star-inserted\">\u00a0<\/span><\/p>\n<h3 data-sourcepos=\"5:1-5:24\"><strong>K\u013e\u00fa\u010dov\u00e9 vlastnosti:<\/strong><\/h3>\n<ul data-sourcepos=\"7:1-13:0\">\n<li data-sourcepos=\"7:1-7:90\"><strong><span class=\"citation-2 recitation\">Dielektrick\u00fd materi\u00e1l:<\/span><\/strong><span class=\"citation-2 recitation citation-end-2\"> Polyesterov\u00e1 f\u00f3lia (polyetyl\u00e9ntereftal\u00e1t alebo PET)<\/span><span class=\"button-container hide-from-message-actions ng-star-inserted\"> \u00a0<\/span>\n<div class=\"container ng-tns-c362440147-92 hide\">\n<div class=\"carousel-container ng-tns-c362440147-92\"><\/div>\n<\/div>\n<\/li>\n<li data-sourcepos=\"8:1-8:104\"><strong>Dobr\u00e1 stabilita:<\/strong> <span class=\"citation-3 recitation citation-end-3\">Vykazuj\u00fa vynikaj\u00facu stabilitu kapacity v priebehu teploty a \u010dasu.<\/span><span class=\"button-container hide-from-message-actions ng-star-inserted\"> \u00a0<\/span>\n<div class=\"container ng-tns-c362440147-93 hide\">\n<div class=\"carousel-container ng-tns-c362440147-93\"><\/div>\n<\/div>\n<\/li>\n<li data-sourcepos=\"9:1-9:189\"><strong><span class=\"citation-4 recitation\">Vlastnosti samolie\u010dby:<\/span><\/strong><span class=\"citation-4 recitation citation-end-4\"> Maj\u00fa prirodzen\u00e9 samoregenera\u010dn\u00e9 vlastnosti, pri ktor\u00fdch sa lokalizovan\u00e9 poruchy dielektrika automaticky opravuj\u00fa, \u010d\u00edm sa predl\u017euje \u017eivotnos\u0165 kondenz\u00e1tora.<\/span>\n<div class=\"container ng-tns-c362440147-94 hide\">\n<div class=\"carousel-container ng-tns-c362440147-94\"><\/div>\n<\/div>\n<\/li>\n<li data-sourcepos=\"10:1-10:140\"><strong><span class=\"citation-5 recitation\">\u0160irok\u00fd rozsah kapacitn\u00fdch hodn\u00f4t:<\/span><\/strong><span class=\"citation-5 recitation citation-end-5\"> K dispoz\u00edcii je \u0161irok\u00e1 \u0161k\u00e1la hodn\u00f4t kapacity, ktor\u00e1 vyhovuje r\u00f4znym po\u017eiadavk\u00e1m na obvody.<\/span><span class=\"button-container hide-from-message-actions ng-star-inserted\"> \u00a0<\/span>\n<div class=\"container ng-tns-c362440147-95 hide\">\n<div class=\"carousel-container ng-tns-c362440147-95\"><\/div>\n<\/div>\n<\/li>\n<li data-sourcepos=\"11:1-11:109\"><strong>N\u00e1kladovo efekt\u00edvne:<\/strong> <span class=\"citation-6 recitation citation-end-6\">V porovnan\u00ed s niektor\u00fdmi in\u00fdmi typmi filmov\u00fdch kondenz\u00e1torov s\u00fa cenovo dostupnej\u0161ie.<\/span><span class=\"button-container hide-from-message-actions ng-star-inserted\"> \u00a0<\/span>\n<div class=\"container ng-tns-c362440147-96 hide\">\n<div class=\"carousel-container ng-tns-c362440147-96\"><\/div>\n<\/div>\n<\/li>\n<li data-sourcepos=\"12:1-13:0\"><strong>Mierne nap\u00e4tie:<\/strong> V porovnan\u00ed s vysokonap\u00e4\u0165ov\u00fdmi filmov\u00fdmi kondenz\u00e1tormi maj\u00fa zvy\u010dajne stredn\u00e9 menovit\u00e9 nap\u00e4tie.<\/li>\n<\/ul>\n<h3 data-sourcepos=\"14:1-14:24\"><strong>Be\u017en\u00e9 aplik\u00e1cie:<\/strong><\/h3>\n<ul data-sourcepos=\"16:1-20:0\">\n<li data-sourcepos=\"16:1-16:128\"><strong>Spojenie a oddelenie:<\/strong> Pou\u017e\u00edva sa na izol\u00e1ciu jednosmern\u00e9ho skreslenia a filtrovanie striedav\u00fdch sign\u00e1lov v obvodoch zosil\u0148ova\u010dov a in\u00fdch elektronick\u00fdch syst\u00e9mov.<\/li>\n<li data-sourcepos=\"17:1-17:96\"><strong><span class=\"citation-7 recitation\">\u010casovacie obvody:<\/span><\/strong><span class=\"citation-7 recitation citation-end-7\"> Pou\u017e\u00edva sa v \u010dasovac\u00edch obvodoch, ako s\u00fa oscil\u00e1tory a \u010dasova\u010de.<\/span><span class=\"button-container hide-from-message-actions ng-star-inserted\"> \u00a0<\/span>\n<div class=\"container ng-tns-c362440147-97 hide\">\n<div class=\"carousel-container ng-tns-c362440147-97\"><\/div>\n<\/div>\n<\/li>\n<li data-sourcepos=\"18:1-18:97\"><strong>Nap\u00e1jacie zdroje:<\/strong> <span class=\"citation-8 recitation citation-end-8\">Vyu\u017e\u00edva sa v nap\u00e1jac\u00edch obvodoch na filtrovanie a vyhladzovanie.<\/span><span class=\"button-container hide-from-message-actions ng-star-inserted\">\u00a0<\/span>\n<div class=\"container ng-tns-c362440147-98 hide\">\n<div class=\"carousel-container ng-tns-c362440147-98\"><\/div>\n<\/div>\n<\/li>\n<li data-sourcepos=\"19:1-20:0\"><strong>Aplik\u00e1cie na v\u0161eobecn\u00e9 pou\u017eitie:<\/strong> <span class=\"citation-9 recitation citation-end-9\">Vhodn\u00e9 pre \u0161irok\u00fa \u0161k\u00e1lu univerz\u00e1lnych aplik\u00e1ci\u00ed, kde sa vy\u017eaduje dobr\u00e1 stabilita a spo\u013eahlivos\u0165.<\/span><span class=\"button-container hide-from-message-actions ng-star-inserted\"> \u00a0 <\/span><\/li>\n<\/ul>","protected":false},"excerpt":{"rendered":"<table style=\"height: 436px;\" width=\"725\">\n<tbody>\n<tr>\n<td width=\"146\"><strong><b>Produkt<\/b><\/strong>\u00a0<strong><b>N\u00e1zov:<\/b><\/strong><\/td>\n<td width=\"601\"><strong>Polyesterov\u00fd filmov\u00fd kondenz\u00e1tor<\/strong><\/td>\n<\/tr>\n<tr>\n<td width=\"146\">\n<h4><strong>Kr\u00e1tky popis:<\/strong><\/h4>\n<\/td>\n<td width=\"601\">Extern\u00fd defibril\u00e1tor;<br \/>\nPulzn\u00e9 aplik\u00e1cie;<\/td>\n<\/tr>\n<tr>\n<td width=\"146\"><strong>Rozsah kapacity:<\/strong><\/td>\n<td width=\"601\">32 \u03bcF ~ 200 \u03bcF<\/td>\n<\/tr>\n<tr>\n<td width=\"146\"><strong>Menovit\u00e9 nap\u00e4tie\uff1a<\/strong><\/td>\n<td width=\"601\">1500V.DC - 5000V.DC<\/td>\n<\/tr>\n<tr>\n<td width=\"146\"><strong>Cap.tol\uff1a<\/strong><\/td>\n<td width=\"601\">\u00a0\u00b15%(J);\u00b110%(K)<\/td>\n<\/tr>\n<\/tbody>\n<\/table>","protected":false},"featured_media":1806,"comment_status":"open","ping_status":"closed","template":"","meta":[],"product_brand":[],"product_cat":[38],"product_tag":[],"class_list":{"0":"post-1666","1":"product","2":"type-product","3":"status-publish","4":"has-post-thumbnail","6":"product_cat-dc-capacitor-2","8":"first","9":"instock","10":"shipping-taxable","11":"product-type-simple"},"_links":{"self":[{"href":"https:\/\/rf-capacitor.com\/sk\/wp-json\/wp\/v2\/product\/1666","targetHints":{"allow":["GET"]}}],"collection":[{"href":"https:\/\/rf-capacitor.com\/sk\/wp-json\/wp\/v2\/product"}],"about":[{"href":"https:\/\/rf-capacitor.com\/sk\/wp-json\/wp\/v2\/types\/product"}],"replies":[{"embeddable":true,"href":"https:\/\/rf-capacitor.com\/sk\/wp-json\/wp\/v2\/comments?post=1666"}],"wp:featuredmedia":[{"embeddable":true,"href":"https:\/\/rf-capacitor.com\/sk\/wp-json\/wp\/v2\/media\/1806"}],"wp:attachment":[{"href":"https:\/\/rf-capacitor.com\/sk\/wp-json\/wp\/v2\/media?parent=1666"}],"wp:term":[{"taxonomy":"product_brand","embeddable":true,"href":"https:\/\/rf-capacitor.com\/sk\/wp-json\/wp\/v2\/product_brand?post=1666"},{"taxonomy":"product_cat","embeddable":true,"href":"https:\/\/rf-capacitor.com\/sk\/wp-json\/wp\/v2\/product_cat?post=1666"},{"taxonomy":"product_tag","embeddable":true,"href":"https:\/\/rf-capacitor.com\/sk\/wp-json\/wp\/v2\/product_tag?post=1666"}],"curies":[{"name":"wp","href":"https:\/\/api.w.org\/{rel}","templated":true}]}}