{"id":1649,"date":"2024-12-27T03:26:39","date_gmt":"2024-12-27T03:26:39","guid":{"rendered":"https:\/\/rf-capacitor.com\/?post_type=product&#038;p=1649"},"modified":"2024-12-27T03:26:39","modified_gmt":"2024-12-27T03:26:39","slug":"high-voltage-film-capacitor","status":"publish","type":"product","link":"https:\/\/rf-capacitor.com\/sk\/high-voltage-film-capacitor\/","title":{"rendered":"Vysokonap\u00e4\u0165ov\u00fd filmov\u00fd kondenz\u00e1tor"},"content":{"rendered":"<h3 data-sourcepos=\"1:1-1:32\"><strong>Vysokonap\u00e4\u0165ov\u00e9 filmov\u00e9 kondenz\u00e1tory<\/strong><\/h3>\n<p data-sourcepos=\"3:1-3:313\"><span class=\"citation-0 recitation citation-end-0\">Vysokonap\u00e4\u0165ov\u00e9 filmov\u00e9 kondenz\u00e1tory s\u00fa \u0161pecializovan\u00e9 komponenty navrhnut\u00e9 tak, aby zvl\u00e1dli vysok\u00e9 nap\u00e4tie pri zachovan\u00ed vynikaj\u00facich elektrick\u00fdch vlastnost\u00ed.<\/span> S\u00fa vyroben\u00e9 z tenk\u00fdch vrstiev dielektrick\u00fdch materi\u00e1lov, ako je polypropyl\u00e9n, polyester alebo polystyr\u00e9n, vlo\u017een\u00fdch medzi vodiv\u00e9 elektr\u00f3dy.<span class=\"button-container hide-from-message-actions ng-star-inserted\"> \u00a0<\/span><\/p>\n<h3 data-sourcepos=\"5:1-5:24\"><strong>K\u013e\u00fa\u010dov\u00e9 vlastnosti:<\/strong><\/h3>\n<ul data-sourcepos=\"7:1-12:0\">\n<li data-sourcepos=\"7:1-7:106\"><strong>Hodnota vysok\u00e9ho nap\u00e4tia:<\/strong> <span class=\"citation-1 recitation citation-end-1\">Dok\u00e1\u017ee odola\u0165 extr\u00e9mne vysok\u00fdm nap\u00e4tiam bez poruchy.<\/span><span class=\"button-container hide-from-message-actions ng-star-inserted\"> \u00a0<\/span>\n<div class=\"container ng-tns-c362440147-70 hide\">\n<div class=\"carousel-container ng-tns-c362440147-70\"><\/div>\n<\/div>\n<\/li>\n<li data-sourcepos=\"8:1-8:109\"><strong>N\u00edzky zvodov\u00fd pr\u00fad:<\/strong> Minim\u00e1lny \u00fanik pr\u00fadu, ktor\u00fd zabezpe\u010duje efekt\u00edvne ukladanie energie a minim\u00e1lne straty energie.<\/li>\n<li data-sourcepos=\"9:1-9:151\"><strong><span class=\"citation-2 recitation\">Vysok\u00e1 izola\u010dn\u00e1 odolnos\u0165:<\/span><\/strong><span class=\"citation-2 recitation citation-end-2\"> Vynikaj\u00faca odolnos\u0165 proti elektrick\u00e9mu po\u0161kodeniu, ktor\u00e1 zabezpe\u010duje spo\u013eahliv\u00fa prev\u00e1dzku vo vysokonap\u00e4\u0165ov\u00fdch aplik\u00e1ci\u00e1ch.<\/span><span class=\"button-container hide-from-message-actions ng-star-inserted\"> \u00a0<\/span>\n<div class=\"container ng-tns-c362440147-71 hide\">\n<div class=\"carousel-container ng-tns-c362440147-71\"><\/div>\n<\/div>\n<\/li>\n<li data-sourcepos=\"10:1-10:198\"><strong>Vlastnosti samolie\u010dby:<\/strong> <span class=\"citation-3 recitation citation-end-3\">Niektor\u00e9 f\u00f3liov\u00e9 kondenz\u00e1tory maj\u00fa samoregenera\u010dn\u00e9 schopnosti, pri ktor\u00fdch sa lok\u00e1lne poruchy dielektrika automaticky opravuj\u00fa, \u010d\u00edm sa predl\u017euje \u017eivotnos\u0165 kondenz\u00e1tora.<\/span><span class=\"button-container hide-from-message-actions ng-star-inserted\"> \u00a0<\/span>\n<div class=\"container ng-tns-c362440147-72 hide\">\n<div class=\"carousel-container ng-tns-c362440147-72\"><\/div>\n<\/div>\n<\/li>\n<li data-sourcepos=\"11:1-12:0\"><strong><span class=\"citation-4 recitation\">\u0160irok\u00fd rozsah kapacitn\u00fdch hodn\u00f4t:<\/span><\/strong><span class=\"citation-4 recitation citation-end-4\"> K dispoz\u00edcii s\u00fa r\u00f4zne hodnoty kapacity, ktor\u00e9 vyhovuj\u00fa r\u00f4znym aplik\u00e1ci\u00e1m.<\/span><span class=\"button-container hide-from-message-actions ng-star-inserted\">\u00a0 \u00a0<\/span>\n<div class=\"container ng-tns-c362440147-73 hide\">\n<div class=\"carousel-container ng-tns-c362440147-73\"><\/div>\n<\/div>\n<\/li>\n<\/ul>\n<h4 data-sourcepos=\"13:1-13:24\"><strong>Vysokonap\u00e4\u0165ov\u00fd filmov\u00fd kondenz\u00e1tor Be\u017en\u00e9 aplik\u00e1cie:<\/strong><\/h4>\n<ul data-sourcepos=\"15:1-20:0\">\n<li data-sourcepos=\"15:1-15:157\"><strong>Vysokonap\u00e4\u0165ov\u00e9 nap\u00e1jacie zdroje:<\/strong> Pou\u017e\u00edva sa v nap\u00e1jac\u00edch zdrojoch pre r\u00f4zne elektronick\u00e9 zariadenia vr\u00e1tane telev\u00edzorov, zdravotn\u00edckych zariaden\u00ed a priemyseln\u00fdch strojov.<\/li>\n<li data-sourcepos=\"16:1-16:164\"><strong><span class=\"citation-5 recitation\">Impulzn\u00e9 nap\u00e1jacie syst\u00e9my:<\/span><\/strong><span class=\"citation-5 recitation citation-end-5\"> Pou\u017e\u00edvaj\u00fa sa v aplik\u00e1ci\u00e1ch, ktor\u00e9 si vy\u017eaduj\u00fa skladovanie a r\u00fdchle uvo\u013e\u0148ovanie vysok\u00e9ho mno\u017estva energie, ako s\u00fa napr\u00edklad pulzn\u00e9 lasery a radarov\u00e9 syst\u00e9my.<\/span><span class=\"button-container hide-from-message-actions ng-star-inserted\"> \u00a0<\/span>\n<div class=\"container ng-tns-c362440147-74 hide\">\n<div class=\"carousel-container ng-tns-c362440147-74\"><\/div>\n<\/div>\n<\/li>\n<li data-sourcepos=\"17:1-17:100\"><strong>Motorov\u00e9 pohony:<\/strong> <span class=\"citation-6 recitation citation-end-6\">Vyu\u017e\u00edva sa v syst\u00e9moch riadenia motorov na filtrovanie a ukladanie energie.<\/span><span class=\"button-container hide-from-message-actions ng-star-inserted\">\u00a0<\/span>\n<div class=\"container ng-tns-c362440147-75 hide\">\n<div class=\"carousel-container ng-tns-c362440147-75\"><\/div>\n<\/div>\n<\/li>\n<li data-sourcepos=\"18:1-18:131\"><strong>Vysokonap\u00e4\u0165ov\u00e9 sk\u00fa\u0161obn\u00e9 zariadenia:<\/strong> Pou\u017e\u00edva sa v zariadeniach na testovanie izola\u010dn\u00fdch vlastnost\u00ed elektrick\u00fdch komponentov a syst\u00e9mov.<\/li>\n<li data-sourcepos=\"19:1-20:0\"><strong>Syst\u00e9my skladovania energie:<\/strong> Vyu\u017e\u00edvaj\u00fa sa v syst\u00e9moch skladovania energie pre obnovite\u013en\u00e9 zdroje energie, ako s\u00fa sol\u00e1rna a vetern\u00e1 energia.<\/li>\n<\/ul>","protected":false},"excerpt":{"rendered":"<table style=\"height: 474px;\" width=\"704\">\n<tbody>\n<tr>\n<td width=\"146\"><strong><b>Produkt<\/b><\/strong>\u00a0<strong><b>N\u00e1zov:<\/b><\/strong><\/td>\n<td width=\"601\"><strong>Vysokonap\u00e4\u0165ov\u00fd filmov\u00fd kondenz\u00e1tor<\/strong><\/td>\n<\/tr>\n<tr>\n<td width=\"146\">\n<h4><strong>Kr\u00e1tky popis:<\/strong><\/h4>\n<\/td>\n<td width=\"601\">\u0160iroko sa pou\u017e\u00edva v r\u00f4znych druhoch elektronick\u00fdch zariaden\u00ed DC link na podporu jednosmern\u00e9ho pr\u00fadu, skladovanie energie a filter, napr. vetern\u00e9 syst\u00e9my a meni\u010de;<\/td>\n<\/tr>\n<tr>\n<td width=\"146\"><strong>Rozsah kapacity:<\/strong><\/td>\n<td width=\"601\">20\u00b5F ~ 5600\u00b5F<\/td>\n<\/tr>\n<tr>\n<td width=\"146\"><strong>Menovit\u00e9 nap\u00e4tie\uff1a<\/strong><\/td>\n<td width=\"601\">500 ~ 4000 VDC<\/td>\n<\/tr>\n<tr>\n<td width=\"146\"><strong>Cap.tol\uff1a<\/strong><\/td>\n<td width=\"601\">\u00a0\u00a0\u00b15%\uff08J\uff09\uff1b\u00b110%\uff08K\uff09<\/td>\n<\/tr>\n<tr>\n<td width=\"146\"><\/td>\n<td width=\"601\"><\/td>\n<\/tr>\n<\/tbody>\n<\/table>","protected":false},"featured_media":1664,"comment_status":"open","ping_status":"closed","template":"","meta":[],"product_brand":[],"product_cat":[38],"product_tag":[],"class_list":{"0":"post-1649","1":"product","2":"type-product","3":"status-publish","4":"has-post-thumbnail","6":"product_cat-dc-capacitor-2","8":"first","9":"instock","10":"shipping-taxable","11":"product-type-simple"},"_links":{"self":[{"href":"https:\/\/rf-capacitor.com\/sk\/wp-json\/wp\/v2\/product\/1649","targetHints":{"allow":["GET"]}}],"collection":[{"href":"https:\/\/rf-capacitor.com\/sk\/wp-json\/wp\/v2\/product"}],"about":[{"href":"https:\/\/rf-capacitor.com\/sk\/wp-json\/wp\/v2\/types\/product"}],"replies":[{"embeddable":true,"href":"https:\/\/rf-capacitor.com\/sk\/wp-json\/wp\/v2\/comments?post=1649"}],"wp:featuredmedia":[{"embeddable":true,"href":"https:\/\/rf-capacitor.com\/sk\/wp-json\/wp\/v2\/media\/1664"}],"wp:attachment":[{"href":"https:\/\/rf-capacitor.com\/sk\/wp-json\/wp\/v2\/media?parent=1649"}],"wp:term":[{"taxonomy":"product_brand","embeddable":true,"href":"https:\/\/rf-capacitor.com\/sk\/wp-json\/wp\/v2\/product_brand?post=1649"},{"taxonomy":"product_cat","embeddable":true,"href":"https:\/\/rf-capacitor.com\/sk\/wp-json\/wp\/v2\/product_cat?post=1649"},{"taxonomy":"product_tag","embeddable":true,"href":"https:\/\/rf-capacitor.com\/sk\/wp-json\/wp\/v2\/product_tag?post=1649"}],"curies":[{"name":"wp","href":"https:\/\/api.w.org\/{rel}","templated":true}]}}