{"id":1646,"date":"2024-12-27T02:40:11","date_gmt":"2024-12-27T02:40:11","guid":{"rendered":"https:\/\/rf-capacitor.com\/?post_type=product&#038;p=1646"},"modified":"2024-12-27T02:40:11","modified_gmt":"2024-12-27T02:40:11","slug":"dc-coupling-capacitor","status":"publish","type":"product","link":"https:\/\/rf-capacitor.com\/sk\/dc-coupling-capacitor\/","title":{"rendered":"DC spojovac\u00ed kondenz\u00e1tor"},"content":{"rendered":"<h3 data-sourcepos=\"1:1-1:25\"><strong>DC spojovac\u00ed kondenz\u00e1tor<\/strong><\/h3>\n<p data-sourcepos=\"3:1-3:215\"><span class=\"citation-0 recitation\">DC spojovac\u00ed kondenz\u00e1tor, zn\u00e1my aj ako <\/span><strong><span class=\"citation-0 recitation\">spojovac\u00ed kondenz\u00e1tor<\/span><\/strong><span class=\"citation-0 recitation\"> alebo <\/span><strong><span class=\"citation-0 recitation\">DC blokovac\u00ed kondenz\u00e1tor<\/span><\/strong><span class=\"citation-0 recitation citation-end-0\">, je k\u013e\u00fa\u010dovou zlo\u017ekou v elektronick\u00fdch obvodoch, najm\u00e4 v zosil\u0148ovac\u00edch stup\u0148och.<\/span> Jeho hlavnou \u00falohou je:<span class=\"button-container hide-from-message-actions ng-star-inserted\"> \u00a0<\/span><\/p>\n<ul data-sourcepos=\"5:1-7:0\">\n<li data-sourcepos=\"5:1-5:218\"><strong><span class=\"citation-1 recitation\">Izolujte skreslenie jednosmern\u00e9ho pr\u00fadu:<\/span><\/strong><span class=\"citation-1 recitation citation-end-1\"> Zabr\u00e1\u0148te tomu, aby jednosmern\u00e9 predp\u00e4tie jedn\u00e9ho stup\u0148a ovplyvnilo jednosmern\u00e9 predp\u00e4tie nasleduj\u00faceho stup\u0148a.<\/span> <span class=\"citation-2 recitation citation-end-2\">To je nevyhnutn\u00e9 na udr\u017eanie spr\u00e1vneho pracovn\u00e9ho bodu ka\u017ed\u00e9ho stup\u0148a.<\/span><span class=\"button-container hide-from-message-actions ng-star-inserted\">\u00a0<\/span>\n<div class=\"container ng-tns-c362440147-54 hide\">\n<div class=\"carousel-container ng-tns-c362440147-54\">\n<div class=\"carousel-content ng-tns-c362440147-54\">\n<div class=\"sources-carousel-source ng-tns-c362440147-54 hide ng-star-inserted\" data-test-id=\"sources-carousel-source\"><\/div>\n<\/div>\n<\/div>\n<\/div>\n<\/li>\n<li data-sourcepos=\"6:1-7:0\"><strong><span class=\"citation-3 recitation\">Prenos sign\u00e1lov striedav\u00e9ho pr\u00fadu:<\/span><\/strong><span class=\"citation-3 recitation citation-end-3\"> Umo\u017enite prechod striedav\u00e9ho sign\u00e1lu z jedn\u00e9ho stup\u0148a do druh\u00e9ho.<\/span><span class=\"button-container hide-from-message-actions ng-star-inserted\"> \u00a0<\/span>\n<div class=\"container ng-tns-c362440147-55 hide\">\n<div class=\"carousel-container ng-tns-c362440147-55\"><\/div>\n<\/div>\n<\/li>\n<\/ul>\n<h3 data-sourcepos=\"8:1-8:17\"><strong>Ako to funguje:<\/strong><\/h3>\n<ul data-sourcepos=\"10:1-12:0\">\n<li data-sourcepos=\"10:1-10:213\"><strong><span class=\"citation-4 recitation\">Blokovanie DC:<\/span><\/strong><span class=\"citation-4 recitation citation-end-4\"> Kondenz\u00e1tory funguj\u00fa ako otvoren\u00e9 obvody pre jednosmern\u00fd pr\u00fad.<\/span> <span class=\"citation-5 recitation citation-end-5\">Ke\u010f sa privedie jednosmern\u00e9 nap\u00e4tie, kondenz\u00e1tor sa nabije na toto nap\u00e4tie a prestane vies\u0165, \u010d\u00edm \u00fa\u010dinne blokuje jednosmern\u00fd pr\u00fad.<\/span><span class=\"button-container hide-from-message-actions ng-star-inserted\">\u00a0<\/span>\n<div class=\"container ng-tns-c362440147-56 hide\">\n<div class=\"carousel-container ng-tns-c362440147-56\">\n<div class=\"carousel-content ng-tns-c362440147-56\">\n<div class=\"sources-carousel-source ng-tns-c362440147-56 hide ng-star-inserted\" data-test-id=\"sources-carousel-source\"><\/div>\n<div class=\"sources-carousel-source ng-tns-c362440147-56 hide ng-star-inserted\" data-test-id=\"sources-carousel-source\"><\/div>\n<\/div>\n<\/div>\n<\/div>\n<\/li>\n<li data-sourcepos=\"11:1-12:0\"><strong><span class=\"citation-6 recitation\">Prechod AC:<\/span><\/strong><span class=\"citation-6 recitation citation-end-6\"> Striedav\u00e9 sign\u00e1ly maj\u00fa neust\u00e1le sa meniace nap\u00e4tie.<\/span> <span class=\"citation-7 recitation citation-end-7\">To sp\u00f4sobuje, \u017ee kondenz\u00e1tor sa neust\u00e1le nab\u00edja a vyb\u00edja, \u010do umo\u017e\u0148uje priechod striedav\u00e9ho sign\u00e1lu.<\/span><span class=\"button-container hide-from-message-actions ng-star-inserted\">\u00a0<\/span>\n<div class=\"container ng-tns-c362440147-57 hide\">\n<div class=\"carousel-container ng-tns-c362440147-57\">\n<div class=\"carousel-content ng-tns-c362440147-57\">\n<div class=\"sources-carousel-source ng-tns-c362440147-57 hide ng-star-inserted\" data-test-id=\"sources-carousel-source\"><\/div>\n<\/div>\n<\/div>\n<\/div>\n<\/li>\n<\/ul>\n<h3 data-sourcepos=\"13:1-13:17\"><strong>Aplik\u00e1cie:<\/strong><\/h3>\n<ul data-sourcepos=\"15:1-18:0\">\n<li data-sourcepos=\"15:1-15:90\"><strong><span class=\"citation-8 recitation\">Zvukov\u00e9 zosil\u0148ova\u010de:<\/span><\/strong><span class=\"citation-8 recitation citation-end-8\"> Spojenie medzi stup\u0148ami zosil\u0148ova\u010da na izol\u00e1ciu jednosmern\u00e9ho skreslenia.<\/span><span class=\"button-container hide-from-message-actions ng-star-inserted\"> \u00a0<\/span>\n<div class=\"container ng-tns-c362440147-58 hide\">\n<div class=\"carousel-container ng-tns-c362440147-58\">\n<div class=\"carousel-content ng-tns-c362440147-58\">\n<div class=\"sources-carousel-source ng-tns-c362440147-58 hide ng-star-inserted\" data-test-id=\"sources-carousel-source\"><\/div>\n<\/div>\n<\/div>\n<\/div>\n<\/li>\n<li data-sourcepos=\"16:1-16:100\"><strong><span class=\"citation-9 recitation\">Obvody na spracovanie sign\u00e1lu:<\/span><\/strong><span class=\"citation-9 recitation citation-end-9\"> Prenos striedav\u00fdch sign\u00e1lov pri blokovan\u00ed jednosmern\u00fdch zlo\u017eiek.<\/span><span class=\"button-container hide-from-message-actions ng-star-inserted\"> \u00a0<\/span>\n<div class=\"container ng-tns-c362440147-59 hide\">\n<div class=\"carousel-container ng-tns-c362440147-59\">\n<div class=\"carousel-content ng-tns-c362440147-59\">\n<div class=\"sources-carousel-source ng-tns-c362440147-59 hide ng-star-inserted\" data-test-id=\"sources-carousel-source\"><\/div>\n<\/div>\n<\/div>\n<\/div>\n<\/li>\n<li data-sourcepos=\"17:1-18:0\"><strong><span class=\"citation-10 recitation\">Filtra\u010dn\u00e9 obvody:<\/span><\/strong><span class=\"citation-10 recitation citation-end-10\"> Ako s\u00fa\u010das\u0165 vysokofrekven\u010dn\u00fdch filtrov na blokovanie n\u00edzkofrekven\u010dn\u00fdch sign\u00e1lov vr\u00e1tane jednosmern\u00e9ho pr\u00fadu.<\/span><span class=\"button-container hide-from-message-actions ng-star-inserted\">\u00a0<\/span>\n<div class=\"container ng-tns-c362440147-60 hide\">\n<div class=\"carousel-container ng-tns-c362440147-60\">\n<div class=\"carousel-content ng-tns-c362440147-60\">\n<div class=\"sources-carousel-source ng-tns-c362440147-60 hide ng-star-inserted\" data-test-id=\"sources-carousel-source\"><\/div>\n<\/div>\n<\/div>\n<\/div>\n<\/li>\n<\/ul>\n<h3 data-sourcepos=\"19:1-19:23\"><strong>K\u013e\u00fa\u010dov\u00e9 \u00favahy:<\/strong><\/h3>\n<ul data-sourcepos=\"21:1-24:0\">\n<li data-sourcepos=\"21:1-21:164\"><strong>Hodnota kapacity:<\/strong> Hodnota kapacity ur\u010duje n\u00edzkofrekven\u010dn\u00e9 vypnutie spojovacieho kondenz\u00e1tora. V\u00e4\u010d\u0161ia kapacita umo\u017e\u0148uje priechod ni\u017e\u0161\u00edch frekvenci\u00ed.<\/li>\n<li data-sourcepos=\"22:1-22:118\"><strong>Hodnota nap\u00e4tia:<\/strong> <span class=\"citation-11 recitation citation-end-11\">Kondenz\u00e1tor mus\u00ed by\u0165 dimenzovan\u00fd na maxim\u00e1lne nap\u00e4tie, ktor\u00e9 na\u0148 bude priveden\u00e9.<\/span>\n<div class=\"container ng-tns-c362440147-61 hide\">\n<div class=\"carousel-container ng-tns-c362440147-61\"><\/div>\n<\/div>\n<\/li>\n<li data-sourcepos=\"23:1-24:0\"><strong>\u00danikov\u00fd pr\u00fad:<\/strong> \u00danikov\u00fd pr\u00fad kondenz\u00e1tora m\u00f4\u017ee ovplyvni\u0165 bod jednosmern\u00e9ho predp\u00e4tia obvodu.<\/li>\n<\/ul>\n<p data-sourcepos=\"25:1-25:205\"><strong><span class=\"citation-12 recitation\">DC spojovac\u00ed kondenz\u00e1tor v podstate funguje ako most\u00edk pre AC sign\u00e1ly a z\u00e1rove\u0148 \u00fa\u010dinne izoluje DC komponenty, \u010d\u00edm zabezpe\u010duje, aby ka\u017ed\u00fd stupe\u0148 obvodu fungoval nez\u00e1visle a spr\u00e1vne.<\/span><\/strong><span class=\"button-container hide-from-message-actions ng-star-inserted\"> \u00a0 <\/span><\/p>","protected":false},"excerpt":{"rendered":"<table style=\"height: 556px;\" width=\"706\">\n<tbody>\n<tr>\n<td width=\"146\"><strong><b>Produkt<\/b><\/strong>\u00a0<strong><b>N\u00e1zov:<\/b><\/strong><\/td>\n<td width=\"601\"><strong>DC spojovac\u00ed kondenz\u00e1tor<\/strong><\/td>\n<\/tr>\n<tr>\n<td width=\"146\">\n<h4><strong>Kr\u00e1tky popis:<\/strong><\/h4>\n<\/td>\n<td width=\"601\">\u0160irok\u00e9 pou\u017eitie v obvode DC-Link na vysokofrekven\u010dn\u00e9 filtrovanie a oddelenie<br \/>\n\u0160iroko sa pou\u017e\u00edva vo v\u00fdkonov\u00fdch elektronick\u00fdch obvodoch, na \u00fa\u010dely sp\u00e1jania<\/td>\n<\/tr>\n<tr>\n<td width=\"146\"><strong>Rozsah kapacity:<\/strong><\/td>\n<td width=\"601\">\u00a010\u03bcF - 100\u03bcF<\/td>\n<\/tr>\n<tr>\n<td width=\"146\"><strong>Menovit\u00e9 nap\u00e4tie\uff1a<\/strong><\/td>\n<td width=\"601\">350V.DC - 1100V.DC<\/td>\n<\/tr>\n<tr>\n<td width=\"146\"><strong>Cap.tol\uff1a<\/strong><\/td>\n<td width=\"601\">\u00b15%(J)\uff1a\u00b110%(K)<\/td>\n<\/tr>\n<tr>\n<td width=\"146\"><strong>Model kondenz\u00e1tora:\u00a0<\/strong><\/td>\n<td width=\"601\">S\u00e9ria DMJ-MT<\/td>\n<\/tr>\n<\/tbody>\n<\/table>","protected":false},"featured_media":1647,"comment_status":"open","ping_status":"closed","template":"","meta":[],"product_brand":[],"product_cat":[38],"product_tag":[],"class_list":{"0":"post-1646","1":"product","2":"type-product","3":"status-publish","4":"has-post-thumbnail","6":"product_cat-dc-capacitor-2","8":"first","9":"instock","10":"shipping-taxable","11":"product-type-simple"},"_links":{"self":[{"href":"https:\/\/rf-capacitor.com\/sk\/wp-json\/wp\/v2\/product\/1646","targetHints":{"allow":["GET"]}}],"collection":[{"href":"https:\/\/rf-capacitor.com\/sk\/wp-json\/wp\/v2\/product"}],"about":[{"href":"https:\/\/rf-capacitor.com\/sk\/wp-json\/wp\/v2\/types\/product"}],"replies":[{"embeddable":true,"href":"https:\/\/rf-capacitor.com\/sk\/wp-json\/wp\/v2\/comments?post=1646"}],"wp:featuredmedia":[{"embeddable":true,"href":"https:\/\/rf-capacitor.com\/sk\/wp-json\/wp\/v2\/media\/1647"}],"wp:attachment":[{"href":"https:\/\/rf-capacitor.com\/sk\/wp-json\/wp\/v2\/media?parent=1646"}],"wp:term":[{"taxonomy":"product_brand","embeddable":true,"href":"https:\/\/rf-capacitor.com\/sk\/wp-json\/wp\/v2\/product_brand?post=1646"},{"taxonomy":"product_cat","embeddable":true,"href":"https:\/\/rf-capacitor.com\/sk\/wp-json\/wp\/v2\/product_cat?post=1646"},{"taxonomy":"product_tag","embeddable":true,"href":"https:\/\/rf-capacitor.com\/sk\/wp-json\/wp\/v2\/product_tag?post=1646"}],"curies":[{"name":"wp","href":"https:\/\/api.w.org\/{rel}","templated":true}]}}