{"id":1639,"date":"2024-12-27T02:20:53","date_gmt":"2024-12-27T02:20:53","guid":{"rendered":"https:\/\/rf-capacitor.com\/?post_type=product&#038;p=1639"},"modified":"2024-12-27T02:20:53","modified_gmt":"2024-12-27T02:20:53","slug":"dc-electrolytic-capacitor","status":"publish","type":"product","link":"https:\/\/rf-capacitor.com\/sk\/dc-electrolytic-capacitor\/","title":{"rendered":"Elektrolytick\u00fd kondenz\u00e1tor DC"},"content":{"rendered":"<h2 data-sourcepos=\"1:1-1:41\">Elektrolytick\u00fd kondenz\u00e1tor DC: Hlbok\u00fd ponor<\/h2>\n<p data-sourcepos=\"3:1-3:260\"><strong>DC elektrolytick\u00e9 kondenz\u00e1tory<\/strong> s\u00fa typom polarizovan\u00e9ho kondenz\u00e1tora, ktor\u00fd vyu\u017e\u00edva elektrolyt na dosiahnutie v\u00fdrazne vy\u0161\u0161ej kapacity ako in\u00e9 typy kondenz\u00e1torov. Be\u017ene sa pou\u017e\u00edvaj\u00fa v elektronick\u00fdch obvodoch na filtrovanie, odde\u013eovanie a ukladanie energie.<\/p>\n<h3 data-sourcepos=\"5:1-5:18\">Ako funguje elektrolytick\u00fd kondenz\u00e1tor DC:<\/h3>\n<ul data-sourcepos=\"6:1-9:0\">\n<li data-sourcepos=\"6:1-6:191\"><strong>Polarizovan\u00e1 kon\u0161trukcia:<\/strong> An\u00f3da (kladn\u00e1 doska) je vyroben\u00e1 z kovu, na ktorom sa anodiz\u00e1ciou vytvor\u00ed izola\u010dn\u00e1 vrstva oxidu. T\u00e1to vrstva oxidu p\u00f4sob\u00ed ako dielektrikum kondenz\u00e1tora.<\/li>\n<li data-sourcepos=\"7:1-7:165\"><strong>Elektrolyt:<\/strong> Kvapaln\u00fd alebo g\u00e9lov\u00fd elektrolyt, ktor\u00fd zvy\u010dajne obsahuje vysok\u00fa koncentr\u00e1ciu i\u00f3nov, pokr\u00fdva oxidov\u00fa vrstvu a sl\u00fa\u017ei ako kat\u00f3da (z\u00e1porn\u00e1 doska).<\/li>\n<li data-sourcepos=\"7:1-7:165\"><strong>Vysok\u00e1 kapacita:<\/strong> Tenk\u00e1 dielektrick\u00e1 vrstva a ve\u013ek\u00fd povrch an\u00f3dy prispievaj\u00fa k vysok\u00fdm hodnot\u00e1m kapacity elektrolytick\u00fdch kondenz\u00e1torov.<\/li>\n<\/ul>\n<h3 data-sourcepos=\"10:1-10:24\">K\u013e\u00fa\u010dov\u00e9 vlastnosti:<\/h3>\n<ul data-sourcepos=\"11:1-15:0\">\n<li data-sourcepos=\"11:1-11:190\"><strong>Polariz\u00e1cia:<\/strong> Elektrolytick\u00e9 kondenz\u00e1tory s\u00fa polarizovan\u00e9 s\u00fa\u010diastky, \u010do znamen\u00e1, \u017ee musia by\u0165 zapojen\u00e9 v obvode s kladn\u00fdm p\u00f3lom na vy\u0161\u0161om potenci\u00e1li ako z\u00e1porn\u00fd p\u00f3l.<\/li>\n<li data-sourcepos=\"12:1-12:184\"><strong>Ve\u013ek\u00e1 kapacita:<\/strong> V porovnan\u00ed s in\u00fdmi typmi kondenz\u00e1torov pon\u00fakaj\u00fa v\u00fdrazne vy\u0161\u0161ie hodnoty kapacity, v\u010faka \u010domu s\u00fa vhodn\u00e9 pre aplik\u00e1cie vy\u017eaduj\u00face skladovanie ve\u013ek\u00e9ho mno\u017estva energie.<\/li>\n<li data-sourcepos=\"13:1-13:167\"><strong>Vysok\u00fd zvodov\u00fd pr\u00fad:<\/strong> Elektrolytick\u00e9 kondenz\u00e1tory maj\u00fa zvy\u010dajne vy\u0161\u0161ie zvodov\u00e9 pr\u00fady v porovnan\u00ed s in\u00fdmi typmi, \u010do m\u00f4\u017ee v niektor\u00fdch pr\u00edpadoch ovplyvni\u0165 v\u00fdkon obvodu.<\/li>\n<li data-sourcepos=\"14:1-15:0\"><strong>Obmedzen\u00e1 \u017eivotnos\u0165:<\/strong> Elektrolyt m\u00f4\u017ee \u010dasom vyschn\u00fa\u0165, \u010do vedie k zn\u00ed\u017eeniu kapacity a zv\u00fd\u0161eniu zvodov\u00e9ho pr\u00fadu. To obmedzuje \u017eivotnos\u0165 elektrolytick\u00fdch kondenz\u00e1torov.<\/li>\n<\/ul>\n<h3 data-sourcepos=\"16:1-16:24\">Be\u017en\u00e9 aplik\u00e1cie:<\/h3>\n<ul data-sourcepos=\"17:1-21:0\">\n<li data-sourcepos=\"17:1-17:64\"><strong>Nap\u00e1jacie zdroje:<\/strong> Filtrovanie a vyhladzovanie jednosmern\u00e9ho nap\u00e1jania.<\/li>\n<li data-sourcepos=\"18:1-18:58\"><strong>Zvukov\u00e9 zosil\u0148ova\u010de:<\/strong> Spojenie medzi stup\u0148ami zosil\u0148ova\u010da.<\/li>\n<li data-sourcepos=\"19:1-19:55\"><strong>Motorov\u00e9 pohony:<\/strong> Ukladanie energie v obvodoch jednosmern\u00e9ho pr\u00fadu.<\/li>\n<li data-sourcepos=\"20:1-21:0\"><strong>Bleskov\u00e9 obvody:<\/strong> Ukladanie energie pre z\u00e1bleskov\u00e9 svietidl\u00e1.<\/li>\n<\/ul>\n<h3 data-sourcepos=\"22:1-22:37\">Typy elektrolytick\u00fdch kondenz\u00e1torov DC:<\/h3>\n<ul data-sourcepos=\"23:1-26:0\">\n<li data-sourcepos=\"23:1-23:126\"><strong>Hlin\u00edkov\u00e9 elektrolytick\u00e9 kondenz\u00e1tory:<\/strong> Najbe\u017enej\u0161\u00ed typ, ktor\u00fd pon\u00faka \u0161irok\u00fa \u0161k\u00e1lu hodn\u00f4t kapacity a menovit\u00e9ho nap\u00e4tia.<\/li>\n<li data-sourcepos=\"23:1-23:126\"><strong>Tantalov\u00e9 elektrolytick\u00e9 kondenz\u00e1tory:<\/strong> S\u00fa zn\u00e1me n\u00edzkym zvodov\u00fdm pr\u00fadom a vysokou stabilitou, ale zvy\u010dajne s\u00fa drah\u0161ie ako hlin\u00edkov\u00e9 elektrolytick\u00e9 kondenz\u00e1tory.<\/li>\n<li data-sourcepos=\"25:1-26:0\"><strong>Ni\u00f3bov\u00e9 elektrolytick\u00e9 kondenz\u00e1tory:<\/strong> Nov\u0161\u00ed typ s lep\u0161\u00edmi v\u00fdkonnostn\u00fdmi charakteristikami vr\u00e1tane ni\u017e\u0161ieho ESR a vy\u0161\u0161ej schopnosti zvlnenia pr\u00fadu.<\/li>\n<\/ul>\n<p data-sourcepos=\"27:1-28:36\">\n<div class=\"attachment-container search-images\">\n<div class=\"image-container hide-from-message-actions ng-star-inserted\">\n<div class=\"caption ellipsis gds-label-m-alt ng-star-inserted\" aria-hidden=\"true\"><\/div>\n<\/div>\n<\/div>","protected":false},"excerpt":{"rendered":"<table style=\"height: 515px;\" width=\"684\">\n<tbody>\n<tr>\n<td width=\"146\"><strong><b>Produkt<\/b><\/strong>\u00a0<strong><b>N\u00e1zov:<\/b><\/strong><\/td>\n<td width=\"601\">Elektrolytick\u00fd kondenz\u00e1tor DC<\/td>\n<\/tr>\n<tr>\n<td width=\"146\">\n<h4><strong>Kr\u00e1tky popis:<\/strong><\/h4>\n<\/td>\n<td width=\"601\">Pv meni\u010d, vetern\u00fd meni\u010d; v\u0161etky druhy frekven\u010dn\u00fdch meni\u010dov a meni\u010dov nap\u00e1jania; \u010disto elektrick\u00e9 a hybridn\u00e9 automobily; SVG, SVC zariadenia a in\u00e9 druhy riadenia kvality energie.<\/td>\n<\/tr>\n<tr>\n<td width=\"146\"><strong>Rozsah kapacity:<\/strong><\/td>\n<td width=\"601\">50\u03bcF ~ 380\u03bcF<\/td>\n<\/tr>\n<tr>\n<td width=\"146\"><strong>Menovit\u00e9 nap\u00e4tie\uff1a<\/strong><\/td>\n<td width=\"601\">450V.DC~1500V.DC<\/td>\n<\/tr>\n<tr>\n<td width=\"146\"><strong>Cap.tol\uff1a<\/strong><\/td>\n<td width=\"601\">\u00b15%\uff08J\uff09\uff1b\u00b110%\uff08K\uff09<\/td>\n<\/tr>\n<tr>\n<td width=\"146\"><strong>Kondenz\u00e1tor jednosmern\u00e9ho pr\u00fadu:<\/strong><\/td>\n<td width=\"601\">DMJ-PC<\/td>\n<\/tr>\n<\/tbody>\n<\/table>","protected":false},"featured_media":1640,"comment_status":"open","ping_status":"closed","template":"","meta":[],"product_brand":[],"product_cat":[38],"product_tag":[],"class_list":{"0":"post-1639","1":"product","2":"type-product","3":"status-publish","4":"has-post-thumbnail","6":"product_cat-dc-capacitor-2","8":"first","9":"instock","10":"shipping-taxable","11":"product-type-simple"},"_links":{"self":[{"href":"https:\/\/rf-capacitor.com\/sk\/wp-json\/wp\/v2\/product\/1639","targetHints":{"allow":["GET"]}}],"collection":[{"href":"https:\/\/rf-capacitor.com\/sk\/wp-json\/wp\/v2\/product"}],"about":[{"href":"https:\/\/rf-capacitor.com\/sk\/wp-json\/wp\/v2\/types\/product"}],"replies":[{"embeddable":true,"href":"https:\/\/rf-capacitor.com\/sk\/wp-json\/wp\/v2\/comments?post=1639"}],"wp:featuredmedia":[{"embeddable":true,"href":"https:\/\/rf-capacitor.com\/sk\/wp-json\/wp\/v2\/media\/1640"}],"wp:attachment":[{"href":"https:\/\/rf-capacitor.com\/sk\/wp-json\/wp\/v2\/media?parent=1639"}],"wp:term":[{"taxonomy":"product_brand","embeddable":true,"href":"https:\/\/rf-capacitor.com\/sk\/wp-json\/wp\/v2\/product_brand?post=1639"},{"taxonomy":"product_cat","embeddable":true,"href":"https:\/\/rf-capacitor.com\/sk\/wp-json\/wp\/v2\/product_cat?post=1639"},{"taxonomy":"product_tag","embeddable":true,"href":"https:\/\/rf-capacitor.com\/sk\/wp-json\/wp\/v2\/product_tag?post=1639"}],"curies":[{"name":"wp","href":"https:\/\/api.w.org\/{rel}","templated":true}]}}