{"id":1630,"date":"2024-12-26T08:55:26","date_gmt":"2024-12-26T08:55:26","guid":{"rendered":"https:\/\/rf-capacitor.com\/?post_type=product&#038;p=1630"},"modified":"2024-12-26T09:16:35","modified_gmt":"2024-12-26T09:16:35","slug":"dc-circuit-capacitor","status":"publish","type":"product","link":"https:\/\/rf-capacitor.com\/sk\/dc-circuit-capacitor\/","title":{"rendered":"Kondenz\u00e1tor DC obvodu"},"content":{"rendered":"<h3 data-sourcepos=\"1:1-1:47\"><strong>Kondenz\u00e1tory v obvodoch jednosmern\u00e9ho pr\u00fadu: Neo\u010dak\u00e1van\u00e9 \u00falohy<\/strong><\/h3>\n<p data-sourcepos=\"3:1-3:203\">Hoci sa kondenz\u00e1tor jednosmern\u00e9ho pr\u00fadu \u010dasto sp\u00e1ja so striedav\u00fdmi obvodmi, m\u00f4\u017ee zohr\u00e1va\u0165 prekvapiv\u00fa a k\u013e\u00fa\u010dov\u00fa \u00falohu aj v obvodoch jednosmern\u00e9ho pr\u00fadu. Tu je rozpis toho, ako sa kondenz\u00e1tory spr\u00e1vaj\u00fa a vyu\u017e\u00edvaj\u00fa v prostred\u00ed jednosmern\u00e9ho pr\u00fadu:<\/p>\n<h4 data-sourcepos=\"5:1-5:37\"><strong>1. Po\u010diato\u010dn\u00e9 nab\u00edjanie a blokovanie:<\/strong><\/h4>\n<ul data-sourcepos=\"7:1-9:0\">\n<li data-sourcepos=\"7:1-7:201\"><strong>F\u00e1za nab\u00edjania:<\/strong> Ke\u010f sa kondenz\u00e1tor jednosmern\u00e9ho obvodu prv\u00fdkr\u00e1t pripoj\u00ed k nenabit\u00e9mu kondenz\u00e1toru, te\u010die kr\u00e1tky pr\u00fad. Tento pr\u00fad nabije dosky kondenz\u00e1tora a vytvor\u00ed opa\u010dn\u00e9 elektrick\u00e9 pole.<\/li>\n<li data-sourcepos=\"7:1-7:201\"><strong>Ust\u00e1len\u00fd stav:<\/strong> Ke\u010f je kondenz\u00e1tor \u00faplne nabit\u00fd, funguje ako otvoren\u00fd obvod, ktor\u00fd blokuje \u010fal\u0161\u00ed tok jednosmern\u00e9ho pr\u00fadu. Je to preto, \u017ee nahromaden\u00fd n\u00e1boj na dosk\u00e1ch vytv\u00e1ra elektrick\u00e9 pole, ktor\u00e9 dokonale p\u00f4sob\u00ed proti pou\u017eit\u00e9mu jednosmern\u00e9mu obvodu kondenz\u00e1tora.<\/li>\n<li data-sourcepos=\"8:1-9:0\"><strong style=\"color: #555555; font-size: 14.4px;\">2. Vyhladzovanie a filtrovanie:<\/strong><\/li>\n<\/ul>\n<ul data-sourcepos=\"12:1-14:0\">\n<li data-sourcepos=\"12:1-12:281\"><strong>Zn\u00ed\u017eenie vlnenia:<\/strong> V nap\u00e1jac\u00edch zdrojoch sa kondenz\u00e1tory pou\u017e\u00edvaj\u00fa na vyrovn\u00e1vanie kol\u00edsania nap\u00e4tia (zvlnenia), ktor\u00e9 \u010dasto vznik\u00e1 v d\u00f4sledku procesu usmer\u0148ovania. Kondenz\u00e1tor absorbuje prebyto\u010dn\u00fd n\u00e1boj po\u010das nap\u00e4\u0165ov\u00fdch \u0161pi\u010diek a uvo\u013e\u0148uje ho po\u010das poklesov, \u010do vedie k stabilnej\u0161iemu jednosmern\u00e9mu v\u00fdstupu.<\/li>\n<li data-sourcepos=\"13:1-14:0\"><strong>Filtrovanie:<\/strong> Kondenz\u00e1tory sa m\u00f4\u017eu pou\u017ei\u0165 na odfiltrovanie vysokofrekven\u010dn\u00e9ho \u0161umu z jednosmern\u00e9ho sign\u00e1lu. Kondenz\u00e1tor jednosmern\u00e9ho obvodu To je d\u00f4le\u017eit\u00e9 najm\u00e4 v citliv\u00fdch elektronick\u00fdch obvodoch, kde m\u00f4\u017ee \u0161um naru\u0161i\u0165 spr\u00e1vnu \u010dinnos\u0165.<\/li>\n<\/ul>\n<h4 data-sourcepos=\"15:1-15:23\"><strong>3. \u010casovacie obvody:<\/strong><\/h4>\n<ul data-sourcepos=\"17:1-18:0\">\n<li data-sourcepos=\"17:1-18:0\"><strong>RC obvody:<\/strong> Kondenz\u00e1tory v kombin\u00e1cii s rezistormi (RC obvody) tvoria z\u00e1klad \u010dasovac\u00edch obvodov. \u010cas, za ktor\u00fd sa kondenz\u00e1tor nabije alebo vybije cez rezistor, mo\u017eno presne riadi\u0165, \u010do umo\u017e\u0148uje vytv\u00e1ra\u0165 oneskorenia, oscil\u00e1tory a in\u00e9 funkcie s\u00favisiace s \u010dasovan\u00edm.<\/li>\n<li data-sourcepos=\"17:1-18:0\">\n<h4><strong style=\"color: #555555; font-size: 14.4px;\">4. Sp\u00e1janie sign\u00e1lov striedav\u00e9ho pr\u00fadu:<\/strong><\/h4>\n<\/li>\n<\/ul>\n<ul data-sourcepos=\"21:1-22:0\">\n<li data-sourcepos=\"21:1-22:0\"><strong>Blokovanie DC:<\/strong> Kondenz\u00e1tory sa m\u00f4\u017eu pou\u017ei\u0165 na prepojenie striedav\u00fdch sign\u00e1lov medzi r\u00f4znymi stup\u0148ami jednosmern\u00e9ho obvodu, pri\u010dom \u00fa\u010dinne blokuj\u00fa jednosmern\u00fa zlo\u017eku. To je ve\u013emi d\u00f4le\u017eit\u00e9 v mnoh\u00fdch zvukov\u00fdch obvodoch a zosil\u0148ova\u010doch.<\/li>\n<li data-sourcepos=\"21:1-22:0\"><strong style=\"color: #555555; font-size: 14.4px;\">K\u013e\u00fa\u010dov\u00e9 body:<\/strong><\/li>\n<\/ul>\n<ul data-sourcepos=\"25:1-27:0\">\n<li data-sourcepos=\"25:1-25:248\"><strong>Nie v\u017edy pas\u00edvne:<\/strong> Hoci kondenz\u00e1tory vo v\u0161eobecnosti blokuj\u00fa jednosmern\u00fd pr\u00fad, ich spr\u00e1vanie v jednosmern\u00fdch obvodoch nie je v\u017edy pas\u00edvne. M\u00f4\u017eu sa akt\u00edvne podie\u013ea\u0165 na formovan\u00ed spr\u00e1vania obvodu, najm\u00e4 pri nab\u00edjan\u00ed, vyhladzovan\u00ed a \u010dasovan\u00ed.<\/li>\n<li data-sourcepos=\"25:1-25:248\"><strong>\u0160pecifick\u00e9 aplik\u00e1cie:<\/strong> Konkr\u00e9tna \u00faloha kondenz\u00e1tora v obvode jednosmern\u00e9ho pr\u00fadu do zna\u010dnej miery z\u00e1vis\u00ed od kon\u0161trukcie obvodu a zam\u00fd\u0161\u013eanej funkcie.<\/li>\n<\/ul>\n<p data-sourcepos=\"28:1-28:223\"><strong>Kondenz\u00e1tory v obvodoch jednosmern\u00e9ho pr\u00fadu v podstate nie s\u00fa len pas\u00edvnymi prvkami; m\u00f4\u017eu to by\u0165 dynamick\u00e9 komponenty, ktor\u00e9 zohr\u00e1vaj\u00fa d\u00f4le\u017eit\u00fa \u00falohu pri formovan\u00ed spr\u00e1vania obvodov, od vyhladzovania nap\u00e1jania a\u017e po vytv\u00e1ranie presn\u00fdch mechanizmov \u010dasovania.<\/strong><\/p>","protected":false},"excerpt":{"rendered":"<table style=\"height: 544px;\" width=\"704\">\n<tbody>\n<tr>\n<td width=\"146\"><strong><b>Produkt<\/b><\/strong>\u00a0<strong><b>N\u00e1zov:<\/b><\/strong><\/td>\n<td width=\"601\">Kondenz\u00e1tor DC obvodu<\/td>\n<\/tr>\n<tr>\n<td width=\"146\">\n<h4><strong>Kr\u00e1tky popis:<\/strong><\/h4>\n<\/td>\n<td width=\"601\">Metalizovan\u00e9 filmov\u00e9 kondenz\u00e1tory s\u00fa jedny z najbe\u017enej\u0161\u00edch kondenz\u00e1torov pou\u017e\u00edvan\u00fdch v dne\u0161n\u00fdch elektronick\u00fdch obvodoch, zatia\u013e \u010do n\u00edzkov\u00fdkonn\u00e9 filmov\u00e9 kondenz\u00e1tory sa be\u017ene pou\u017e\u00edvaj\u00fa na oddelenie a filtrovanie.<\/td>\n<\/tr>\n<tr>\n<td width=\"146\"><strong>Rozsah kapacity:<\/strong><\/td>\n<td width=\"601\">8-150uf<\/td>\n<\/tr>\n<tr>\n<td width=\"146\"><strong>Menovit\u00e9 nap\u00e4tie\uff1a<\/strong><\/td>\n<td width=\"601\">450-1300V<\/td>\n<\/tr>\n<tr>\n<td width=\"146\">\u00a0<strong>Teplota:<\/strong><\/td>\n<td width=\"601\">do 105 \u2103<\/td>\n<\/tr>\n<\/tbody>\n<\/table>","protected":false},"featured_media":1632,"comment_status":"open","ping_status":"closed","template":"","meta":[],"product_brand":[],"product_cat":[38],"product_tag":[],"class_list":{"0":"post-1630","1":"product","2":"type-product","3":"status-publish","4":"has-post-thumbnail","6":"product_cat-dc-capacitor-2","8":"first","9":"instock","10":"shipping-taxable","11":"product-type-simple"},"_links":{"self":[{"href":"https:\/\/rf-capacitor.com\/sk\/wp-json\/wp\/v2\/product\/1630","targetHints":{"allow":["GET"]}}],"collection":[{"href":"https:\/\/rf-capacitor.com\/sk\/wp-json\/wp\/v2\/product"}],"about":[{"href":"https:\/\/rf-capacitor.com\/sk\/wp-json\/wp\/v2\/types\/product"}],"replies":[{"embeddable":true,"href":"https:\/\/rf-capacitor.com\/sk\/wp-json\/wp\/v2\/comments?post=1630"}],"wp:featuredmedia":[{"embeddable":true,"href":"https:\/\/rf-capacitor.com\/sk\/wp-json\/wp\/v2\/media\/1632"}],"wp:attachment":[{"href":"https:\/\/rf-capacitor.com\/sk\/wp-json\/wp\/v2\/media?parent=1630"}],"wp:term":[{"taxonomy":"product_brand","embeddable":true,"href":"https:\/\/rf-capacitor.com\/sk\/wp-json\/wp\/v2\/product_brand?post=1630"},{"taxonomy":"product_cat","embeddable":true,"href":"https:\/\/rf-capacitor.com\/sk\/wp-json\/wp\/v2\/product_cat?post=1630"},{"taxonomy":"product_tag","embeddable":true,"href":"https:\/\/rf-capacitor.com\/sk\/wp-json\/wp\/v2\/product_tag?post=1630"}],"curies":[{"name":"wp","href":"https:\/\/api.w.org\/{rel}","templated":true}]}}