{"id":1624,"date":"2024-12-26T07:13:54","date_gmt":"2024-12-26T07:13:54","guid":{"rendered":"https:\/\/rf-capacitor.com\/?post_type=product&#038;p=1624"},"modified":"2024-12-26T07:13:54","modified_gmt":"2024-12-26T07:13:54","slug":"dc-link-capacitor","status":"publish","type":"product","link":"https:\/\/rf-capacitor.com\/sk\/dc-link-capacitor\/","title":{"rendered":"DC Link kondenz\u00e1tor"},"content":{"rendered":"<h2 data-sourcepos=\"1:1-1:48\">Kondenz\u00e1tor DC Link: Vyrovn\u00e1vac\u00ed kondenz\u00e1tor v\u00fdkonovej elektroniky<\/h2>\n<p data-sourcepos=\"3:1-3:271\"><strong><span class=\"citation-0 recitation\">Kondenz\u00e1tor prepojenia jednosmern\u00e9ho pr\u00fadu<\/span><\/strong><span class=\"citation-0 recitation citation-end-0\"> je k\u013e\u00fa\u010dovou zlo\u017ekou v obvodoch v\u00fdkonovej elektroniky, preto\u017ee sl\u00fa\u017ei ako n\u00e1razn\u00edk medzi vstupn\u00fdm a v\u00fdstupn\u00fdm stup\u0148om meni\u010da.<\/span> <span class=\"citation-1 recitation citation-end-1\">Zohr\u00e1va d\u00f4le\u017eit\u00fa \u00falohu pri stabiliz\u00e1cii jednosmern\u00e9ho nap\u00e4tia a zabezpe\u010duje plynul\u00fa prev\u00e1dzku syst\u00e9mu.<\/span><span class=\"button-container hide-from-message-actions ng-star-inserted\">\u00a0<\/span><\/p>\n<h3 data-sourcepos=\"5:1-5:16\">Ako to funguje<\/h3>\n<ul data-sourcepos=\"6:1-9:0\">\n<li data-sourcepos=\"6:1-6:146\"><strong>Skladovanie energie:<\/strong> <span class=\"citation-2 recitation citation-end-2\">Kondenz\u00e1tor jednosmern\u00e9ho spoja uchov\u00e1va energiu po\u010das obdobia n\u00edzkeho dopytu a uvo\u013e\u0148uje ju po\u010das obdobia vysok\u00e9ho dopytu.<\/span>\n<div class=\"container ng-tns-c362440147-34 hide\">\n<div class=\"carousel-container ng-tns-c362440147-34\"><\/div>\n<\/div>\n<\/li>\n<li data-sourcepos=\"7:1-7:209\"><strong><span class=\"citation-3 recitation\">Stabiliz\u00e1cia nap\u00e4tia:<\/span><\/strong><span class=\"citation-3 recitation citation-end-3\"> Absorbovan\u00edm a uvo\u013e\u0148ovan\u00edm energie pom\u00e1ha kondenz\u00e1tor udr\u017eiava\u0165 stabiln\u00fa \u00farove\u0148 jednosmern\u00e9ho nap\u00e4tia, \u010d\u00edm zni\u017euje v\u00fdkyvy sp\u00f4soben\u00e9 zmenami vstupn\u00e9ho v\u00fdkonu alebo dopytu po z\u00e1\u0165a\u017ei.<\/span><span class=\"button-container hide-from-message-actions ng-star-inserted\">\u00a0<\/span>\n<div class=\"container ng-tns-c362440147-35 hide\">\n<div class=\"carousel-container ng-tns-c362440147-35\"><\/div>\n<\/div>\n<\/li>\n<li data-sourcepos=\"8:1-9:0\"><strong><span class=\"citation-4 recitation\">Zn\u00ed\u017eenie zvlnenia pr\u00fadu:<\/span><\/strong><span class=\"citation-4 recitation citation-end-4\"> Pom\u00e1ha tie\u017e zn\u00ed\u017ei\u0165 zvlnenie pr\u00fadu generovan\u00e9 sp\u00ednan\u00edm meni\u010da, \u010do vedie k \u010distej\u0161iemu jednosmern\u00e9mu v\u00fdstupu.<\/span><span class=\"button-container hide-from-message-actions ng-star-inserted\"> \u00a0<\/span>\n<div class=\"container ng-tns-c362440147-36 hide\">\n<div class=\"carousel-container ng-tns-c362440147-36\"><\/div>\n<\/div>\n<\/li>\n<\/ul>\n<h3 data-sourcepos=\"10:1-10:16\">Aplik\u00e1cie<\/h3>\n<p data-sourcepos=\"11:1-11:88\">Kondenz\u00e1tory jednosmern\u00e9ho pr\u00fadu sa \u0161iroko pou\u017e\u00edvaj\u00fa v r\u00f4znych aplik\u00e1ci\u00e1ch v\u00fdkonovej elektroniky vr\u00e1tane:<\/p>\n<ul data-sourcepos=\"18:1-21:0\">\n<li data-sourcepos=\"12:1-12:122\"><strong><span class=\"citation-5 recitation\">Meni\u010de:<\/span><\/strong><span class=\"citation-5 recitation citation-end-5\"> Zabezpe\u010denie stabiln\u00e9ho zdroja jednosmern\u00e9ho nap\u00e4tia pre meni\u010d, ktor\u00fd premie\u0148a jednosmern\u00fd pr\u00fad na striedav\u00fd.<\/span><span class=\"button-container hide-from-message-actions ng-star-inserted\">\u00a0 \u00a0<\/span>\n<div class=\"container ng-tns-c362440147-37 hide\">\n<div class=\"carousel-container ng-tns-c362440147-37\"><\/div>\n<\/div>\n<\/li>\n<li data-sourcepos=\"13:1-13:98\"><strong><span class=\"citation-6 recitation\">Konvertory:<\/span><\/strong><span class=\"citation-6 recitation citation-end-6\"> Vyrovn\u00e1vanie jednosmern\u00e9ho nap\u00e4tia medzi jednotliv\u00fdmi stup\u0148ami viacstup\u0148ov\u00e9ho meni\u010da.<\/span><span class=\"button-container hide-from-message-actions ng-star-inserted\">\u00a0 \u00a0<\/span>\n<div class=\"container ng-tns-c362440147-38 hide\">\n<div class=\"carousel-container ng-tns-c362440147-38\"><\/div>\n<\/div>\n<\/li>\n<li data-sourcepos=\"14:1-14:124\"><strong><span class=\"citation-7 recitation\">Motorov\u00e9 pohony:<\/span><\/strong><span class=\"citation-7 recitation citation-end-7\"> Zabezpe\u010denie stabilnej prev\u00e1dzky motorov\u00fdch pohonov poskytovan\u00edm kon\u0161tantn\u00e9ho jednosmern\u00e9ho nap\u00e4tia motoru.<\/span><span class=\"button-container hide-from-message-actions ng-star-inserted\">\u00a0 \u00a0<\/span>\n<div class=\"container ng-tns-c362440147-39 hide\">\n<div class=\"carousel-container ng-tns-c362440147-39\"><\/div>\n<\/div>\n<\/li>\n<li data-sourcepos=\"15:1-16:0\"><strong><span class=\"citation-8 recitation\">Syst\u00e9my obnovite\u013en\u00fdch zdrojov energie:<\/span><\/strong><span class=\"citation-8 recitation citation-end-8\"> Na uskladnenie energie zo zdrojov, ako s\u00fa sol\u00e1rne panely a vetern\u00e9 turb\u00edny, \u010d\u00edm sa zabezpe\u010d\u00ed stabiln\u00e9 nap\u00e1janie jednosmern\u00fdm pr\u00fadom.<\/span><span class=\"button-container hide-from-message-actions ng-star-inserted\">\u00a0<\/span>\n<div class=\"container ng-tns-c362440147-40 hide\">\n<div class=\"carousel-container ng-tns-c362440147-40\">\n<div class=\"carousel-content ng-tns-c362440147-40\">\n<div data-test-id=\"sources-carousel-source\"><\/div>\n<div data-test-id=\"sources-carousel-source\"><\/div>\n<div class=\"sources-carousel-source ng-tns-c362440147-40 hide ng-star-inserted\" data-test-id=\"sources-carousel-source\"><span style=\"font-size: 20.16px;\">K\u013e\u00fa\u010dov\u00e9 \u00favahy<\/span><\/div>\n<\/div>\n<\/div>\n<\/div>\n<\/li>\n<li data-sourcepos=\"18:1-18:147\"><strong>Hodnota kapacity:<\/strong> <span class=\"citation-9 recitation citation-end-9\">Hodnota kapacity sa vol\u00ed na z\u00e1klade po\u017eadovan\u00e9ho zvlnenia nap\u00e4tia a po\u017eiadaviek na v\u00fdkon syst\u00e9mu.<\/span><\/li>\n<li data-sourcepos=\"18:1-18:147\"><strong style=\"font-size: 14.4px;\">Hodnota nap\u00e4tia:<\/strong><span style=\"font-size: 14.4px;\"> Kondenz\u00e1tor mus\u00ed by\u0165 dimenzovan\u00fd na maxim\u00e1lne nap\u00e4tie, ktor\u00e9mu bude v obvode vystaven\u00fd.<\/span><\/li>\n<li data-sourcepos=\"20:1-21:0\"><strong>Hodnota zvlnen\u00e9ho pr\u00fadu:<\/strong> <span class=\"citation-10 recitation citation-end-10\">Kondenz\u00e1tor mus\u00ed by\u0165 schopn\u00fd zvl\u00e1dnu\u0165 vysok\u00e9 zvlnenie pr\u00fadu generovan\u00e9 sp\u00ednan\u00edm meni\u010da.<\/span><span class=\"button-container hide-from-message-actions ng-star-inserted\"> \u00a0<\/span>\n<div class=\"container ng-tns-c362440147-42 hide\">\n<div class=\"carousel-container ng-tns-c362440147-42\"><\/div>\n<\/div>\n<\/li>\n<\/ul>\n<p data-sourcepos=\"22:1-22:323\"><strong><span class=\"citation-11 recitation citation-end-11\">Kondenz\u00e1tor jednosmern\u00e9ho spoja je v podstate kritick\u00e1 s\u00fa\u010das\u0165, ktor\u00e1 zabezpe\u010duje stabiln\u00fa a efekt\u00edvnu prev\u00e1dzku syst\u00e9mov v\u00fdkonovej elektroniky.<\/span> <span class=\"citation-12 recitation\">V\u010faka tomu, \u017ee poskytuje vyrovn\u00e1vaciu pam\u00e4\u0165 na uskladnenie energie a stabiliz\u00e1ciu nap\u00e4tia, zohr\u00e1va k\u013e\u00fa\u010dov\u00fa \u00falohu v r\u00f4znych aplik\u00e1ci\u00e1ch, od syst\u00e9mov obnovite\u013en\u00fdch zdrojov energie a\u017e po pohony motorov.<\/span><\/strong><span class=\"button-container hide-from-message-actions ng-star-inserted\"> \u00a0 <\/span><\/p>","protected":false},"excerpt":{"rendered":"<table style=\"height: 485px;\" width=\"682\">\n<tbody>\n<tr>\n<td width=\"146\"><strong><b>Produkt<\/b><\/strong>\u00a0<strong><b>N\u00e1zov:<\/b><\/strong><\/td>\n<td width=\"601\">DC Link kondenz\u00e1tor<\/td>\n<\/tr>\n<tr>\n<td width=\"146\">\n<h4><strong>Kr\u00e1tky popis:<\/strong><\/h4>\n<\/td>\n<td width=\"601\">\u0160iroko sa pou\u017e\u00edva v r\u00f4znych druhoch elektronick\u00fdch zariaden\u00ed DC link na podporu jednosmern\u00e9ho pr\u00fadu, skladovanie energie a filter, napr. vetern\u00e9 syst\u00e9my a meni\u010de;<\/td>\n<\/tr>\n<tr>\n<td width=\"146\"><strong>Rozsah kapacity:<\/strong><\/td>\n<td width=\"601\">20\u00b5F ~ 5600\u00b5F<\/td>\n<\/tr>\n<tr>\n<td width=\"146\"><strong>Menovit\u00e9 nap\u00e4tie\uff1a<\/strong><\/td>\n<td width=\"601\">500 ~ 4000 VDC<\/td>\n<\/tr>\n<tr>\n<td width=\"146\"><strong>Cap.tol\uff1a<\/strong><\/td>\n<td width=\"601\">\u00a0\u00a0\u00b15%\uff08J\uff09\uff1b\u00b110%\uff08K\uff09<\/td>\n<\/tr>\n<tr>\n<td width=\"146\"><\/td>\n<td width=\"601\"><\/td>\n<\/tr>\n<\/tbody>\n<\/table>","protected":false},"featured_media":1625,"comment_status":"open","ping_status":"closed","template":"","meta":[],"product_brand":[],"product_cat":[38],"product_tag":[],"class_list":{"0":"post-1624","1":"product","2":"type-product","3":"status-publish","4":"has-post-thumbnail","6":"product_cat-dc-capacitor-2","8":"first","9":"instock","10":"shipping-taxable","11":"product-type-simple"},"_links":{"self":[{"href":"https:\/\/rf-capacitor.com\/sk\/wp-json\/wp\/v2\/product\/1624","targetHints":{"allow":["GET"]}}],"collection":[{"href":"https:\/\/rf-capacitor.com\/sk\/wp-json\/wp\/v2\/product"}],"about":[{"href":"https:\/\/rf-capacitor.com\/sk\/wp-json\/wp\/v2\/types\/product"}],"replies":[{"embeddable":true,"href":"https:\/\/rf-capacitor.com\/sk\/wp-json\/wp\/v2\/comments?post=1624"}],"wp:featuredmedia":[{"embeddable":true,"href":"https:\/\/rf-capacitor.com\/sk\/wp-json\/wp\/v2\/media\/1625"}],"wp:attachment":[{"href":"https:\/\/rf-capacitor.com\/sk\/wp-json\/wp\/v2\/media?parent=1624"}],"wp:term":[{"taxonomy":"product_brand","embeddable":true,"href":"https:\/\/rf-capacitor.com\/sk\/wp-json\/wp\/v2\/product_brand?post=1624"},{"taxonomy":"product_cat","embeddable":true,"href":"https:\/\/rf-capacitor.com\/sk\/wp-json\/wp\/v2\/product_cat?post=1624"},{"taxonomy":"product_tag","embeddable":true,"href":"https:\/\/rf-capacitor.com\/sk\/wp-json\/wp\/v2\/product_tag?post=1624"}],"curies":[{"name":"wp","href":"https:\/\/api.w.org\/{rel}","templated":true}]}}