{"id":2104,"date":"2025-01-14T07:06:50","date_gmt":"2025-01-14T07:06:50","guid":{"rendered":"https:\/\/rf-capacitor.com\/?post_type=product&#038;p=2104"},"modified":"2025-01-14T07:41:45","modified_gmt":"2025-01-14T07:41:45","slug":"dc-electrical-voltage-transducer","status":"publish","type":"product","link":"https:\/\/rf-capacitor.com\/ro\/dc-electrical-voltage-transducer\/","title":{"rendered":"Traductor de tensiune electric\u0103 DC"},"content":{"rendered":"<p data-sourcepos=\"1:1-1:188\">Un traductor de tensiune electric\u0103 continu\u0103 este un dispozitiv care converte\u0219te un semnal de intrare (de obicei o tensiune sau un curent continuu) \u00eentr-un semnal de ie\u0219ire corespunz\u0103tor, adesea \u00eentr-un format diferit sau la un nivel diferit.<\/p>\n<h2 data-sourcepos=\"3:1-3:18\">Func\u021biile cheie ale traductorului de tensiune electric\u0103 DC:<\/h2>\n<ul data-sourcepos=\"5:1-13:0\">\n<li data-sourcepos=\"5:1-10:0\">\n<p data-sourcepos=\"5:3-5:27\"><strong>Condi\u021bionarea semnalului:<\/strong><\/p>\n<ul data-sourcepos=\"6:5-10:0\">\n<li data-sourcepos=\"6:5-6:68\"><strong>Amplificare:<\/strong> Cre\u0219te puterea unui semnal DC slab.<\/li>\n<li data-sourcepos=\"7:5-7:111\"><strong>Izolarea:<\/strong> Izoleaz\u0103 semnalul de intrare de cel de ie\u0219ire, prevenind buclele de mas\u0103 \u0219i interferen\u021bele de zgomot.<\/li>\n<li data-sourcepos=\"8:5-8:89\"><strong>Linearizare:<\/strong> Linearizeaz\u0103 semnalul de intrare pentru a \u00eembun\u0103t\u0103\u021bi precizia \u0219i consisten\u021ba.<\/li>\n<li data-sourcepos=\"9:5-10:0\"><strong>Conversie:<\/strong> Converte\u0219te semnalul de intrare de la un format la altul (de exemplu, curent la tensiune, tensiune la curent).<\/li>\n<\/ul>\n<\/li>\n<li data-sourcepos=\"11:1-13:0\">\n<p data-sourcepos=\"11:3-11:25\"><strong>Transmiterea datelor:<\/strong><\/p>\n<ul data-sourcepos=\"12:5-13:0\">\n<li data-sourcepos=\"12:5-13:0\">Transmite semnalul condi\u021bionat pe distan\u021be lungi utiliz\u00e2nd diferite protocoale de comunicare (de exemplu, 4-20mA, RS485, Modbus).<\/li>\n<\/ul>\n<\/li>\n<\/ul>\n<h2 data-sourcepos=\"14:1-14:17\">Aplica\u021bii:<\/h2>\n<ul data-sourcepos=\"16:1-25:0\">\n<li data-sourcepos=\"16:1-18:31\"><strong>Automatizare industrial\u0103:<\/strong>\n<ul data-sourcepos=\"17:5-18:31\">\n<li data-sourcepos=\"17:5-17:89\">Monitorizarea \u0219i controlul proceselor industriale (temperatur\u0103, presiune, debit etc.).<\/li>\n<li data-sourcepos=\"18:5-18:31\">Sisteme de achizi\u021bie de date.<\/li>\n<\/ul>\n<\/li>\n<li data-sourcepos=\"19:1-20:55\"><strong>Automatizarea cl\u0103dirilor:<\/strong>\n<ul data-sourcepos=\"20:5-20:55\">\n<li data-sourcepos=\"20:5-20:55\">Controlul HVAC, controlul iluminatului, sisteme de securitate.<\/li>\n<\/ul>\n<\/li>\n<li data-sourcepos=\"21:1-22:100\"><strong>Controlul proceselor:<\/strong>\n<ul data-sourcepos=\"22:5-22:100\">\n<li data-sourcepos=\"22:5-22:100\">Monitorizarea \u0219i controlul proceselor chimice, tratarea apei \u0219i alte procese industriale.<\/li>\n<\/ul>\n<\/li>\n<li data-sourcepos=\"23:1-25:0\"><strong>\u00cenregistrarea datelor:<\/strong>\n<ul data-sourcepos=\"24:5-25:0\">\n<li data-sourcepos=\"24:5-25:0\">Colectarea \u0219i transmiterea datelor din loca\u021bii \u00eendep\u0103rtate.<\/li>\n<\/ul>\n<\/li>\n<\/ul>\n<h2 data-sourcepos=\"26:1-26:17\">Caracteristici principale ale traductorului de tensiune electric\u0103 DC:<\/h2>\n<ul data-sourcepos=\"28:1-33:0\">\n<li data-sourcepos=\"28:1-28:79\"><strong>Acurate\u021be:<\/strong> Precizia ridicat\u0103 este esen\u021bial\u0103 pentru m\u0103sur\u0103tori \u0219i control fiabile.<\/li>\n<li data-sourcepos=\"29:1-29:89\"><strong>Stabilitate:<\/strong> Performan\u021b\u0103 stabil\u0103 \u00een timp \u0219i \u00een condi\u021bii de mediu variate.<\/li>\n<li data-sourcepos=\"30:1-30:61\"><strong>Fiabilitate:<\/strong> Construc\u021bie robust\u0103 \u0219i durat\u0103 lung\u0103 de via\u021b\u0103.<\/li>\n<li data-sourcepos=\"31:1-31:103\"><strong>Izolarea:<\/strong> Izolare electric\u0103 \u00eentre circuitele de intrare \u0219i ie\u0219ire pentru siguran\u021b\u0103 \u0219i reducerea zgomotului.<\/li>\n<li data-sourcepos=\"32:1-33:0\"><strong>Protocoale de comunicare:<\/strong> Compatibilitate cu diverse protocoale de comunicare pentru o integrare u\u0219oar\u0103 \u00een sistemele existente.<\/li>\n<\/ul>\n<p data-sourcepos=\"34:1-34:211\">Traductoarele de tensiune electric\u0103 DC sunt componente esen\u021biale \u00eentr-o gam\u0103 larg\u0103 de aplica\u021bii, permi\u021b\u00e2nd m\u0103surarea precis\u0103 \u0219i transmiterea parametrilor de proces critici pentru \u00eembun\u0103t\u0103\u021birea controlului, monitoriz\u0103rii \u0219i achizi\u021biei de date.<\/p>","protected":false},"excerpt":{"rendered":"<table style=\"height: 461px;\" width=\"189\">\n<tbody>\n<tr>\n<td width=\"179\">Model<\/td>\n<td width=\"113\">Principiul<\/td>\n<td width=\"128\">Intrare nominal\u0103<\/td>\n<td width=\"160\">Tensiunea de alimentare (V)<\/td>\n<td width=\"164\">Ie\u0219ire @ intrare nominal\u0103<\/td>\n<td width=\"106\">L\u0103\u021bime de band\u0103 (Hz)<\/td>\n<td width=\"121\">Precizie la temperatura normal\u0103 \uff08%\uff09<\/td>\n<td width=\"105\">TA (\u2103)<\/td>\n<td width=\"109\">Metoda de instalare<\/td>\n<td width=\"151\">Deschidere\/conexiune (mm)<\/td>\n<\/tr>\n<tr>\n<td width=\"179\">HOC50EKA128<\/td>\n<td width=\"113\">Bucl\u0103 deschis\u0103<\/td>\n<td width=\"128\">\u00b150A<\/td>\n<td width=\"160\">+24V<\/td>\n<td width=\"164\">DC 12\u00b18mA<\/td>\n<td width=\"106\">DC-20 (-3dB)<\/td>\n<td width=\"121\">1<\/td>\n<td width=\"105\">-40&#8230;+85<\/td>\n<td width=\"109\">Perforare<\/td>\n<td width=\"151\">\u03a621<\/td>\n<\/tr>\n<tr>\n<td width=\"179\">HOC100EKA128<\/td>\n<td width=\"113\">Bucl\u0103 deschis\u0103<\/td>\n<td width=\"128\">\u00b1100A<\/td>\n<td width=\"160\">+24V<\/td>\n<td width=\"164\">DC 12\u00b18mA<\/td>\n<td width=\"106\">DC-20 (-3dB)<\/td>\n<td width=\"121\">1<\/td>\n<td width=\"105\">-40&#8230;+85<\/td>\n<td width=\"109\">Perforare<\/td>\n<td width=\"151\">\u03a621<\/td>\n<\/tr>\n<tr>\n<td width=\"179\">HOC150EKA128<\/td>\n<td width=\"113\">Bucl\u0103 deschis\u0103<\/td>\n<td width=\"128\">\u00b1150A<\/td>\n<td width=\"160\">+24V<\/td>\n<td width=\"164\">DC 12\u00b18mA<\/td>\n<td width=\"106\">DC-20 (-3dB)<\/td>\n<td width=\"121\">1<\/td>\n<td width=\"105\">-40&#8230;+85<\/td>\n<td width=\"109\">Perforare<\/td>\n<td width=\"151\">\u03a621<\/td>\n<\/tr>\n<tr>\n<td width=\"179\">HOC200EKA128<\/td>\n<td width=\"113\">Bucl\u0103 deschis\u0103<\/td>\n<td width=\"128\">\u00b1200A<\/td>\n<td width=\"160\">+24V<\/td>\n<td width=\"164\">DC 12\u00b18mA<\/td>\n<td width=\"106\">DC-20 (-3dB)<\/td>\n<td width=\"121\">1<\/td>\n<td width=\"105\">-40&#8230;+85<\/td>\n<td width=\"109\">Perforare<\/td>\n<td width=\"151\">\u03a621<\/td>\n<\/tr>\n<tr>\n<td width=\"179\">HOC300EKA128<\/td>\n<td width=\"113\">Bucl\u0103 deschis\u0103<\/td>\n<td width=\"128\">\u00b1300A<\/td>\n<td width=\"160\">+24V<\/td>\n<td width=\"164\">DC 12\u00b18mA<\/td>\n<td width=\"106\">DC-20 (-3dB)<\/td>\n<td width=\"121\">1<\/td>\n<td width=\"105\">-40&#8230;+85<\/td>\n<td width=\"109\">Perforare<\/td>\n<td width=\"151\">\u03a621<\/td>\n<\/tr>\n<tr>\n<td width=\"179\">HOC400EKA128<\/td>\n<td width=\"113\">Bucl\u0103 deschis\u0103<\/td>\n<td width=\"128\">\u00b1400A<\/td>\n<td width=\"160\">+24V<\/td>\n<td width=\"164\">DC 12\u00b18mA<\/td>\n<td width=\"106\">DC-20 (-3dB)<\/td>\n<td width=\"121\">1<\/td>\n<td width=\"105\">-40&#8230;+85<\/td>\n<td width=\"109\">Perforare<\/td>\n<td width=\"151\">\u03a621<\/td>\n<\/tr>\n<tr>\n<td width=\"179\">HOC500EKA128<\/td>\n<td width=\"113\">Bucl\u0103 deschis\u0103<\/td>\n<td width=\"128\">\u00b1500A<\/td>\n<td width=\"160\">+24V<\/td>\n<td width=\"164\">DC 12\u00b18mA<\/td>\n<td width=\"106\">DC-20 (-3dB)<\/td>\n<td width=\"121\">1<\/td>\n<td width=\"105\">-40&#8230;+85<\/td>\n<td width=\"109\">Perforare<\/td>\n<td width=\"151\">\u03a621<\/td>\n<\/tr>\n<tr>\n<td width=\"179\">HOC600EKA128<\/td>\n<td width=\"113\">Bucl\u0103 deschis\u0103<\/td>\n<td width=\"128\">\u00b1600A<\/td>\n<td width=\"160\">+24V<\/td>\n<td width=\"164\">DC 12\u00b18mA<\/td>\n<td width=\"106\">DC-20 (-3dB)<\/td>\n<td width=\"121\">1<\/td>\n<td width=\"105\">-40&#8230;+85<\/td>\n<td width=\"109\">Perforare<\/td>\n<td width=\"151\">\u03a621<\/td>\n<\/tr>\n<tr>\n<td width=\"179\">HOC100EKB128<\/td>\n<td width=\"113\">Bucl\u0103 deschis\u0103<\/td>\n<td width=\"128\">\u00b1100A<\/td>\n<td width=\"160\">+24V<\/td>\n<td width=\"164\">DC 12\u00b18mA<\/td>\n<td width=\"106\">DC-20 (-3dB)<\/td>\n<td width=\"121\">1<\/td>\n<td width=\"105\">-40&#8230;+85<\/td>\n<td width=\"109\">Perforare<\/td>\n<td width=\"151\">\u03a640.5<\/td>\n<\/tr>\n<tr>\n<td width=\"179\">HOC200EKB128<\/td>\n<td width=\"113\">Bucl\u0103 deschis\u0103<\/td>\n<td width=\"128\">\u00b1200A<\/td>\n<td width=\"160\">+24V<\/td>\n<td width=\"164\">DC 12\u00b18mA<\/td>\n<td width=\"106\">DC-20 (-3dB)<\/td>\n<td width=\"121\">1<\/td>\n<td width=\"105\">-40&#8230;+85<\/td>\n<td width=\"109\">Perforare<\/td>\n<td width=\"151\">\u03a640.5<\/td>\n<\/tr>\n<tr>\n<td width=\"179\">HOC300EKB128<\/td>\n<td width=\"113\">Bucl\u0103 deschis\u0103<\/td>\n<td width=\"128\">\u00b1300A<\/td>\n<td width=\"160\">+24V<\/td>\n<td width=\"164\">DC 12\u00b18mA<\/td>\n<td width=\"106\">DC-20 (-3dB)<\/td>\n<td width=\"121\">1<\/td>\n<td width=\"105\">-40&#8230;+85<\/td>\n<td width=\"109\">Perforare<\/td>\n<td width=\"151\">\u03a640.5<\/td>\n<\/tr>\n<tr>\n<td width=\"179\">HOC500EKB128<\/td>\n<td width=\"113\">Bucl\u0103 deschis\u0103<\/td>\n<td width=\"128\">\u00b1500A<\/td>\n<td width=\"160\">+24V<\/td>\n<td width=\"164\">DC 12\u00b18mA<\/td>\n<td width=\"106\">DC-20 (-3dB)<\/td>\n<td width=\"121\">1<\/td>\n<td width=\"105\">-40&#8230;+85<\/td>\n<td width=\"109\">Perforare<\/td>\n<td width=\"151\">\u03a640.5<\/td>\n<\/tr>\n<tr>\n<td width=\"179\">HOC1000EKB128<\/td>\n<td width=\"113\">Bucl\u0103 deschis\u0103<\/td>\n<td width=\"128\">\u00b11000A<\/td>\n<td width=\"160\">+24V<\/td>\n<td width=\"164\">DC 12\u00b18mA<\/td>\n<td width=\"106\">DC-20 (-3dB)<\/td>\n<td width=\"121\">1<\/td>\n<td width=\"105\">-40&#8230;+85<\/td>\n<td width=\"109\">Perforare<\/td>\n<td width=\"151\">\u03a640.5<\/td>\n<\/tr>\n<tr>\n<td width=\"179\">HOC2000EKB128<\/td>\n<td width=\"113\">Bucl\u0103 deschis\u0103<\/td>\n<td width=\"128\">\u00b12000A<\/td>\n<td width=\"160\">+24V<\/td>\n<td width=\"164\">DC 12\u00b18mA<\/td>\n<td width=\"106\">DC-20 (-3dB)<\/td>\n<td width=\"121\">1<\/td>\n<td width=\"105\">-40&#8230;+85<\/td>\n<td width=\"109\">Perforare<\/td>\n<td width=\"151\">\u03a640.5<\/td>\n<\/tr>\n<\/tbody>\n<\/table>","protected":false},"featured_media":2081,"comment_status":"open","ping_status":"closed","template":"","meta":[],"product_brand":[],"product_cat":[44],"product_tag":[],"class_list":{"0":"post-2104","1":"product","2":"type-product","3":"status-publish","4":"has-post-thumbnail","6":"product_cat-current-sensor-2","8":"first","9":"instock","10":"shipping-taxable","11":"product-type-simple"},"_links":{"self":[{"href":"https:\/\/rf-capacitor.com\/ro\/wp-json\/wp\/v2\/product\/2104","targetHints":{"allow":["GET"]}}],"collection":[{"href":"https:\/\/rf-capacitor.com\/ro\/wp-json\/wp\/v2\/product"}],"about":[{"href":"https:\/\/rf-capacitor.com\/ro\/wp-json\/wp\/v2\/types\/product"}],"replies":[{"embeddable":true,"href":"https:\/\/rf-capacitor.com\/ro\/wp-json\/wp\/v2\/comments?post=2104"}],"wp:featuredmedia":[{"embeddable":true,"href":"https:\/\/rf-capacitor.com\/ro\/wp-json\/wp\/v2\/media\/2081"}],"wp:attachment":[{"href":"https:\/\/rf-capacitor.com\/ro\/wp-json\/wp\/v2\/media?parent=2104"}],"wp:term":[{"taxonomy":"product_brand","embeddable":true,"href":"https:\/\/rf-capacitor.com\/ro\/wp-json\/wp\/v2\/product_brand?post=2104"},{"taxonomy":"product_cat","embeddable":true,"href":"https:\/\/rf-capacitor.com\/ro\/wp-json\/wp\/v2\/product_cat?post=2104"},{"taxonomy":"product_tag","embeddable":true,"href":"https:\/\/rf-capacitor.com\/ro\/wp-json\/wp\/v2\/product_tag?post=2104"}],"curies":[{"name":"wp","href":"https:\/\/api.w.org\/{rel}","templated":true}]}}