{"id":1898,"date":"2025-01-02T07:08:04","date_gmt":"2025-01-02T07:08:04","guid":{"rendered":"https:\/\/rf-capacitor.com\/?post_type=product&#038;p=1898"},"modified":"2025-01-02T07:08:04","modified_gmt":"2025-01-02T07:08:04","slug":"decoupling-resonant-capacitor","status":"publish","type":"product","link":"https:\/\/rf-capacitor.com\/ro\/decoupling-resonant-capacitor\/","title":{"rendered":"Condensator rezonant de decuplare"},"content":{"rendered":"<div class=\"user-query-container ng-star-inserted\">\n<div id=\"user-query-content-7\" class=\"query-content\">\n<div class=\"query-text gds-body-l ng-star-inserted\" dir=\"ltr\" role=\"heading\" aria-level=\"2\">\n<h3 class=\"query-text-line ng-star-inserted\">Condensator rezonant de decuplare<\/h3>\n<\/div>\n<\/div>\n<div class=\"button-gutter\"><span class=\"citation-0 recitation\" style=\"font-size: 14.4px; color: #555555;\">\u00cen electronic\u0103, o <\/span><strong style=\"font-size: 14.4px; color: #555555;\"><span class=\"citation-0 recitation\">condensator de decuplare<\/span><\/strong><span class=\"citation-0 recitation citation-end-0\" style=\"font-size: 14.4px; color: #555555;\"> este o component\u0103 esen\u021bial\u0103 utilizat\u0103 pentru stabilizarea tensiunilor de alimentare \u0219i minimizarea zgomotului electric.<\/span><span class=\"button-container hide-from-message-actions ng-star-inserted\" style=\"font-size: 14.4px; color: #555555;\">\u00a0 \u00a0<\/span><\/div>\n<\/div>\n<div>\n<div class=\"response-container ng-tns-c3227055261-111 response-optimization tts-removed ng-star-inserted response-container-has-multiple-responses\">\n<div class=\"presented-response-container ng-tns-c3227055261-111\">\n<div class=\"response-container-content ng-tns-c3227055261-111 tunable-selection-with-avatar\">\n<div class=\"response-content ng-tns-c3227055261-111\">\n<div id=\"model-response-message-contentr_e018e616d4e5ed8e\" class=\"markdown markdown-main-panel tutor-markdown-rendering response-optimization\" dir=\"ltr\">\n<h3 data-sourcepos=\"3:1-3:17\"><strong>Cum func\u021bioneaz\u0103 condensatorul rezonant de decuplare:<\/strong><\/h3>\n<ul data-sourcepos=\"5:1-8:0\">\n<li data-sourcepos=\"5:1-5:224\"><strong><span class=\"citation-1 recitation\">Stocarea local\u0103 a energiei:<\/span><\/strong><span class=\"citation-1 recitation citation-end-1\"> Condensatoarele de decuplare ac\u021bioneaz\u0103 ca mici rezervoare locale de energie.<\/span> <span class=\"citation-2 recitation citation-end-2\">Acestea sunt amplasate foarte aproape de circuitele integrate (IC) sau de alte componente pe care sunt destinate s\u0103 le decupleze.<\/span><span class=\"button-container hide-from-message-actions ng-star-inserted\"> \u00a0<\/span>\n<div class=\"container ng-tns-c362440147-116 hide\">\n<div class=\"carousel-container ng-tns-c362440147-116\"><\/div>\n<\/div>\n<\/li>\n<li data-sourcepos=\"6:1-6:261\"><strong><span class=\"citation-3 recitation\">Suprimarea fluctua\u021biilor de tensiune:<\/span><\/strong><span class=\"citation-3 recitation citation-end-3\"> Atunci c\u00e2nd un circuit integrat consum\u0103 brusc un curent mare (de exemplu, \u00een timpul opera\u021biunilor de comutare), condensatorul de decuplare poate furniza rapid acest curent, \u00eempiedic\u00e2nd c\u0103derile semnificative de tensiune pe liniile de alimentare.<\/span><span class=\"button-container hide-from-message-actions ng-star-inserted\">\u00a0 \u00a0<\/span>\n<div class=\"container ng-tns-c362440147-117 hide\">\n<div class=\"carousel-container ng-tns-c362440147-117\"><\/div>\n<\/div>\n<\/li>\n<li data-sourcepos=\"7:1-8:0\"><strong>Filtrarea zgomotului:<\/strong> <span class=\"citation-4 recitation citation-end-4\">Condensatoarele de decuplare ac\u021bioneaz\u0103, de asemenea, ca filtre, trimi\u021b\u00e2nd curen\u021bii de zgomot de \u00eenalt\u0103 frecven\u021b\u0103 la mas\u0103, minimiz\u00e2nd astfel impactul zgomotului asupra func\u021bion\u0103rii circuitului integrat.<\/span><span class=\"button-container hide-from-message-actions ng-star-inserted\">\u00a0<\/span>\n<div class=\"container ng-tns-c362440147-118 hide\">\n<div class=\"carousel-container ng-tns-c362440147-118\"><\/div>\n<\/div>\n<\/li>\n<\/ul>\n<h3 data-sourcepos=\"9:1-9:24\"><strong>Caracteristici cheie ale condensatorului rezonant de decuplare:<\/strong><\/h3>\n<ul data-sourcepos=\"11:1-14:0\">\n<li data-sourcepos=\"11:1-11:117\"><strong><span class=\"citation-5 recitation\">ESR (Rezisten\u021b\u0103 echivalent\u0103 \u00een serie) sc\u0103zut\u0103:<\/span><\/strong><span class=\"citation-5 recitation citation-end-5\"> Minimizeaz\u0103 pierderile de energie \u0219i asigur\u0103 livrarea rapid\u0103 a curentului.<\/span><span class=\"button-container hide-from-message-actions ng-star-inserted\">\u00a0<\/span>\n<div class=\"container ng-tns-c362440147-119 hide\">\n<div class=\"carousel-container ng-tns-c362440147-119\"><\/div>\n<\/div>\n<\/li>\n<li data-sourcepos=\"12:1-12:95\"><strong>Capacitate ridicat\u0103:<\/strong> Ofer\u0103 suficient\u0103 stocare a energiei pentru a face fa\u021b\u0103 cererilor de curent tranzitorii.<\/li>\n<li data-sourcepos=\"13:1-14:0\"><strong>Dimensiuni mici \u0219i induc\u021bie redus\u0103:<\/strong> Permite plasarea foarte aproape de IC pentru a minimiza impactul inductan\u021bei parazite.<\/li>\n<\/ul>\n<h3 data-sourcepos=\"15:1-15:17\"><strong>Tipuri comune de condensator rezonant de decuplare:<\/strong><\/h3>\n<ul data-sourcepos=\"17:1-20:0\">\n<li data-sourcepos=\"17:1-17:93\"><strong>Condensatoare ceramice:<\/strong> Utilizate pe scar\u0103 larg\u0103 datorit\u0103 dimensiunilor lor mici, capacit\u0103\u021bii ridicate \u0219i ESR sc\u0103zut.<\/li>\n<li data-sourcepos=\"18:1-18:85\"><strong><span class=\"citation-6 recitation\">Condensatoare cu tantal:<\/span><\/strong><span class=\"citation-6 recitation citation-end-6\"> Ofer\u0103 performan\u021be bune la frecven\u021be mai mari.<\/span><span class=\"button-container hide-from-message-actions ng-star-inserted\"> \u00a0<\/span>\n<div class=\"container ng-tns-c362440147-120 hide\">\n<div class=\"carousel-container ng-tns-c362440147-120\"><\/div>\n<\/div>\n<\/li>\n<li data-sourcepos=\"19:1-20:0\"><strong><span class=\"citation-7 recitation\">Condensatoare electrolitice:<\/span><\/strong><span class=\"citation-7 recitation citation-end-7\"> Utilizat de obicei pentru valori mai mari ale capacit\u0103\u021bii \u00een aplica\u021bii \u00een care dimensiunea este mai pu\u021bin critic\u0103<\/span><span class=\"button-container hide-from-message-actions ng-star-inserted\">\u00a0 .<\/span>\n<div class=\"container ng-tns-c362440147-121 hide\">\n<div class=\"carousel-container ng-tns-c362440147-121\"><\/div>\n<\/div>\n<\/li>\n<\/ul>\n<h3 data-sourcepos=\"21:1-21:28\"><strong>Plasare \u0219i selec\u021bie:<\/strong><\/h3>\n<ul data-sourcepos=\"23:1-25:0\">\n<li data-sourcepos=\"23:1-23:247\"><strong>Plasament:<\/strong> <span class=\"citation-8 recitation citation-end-8\">Condensatoarele de decuplare trebuie plasate c\u00e2t mai aproape posibil (\u00een mod ideal direct pe pinii CI) de pinii de alimentare \u0219i de mas\u0103 ai CI.<\/span> <span class=\"citation-9 recitation citation-end-9\">Conexiunile scurte \u0219i directe minimizeaz\u0103 impactul inductan\u021bei parazite.<\/span><span class=\"button-container hide-from-message-actions ng-star-inserted\"> \u00a0<\/span>\n<div class=\"container ng-tns-c362440147-122 hide\">\n<div class=\"carousel-container ng-tns-c362440147-122\"><\/div>\n<\/div>\n<\/li>\n<li data-sourcepos=\"24:1-25:0\"><strong>Selec\u021bie:<\/strong> Alegerea tipului \u0219i a valorii condensatorului depinde de aplica\u021bia specific\u0103 \u0219i de caracteristicile circuitului integrat. Trebuie lua\u021bi \u00een considerare factori precum viteza de comutare, consumul de curent \u0219i frecven\u021ba de func\u021bionare a circuitului integrat.<\/li>\n<\/ul>\n<h3 data-sourcepos=\"26:1-26:15\"><strong>\u00cen rezumat:<\/strong><\/h3>\n<p data-sourcepos=\"28:1-28:301\"><span class=\"citation-10 recitation citation-end-10\">Condensatoarele de decuplare sunt componente esen\u021biale \u00een circuitele electronice, \u00een special \u00een sistemele digitale de mare vitez\u0103.<\/span> <span class=\"citation-11 recitation citation-end-11\">Prin decuplarea eficient\u0103 a circuitelor integrate de liniile de alimentare, acestea contribuie la asigurarea unei func\u021bion\u0103ri stabile, minimizeaz\u0103 zgomotul \u0219i \u00eembun\u0103t\u0103\u021besc performan\u021ba general\u0103 a sistemului.<\/span><span class=\"button-container hide-from-message-actions ng-star-inserted\"> \u00a0<\/span><\/p>\n<p data-sourcepos=\"30:1-30:208\"><strong>Not\u0103:<\/strong> Aceast\u0103 explica\u021bie ofer\u0103 o prezentare general\u0103. Cerin\u021bele specifice pentru condensatoarele de decuplare vor varia \u00een func\u021bie de aplica\u021bia specific\u0103 \u0219i de caracteristicile circuitului electronic.<\/p>\n<\/div>\n<\/div>\n<\/div>\n<\/div>\n<\/div>\n<\/div>","protected":false},"excerpt":{"rendered":"<table style=\"height: 479px;\" width=\"711\">\n<tbody>\n<tr>\n<td width=\"146\"><strong><b>Produs<\/b><\/strong>\u00a0<strong><b>Nume:<\/b><\/strong><\/td>\n<td width=\"601\"><strong>Condensator rezonant de decuplare<\/strong><\/td>\n<\/tr>\n<tr>\n<td width=\"146\">\n<h4><strong>Scurt\u0103 descriere:<\/strong><\/h4>\n<\/td>\n<td width=\"601\">CRE este capabil s\u0103 furnizeze condensatoare rezonante de mare putere care gestioneaz\u0103 tensiuni \u0219i curen\u021bi mari \u00eentr-un pachet compact de dimensiuni mici.<\/p>\n<p>&nbsp;<\/td>\n<\/tr>\n<tr>\n<td width=\"146\"><strong>Gama de capacit\u0103\u021bi:<\/strong><\/td>\n<td width=\"601\">1\u03bcF\uff5e8\u03bcF<\/td>\n<\/tr>\n<tr>\n<td width=\"146\"><strong>Tensiune nominal\u0103\uff1a<\/strong><\/td>\n<td width=\"601\">1200V.DC\uff5e4000V.DC<\/td>\n<\/tr>\n<tr>\n<td width=\"146\"><strong>Cap.tol\uff1a<\/strong><\/td>\n<td width=\"601\">\u00b15%(J) ;\u00b110%(K)<\/td>\n<\/tr>\n<tr>\n<td width=\"146\"><strong>Tensiune de rezisten\u021b\u0103:<\/strong><\/td>\n<td width=\"601\">1,5Un \/10S<\/td>\n<\/tr>\n<\/tbody>\n<\/table>","protected":false},"featured_media":1899,"comment_status":"open","ping_status":"closed","template":"","meta":[],"product_brand":[],"product_cat":[42],"product_tag":[],"class_list":{"0":"post-1898","1":"product","2":"type-product","3":"status-publish","4":"has-post-thumbnail","6":"product_cat-resonance-capacitor","8":"first","9":"instock","10":"shipping-taxable","11":"product-type-simple"},"_links":{"self":[{"href":"https:\/\/rf-capacitor.com\/ro\/wp-json\/wp\/v2\/product\/1898","targetHints":{"allow":["GET"]}}],"collection":[{"href":"https:\/\/rf-capacitor.com\/ro\/wp-json\/wp\/v2\/product"}],"about":[{"href":"https:\/\/rf-capacitor.com\/ro\/wp-json\/wp\/v2\/types\/product"}],"replies":[{"embeddable":true,"href":"https:\/\/rf-capacitor.com\/ro\/wp-json\/wp\/v2\/comments?post=1898"}],"wp:featuredmedia":[{"embeddable":true,"href":"https:\/\/rf-capacitor.com\/ro\/wp-json\/wp\/v2\/media\/1899"}],"wp:attachment":[{"href":"https:\/\/rf-capacitor.com\/ro\/wp-json\/wp\/v2\/media?parent=1898"}],"wp:term":[{"taxonomy":"product_brand","embeddable":true,"href":"https:\/\/rf-capacitor.com\/ro\/wp-json\/wp\/v2\/product_brand?post=1898"},{"taxonomy":"product_cat","embeddable":true,"href":"https:\/\/rf-capacitor.com\/ro\/wp-json\/wp\/v2\/product_cat?post=1898"},{"taxonomy":"product_tag","embeddable":true,"href":"https:\/\/rf-capacitor.com\/ro\/wp-json\/wp\/v2\/product_tag?post=1898"}],"curies":[{"name":"wp","href":"https:\/\/api.w.org\/{rel}","templated":true}]}}