{"id":1886,"date":"2025-01-02T06:26:09","date_gmt":"2025-01-02T06:26:09","guid":{"rendered":"https:\/\/rf-capacitor.com\/?post_type=product&#038;p=1886"},"modified":"2025-01-02T06:26:09","modified_gmt":"2025-01-02T06:26:09","slug":"high-voltage-resonance-capacitor","status":"publish","type":"product","link":"https:\/\/rf-capacitor.com\/ro\/high-voltage-resonance-capacitor\/","title":{"rendered":"Condensator de rezonan\u021b\u0103 de \u00eenalt\u0103 tensiune"},"content":{"rendered":"<div class=\"user-query-container ng-star-inserted\">\n<div id=\"user-query-content-5\" class=\"query-content\">\n<div class=\"query-text gds-body-l ng-star-inserted\" dir=\"ltr\" role=\"heading\" aria-level=\"2\">\n<h3 class=\"query-text-line ng-star-inserted\">Condensator de rezonan\u021b\u0103 de \u00eenalt\u0103 tensiune<\/h3>\n<\/div>\n<\/div>\n<\/div>\n<div>\n<div class=\"response-container ng-tns-c3227055261-91 response-optimization tts-removed ng-star-inserted response-container-has-multiple-responses\">\n<div class=\"presented-response-container ng-tns-c3227055261-91\">\n<div class=\"response-container-content ng-tns-c3227055261-91 tunable-selection-with-avatar\">\n<div class=\"response-content ng-tns-c3227055261-91\">\n<div id=\"model-response-message-contentr_53dd446f46a75fa7\" class=\"markdown markdown-main-panel tutor-markdown-rendering response-optimization\" dir=\"ltr\">\n<p data-sourcepos=\"1:1-1:126\"><span class=\"citation-0 recitation citation-end-0\">Condensatoarele de rezonan\u021b\u0103 de \u00eenalt\u0103 tensiune sunt componente specializate concepute pentru a fi utilizate \u00een circuite rezonante de \u00eenalt\u0103 tensiune.<\/span><span class=\"button-container hide-from-message-actions ng-star-inserted\"> \u00a0<\/span><\/p>\n<h3 data-sourcepos=\"3:1-3:24\"><strong>Caracteristici cheie:<\/strong><\/h3>\n<ul data-sourcepos=\"5:1-10:0\">\n<li data-sourcepos=\"5:1-5:127\"><strong>Tensiune nominal\u0103 extrem de ridicat\u0103:<\/strong> <span class=\"citation-1 recitation citation-end-1\">Capabile s\u0103 reziste la tensiuni foarte mari (de obicei \u00een domeniul kilovol\u021bilor).<\/span><span class=\"button-container hide-from-message-actions ng-star-inserted\">\u00a0 \u00a0<\/span>\n<div class=\"container ng-tns-c362440147-96 hide\">\n<div class=\"carousel-container ng-tns-c362440147-96\"><\/div>\n<\/div>\n<\/li>\n<li data-sourcepos=\"6:1-6:95\"><strong>Pierdere redus\u0103:<\/strong> Pierderi interne minime pentru a minimiza disiparea de energie \u0219i a maximiza eficien\u021ba.<\/li>\n<li data-sourcepos=\"7:1-7:110\"><strong>Factor Q ridicat:<\/strong> <span class=\"citation-2 recitation citation-end-2\">Un factor de calitate ridicat (Q) este esen\u021bial pentru func\u021bionarea eficient\u0103 a circuitului rezonant.<\/span><span class=\"button-container hide-from-message-actions ng-star-inserted\">\u00a0 \u00a0<\/span>\n<div class=\"container ng-tns-c362440147-97 hide\">\n<div class=\"carousel-container ng-tns-c362440147-97\"><\/div>\n<\/div>\n<\/li>\n<li data-sourcepos=\"8:1-8:96\"><strong>Capacitate precis\u0103:<\/strong> Critic pentru ob\u021binerea frecven\u021bei de rezonan\u021b\u0103 dorite \u00een circuit.<\/li>\n<li data-sourcepos=\"9:1-10:0\"><strong>Construc\u021bie robust\u0103:<\/strong> Proiectate pentru a rezista la solicit\u0103rile legate de func\u021bionarea la \u00eenalt\u0103 tensiune \u0219i la mediile solicitante \u00een care sunt utilizate.<\/li>\n<\/ul>\n<h3 data-sourcepos=\"11:1-11:17\"><strong>Aplica\u021bii:<\/strong><\/h3>\n<ul data-sourcepos=\"13:1-18:0\">\n<li data-sourcepos=\"13:1-13:154\"><strong><span class=\"citation-3 recitation\">Bobine Tesla:<\/span><\/strong><span class=\"citation-3 recitation citation-end-3\"> Un exemplu clasic, \u00een care sunt utilizate condensatoare de rezonan\u021b\u0103 de \u00eenalt\u0103 tensiune pentru a genera oscila\u021bii de \u00eenalt\u0103 tensiune \u0219i \u00eenalt\u0103 frecven\u021b\u0103.<\/span><span class=\"button-container hide-from-message-actions ng-star-inserted\">\u00a0<\/span>\n<div class=\"container ng-tns-c362440147-98 hide\">\n<div class=\"carousel-container ng-tns-c362440147-98\"><\/div>\n<\/div>\n<\/li>\n<li data-sourcepos=\"14:1-14:135\"><strong>Acceleratoare de particule:<\/strong> Folosit \u00een diverse componente ale acceleratoarelor de particule pentru a genera \u0219i manipula fascicule de particule de \u00eenalt\u0103 energie.<\/li>\n<li data-sourcepos=\"15:1-15:85\"><strong>Transmi\u021b\u0103toare de mare putere:<\/strong> Se g\u0103se\u0219te \u00een emi\u021b\u0103toarele de radio \u0219i televiziune de mare putere.<\/li>\n<li data-sourcepos=\"16:1-16:98\"><strong>Cercetare \u00een domeniul fizicii plasmei:<\/strong> Utilizat \u00een experimentele de fizic\u0103 a plasmei pentru a genera \u0219i a limita plasmele.<\/li>\n<li data-sourcepos=\"17:1-18:0\"><strong>Aplica\u021bii industriale:<\/strong> Unele aplica\u021bii industriale specializate pot necesita condensatoare de rezonan\u021b\u0103 de \u00eenalt\u0103 tensiune.<\/li>\n<\/ul>\n<p data-sourcepos=\"19:1-19:15\"><strong>\u00cen rezumat:<\/strong><\/p>\n<p data-sourcepos=\"21:1-21:254\">Condensatoarele de rezonan\u021b\u0103 de \u00eenalt\u0103 tensiune sunt componente critice \u00een multe aplica\u021bii de \u00eenalt\u0103 tensiune. Capacitatea lor de a rezista la tensiuni extreme, de a minimiza pierderile \u0219i de a func\u021biona eficient \u00een circuite rezonante le face esen\u021biale pentru aceste aplica\u021bii solicitante.<\/p>\n<\/div>\n<\/div>\n<\/div>\n<\/div>\n<\/div>\n<\/div>","protected":false},"excerpt":{"rendered":"<table style=\"height: 581px;\" width=\"824\">\n<tbody>\n<tr>\n<td width=\"146\"><strong><b>Produs<\/b><\/strong>\u00a0<strong><b>Nume:<\/b><\/strong><\/td>\n<td width=\"601\"><strong>Condensator de rezonan\u021b\u0103 de \u00eenalt\u0103 tensiune<\/strong><\/td>\n<\/tr>\n<tr>\n<td width=\"146\">\n<h4><strong>Scurt\u0103 descriere:<\/strong><\/h4>\n<\/td>\n<td width=\"601\">1. Dimensiune mic\u0103 a pachetului compact<\/p>\n<p>2. Capabile s\u0103 suporte tensiuni \u0219i curen\u021bi mari<\/p>\n<p>3. Utiliza\u021bi un dielectric cu pierderi reduse din film de polipropilen\u0103<\/td>\n<\/tr>\n<tr>\n<td width=\"146\"><strong>Rezisten\u021b\u0103 la desc\u0103rcare:<\/strong><\/td>\n<td width=\"601\">30000M\u03a9<\/td>\n<\/tr>\n<tr>\n<td width=\"146\"><strong>Tensiune nominal\u0103\uff1a<\/strong><\/td>\n<td width=\"601\">5000v\/\u00b5s<\/td>\n<\/tr>\n<tr>\n<td width=\"146\"><strong>Cap.tol\uff1a<\/strong><\/td>\n<td width=\"601\">\n<table style=\"height: 6px;\" border=\"0\" width=\"5\" cellspacing=\"0\">\n<tbody>\n<tr>\n<td valign=\"center\" nowrap=\"nowrap\" width=\"330\"><\/td>\n<\/tr>\n<\/tbody>\n<\/table>\n<p>-40\u2103~ +85\u2103<\/td>\n<\/tr>\n<tr>\n<td width=\"146\"><strong>Durata de via\u021b\u0103:\u00a0<\/strong><\/td>\n<td width=\"601\">100000H<\/td>\n<\/tr>\n<\/tbody>\n<\/table>","protected":false},"featured_media":1887,"comment_status":"open","ping_status":"closed","template":"","meta":[],"product_brand":[],"product_cat":[42],"product_tag":[],"class_list":{"0":"post-1886","1":"product","2":"type-product","3":"status-publish","4":"has-post-thumbnail","6":"product_cat-resonance-capacitor","8":"first","9":"instock","10":"shipping-taxable","11":"product-type-simple"},"_links":{"self":[{"href":"https:\/\/rf-capacitor.com\/ro\/wp-json\/wp\/v2\/product\/1886","targetHints":{"allow":["GET"]}}],"collection":[{"href":"https:\/\/rf-capacitor.com\/ro\/wp-json\/wp\/v2\/product"}],"about":[{"href":"https:\/\/rf-capacitor.com\/ro\/wp-json\/wp\/v2\/types\/product"}],"replies":[{"embeddable":true,"href":"https:\/\/rf-capacitor.com\/ro\/wp-json\/wp\/v2\/comments?post=1886"}],"wp:featuredmedia":[{"embeddable":true,"href":"https:\/\/rf-capacitor.com\/ro\/wp-json\/wp\/v2\/media\/1887"}],"wp:attachment":[{"href":"https:\/\/rf-capacitor.com\/ro\/wp-json\/wp\/v2\/media?parent=1886"}],"wp:term":[{"taxonomy":"product_brand","embeddable":true,"href":"https:\/\/rf-capacitor.com\/ro\/wp-json\/wp\/v2\/product_brand?post=1886"},{"taxonomy":"product_cat","embeddable":true,"href":"https:\/\/rf-capacitor.com\/ro\/wp-json\/wp\/v2\/product_cat?post=1886"},{"taxonomy":"product_tag","embeddable":true,"href":"https:\/\/rf-capacitor.com\/ro\/wp-json\/wp\/v2\/product_tag?post=1886"}],"curies":[{"name":"wp","href":"https:\/\/api.w.org\/{rel}","templated":true}]}}