{"id":1866,"date":"2025-01-02T02:57:34","date_gmt":"2025-01-02T02:57:34","guid":{"rendered":"https:\/\/rf-capacitor.com\/?post_type=product&#038;p=1866"},"modified":"2025-01-02T02:57:34","modified_gmt":"2025-01-02T02:57:34","slug":"water-cooled-capacitor","status":"publish","type":"product","link":"https:\/\/rf-capacitor.com\/ro\/water-cooled-capacitor\/","title":{"rendered":"Condensator r\u0103cit cu ap\u0103"},"content":{"rendered":"<div class=\"user-query-container ng-star-inserted\">\n<div id=\"user-query-content-4\" class=\"query-content\">\n<div class=\"query-text gds-body-l ng-star-inserted\" dir=\"ltr\" role=\"heading\" aria-level=\"2\">\n<h2 class=\"query-text-line ng-star-inserted\"><strong>Condensator r\u0103cit cu ap\u0103<\/strong><\/h2>\n<\/div>\n<\/div>\n<\/div>\n<div>\n<div class=\"response-container ng-tns-c3227055261-63 response-optimization tts-removed ng-star-inserted response-container-has-multiple-responses\">\n<div class=\"presented-response-container ng-tns-c3227055261-63\">\n<div class=\"response-container-content ng-tns-c3227055261-63 tunable-selection-with-avatar\">\n<div class=\"response-content ng-tns-c3227055261-63\">\n<div id=\"model-response-message-contentr_bb0f189e172b8913\" class=\"markdown markdown-main-panel tutor-markdown-rendering response-optimization\" dir=\"ltr\">\n<p data-sourcepos=\"1:1-1:143\"><span class=\"citation-0 recitation citation-end-0\">Condensatoarele r\u0103cite cu ap\u0103 sunt concepute pentru aplica\u021bii de mare putere \u00een care disiparea eficient\u0103 a c\u0103ldurii este esen\u021bial\u0103.<\/span> Iat\u0103 o defalcare:<span class=\"button-container hide-from-message-actions ng-star-inserted\"> \u00a0<\/span><\/p>\n<h3 data-sourcepos=\"3:1-3:18\"><strong>Cum func\u021bioneaz\u0103 condensatorul r\u0103cit cu ap\u0103:<\/strong><\/h3>\n<ul data-sourcepos=\"5:1-7:0\">\n<li data-sourcepos=\"5:1-5:162\"><strong><span class=\"citation-1 recitation\">Generarea de c\u0103ldur\u0103:<\/span><\/strong><span class=\"citation-1 recitation citation-end-1\"> \u00cen aplica\u021biile de mare putere, condensatoarele pot genera c\u0103ldur\u0103 semnificativ\u0103 din cauza pierderilor interne (cum ar fi pierderile dielectrice \u0219i ESR).<\/span><span class=\"button-container hide-from-message-actions ng-star-inserted\">\u00a0<\/span>\n<div class=\"container ng-tns-c362440147-68 hide\">\n<div class=\"carousel-container ng-tns-c362440147-68\"><\/div>\n<\/div>\n<\/li>\n<li data-sourcepos=\"6:1-7:0\"><strong><span class=\"citation-2 recitation\">Mecanism de r\u0103cire:<\/span><\/strong><span class=\"citation-2 recitation citation-end-2\"> Apa circul\u0103 prin canale interne sau \u00een jurul exteriorului condensatorului.<\/span> <span class=\"citation-3 recitation citation-end-3\">Acest lucru permite transferul eficient de c\u0103ldur\u0103 departe de condensator, prevenind cre\u0219terea excesiv\u0103 a temperaturii.<\/span><span class=\"button-container hide-from-message-actions ng-star-inserted\">\u00a0<button class=\"mat-mdc-tooltip-trigger button image-fade-on hide-from-message-actions\" aria-controls=\"sources\" aria-expanded=\"false\" aria-describedby=\"cdk-describedby-message-ng-1-29\"><\/button><\/span>\n<div class=\"container ng-tns-c362440147-69 hide\">\n<div class=\"carousel-container ng-tns-c362440147-69\"><\/div>\n<\/div>\n<\/li>\n<\/ul>\n<h3 data-sourcepos=\"8:1-8:24\"><strong>Caracteristici cheie:<\/strong><\/h3>\n<ul data-sourcepos=\"10:1-14:0\">\n<li data-sourcepos=\"10:1-10:89\"><strong>Putere ridicat\u0103:<\/strong> <span class=\"citation-4 recitation citation-end-4\">Proiectat pentru niveluri ridicate de putere \u0219i curen\u021bi mari.<\/span>\n<div class=\"container ng-tns-c362440147-70 hide\">\n<div class=\"carousel-container ng-tns-c362440147-70\"><\/div>\n<\/div>\n<\/li>\n<li data-sourcepos=\"11:1-11:65\"><strong>Capacitate de \u00eenalt\u0103 tensiune:<\/strong> Capabile s\u0103 reziste la tensiuni \u00eenalte.<\/li>\n<li data-sourcepos=\"12:1-12:63\"><strong><span class=\"citation-5 recitation\">ESR sc\u0103zut:<\/span><\/strong><span class=\"citation-5 recitation citation-end-5\"> Minimizeaz\u0103 generarea de c\u0103ldur\u0103 intern\u0103.<\/span><span class=\"button-container hide-from-message-actions ng-star-inserted\"> \u00a0<\/span>\n<div class=\"container ng-tns-c362440147-71 hide\">\n<div class=\"carousel-container ng-tns-c362440147-71\"><\/div>\n<\/div>\n<\/li>\n<li data-sourcepos=\"13:1-14:0\"><strong>Construc\u021bie robust\u0103:<\/strong> Construit pentru a rezista solicit\u0103rilor de func\u021bionare la putere mare \u0219i efectelor r\u0103cirii cu ap\u0103.<\/li>\n<\/ul>\n<h3 data-sourcepos=\"15:1-15:17\"><strong>Aplica\u021bii:<\/strong><\/h3>\n<ul data-sourcepos=\"17:1-23:0\">\n<li data-sourcepos=\"17:1-21:89\"><strong>Aplica\u021bii industriale:<\/strong>\n<ul data-sourcepos=\"18:5-21:89\">\n<li data-sourcepos=\"18:5-18:104\"><strong>\u00cenc\u0103lzire prin induc\u021bie:<\/strong> <span class=\"citation-6 recitation citation-end-6\">Utilizat \u00een sistemele de \u00eenc\u0103lzire prin induc\u021bie de mare putere pentru prelucrarea metalelor.<\/span><span class=\"button-container hide-from-message-actions ng-star-inserted\">\u00a0<\/span>\n<div class=\"container ng-tns-c362440147-72 hide\">\n<div class=\"carousel-container ng-tns-c362440147-72\"><\/div>\n<\/div>\n<\/li>\n<li data-sourcepos=\"19:5-19:117\"><strong><span class=\"citation-7 recitation\">Corec\u021bia factorului de putere:<\/span><\/strong><span class=\"citation-7 recitation citation-end-7\"> Utilizate \u00een sistemele de corec\u021bie a factorului de putere din instala\u021biile industriale.<\/span><span class=\"button-container hide-from-message-actions ng-star-inserted\"> \u00a0<\/span>\n<div class=\"container ng-tns-c362440147-73 hide\">\n<div class=\"carousel-container ng-tns-c362440147-73\"><\/div>\n<\/div>\n<\/li>\n<li data-sourcepos=\"20:5-20:89\"><strong>Transport de \u00eenalt\u0103 tensiune:<\/strong> Utilizate \u00een sistemele de transmisie a energiei electrice de \u00eenalt\u0103 tensiune.<\/li>\n<li data-sourcepos=\"21:5-21:89\"><strong><span class=\"citation-8 recitation\">Transmi\u021b\u0103toare RF:<\/span><\/strong><span class=\"citation-8 recitation citation-end-8\"> Se g\u0103se\u0219te \u00een emi\u021b\u0103toarele de frecven\u021b\u0103 radio de mare putere.<\/span>\n<div class=\"container ng-tns-c362440147-74 hide\">\n<div class=\"carousel-container ng-tns-c362440147-74\"><\/div>\n<\/div>\n<\/li>\n<\/ul>\n<\/li>\n<li data-sourcepos=\"22:1-23:0\"><strong>Cercetare \u0219i aplica\u021bii \u0219tiin\u021bifice:<\/strong> Utilizat \u00een experimente de fizic\u0103 de \u00eenalt\u0103 energie \u0219i \u00een alte cercet\u0103ri \u0219tiin\u021bifice.<\/li>\n<\/ul>\n<h3 data-sourcepos=\"24:1-24:13\"><strong>Beneficii Condensator r\u0103cit cu ap\u0103:<\/strong><\/h3>\n<ul data-sourcepos=\"26:1-29:0\">\n<li data-sourcepos=\"26:1-26:117\"><strong>Fiabilitate \u00eembun\u0103t\u0103\u021bit\u0103:<\/strong> <span class=\"citation-9 recitation citation-end-9\">R\u0103cirea eficient\u0103 previne supra\u00eenc\u0103lzirea, care poate duce la defectarea componentelor.<\/span><span class=\"button-container hide-from-message-actions ng-star-inserted\"> \u00a0<\/span>\n<div class=\"container ng-tns-c362440147-75 hide\">\n<div class=\"carousel-container ng-tns-c362440147-75\"><\/div>\n<\/div>\n<\/li>\n<li data-sourcepos=\"27:1-27:99\"><strong>Densitate crescut\u0103 a puterii:<\/strong> <span class=\"citation-10 recitation citation-end-10\">Permite func\u021bionarea la o putere mai mare \u00eentr-un spa\u021biu mai mic.<\/span><span class=\"button-container hide-from-message-actions ng-star-inserted\"> \u00a0<\/span>\n<div class=\"container ng-tns-c362440147-76 hide\">\n<div class=\"carousel-container ng-tns-c362440147-76\"><\/div>\n<\/div>\n<\/li>\n<li data-sourcepos=\"28:1-29:0\"><strong><span class=\"citation-11 recitation\">Durat\u0103 de via\u021b\u0103 extins\u0103:<\/span><\/strong><span class=\"citation-11 recitation citation-end-11\"> Reducerea temperaturilor de func\u021bionare poate prelungi semnificativ durata de via\u021b\u0103 a condensatorului.<\/span><span class=\"button-container hide-from-message-actions ng-star-inserted\"> \u00a0 <\/span><\/li>\n<\/ul>\n<\/div>\n<\/div>\n<\/div>\n<\/div>\n<\/div>\n<\/div>","protected":false},"excerpt":{"rendered":"<table style=\"height: 462px;\" width=\"711\">\n<tbody>\n<tr>\n<td width=\"146\"><strong><b>Produs<\/b><\/strong>\u00a0<strong><b>Nume:<\/b><\/strong><\/td>\n<td width=\"601\"><strong>Condensator r\u0103cit cu ap\u0103<\/strong><\/td>\n<\/tr>\n<tr>\n<td width=\"146\">\n<h4><strong>Scurt\u0103 descriere:<\/strong><\/h4>\n<\/td>\n<td width=\"601\">Condensatoarele r\u0103cite cu ap\u0103 sunt utilizate \u00een principal \u00een sistemele de tensiune alternativ\u0103 controlabil\u0103 sau reglabil\u0103 cu tensiuni nominale de p\u00e2n\u0103 la 4,8kv \u0219i frecven\u021be de p\u00e2n\u0103 la 100KHZ pentru a \u00eembun\u0103t\u0103\u021bi factorul de putere \u00een dispozitivele de \u00eenc\u0103lzire prin induc\u021bie, topire, agitare sau turnare \u0219i aplica\u021bii similare.<\/td>\n<\/tr>\n<tr>\n<td width=\"146\"><strong>Gama de capacit\u0103\u021bi:<\/strong><\/td>\n<td width=\"601\">p\u00e2n\u0103 la 6000 uF<\/td>\n<\/tr>\n<tr>\n<td width=\"146\"><strong>Tensiune nominal\u0103\uff1a<\/strong><\/td>\n<td width=\"601\">0,75kv p\u00e2n\u0103 la 3kv<\/td>\n<\/tr>\n<tr>\n<td width=\"146\"><strong>Cap.tol\uff1a<\/strong><\/td>\n<td width=\"601\">\u00a0-25 ~ +50\u2103<\/td>\n<\/tr>\n<tr>\n<td width=\"146\"><strong>Condensator Model:\u00a0<\/strong><\/td>\n<td width=\"601\">:GB\/T3984.1-2004<\/td>\n<\/tr>\n<\/tbody>\n<\/table>","protected":false},"featured_media":1867,"comment_status":"open","ping_status":"closed","template":"","meta":[],"product_brand":[],"product_cat":[41],"product_tag":[],"class_list":{"0":"post-1866","1":"product","2":"type-product","3":"status-publish","4":"has-post-thumbnail","6":"product_cat-induction-heating-capacitor","8":"first","9":"instock","10":"shipping-taxable","11":"product-type-simple"},"_links":{"self":[{"href":"https:\/\/rf-capacitor.com\/ro\/wp-json\/wp\/v2\/product\/1866","targetHints":{"allow":["GET"]}}],"collection":[{"href":"https:\/\/rf-capacitor.com\/ro\/wp-json\/wp\/v2\/product"}],"about":[{"href":"https:\/\/rf-capacitor.com\/ro\/wp-json\/wp\/v2\/types\/product"}],"replies":[{"embeddable":true,"href":"https:\/\/rf-capacitor.com\/ro\/wp-json\/wp\/v2\/comments?post=1866"}],"wp:featuredmedia":[{"embeddable":true,"href":"https:\/\/rf-capacitor.com\/ro\/wp-json\/wp\/v2\/media\/1867"}],"wp:attachment":[{"href":"https:\/\/rf-capacitor.com\/ro\/wp-json\/wp\/v2\/media?parent=1866"}],"wp:term":[{"taxonomy":"product_brand","embeddable":true,"href":"https:\/\/rf-capacitor.com\/ro\/wp-json\/wp\/v2\/product_brand?post=1866"},{"taxonomy":"product_cat","embeddable":true,"href":"https:\/\/rf-capacitor.com\/ro\/wp-json\/wp\/v2\/product_cat?post=1866"},{"taxonomy":"product_tag","embeddable":true,"href":"https:\/\/rf-capacitor.com\/ro\/wp-json\/wp\/v2\/product_tag?post=1866"}],"curies":[{"name":"wp","href":"https:\/\/api.w.org\/{rel}","templated":true}]}}