{"id":1863,"date":"2025-01-02T02:25:29","date_gmt":"2025-01-02T02:25:29","guid":{"rendered":"https:\/\/rf-capacitor.com\/?post_type=product&#038;p=1863"},"modified":"2025-01-02T02:25:29","modified_gmt":"2025-01-02T02:25:29","slug":"rmf-induction-heating-capacitor","status":"publish","type":"product","link":"https:\/\/rf-capacitor.com\/ro\/rmf-induction-heating-capacitor\/","title":{"rendered":"RMF Condensator de \u00eenc\u0103lzire prin induc\u021bie"},"content":{"rendered":"<div class=\"user-query-container ng-star-inserted\">\n<div id=\"user-query-content-3\" class=\"query-content\">\n<div class=\"query-text gds-body-l ng-star-inserted\" dir=\"ltr\" role=\"heading\" aria-level=\"2\">\n<h3 class=\"query-text-line ng-star-inserted\">RMF Condensator de \u00eenc\u0103lzire prin induc\u021bie<\/h3>\n<\/div>\n<\/div>\n<\/div>\n<div>\n<div class=\"response-container ng-tns-c3227055261-50 response-optimization tts-removed ng-star-inserted response-container-has-multiple-responses\">\n<div class=\"presented-response-container ng-tns-c3227055261-50\">\n<div class=\"response-container-content ng-tns-c3227055261-50 tunable-selection-with-avatar\">\n<div class=\"response-content ng-tns-c3227055261-50\">\n<div id=\"model-response-message-contentr_6c2a80d1ec190fc8\" class=\"markdown markdown-main-panel tutor-markdown-rendering response-optimization\" dir=\"ltr\">\n<p data-sourcepos=\"1:1-1:113\"><span class=\"citation-0 recitation\">Condensatoarele RFM sunt special concepute pentru a fi utilizate \u00een <\/span><strong><span class=\"citation-0 recitation\">sisteme de \u00eenc\u0103lzire prin induc\u021bie de medie frecven\u021b\u0103<\/span><\/strong><span class=\"citation-0 recitation citation-end-0\">.<\/span><span class=\"button-container hide-from-message-actions ng-star-inserted\">\u00a0<\/span><\/p>\n<h3 data-sourcepos=\"3:1-3:24\"><strong>Caracteristici cheie:<\/strong><\/h3>\n<ul data-sourcepos=\"5:1-10:0\">\n<li data-sourcepos=\"5:1-5:95\"><strong>Capacitate de \u00eenalt\u0103 tensiune:<\/strong> Acestea trebuie s\u0103 reziste la tensiunile ridicate generate \u00een aceste sisteme.<\/li>\n<li data-sourcepos=\"6:1-6:119\"><strong>Capacitate mare de manipulare a curentului:<\/strong> <span class=\"citation-1 recitation citation-end-1\">Capabil s\u0103 gestioneze curen\u021bii mari asocia\u021bi cu \u00eenc\u0103lzirea prin induc\u021bie.<\/span><span class=\"button-container hide-from-message-actions ng-star-inserted\"> \u00a0<\/span>\n<div class=\"container ng-tns-c362440147-55 hide\">\n<div class=\"carousel-container ng-tns-c362440147-55\"><\/div>\n<\/div>\n<\/li>\n<li data-sourcepos=\"7:1-7:104\"><strong><span class=\"citation-2 recitation\">ESR (Rezisten\u021b\u0103 echivalent\u0103 \u00een serie) sc\u0103zut\u0103:<\/span><\/strong><span class=\"citation-2 recitation citation-end-2\"> Minimizeaz\u0103 pierderile de energie \u00een condensator.<\/span><span class=\"button-container hide-from-message-actions ng-star-inserted\">\u00a0 \u00a0<\/span>\n<div class=\"container ng-tns-c362440147-56 hide\">\n<div class=\"carousel-container ng-tns-c362440147-56\"><\/div>\n<\/div>\n<\/li>\n<li data-sourcepos=\"8:1-8:123\"><strong>Stabilitate termic\u0103 bun\u0103:<\/strong> Capabile s\u0103 func\u021bioneze la temperaturi ridicate datorit\u0103 c\u0103ldurii generate \u00een timpul \u00eenc\u0103lzirii prin induc\u021bie.<\/li>\n<li data-sourcepos=\"9:1-10:0\"><strong>Construc\u021bie robust\u0103:<\/strong> Conceput pentru a rezista condi\u021biilor dure de func\u021bionare din mediile industriale.<\/li>\n<\/ul>\n<h3 data-sourcepos=\"11:1-11:39\"><strong>Cum func\u021bioneaz\u0103 \u00een RMF Condensator de \u00eenc\u0103lzire prin induc\u021bie:<\/strong><\/h3>\n<ol data-sourcepos=\"13:1-15:0\">\n<li data-sourcepos=\"13:1-13:220\"><strong><span class=\"citation-3 recitation\">Rezonan\u021b\u0103:<\/span><\/strong><span class=\"citation-3 recitation citation-end-3\"> Condensatoarele RFM sunt utilizate pentru a crea un circuit rezonant cu bobina de induc\u021bie.<\/span> Aceast\u0103 rezonan\u021b\u0103 maximizeaz\u0103 fluxul de curent prin bobin\u0103, ceea ce este esen\u021bial pentru \u00eenc\u0103lzirea eficient\u0103 prin induc\u021bie.<span class=\"button-container hide-from-message-actions ng-star-inserted\">\u00a0 \u00a0<\/span>\n<div class=\"container ng-tns-c362440147-57 hide\">\n<div class=\"carousel-container ng-tns-c362440147-57\"><\/div>\n<\/div>\n<\/li>\n<li data-sourcepos=\"14:1-15:0\"><strong><span class=\"citation-4 recitation\">Corec\u021bia factorului de putere:<\/span><\/strong><span class=\"citation-4 recitation citation-end-4\"> Acestea contribuie la \u00eembun\u0103t\u0103\u021birea factorului de putere al sistemului de \u00eenc\u0103lzire prin induc\u021bie, reduc\u00e2nd puterea reactiv\u0103 \u0219i \u00eembun\u0103t\u0103\u021bind eficien\u021ba general\u0103 a sistemului.<\/span><span class=\"button-container hide-from-message-actions ng-star-inserted\"> \u00a0<\/span>\n<div class=\"container ng-tns-c362440147-58 hide\">\n<div class=\"carousel-container ng-tns-c362440147-58\"><\/div>\n<\/div>\n<\/li>\n<\/ol>\n<h3 data-sourcepos=\"16:1-16:25\"><strong>Aplica\u021bii tipice:<\/strong><\/h3>\n<ul data-sourcepos=\"18:1-20:0\">\n<li data-sourcepos=\"18:1-18:93\"><strong>Metal \u00cenc\u0103lzire:<\/strong> Utilizat \u00een diverse aplica\u021bii, cum ar fi forjarea, \u00eent\u0103rirea \u0219i topirea metalelor.<\/li>\n<li data-sourcepos=\"19:1-20:0\"><strong>Tratament termic:<\/strong> <span class=\"citation-5 recitation citation-end-5\">Folosit \u00een tratamentul termic al metalelor pentru a le \u00eembun\u0103t\u0103\u021bi propriet\u0103\u021bile mecanice.<\/span><span class=\"button-container hide-from-message-actions ng-star-inserted\"> \u00a0 <\/span><\/li>\n<\/ul>\n<\/div>\n<\/div>\n<\/div>\n<\/div>\n<\/div>\n<\/div>","protected":false},"excerpt":{"rendered":"<table style=\"height: 472px;\" width=\"718\">\n<tbody>\n<tr>\n<td width=\"146\"><strong><b>Produs<\/b><\/strong>\u00a0<strong><b>Nume:<\/b><\/strong><\/td>\n<td width=\"601\"><strong>RMF Condensator de \u00eenc\u0103lzire prin induc\u021bie<\/strong><\/td>\n<\/tr>\n<tr>\n<td width=\"146\">\n<h4><strong>Scurt\u0103 descriere:<\/strong><\/h4>\n<\/td>\n<td width=\"601\">Invertor Pv, convertor de energie eolian\u0103; AII tipuri de convertor de frecven\u021b\u0103 \u0219i invertor<br \/>\nalimentare cu energie electric\u0103; ma\u0219ini pur electrice \u0219i hibride; pilon de \u00eenc\u0103rcare, UPS, etc.<\/td>\n<\/tr>\n<tr>\n<td width=\"146\"><b>Gama de putere<\/b>:<\/td>\n<td width=\"601\">p\u00e2n\u0103 la 6000 uF<\/td>\n<\/tr>\n<tr>\n<td width=\"146\"><strong>Tensiune nominal\u0103\uff1a<\/strong><\/td>\n<td width=\"601\">0,75kv p\u00e2n\u0103 la 3kv<\/td>\n<\/tr>\n<tr>\n<td width=\"146\"><strong><b>Standard de referin\u021b\u0103<\/b>:\uff1a<\/strong><\/td>\n<td width=\"601\">GB\/T3984.1-2004<\/td>\n<\/tr>\n<tr>\n<td width=\"146\"><strong>IEC60110-1:<\/strong><\/td>\n<td width=\"601\">1998<\/td>\n<\/tr>\n<\/tbody>\n<\/table>","protected":false},"featured_media":1864,"comment_status":"open","ping_status":"closed","template":"","meta":[],"product_brand":[],"product_cat":[41],"product_tag":[],"class_list":{"0":"post-1863","1":"product","2":"type-product","3":"status-publish","4":"has-post-thumbnail","6":"product_cat-induction-heating-capacitor","8":"first","9":"instock","10":"shipping-taxable","11":"product-type-simple"},"_links":{"self":[{"href":"https:\/\/rf-capacitor.com\/ro\/wp-json\/wp\/v2\/product\/1863","targetHints":{"allow":["GET"]}}],"collection":[{"href":"https:\/\/rf-capacitor.com\/ro\/wp-json\/wp\/v2\/product"}],"about":[{"href":"https:\/\/rf-capacitor.com\/ro\/wp-json\/wp\/v2\/types\/product"}],"replies":[{"embeddable":true,"href":"https:\/\/rf-capacitor.com\/ro\/wp-json\/wp\/v2\/comments?post=1863"}],"wp:featuredmedia":[{"embeddable":true,"href":"https:\/\/rf-capacitor.com\/ro\/wp-json\/wp\/v2\/media\/1864"}],"wp:attachment":[{"href":"https:\/\/rf-capacitor.com\/ro\/wp-json\/wp\/v2\/media?parent=1863"}],"wp:term":[{"taxonomy":"product_brand","embeddable":true,"href":"https:\/\/rf-capacitor.com\/ro\/wp-json\/wp\/v2\/product_brand?post=1863"},{"taxonomy":"product_cat","embeddable":true,"href":"https:\/\/rf-capacitor.com\/ro\/wp-json\/wp\/v2\/product_cat?post=1863"},{"taxonomy":"product_tag","embeddable":true,"href":"https:\/\/rf-capacitor.com\/ro\/wp-json\/wp\/v2\/product_tag?post=1863"}],"curies":[{"name":"wp","href":"https:\/\/api.w.org\/{rel}","templated":true}]}}