{"id":1860,"date":"2025-01-02T02:14:12","date_gmt":"2025-01-02T02:14:12","guid":{"rendered":"https:\/\/rf-capacitor.com\/?post_type=product&#038;p=1860"},"modified":"2025-01-02T02:14:12","modified_gmt":"2025-01-02T02:14:12","slug":"switching-power-snubber-capacitor","status":"publish","type":"product","link":"https:\/\/rf-capacitor.com\/ro\/switching-power-snubber-capacitor\/","title":{"rendered":"Condensator Snubber de putere cu comutare"},"content":{"rendered":"<div class=\"user-query-container ng-star-inserted\">\n<div id=\"user-query-content-2\" class=\"query-content\">\n<div class=\"query-text gds-body-l ng-star-inserted\" dir=\"ltr\" role=\"heading\" aria-level=\"2\">\n<h3 class=\"query-text-line ng-star-inserted\">Condensator Snubber de putere cu comutare<\/h3>\n<\/div>\n<\/div>\n<div class=\"button-gutter\"><span class=\"citation-0 recitation citation-end-0\" style=\"font-size: 14.4px; color: #555555;\">\u00cen cazul surselor de alimentare cu comutare, condensatoarele snubber sunt esen\u021biale pentru protejarea dispozitivelor de comutare (cum ar fi MOSFET-urile sau IGBT-urile) de tensiuni \u0219i curente excesive \u00een timpul tranzi\u021biilor de comutare.<\/span><span class=\"button-container hide-from-message-actions ng-star-inserted\" style=\"font-size: 14.4px; color: #555555;\">\u00a0 \u00a0<\/span><\/div>\n<\/div>\n<div>\n<div class=\"response-container ng-tns-c3227055261-38 response-optimization tts-removed ng-star-inserted response-container-has-multiple-responses\">\n<div class=\"presented-response-container ng-tns-c3227055261-38\">\n<div class=\"response-container-content ng-tns-c3227055261-38 tunable-selection-with-avatar\">\n<div class=\"response-content ng-tns-c3227055261-38\">\n<div id=\"model-response-message-contentr_690cc733da6ea17b\" class=\"markdown markdown-main-panel tutor-markdown-rendering response-optimization\" dir=\"ltr\">\n<h2 data-sourcepos=\"1:1-1:208\"><strong style=\"font-size: 14.4px;\">\u00a0Cum func\u021bioneaz\u0103 condensatorul Snubber de putere cu comutare:<\/strong><\/h2>\n<ul data-sourcepos=\"5:1-7:0\">\n<li data-sourcepos=\"5:1-5:287\"><strong><span class=\"citation-1 recitation\">V\u00e2rfuri de tensiune:<\/span><\/strong><span class=\"citation-1 recitation citation-end-1\"> Atunci c\u00e2nd \u00eentrerup\u0103torul se opre\u0219te, inductan\u021ba parazit\u0103 din circuit poate provoca o cre\u0219tere rapid\u0103 a tensiunii la nivelul \u00eentrerup\u0103torului.<\/span> <span class=\"citation-2 recitation citation-end-2\">Condensatorul snubber absoarbe aceast\u0103 cre\u0219tere brusc\u0103 a tensiunii, limit\u00e2nd tensiunea de v\u00e2rf \u0219i prevenind deteriorarea comutatorului.<\/span>\n<div class=\"container ng-tns-c362440147-43 hide\">\n<div class=\"carousel-container ng-tns-c362440147-43\"><\/div>\n<\/div>\n<\/li>\n<li data-sourcepos=\"6:1-7:0\"><strong>Comutare curent:<\/strong> \u00cen timpul tranzi\u021biei de dezactivare, condensatorul snubber ofer\u0103 o cale temporar\u0103 pentru fluxul de curent, reduc\u00e2nd di\/dt (rata de varia\u021bie a curentului) \u0219i minimiz\u00e2nd EMI (interferen\u021be electromagnetice).<\/li>\n<\/ul>\n<h3 data-sourcepos=\"8:1-8:24\"><strong>Caracteristici cheie:<\/strong><\/h3>\n<ul data-sourcepos=\"10:1-14:0\">\n<li data-sourcepos=\"10:1-10:88\"><strong>Capacitate de \u00eenalt\u0103 tensiune:<\/strong> Trebuie s\u0103 reziste la tensiunile de v\u00e2rf care apar \u00een timpul comut\u0103rii.<\/li>\n<li data-sourcepos=\"11:1-11:104\"><strong><span class=\"citation-3 recitation\">ESR (Rezisten\u021b\u0103 echivalent\u0103 \u00een serie) sc\u0103zut\u0103:<\/span><\/strong><span class=\"citation-3 recitation citation-end-3\"> Minimizeaz\u0103 pierderile de energie \u00een condensator.<\/span><span class=\"button-container hide-from-message-actions ng-star-inserted\"> \u00a0<\/span>\n<div class=\"container ng-tns-c362440147-44 hide\">\n<div class=\"carousel-container ng-tns-c362440147-44\"><\/div>\n<\/div>\n<\/li>\n<li data-sourcepos=\"12:1-12:123\"><strong>Capacitate de \u00eenc\u0103rcare\/desc\u0103rcare rapid\u0103:<\/strong> <span class=\"citation-4 recitation citation-end-4\">Capabil s\u0103 absoarb\u0103 \u0219i s\u0103 elibereze rapid energia \u00een timpul evenimentelor de comutare.<\/span>\n<div class=\"container ng-tns-c362440147-45 hide\">\n<div class=\"carousel-container ng-tns-c362440147-45\"><\/div>\n<\/div>\n<\/li>\n<li data-sourcepos=\"13:1-14:0\"><strong>Dimensiune compact\u0103:<\/strong> Pentru a minimiza cerin\u021bele de spa\u021biu \u00een sistemele electronice de putere.<\/li>\n<\/ul>\n<h3 data-sourcepos=\"15:1-15:32\"><strong>Tipuri de condensatoare Snubber de putere cu comuta\u021bie:<\/strong><\/h3>\n<ul data-sourcepos=\"17:1-19:0\">\n<li data-sourcepos=\"17:1-17:112\"><strong>Condensatoare cu film:<\/strong> Utilizate \u00een mod obi\u0219nuit datorit\u0103 tensiunii lor nominale ridicate, ESR sc\u0103zut \u0219i stabilit\u0103\u021bii bune la temperatur\u0103.<\/li>\n<li data-sourcepos=\"18:1-19:0\"><strong>Condensatoare ceramice:<\/strong> Ofer\u0103 o capacitate ridicat\u0103 \u00eentr-un pachet mic, dar pot avea limit\u0103ri \u00een ceea ce prive\u0219te tensiunea nominal\u0103 \u0219i stabilitatea la temperatur\u0103.<\/li>\n<\/ul>\n<h3 data-sourcepos=\"20:1-20:26\"><strong>Considera\u021bii privind proiectarea:<\/strong><\/h3>\n<ul data-sourcepos=\"22:1-25:0\">\n<li data-sourcepos=\"22:1-22:87\"><strong>Caracteristicile dispozitivului de comutare:<\/strong> Timpii de pornire\/oprire, curen\u021bii de v\u00e2rf \u0219i tensiunile.<\/li>\n<li data-sourcepos=\"23:1-23:69\"><strong>Parametrii circuitului:<\/strong> Inductan\u021b\u0103 parazitar\u0103, caracteristici de sarcin\u0103.<\/li>\n<li data-sourcepos=\"24:1-25:0\"><strong><span class=\"citation-5 recitation\">Topologia circuitului Snubber:<\/span><\/strong><span class=\"citation-5 recitation citation-end-5\"> Diferitele configura\u021bii ale snubber-ului (R-C, RCD etc.) au efecte diferite asupra performan\u021bei circuitului.<\/span><span class=\"button-container hide-from-message-actions ng-star-inserted\">\u00a0 \u00a0<\/span>\n<div class=\"container ng-tns-c362440147-46 hide\">\n<div class=\"carousel-container ng-tns-c362440147-46\"><\/div>\n<\/div>\n<\/li>\n<\/ul>\n<h3 data-sourcepos=\"26:1-26:41\"><strong>Avantajele utiliz\u0103rii condensatoarelor Snubber:<\/strong><\/h3>\n<ul data-sourcepos=\"28:1-31:0\">\n<li data-sourcepos=\"28:1-28:102\"><strong>Fiabilitate \u00eembun\u0103t\u0103\u021bit\u0103 a comutatorului:<\/strong> Reducerea stresului asupra dispozitivului de comutare, ceea ce duce la o durat\u0103 de via\u021b\u0103 mai lung\u0103.<\/li>\n<li data-sourcepos=\"29:1-29:68\"><strong>Emisii EMI reduse:<\/strong> Minimizeaz\u0103 interferen\u021bele electromagnetice.<\/li>\n<li data-sourcepos=\"30:1-31:0\"><strong>Eficien\u021b\u0103 \u00eembun\u0103t\u0103\u021bit\u0103 a sistemului:<\/strong> Pierderi de putere reduse datorit\u0103 pierderilor de comutare mai mici.<\/li>\n<\/ul>\n<\/div>\n<\/div>\n<\/div>\n<\/div>\n<\/div>\n<\/div>","protected":false},"excerpt":{"rendered":"<table style=\"height: 523px;\" width=\"704\">\n<tbody>\n<tr>\n<td width=\"146\"><strong><b>Produs<\/b><\/strong>\u00a0<strong><b>Nume:<\/b><\/strong><\/td>\n<td width=\"601\"><strong>Condensator Snubber de putere cu comutare<\/strong><\/td>\n<\/tr>\n<tr>\n<td width=\"146\">\n<h4><strong>Scurt\u0103 descriere:<\/strong><\/h4>\n<\/td>\n<td width=\"601\">Condensatoarele cu film CRE snubber sunt proiectate pentru func\u021bionarea cu curent de v\u00e2rf ridicat necesar\u0103 pentru protec\u021bia \u00eempotriva tensiunilor tranzitorii.<\/td>\n<\/tr>\n<tr>\n<td width=\"146\"><strong>Gama de capacit\u0103\u021bi:<\/strong><\/td>\n<td width=\"601\">\u00a02\u03bcF\u00b110%<\/td>\n<\/tr>\n<tr>\n<td width=\"146\"><strong>Tensiune nominal\u0103\uff1a<\/strong><\/td>\n<td width=\"601\">700V.DC\uff5e3000V.DC<\/td>\n<\/tr>\n<tr>\n<td width=\"146\"><strong>Cap.tol\uff1a<\/strong><\/td>\n<td width=\"601\">\u00b15%(J);\u00b110%(K)<\/td>\n<\/tr>\n<tr>\n<td width=\"146\"><\/td>\n<td width=\"601\"><\/td>\n<\/tr>\n<\/tbody>\n<\/table>","protected":false},"featured_media":1861,"comment_status":"open","ping_status":"closed","template":"","meta":[],"product_brand":[],"product_cat":[40],"product_tag":[],"class_list":{"0":"post-1860","1":"product","2":"type-product","3":"status-publish","4":"has-post-thumbnail","6":"product_cat-snubber-capacitor","8":"first","9":"instock","10":"shipping-taxable","11":"product-type-simple"},"_links":{"self":[{"href":"https:\/\/rf-capacitor.com\/ro\/wp-json\/wp\/v2\/product\/1860","targetHints":{"allow":["GET"]}}],"collection":[{"href":"https:\/\/rf-capacitor.com\/ro\/wp-json\/wp\/v2\/product"}],"about":[{"href":"https:\/\/rf-capacitor.com\/ro\/wp-json\/wp\/v2\/types\/product"}],"replies":[{"embeddable":true,"href":"https:\/\/rf-capacitor.com\/ro\/wp-json\/wp\/v2\/comments?post=1860"}],"wp:featuredmedia":[{"embeddable":true,"href":"https:\/\/rf-capacitor.com\/ro\/wp-json\/wp\/v2\/media\/1861"}],"wp:attachment":[{"href":"https:\/\/rf-capacitor.com\/ro\/wp-json\/wp\/v2\/media?parent=1860"}],"wp:term":[{"taxonomy":"product_brand","embeddable":true,"href":"https:\/\/rf-capacitor.com\/ro\/wp-json\/wp\/v2\/product_brand?post=1860"},{"taxonomy":"product_cat","embeddable":true,"href":"https:\/\/rf-capacitor.com\/ro\/wp-json\/wp\/v2\/product_cat?post=1860"},{"taxonomy":"product_tag","embeddable":true,"href":"https:\/\/rf-capacitor.com\/ro\/wp-json\/wp\/v2\/product_tag?post=1860"}],"curies":[{"name":"wp","href":"https:\/\/api.w.org\/{rel}","templated":true}]}}