{"id":1856,"date":"2025-01-02T02:04:58","date_gmt":"2025-01-02T02:04:58","guid":{"rendered":"https:\/\/rf-capacitor.com\/?post_type=product&#038;p=1856"},"modified":"2025-01-02T02:04:58","modified_gmt":"2025-01-02T02:04:58","slug":"resonant-circuit-snubber-capacitor","status":"publish","type":"product","link":"https:\/\/rf-capacitor.com\/ro\/resonant-circuit-snubber-capacitor\/","title":{"rendered":"Circuit rezonant Condensator Snubber"},"content":{"rendered":"<div class=\"user-query-container ng-star-inserted\">\n<div id=\"user-query-content-1\" class=\"query-content\">\n<div class=\"query-text gds-body-l ng-star-inserted\" dir=\"ltr\" role=\"heading\" aria-level=\"2\">\n<h3 class=\"query-text-line ng-star-inserted\">Circuit rezonant Condensator Snubber<\/h3>\n<\/div>\n<\/div>\n<\/div>\n<div>\n<div class=\"response-container ng-tns-c3227055261-32 response-optimization tts-removed ng-star-inserted response-container-has-multiple-responses\">\n<div class=\"presented-response-container ng-tns-c3227055261-32\">\n<div class=\"response-container-content ng-tns-c3227055261-32 tunable-selection-with-avatar\">\n<div class=\"response-content ng-tns-c3227055261-32\">\n<div id=\"model-response-message-contentr_be92511bd195e395\" class=\"markdown markdown-main-panel tutor-markdown-rendering response-optimization\" dir=\"ltr\">\n<p data-sourcepos=\"1:1-1:154\">\u00cen circuitele snubber rezonante, condensatorul joac\u0103 un rol crucial \u00een crearea unui circuit rezervor rezonant cu inductan\u021ba parazit\u0103 prezent\u0103 \u00een sistem.<\/p>\n<h3 data-sourcepos=\"3:1-3:17\"><strong>Cum func\u021bioneaz\u0103 condensatorul Snubber al circuitului rezonant:<\/strong><\/h3>\n<ul data-sourcepos=\"5:1-7:0\">\n<li data-sourcepos=\"5:1-5:283\"><strong>Rezonan\u021b\u0103:<\/strong> Condensatorul \u0219i inductan\u021ba parazit\u0103 formeaz\u0103 un circuit rezervor LC. Atunci c\u00e2nd IGBT se opre\u0219te, energia stocat\u0103 \u00een inductan\u021ba parazit\u0103 este transferat\u0103 \u00een condensator. Acest transfer de energie are loc la frecven\u021ba de rezonan\u021b\u0103 a rezervorului LC, conduc\u00e2nd la oscila\u021bii.<\/li>\n<li data-sourcepos=\"6:1-7:0\"><strong>Disiparea energiei:<\/strong> O rezisten\u021b\u0103 este de obicei inclus\u0103 \u00een circuitul de amortizare rezonant\u0103 pentru a amortiza aceste oscila\u021bii \u0219i a disipa energia.<\/li>\n<\/ul>\n<h3 data-sourcepos=\"8:1-8:56\"><strong>Caracteristici cheie pentru condensatoarele Snubber rezonante:<\/strong><\/h3>\n<ul data-sourcepos=\"10:1-13:0\">\n<li data-sourcepos=\"10:1-10:82\"><strong>Capacitate precis\u0103:<\/strong> Critic pentru ob\u021binerea frecven\u021bei de rezonan\u021b\u0103 dorite.<\/li>\n<li data-sourcepos=\"11:1-11:78\"><strong><span class=\"citation-0 recitation\">ESR sc\u0103zut:<\/span><\/strong><span class=\"citation-0 recitation citation-end-0\"> Minimizeaz\u0103 pierderile \u00een timpul oscila\u021biilor rezonante. <\/span>\n<div class=\"container ng-tns-c362440147-35\">\n<div class=\"carousel-container ng-tns-c362440147-35\">\n<div class=\"carousel-content ng-tns-c362440147-35\">\n<div class=\"sources-carousel-source ng-tns-c362440147-35 ng-star-inserted\" data-test-id=\"sources-carousel-source\">\n<div class=\"source-card-container\">\n<div class=\"source-card-content\"><\/div>\n<\/div>\n<\/div>\n<\/div>\n<\/div>\n<\/div>\n<\/li>\n<li data-sourcepos=\"12:1-13:0\"><strong>Capacitate de \u00eenalt\u0103 tensiune:<\/strong> Trebuie s\u0103 reziste la tensiunile de v\u00e2rf care apar \u00een timpul rezonan\u021bei.<\/li>\n<\/ul>\n<h3 data-sourcepos=\"14:1-14:42\"><strong>Beneficii ale condensatorului Snubber cu circuit rezonant:<\/strong><\/h3>\n<ul data-sourcepos=\"16:1-19:0\">\n<li data-sourcepos=\"16:1-16:158\"><strong>Pierderi de comutare reduse:<\/strong> Prin utilizarea transferului de energie rezonant\u0103, pierderile de comutare pot fi reduse semnificativ \u00een compara\u021bie cu snubber-urile R-C tradi\u021bionale.<\/li>\n<li data-sourcepos=\"17:1-17:96\"><strong>Eficien\u021b\u0103 \u00eembun\u0103t\u0103\u021bit\u0103:<\/strong> Pierderile de comutare mai mici se traduc prin cre\u0219terea eficien\u021bei generale a sistemului.<\/li>\n<li data-sourcepos=\"18:1-19:0\"><strong>EMI redus:<\/strong> Natura rezonant\u0103 a circuitului poate contribui la reducerea emisiilor EMI.<\/li>\n<\/ul>\n<h3 data-sourcepos=\"20:1-20:26\"><strong>Considera\u021bii privind proiectarea:<\/strong><\/h3>\n<ul data-sourcepos=\"22:1-25:0\">\n<li data-sourcepos=\"22:1-22:89\"><strong>Frecven\u021ba rezonant\u0103:<\/strong> Calculat cu aten\u021bie pentru a corespunde condi\u021biilor de func\u021bionare dorite.<\/li>\n<li data-sourcepos=\"23:1-23:117\"><strong>Factor de amortizare:<\/strong> Valoarea rezisten\u021bei este aleas\u0103 pentru a asigura amortizarea corespunz\u0103toare \u0219i pentru a preveni oscila\u021biile excesive.<\/li>\n<li data-sourcepos=\"24:1-25:0\"><strong>Selectarea componentelor de circuit:<\/strong> Selectarea atent\u0103 a componentelor (condensator, rezistor, inductor) este esen\u021bial\u0103 pentru o performan\u021b\u0103 optim\u0103.<\/li>\n<\/ul>\n<p data-sourcepos=\"30:1-30:230\">\n<\/div>\n<\/div>\n<\/div>\n<\/div>\n<\/div>\n<\/div>","protected":false},"excerpt":{"rendered":"<table style=\"height: 534px;\" width=\"695\">\n<tbody>\n<tr>\n<td width=\"146\"><strong><b>Produs<\/b><\/strong>\u00a0<strong><b>Nume:<\/b><\/strong><\/td>\n<td width=\"601\"><strong>Circuit rezonant Condensator Snubber<\/strong><\/td>\n<\/tr>\n<tr>\n<td width=\"146\">\n<h4><strong>Scurt\u0103 descriere:<\/strong><\/h4>\n<\/td>\n<td width=\"601\">Utilizat pe scar\u0103 larg\u0103 \u00een echipamentele electronice de putere atunci c\u00e2nd protec\u021bia de absorb\u021bie a tensiunii de v\u00e2rf, a curentului de v\u00e2rf<\/td>\n<\/tr>\n<tr>\n<td width=\"146\"><strong>Gama de capacit\u0103\u021bi:<\/strong><\/td>\n<td width=\"601\">0,1\u03bcF~ 5,6\u03bcF<\/td>\n<\/tr>\n<tr>\n<td width=\"146\"><strong>Tensiune nominal\u0103\uff1a<\/strong><\/td>\n<td width=\"601\">630V.DC ~ 2000V.DC<\/td>\n<\/tr>\n<tr>\n<td width=\"146\"><strong>Cap.tol\uff1a<\/strong><\/td>\n<td width=\"601\">\u00a0\u00a0\u00b15%(J)\uff1b\u00b110%(K)<\/td>\n<\/tr>\n<tr>\n<td width=\"146\"><strong>Condensator Model:\u00a0<\/strong><\/td>\n<td width=\"601\">IGBT snubber<\/td>\n<\/tr>\n<\/tbody>\n<\/table>","protected":false},"featured_media":1857,"comment_status":"open","ping_status":"closed","template":"","meta":[],"product_brand":[],"product_cat":[40],"product_tag":[],"class_list":{"0":"post-1856","1":"product","2":"type-product","3":"status-publish","4":"has-post-thumbnail","6":"product_cat-snubber-capacitor","8":"first","9":"instock","10":"shipping-taxable","11":"product-type-simple"},"_links":{"self":[{"href":"https:\/\/rf-capacitor.com\/ro\/wp-json\/wp\/v2\/product\/1856","targetHints":{"allow":["GET"]}}],"collection":[{"href":"https:\/\/rf-capacitor.com\/ro\/wp-json\/wp\/v2\/product"}],"about":[{"href":"https:\/\/rf-capacitor.com\/ro\/wp-json\/wp\/v2\/types\/product"}],"replies":[{"embeddable":true,"href":"https:\/\/rf-capacitor.com\/ro\/wp-json\/wp\/v2\/comments?post=1856"}],"wp:featuredmedia":[{"embeddable":true,"href":"https:\/\/rf-capacitor.com\/ro\/wp-json\/wp\/v2\/media\/1857"}],"wp:attachment":[{"href":"https:\/\/rf-capacitor.com\/ro\/wp-json\/wp\/v2\/media?parent=1856"}],"wp:term":[{"taxonomy":"product_brand","embeddable":true,"href":"https:\/\/rf-capacitor.com\/ro\/wp-json\/wp\/v2\/product_brand?post=1856"},{"taxonomy":"product_cat","embeddable":true,"href":"https:\/\/rf-capacitor.com\/ro\/wp-json\/wp\/v2\/product_cat?post=1856"},{"taxonomy":"product_tag","embeddable":true,"href":"https:\/\/rf-capacitor.com\/ro\/wp-json\/wp\/v2\/product_tag?post=1856"}],"curies":[{"name":"wp","href":"https:\/\/api.w.org\/{rel}","templated":true}]}}