{"id":1851,"date":"2025-01-02T01:51:17","date_gmt":"2025-01-02T01:51:17","guid":{"rendered":"https:\/\/rf-capacitor.com\/?post_type=product&#038;p=1851"},"modified":"2025-01-02T01:51:17","modified_gmt":"2025-01-02T01:51:17","slug":"igbt-snubber-capacitors","status":"publish","type":"product","link":"https:\/\/rf-capacitor.com\/ro\/igbt-snubber-capacitors\/","title":{"rendered":"Condensatoare IGBT Snubber"},"content":{"rendered":"<h3 data-sourcepos=\"1:1-1:27\"><strong>Condensatoare IGBT Snubber<\/strong><\/h3>\n<p data-sourcepos=\"3:1-3:196\"><span class=\"citation-0 recitation citation-end-0\">\u00cen electronica de putere, IGBT-urile (tranzistori bipolari cu poart\u0103 izolat\u0103) sunt utilizate pe scar\u0103 larg\u0103 pentru aplica\u021bii de comutare.<\/span> Cu toate acestea, vitezele lor rapide de comutare pot duce la efecte nedorite precum:<span class=\"button-container hide-from-message-actions ng-star-inserted\">\u00a0 \u00a0<\/span><\/p>\n<ul data-sourcepos=\"5:1-7:0\">\n<li data-sourcepos=\"5:1-5:148\"><strong><span class=\"citation-1 recitation\">dv\/dt ridicat\u0103 (rata de varia\u021bie a tensiunii):<\/span><\/strong><span class=\"citation-1 recitation citation-end-1\"> Acest lucru poate cauza v\u00e2rfuri de tensiune excesive \u00een IGBT, put\u00e2nd deteriora dispozitivul.<\/span><span class=\"button-container hide-from-message-actions ng-star-inserted\"> \u00a0<\/span>\n<div class=\"container ng-tns-c362440147-20 hide\">\n<div class=\"carousel-container ng-tns-c362440147-20\"><\/div>\n<\/div>\n<\/li>\n<li data-sourcepos=\"6:1-7:0\"><strong><span class=\"citation-2 recitation\">Di\/dt ridicat\u0103 (rata de varia\u021bie a curentului):<\/span><\/strong><span class=\"citation-2 recitation citation-end-2\"> Acest lucru poate genera interferen\u021be electromagnetice (EMI) \u0219i solicita circuitele asociate.<\/span><span class=\"button-container hide-from-message-actions ng-star-inserted\">\u00a0 \u00a0<\/span>\n<div class=\"container ng-tns-c362440147-21 hide\">\n<div class=\"carousel-container ng-tns-c362440147-21\"><\/div>\n<\/div>\n<\/li>\n<\/ul>\n<h3 data-sourcepos=\"8:1-8:20\"><strong>Circuite Snubber<\/strong><\/h3>\n<p data-sourcepos=\"10:1-10:143\"><span class=\"citation-3 recitation citation-end-3\">Pentru a atenua aceste probleme, sunt utilizate circuite snubber.<\/span> <span class=\"citation-4 recitation citation-end-4\">O component\u0103 cheie a acestor circuite este condensatorul snubber.<\/span><span class=\"button-container hide-from-message-actions ng-star-inserted\">\u00a0<\/span><\/p>\n<h3 data-sourcepos=\"12:1-12:31\"><strong>Cum func\u021bioneaz\u0103 condensatoarele IGBT Snubber<\/strong><\/h3>\n<ul data-sourcepos=\"14:1-16:0\">\n<li data-sourcepos=\"14:1-14:252\"><strong>V\u00e2rfuri de tensiune:<\/strong> Atunci c\u00e2nd IGBT-ul se opre\u0219te, inductan\u021ba parazit\u0103 din circuit poate provoca o cre\u0219tere rapid\u0103 a tensiunii \u00een dispozitiv. <span class=\"citation-5 recitation citation-end-5\">Condensatorul snubber absoarbe aceast\u0103 cre\u0219tere brusc\u0103 de tensiune, limit\u00e2nd tensiunea de v\u00e2rf la IGBT.<\/span><span class=\"button-container hide-from-message-actions ng-star-inserted\"> \u00a0<\/span>\n<div class=\"container ng-tns-c362440147-23 hide\">\n<div class=\"carousel-container ng-tns-c362440147-23\"><\/div>\n<\/div>\n<\/li>\n<li data-sourcepos=\"15:1-16:0\"><strong>Comutare curent:<\/strong> <span class=\"citation-6 recitation citation-end-6\">\u00cen timpul tranzi\u021biei de dezactivare, condensatorul snubber ofer\u0103 o cale pentru trecerea temporar\u0103 a curentului, reduc\u00e2nd di\/dt \u0219i minimiz\u00e2nd EMI.<\/span><span class=\"button-container hide-from-message-actions ng-star-inserted\">\u00a0 \u00a0<\/span>\n<div class=\"container ng-tns-c362440147-24 hide\">\n<div class=\"carousel-container ng-tns-c362440147-24\"><\/div>\n<\/div>\n<\/li>\n<\/ul>\n<h3 data-sourcepos=\"17:1-17:45\"><strong>Caracteristicile cheie ale condensatoarelor IGBT Snubber<\/strong><\/h3>\n<ul data-sourcepos=\"19:1-23:0\">\n<li data-sourcepos=\"19:1-19:88\"><strong>Capacitate de \u00eenalt\u0103 tensiune:<\/strong> Trebuie s\u0103 reziste la tensiunile de v\u00e2rf care apar \u00een timpul comut\u0103rii.<\/li>\n<li data-sourcepos=\"20:1-20:104\"><strong><span class=\"citation-7 recitation\">ESR (Rezisten\u021b\u0103 echivalent\u0103 \u00een serie) sc\u0103zut\u0103:<\/span><\/strong><span class=\"citation-7 recitation citation-end-7\"> Minimizeaz\u0103 pierderile de energie \u00een condensator.<\/span><span class=\"button-container hide-from-message-actions ng-star-inserted\">\u00a0<\/span>\n<div class=\"container ng-tns-c362440147-25 hide\">\n<div class=\"carousel-container ng-tns-c362440147-25\"><\/div>\n<\/div>\n<\/li>\n<li data-sourcepos=\"21:1-21:110\"><strong>Capacitate de \u00eenc\u0103rcare\/desc\u0103rcare rapid\u0103:<\/strong> Capabil s\u0103 absoarb\u0103 \u0219i s\u0103 elibereze rapid energia \u00een timpul evenimentelor de comutare.<\/li>\n<li data-sourcepos=\"22:1-23:0\"><strong>Dimensiune compact\u0103:<\/strong> Pentru a minimiza cerin\u021bele de spa\u021biu \u00een sistemele electronice de putere.<\/li>\n<\/ul>\n<h3 data-sourcepos=\"24:1-24:31\"><strong>Tipuri de condensatoare IGBT Snubber<\/strong><\/h3>\n<ul data-sourcepos=\"26:1-28:0\">\n<li data-sourcepos=\"26:1-26:112\"><strong>Condensatoare cu film:<\/strong> Utilizate \u00een mod obi\u0219nuit datorit\u0103 tensiunii lor nominale ridicate, ESR sc\u0103zut \u0219i stabilit\u0103\u021bii bune la temperatur\u0103.<\/li>\n<li data-sourcepos=\"27:1-28:0\"><strong><span class=\"citation-8 recitation\">Condensatoare ceramice:<\/span><\/strong><span class=\"citation-8 recitation citation-end-8\"> Ofer\u0103 o capacitate ridicat\u0103 \u00eentr-un pachet mic, dar pot avea limit\u0103ri \u00een ceea ce prive\u0219te tensiunea nominal\u0103 \u0219i stabilitatea la temperatur\u0103.<\/span><span class=\"button-container hide-from-message-actions ng-star-inserted\">\u00a0 \u00a0<\/span>\n<div class=\"container ng-tns-c362440147-26 hide\">\n<div class=\"carousel-container ng-tns-c362440147-26\"><\/div>\n<\/div>\n<\/li>\n<\/ul>\n<h3 data-sourcepos=\"29:1-29:25\"><strong>Considera\u021bii privind proiectarea<\/strong><\/h3>\n<p data-sourcepos=\"31:1-31:80\">Selectarea \u0219i proiectarea condensatoarelor snubber implic\u0103 luarea \u00een considerare atent\u0103 a:<\/p>\n<ul data-sourcepos=\"33:1-36:0\">\n<li data-sourcepos=\"33:1-33:85\"><strong>Caracteristici de comutare IGBT:<\/strong> Timpii de pornire\/oprire, curen\u021bii de v\u00e2rf \u0219i tensiunile.<\/li>\n<li data-sourcepos=\"34:1-34:69\"><strong>Parametrii circuitului:<\/strong> Inductan\u021b\u0103 parazitar\u0103, caracteristici de sarcin\u0103.<\/li>\n<li data-sourcepos=\"35:1-36:0\"><strong><span class=\"citation-9 recitation\">Topologia circuitului Snubber:<\/span><\/strong><span class=\"citation-9 recitation citation-end-9\"> Diferitele configura\u021bii ale snubber-ului (R-C, RCD) au un impact diferit asupra performan\u021bei circuitului.<\/span><span class=\"button-container hide-from-message-actions ng-star-inserted\"> \u00a0<\/span>\n<div class=\"container ng-tns-c362440147-27 hide\">\n<div class=\"carousel-container ng-tns-c362440147-27\"><\/div>\n<\/div>\n<\/li>\n<\/ul>\n<h3 data-sourcepos=\"37:1-37:40\"><strong>Beneficiile utiliz\u0103rii condensatoarelor Snubber<\/strong><\/h3>\n<ul data-sourcepos=\"39:1-42:0\">\n<li data-sourcepos=\"39:1-39:90\"><strong>\u00cembun\u0103t\u0103\u021birea fiabilit\u0103\u021bii IGBT:<\/strong> Reducerea stresului asupra dispozitivului, ceea ce duce la cre\u0219terea duratei de via\u021b\u0103.<\/li>\n<li data-sourcepos=\"40:1-40:68\"><strong>Reducerea emisiilor EMI:<\/strong> Minimizeaz\u0103 interferen\u021bele electromagnetice.<\/li>\n<li data-sourcepos=\"41:1-42:0\"><strong><span class=\"citation-10 recitation\">\u00cembun\u0103t\u0103\u021birea eficien\u021bei sistemului:<\/span><\/strong><span class=\"citation-10 recitation citation-end-10\"> Pierderi de putere reduse datorit\u0103 pierderilor de comutare mai mici.<\/span><span class=\"button-container hide-from-message-actions ng-star-inserted\"> \u00a0<\/span>\n<div class=\"container ng-tns-c362440147-28 hide\">\n<div class=\"carousel-container ng-tns-c362440147-28\"><\/div>\n<\/div>\n<\/li>\n<\/ul>","protected":false},"excerpt":{"rendered":"<table style=\"height: 429px;\" width=\"689\">\n<tbody>\n<tr>\n<td width=\"146\"><strong><b>Produs<\/b><\/strong>\u00a0<strong><b>Nume:<\/b><\/strong><\/td>\n<td width=\"601\">Condensatoare IGBT Snubber<\/td>\n<\/tr>\n<tr>\n<td width=\"146\">\n<h4><strong>Scurt\u0103 descriere:<\/strong><\/h4>\n<\/td>\n<td width=\"601\">Utilizat pe scar\u0103 larg\u0103 \u00een echipamentele electronice de putere atunci c\u00e2nd protec\u021bia de absorb\u021bie a tensiunii de v\u00e2rf, a curentului de v\u00e2rf<\/td>\n<\/tr>\n<tr>\n<td width=\"146\"><strong>Gama de capacit\u0103\u021bi:<\/strong><\/td>\n<td width=\"601\">\u00a00,22\u03bcF~3\u03bcF<\/td>\n<\/tr>\n<tr>\n<td width=\"146\"><strong>Tensiune nominal\u0103\uff1a<\/strong><\/td>\n<td width=\"601\">\u00a03000V.DC~10000V.DC<\/td>\n<\/tr>\n<tr>\n<td width=\"146\"><strong>Cap.tol\uff1a<\/strong><\/td>\n<td width=\"601\">\u00a0\u00a0\u00a0\u00b15%\uff08J\uff09; \u00b110%\uff08K)<\/td>\n<\/tr>\n<tr>\n<td width=\"146\"><strong>Condensator Model:\u00a0<\/strong><\/td>\n<td width=\"601\">\u00a0SMJ-TC<\/td>\n<\/tr>\n<\/tbody>\n<\/table>","protected":false},"featured_media":1852,"comment_status":"open","ping_status":"closed","template":"","meta":[],"product_brand":[],"product_cat":[40],"product_tag":[],"class_list":{"0":"post-1851","1":"product","2":"type-product","3":"status-publish","4":"has-post-thumbnail","6":"product_cat-snubber-capacitor","8":"first","9":"instock","10":"shipping-taxable","11":"product-type-simple"},"_links":{"self":[{"href":"https:\/\/rf-capacitor.com\/ro\/wp-json\/wp\/v2\/product\/1851","targetHints":{"allow":["GET"]}}],"collection":[{"href":"https:\/\/rf-capacitor.com\/ro\/wp-json\/wp\/v2\/product"}],"about":[{"href":"https:\/\/rf-capacitor.com\/ro\/wp-json\/wp\/v2\/types\/product"}],"replies":[{"embeddable":true,"href":"https:\/\/rf-capacitor.com\/ro\/wp-json\/wp\/v2\/comments?post=1851"}],"wp:featuredmedia":[{"embeddable":true,"href":"https:\/\/rf-capacitor.com\/ro\/wp-json\/wp\/v2\/media\/1852"}],"wp:attachment":[{"href":"https:\/\/rf-capacitor.com\/ro\/wp-json\/wp\/v2\/media?parent=1851"}],"wp:term":[{"taxonomy":"product_brand","embeddable":true,"href":"https:\/\/rf-capacitor.com\/ro\/wp-json\/wp\/v2\/product_brand?post=1851"},{"taxonomy":"product_cat","embeddable":true,"href":"https:\/\/rf-capacitor.com\/ro\/wp-json\/wp\/v2\/product_cat?post=1851"},{"taxonomy":"product_tag","embeddable":true,"href":"https:\/\/rf-capacitor.com\/ro\/wp-json\/wp\/v2\/product_tag?post=1851"}],"curies":[{"name":"wp","href":"https:\/\/api.w.org\/{rel}","templated":true}]}}