{"id":1811,"date":"2024-12-31T03:42:39","date_gmt":"2024-12-31T03:42:39","guid":{"rendered":"https:\/\/rf-capacitor.com\/?post_type=product&#038;p=1811"},"modified":"2024-12-31T03:42:39","modified_gmt":"2024-12-31T03:42:39","slug":"high-voltage-snubber-capacitor","status":"publish","type":"product","link":"https:\/\/rf-capacitor.com\/ro\/high-voltage-snubber-capacitor\/","title":{"rendered":"Condensator Snubber de \u00eenalt\u0103 tensiune"},"content":{"rendered":"<p>Un condensator snubber de \u00eenalt\u0103 tensiune este o component\u0103 important\u0103 utilizat\u0103 \u00een circuitele de \u00eenalt\u0103 tensiune pentru a proteja \u00eempotriva v\u00e2rfurilor \u0219i tranzien\u021bilor de tensiune. Iat\u0103 o prezentare general\u0103 a ceea ce este un condensator snubber, func\u021bia sa \u0219i aplica\u021biile sale:<\/p>\n<p>Ce este un condensator Snubber de \u00eenalt\u0103 tensiune?<\/p>\n<p>Un condensator Snubber de \u00eenalt\u0103 tensiune este un condensator utilizat \u00een circuitele electrice pentru a suprima v\u00e2rfurile de tensiune (cunoscute \u0219i ca tranzitorii) care pot ap\u0103rea atunci c\u00e2nd o sarcin\u0103 inductiv\u0103 este oprit\u0103. Aceste condensatoare ajut\u0103 la protejarea componentelor sensibile de deteriorarea cauzat\u0103 de schimb\u0103rile bru\u0219te de tensiune.<\/p>\n<p>Func\u021bia unui condensator Snubber de \u00eenalt\u0103 tensiune<\/p>\n<p>1. Suprimarea tensiunii: Condensatoarele Snubber stocheaz\u0103 temporar energia \u0219i o elibereaz\u0103 lent, reduc\u00e2nd astfel rata de cre\u0219tere (dV\/dt) a v\u00e2rfurilor de tensiune.<br \/>\n2. Protec\u021bie: Acestea protejeaz\u0103 dispozitivele semiconductoare, cum ar fi tiristoarele, IGBT-urile \u0219i diodele, de supratensiunile care, \u00een caz contrar, ar putea provoca defec\u021biuni sau defec\u021biuni.<br \/>\n3. Reducerea zgomotului: Prin atenuarea fluctua\u021biilor de tensiune, condensatoarele snubber contribuie \u0219i la reducerea interferen\u021belor electromagnetice (EMI).<\/p>\n<p>Aplica\u021bii<\/p>\n<p>1. Electronic\u0103 de putere: Condensatoarele Snubber sunt utilizate pe scar\u0103 larg\u0103 \u00een aplica\u021bii de electronic\u0103 de putere, cum ar fi invertoare, convertoare \u0219i ac\u021bion\u0103ri cu motor.<br \/>\n2. Aparate de comuta\u021bie \u0219i \u00eentrerup\u0103toare: Acestea sunt utilizate \u00een comutatoare \u0219i \u00eentrerup\u0103toare pentru a proteja \u00eempotriva tensiunilor tranzitorii \u00een timpul opera\u021biunilor de comutare.<br \/>\n3. Echipamente industriale: \u00cen utilajele industriale, condensatoarele snubber sunt utilizate pentru a proteja circuitele de control \u0219i sursele de alimentare de v\u00e2rfurile de tensiune.<br \/>\n4. Sisteme HVAC: Condensatoarele snubber de \u00eenalt\u0103 tensiune sunt utilizate \u00een sistemele HVAC pentru a proteja \u00eempotriva tranzien\u021bilor de tensiune \u00een circuitele de control ale motoarelor.<\/p>\n<p>Specifica\u021bii cheie<\/p>\n<p>- Valoarea capacit\u0103\u021bii: Valoarea capacit\u0103\u021bii trebuie aleas\u0103 pe baza aplica\u021biei specifice \u0219i a nivelurilor de v\u00e2rf de tensiune preconizate.<br \/>\n- Tensiunea nominal\u0103: Condensatorul trebuie s\u0103 aib\u0103 o tensiune nominal\u0103 suficient\u0103 pentru a face fa\u021b\u0103 tensiunii de v\u00e2rf din circuit.<br \/>\n- Material dielectric: Materialele dielectrice comune includ ceramica, pelicula \u0219i polipropilena. Alegerea depinde de capacitatea necesar\u0103 de gestionare a tensiunii \u0219i de frecven\u021ba de func\u021bionare.<br \/>\n- ESR (Rezisten\u021ba serie echivalent\u0103): ESR mai mic\u0103 este \u00een general preferat\u0103 pentru a minimiza pierderile de putere \u0219i generarea de c\u0103ldur\u0103.<\/p>\n<p>Exemple de cazuri de utilizare<\/p>\n<p>1. Circuite de invertor: \u00cen invertoare, condensatoarele de amortizare sunt plasate peste dispozitivele de comutare pentru a le proteja de v\u00e2rfurile de tensiune \u00een timpul evenimentelor de \u00eenchidere.<br \/>\n2. Ac\u021bion\u0103ri cu motor: \u00cen ac\u021bion\u0103rile cu frecven\u021b\u0103 variabil\u0103 (VFD), condensatoarele de amortizare ajut\u0103 la protejarea dispozitivelor de comutare a puterii de v\u00e2rfurile de tensiune generate de natura inductiv\u0103 a motoarelor.<br \/>\n3. Sisteme de iluminat: \u00cen sistemele de iluminat cu desc\u0103rcare de \u00eenalt\u0103 intensitate (HID), condensatoarele de amortizare sunt utilizate pentru a proteja balastul \u0219i alte componente de tranzitorii de tensiune.<\/p>","protected":false},"excerpt":{"rendered":"<table style=\"height: 660px;\" width=\"727\">\n<tbody>\n<tr>\n<td width=\"146\"><strong><b>Produs<\/b><\/strong>\u00a0<strong><b>Nume:<\/b><\/strong><\/td>\n<td width=\"601\"><strong>Condensator Snubber de \u00eenalt\u0103 tensiune<\/strong><\/td>\n<\/tr>\n<tr>\n<td width=\"146\">\n<h4><strong>Scurt\u0103 descriere:<\/strong><\/h4>\n<\/td>\n<td width=\"601\">1. Condensatoare snubber inovatoare proiectate \u0219i fabricate de CRE<\/p>\n<p>2. Lider \u00een proiectarea \u0219i fabricarea condensatoarelor cu film.<\/p>\n<p>3. Dac\u0103 ave\u021bi nevoie de specifica\u021bii unice pentru snubber, merge\u021bi la centrul nostru de proiectare pentru un condensator snubber personalizat.<\/p>\n<p>&nbsp;<\/td>\n<\/tr>\n<tr>\n<td width=\"146\"><strong>Gama de capacit\u0103\u021bi:<\/strong><\/td>\n<td width=\"601\">\u00a01.6\u03bcF \u00b15%<\/td>\n<\/tr>\n<tr>\n<td width=\"146\"><strong>Tensiune nominal\u0103\uff1a<\/strong><\/td>\n<td width=\"601\">3000V.DC<\/td>\n<\/tr>\n<tr>\n<td width=\"146\"><strong>Cap.tol\uff1a<\/strong><\/td>\n<td width=\"601\">\u00b15%(J) ;\u00b110%(K)<\/td>\n<\/tr>\n<\/tbody>\n<\/table>","protected":false},"featured_media":1812,"comment_status":"open","ping_status":"closed","template":"","meta":[],"product_brand":[],"product_cat":[40],"product_tag":[],"class_list":{"0":"post-1811","1":"product","2":"type-product","3":"status-publish","4":"has-post-thumbnail","6":"product_cat-snubber-capacitor","8":"first","9":"instock","10":"shipping-taxable","11":"product-type-simple"},"_links":{"self":[{"href":"https:\/\/rf-capacitor.com\/ro\/wp-json\/wp\/v2\/product\/1811","targetHints":{"allow":["GET"]}}],"collection":[{"href":"https:\/\/rf-capacitor.com\/ro\/wp-json\/wp\/v2\/product"}],"about":[{"href":"https:\/\/rf-capacitor.com\/ro\/wp-json\/wp\/v2\/types\/product"}],"replies":[{"embeddable":true,"href":"https:\/\/rf-capacitor.com\/ro\/wp-json\/wp\/v2\/comments?post=1811"}],"wp:featuredmedia":[{"embeddable":true,"href":"https:\/\/rf-capacitor.com\/ro\/wp-json\/wp\/v2\/media\/1812"}],"wp:attachment":[{"href":"https:\/\/rf-capacitor.com\/ro\/wp-json\/wp\/v2\/media?parent=1811"}],"wp:term":[{"taxonomy":"product_brand","embeddable":true,"href":"https:\/\/rf-capacitor.com\/ro\/wp-json\/wp\/v2\/product_brand?post=1811"},{"taxonomy":"product_cat","embeddable":true,"href":"https:\/\/rf-capacitor.com\/ro\/wp-json\/wp\/v2\/product_cat?post=1811"},{"taxonomy":"product_tag","embeddable":true,"href":"https:\/\/rf-capacitor.com\/ro\/wp-json\/wp\/v2\/product_tag?post=1811"}],"curies":[{"name":"wp","href":"https:\/\/api.w.org\/{rel}","templated":true}]}}