{"id":1715,"date":"2024-12-30T03:49:14","date_gmt":"2024-12-30T03:49:14","guid":{"rendered":"https:\/\/rf-capacitor.com\/?post_type=product&#038;p=1715"},"modified":"2024-12-30T03:49:14","modified_gmt":"2024-12-30T03:49:14","slug":"three-phase-ac-filter-capacitor","status":"publish","type":"product","link":"https:\/\/rf-capacitor.com\/ro\/three-phase-ac-filter-capacitor\/","title":{"rendered":"Filtru AC trifazat Condensator"},"content":{"rendered":"<h3 data-sourcepos=\"1:1-1:36\"><strong>Filtru AC trifazat Condensator<\/strong><\/h3>\n<ul data-sourcepos=\"3:1-21:0\">\n<li data-sourcepos=\"3:1-3:147\">\n<p data-sourcepos=\"3:3-3:147\"><strong>Scop:<\/strong> <span class=\"citation-0 recitation citation-end-0\">Proiectat special pentru sistemele de alimentare cu curent alternativ trifazate pentru a filtra distorsiunile armonice generate de sarcinile neliniare.<\/span><span class=\"button-container hide-from-message-actions ng-star-inserted\">\u00a0<\/span><\/p>\n<div class=\"container ng-tns-c362440147-79 hide\">\n<div class=\"carousel-container ng-tns-c362440147-79\"><\/div>\n<\/div>\n<\/li>\n<li data-sourcepos=\"4:1-10:0\">\n<h3 data-sourcepos=\"4:3-4:26\"><strong>Caracteristici cheie Filtru trifazat de curent alternativ Condensator:<\/strong><\/h3>\n<ul data-sourcepos=\"5:5-10:0\">\n<li data-sourcepos=\"5:5-5:151\"><strong>Configura\u021bie trifazat\u0103:<\/strong> Conectate de obicei \u00een configura\u021bie delta sau wye pentru a filtra eficient armonicile \u00een sistemele trifazate.<\/li>\n<li data-sourcepos=\"6:5-6:126\"><strong>Putere ridicat\u0103:<\/strong> <span class=\"citation-1 recitation citation-end-1\">Capabile s\u0103 gestioneze curen\u021bii \u0219i tensiunile ridicate prezente \u00een sistemele trifazate.<\/span><span class=\"button-container hide-from-message-actions ng-star-inserted\">\u00a0 \u00a0<\/span>\n<div class=\"container ng-tns-c362440147-80 hide\">\n<div class=\"carousel-container ng-tns-c362440147-80\"><\/div>\n<\/div>\n<\/li>\n<li data-sourcepos=\"7:5-7:78\"><strong>Impedan\u021b\u0103 sc\u0103zut\u0103:<\/strong> <span class=\"citation-2 recitation citation-end-2\">Minimizarea pierderilor de energie \u00een timpul func\u021bion\u0103rii.<\/span><span class=\"button-container hide-from-message-actions ng-star-inserted\">\u00a0 \u00a0<\/span>\n<div class=\"container ng-tns-c362440147-81 hide\">\n<div class=\"carousel-container ng-tns-c362440147-81\"><\/div>\n<\/div>\n<\/li>\n<li data-sourcepos=\"8:5-8:158\"><strong>Construc\u021bie robust\u0103:<\/strong> Construite pentru a rezista cerin\u021belor sistemelor de alimentare trifazate, inclusiv tensiunilor mai mari \u0219i poten\u021bialului de curen\u021bi de defect mai mari.<\/li>\n<li data-sourcepos=\"9:5-10:0\"><strong>Autovindecare:<\/strong> <span class=\"citation-3 recitation citation-end-3\">\u00cencorporeaz\u0103 adesea mecanisme de autoregenerare pentru a spori fiabilitatea \u0219i a prelungi durata de via\u021b\u0103.<\/span><span class=\"button-container hide-from-message-actions ng-star-inserted\"> \u00a0<\/span>\n<div class=\"container ng-tns-c362440147-82 hide\">\n<div class=\"carousel-container ng-tns-c362440147-82\"><\/div>\n<\/div>\n<\/li>\n<\/ul>\n<\/li>\n<li data-sourcepos=\"11:1-15:0\">\n<h3 data-sourcepos=\"11:3-11:19\"><strong>Aplica\u021bii Condensator trifazat de filtrare AC:<\/strong><\/h3>\n<ul data-sourcepos=\"12:5-15:0\">\n<li data-sourcepos=\"12:5-12:158\"><strong>Industrial:<\/strong> <span class=\"citation-4 recitation citation-end-4\">Filtrarea armonicilor generate de variatoarele de vitez\u0103 (VSD), convertoarele electronice de putere \u0219i alte echipamente industriale.<\/span><span class=\"button-container hide-from-message-actions ng-star-inserted\">\u00a0 \u00a0<\/span>\n<div class=\"container ng-tns-c362440147-83 hide\">\n<div class=\"carousel-container ng-tns-c362440147-83\"><\/div>\n<\/div>\n<\/li>\n<li data-sourcepos=\"13:5-13:140\"><strong><span class=\"citation-5 recitation\">Energie regenerabil\u0103:<\/span><\/strong><span class=\"citation-5 recitation citation-end-5\"> Filtrarea armonicilor produse de turbinele eoliene, invertoarele solare \u0219i alte surse de energie regenerabil\u0103.<\/span>\n<div class=\"container ng-tns-c362440147-84 hide\">\n<div class=\"carousel-container ng-tns-c362440147-84\"><\/div>\n<\/div>\n<\/li>\n<li data-sourcepos=\"14:5-15:0\"><strong>Transportul \u0219i distribu\u021bia energiei electrice:<\/strong> \u00cembun\u0103t\u0103\u021birea calit\u0103\u021bii energiei electrice \u00een sistemele trifazate de transport \u0219i distribu\u021bie.<\/li>\n<\/ul>\n<\/li>\n<li data-sourcepos=\"16:1-21:0\">\n<h3 data-sourcepos=\"16:3-16:15\"><strong>Beneficii:<\/strong><\/h3>\n<ul data-sourcepos=\"17:5-21:0\">\n<li data-sourcepos=\"17:5-17:127\"><strong>\u00cembun\u0103t\u0103\u021birea calit\u0103\u021bii energiei electrice:<\/strong> Reduce semnificativ distorsiunile armonice, conduc\u00e2nd la sisteme de alimentare mai stabile \u0219i mai eficiente.<\/li>\n<li data-sourcepos=\"18:5-18:131\"><strong><span class=\"citation-6 recitation\">Reducerea pierderilor de energie:<\/span><\/strong><span class=\"citation-6 recitation citation-end-6\"> Minimizarea pierderilor de putere \u00een sistem, reduc\u00e2nd consumul de energie \u0219i costurile de operare.<\/span><span class=\"button-container hide-from-message-actions ng-star-inserted\">\u00a0 \u00a0<\/span>\n<div class=\"container ng-tns-c362440147-85 hide\">\n<div class=\"carousel-container ng-tns-c362440147-85\"><\/div>\n<\/div>\n<\/li>\n<li data-sourcepos=\"19:5-19:105\"><strong>\u00cembun\u0103t\u0103\u021birea duratei de via\u021b\u0103 a echipamentului:<\/strong> Proteja\u021bi echipamentele sensibile de efectele d\u0103un\u0103toare ale armonicilor.<\/li>\n<li data-sourcepos=\"20:5-21:0\"><strong>Fiabilitate crescut\u0103 a sistemului:<\/strong> \u00cembun\u0103t\u0103\u021birea fiabilit\u0103\u021bii \u0219i stabilit\u0103\u021bii generale a sistemului energetic trifazat.<\/li>\n<\/ul>\n<\/li>\n<\/ul>","protected":false},"excerpt":{"rendered":"<table style=\"height: 446px;\" width=\"714\">\n<tbody>\n<tr>\n<td width=\"146\"><strong><b>Produs<\/b><\/strong>\u00a0<strong><b>Nume:<\/b><\/strong><\/td>\n<td width=\"601\"><strong>Filtru AC trifazat Condensator<\/strong><\/td>\n<\/tr>\n<tr>\n<td width=\"146\">\n<h4><strong>Scurt\u0103 descriere:<\/strong><\/h4>\n<\/td>\n<td width=\"601\">Carcas\u0103 metalic\u0103 din aluminiu, pachet epoxidic ignifugat (UL 94V-0) cu curent ridicat, capacitate mare, ESL redus \u0219i pierderi reduse<\/td>\n<\/tr>\n<tr>\n<td width=\"146\"><strong>Gama de capacit\u0103\u021bi:<\/strong><\/td>\n<td width=\"601\">3\u2716\ufe0f20~3\u2716\ufe0f500UF<\/td>\n<\/tr>\n<tr>\n<td width=\"146\"><strong>Tensiune nominal\u0103\uff1a<\/strong><\/td>\n<td width=\"601\">220-1000vac<\/td>\n<\/tr>\n<tr>\n<td width=\"146\"><strong>Structura:\u00a0<\/strong><\/td>\n<td width=\"601\">\u00a0Structura uscat\u0103 a filmului metalizat<\/td>\n<\/tr>\n<tr>\n<td width=\"146\"><strong>Condensator Model:\u00a0<\/strong><\/td>\n<td width=\"601\">AKMJ-MC<\/td>\n<\/tr>\n<\/tbody>\n<\/table>","protected":false},"featured_media":1716,"comment_status":"open","ping_status":"closed","template":"","meta":[],"product_brand":[],"product_cat":[39],"product_tag":[],"class_list":{"0":"post-1715","1":"product","2":"type-product","3":"status-publish","4":"has-post-thumbnail","6":"product_cat-ac-filter-capacitor-1","8":"first","9":"instock","10":"shipping-taxable","11":"product-type-simple"},"_links":{"self":[{"href":"https:\/\/rf-capacitor.com\/ro\/wp-json\/wp\/v2\/product\/1715","targetHints":{"allow":["GET"]}}],"collection":[{"href":"https:\/\/rf-capacitor.com\/ro\/wp-json\/wp\/v2\/product"}],"about":[{"href":"https:\/\/rf-capacitor.com\/ro\/wp-json\/wp\/v2\/types\/product"}],"replies":[{"embeddable":true,"href":"https:\/\/rf-capacitor.com\/ro\/wp-json\/wp\/v2\/comments?post=1715"}],"wp:featuredmedia":[{"embeddable":true,"href":"https:\/\/rf-capacitor.com\/ro\/wp-json\/wp\/v2\/media\/1716"}],"wp:attachment":[{"href":"https:\/\/rf-capacitor.com\/ro\/wp-json\/wp\/v2\/media?parent=1715"}],"wp:term":[{"taxonomy":"product_brand","embeddable":true,"href":"https:\/\/rf-capacitor.com\/ro\/wp-json\/wp\/v2\/product_brand?post=1715"},{"taxonomy":"product_cat","embeddable":true,"href":"https:\/\/rf-capacitor.com\/ro\/wp-json\/wp\/v2\/product_cat?post=1715"},{"taxonomy":"product_tag","embeddable":true,"href":"https:\/\/rf-capacitor.com\/ro\/wp-json\/wp\/v2\/product_tag?post=1715"}],"curies":[{"name":"wp","href":"https:\/\/api.w.org\/{rel}","templated":true}]}}