{"id":1713,"date":"2024-12-30T03:26:32","date_gmt":"2024-12-30T03:26:32","guid":{"rendered":"https:\/\/rf-capacitor.com\/?post_type=product&#038;p=1713"},"modified":"2024-12-30T03:26:32","modified_gmt":"2024-12-30T03:26:32","slug":"high-power-filter-capacitor","status":"publish","type":"product","link":"https:\/\/rf-capacitor.com\/ro\/high-power-filter-capacitor\/","title":{"rendered":"Condensator de filtrare de mare putere"},"content":{"rendered":"<h3 data-sourcepos=\"1:1-1:32\"><strong>Condensatoare de filtrare de mare putere<\/strong><\/h3>\n<ul data-sourcepos=\"3:1-27:0\">\n<li data-sourcepos=\"3:1-3:141\">\n<p data-sourcepos=\"3:3-3:141\"><strong>Scop:<\/strong> Proiectat pentru aplica\u021bii care necesit\u0103 capacit\u0103\u021bi ridicate de gestionare a puterii, de obicei \u00een medii de \u00eenalt\u0103 tensiune \u0219i curent ridicat.<\/p>\n<\/li>\n<li data-sourcepos=\"4:1-10:0\">\n<h3 data-sourcepos=\"4:3-4:26\"><strong>Caracteristici cheie Condensator de filtrare de mare putere:<\/strong><\/h3>\n<ul data-sourcepos=\"5:5-10:0\">\n<li data-sourcepos=\"5:5-5:77\"><strong>Capacitate de \u00eenalt\u0103 tensiune:<\/strong> Poate rezista la tensiuni ridicate f\u0103r\u0103 defectare.<\/li>\n<li data-sourcepos=\"6:5-6:103\"><strong>Manipularea curentului ridicat:<\/strong> Capabile s\u0103 suporte supratensiuni mari de curent \u0219i curen\u021bi mari continui.<\/li>\n<li data-sourcepos=\"7:5-7:65\"><strong>Impedan\u021b\u0103 sc\u0103zut\u0103:<\/strong> Minimizarea pierderilor de energie \u00een timpul func\u021bion\u0103rii.<\/li>\n<li data-sourcepos=\"8:5-8:121\"><strong>Construc\u021bie robust\u0103:<\/strong> Construit pentru a rezista la condi\u021bii de func\u021bionare dificile, inclusiv temperaturi ridicate \u0219i vibra\u021bii.<\/li>\n<li data-sourcepos=\"9:5-10:0\"><strong>Autovindecare:<\/strong> \u00cencorporeaz\u0103 adesea mecanisme de autoregenerare pentru a prelungi durata de via\u021b\u0103.<\/li>\n<\/ul>\n<\/li>\n<li data-sourcepos=\"11:1-15:0\">\n<h3 data-sourcepos=\"11:3-11:19\"><strong>Condensator de filtrare de mare putere pentru construc\u021bii:<\/strong><\/h3>\n<ul data-sourcepos=\"12:5-15:0\">\n<li data-sourcepos=\"12:5-12:112\"><strong>Dielectric:<\/strong> De obicei, utilizeaz\u0103 materiale dielectrice robuste, cum ar fi folia de polipropilen\u0103 sau h\u00e2rtia metalizat\u0103.<\/li>\n<li data-sourcepos=\"13:5-13:132\"><strong>R\u0103cire:<\/strong> Adesea \u00eencorporeaz\u0103 mecanisme de r\u0103cire, cum ar fi carcasele umplute cu ulei sau r\u0103cirea cu aer for\u021bat pentru a gestiona disiparea c\u0103ldurii.<\/li>\n<li data-sourcepos=\"14:5-15:0\"><strong>\u00cenchideri robuste:<\/strong> G\u0103zduite \u00een carcase rezistente pentru a proteja componentele interne de factorii de mediu.<\/li>\n<\/ul>\n<\/li>\n<li data-sourcepos=\"16:1-21:0\">\n<h3 data-sourcepos=\"16:3-16:19\"><strong>Aplica\u021bii:<\/strong><\/h3>\n<ul data-sourcepos=\"17:5-21:0\">\n<li data-sourcepos=\"17:5-17:118\"><strong>Transportul \u0219i distribu\u021bia energiei electrice:<\/strong> Filtrarea armonicilor \u00een liniile de transport \u0219i substa\u021biile de \u00eenalt\u0103 tensiune.<\/li>\n<li data-sourcepos=\"18:5-18:130\"><strong>Aplica\u021bii industriale:<\/strong> Utilizate \u00een echipamente industriale de mare putere, cum ar fi ac\u021bion\u0103ri de motoare, convertoare \u0219i ma\u0219ini de sudur\u0103.<\/li>\n<li data-sourcepos=\"19:5-19:128\"><strong>Energie regenerabil\u0103:<\/strong> Filtrarea armonicilor generate de turbinele eoliene, invertoarele solare \u0219i alte surse de energie regenerabil\u0103.<\/li>\n<li data-sourcepos=\"19:5-19:128\"><strong>Transport \u00een curent continuu de \u00eenalt\u0103 tensiune (HVDC):<\/strong> Utilizat \u00een sta\u021biile de conversie HVDC pentru filtrarea armonicilor \u0219i \u00eembun\u0103t\u0103\u021birea calit\u0103\u021bii energiei.<\/li>\n<\/ul>\n<\/li>\n<li data-sourcepos=\"22:1-27:0\">\n<h3 data-sourcepos=\"22:3-22:15\"><strong>Beneficii:<\/strong><\/h3>\n<ul data-sourcepos=\"23:5-27:0\">\n<li data-sourcepos=\"23:5-23:125\"><strong>\u00cembun\u0103t\u0103\u021birea calit\u0103\u021bii energiei electrice:<\/strong> Reducerea eficient\u0103 a distorsiunilor armonice, conduc\u00e2nd la sisteme de alimentare mai stabile \u0219i mai eficiente.<\/li>\n<li data-sourcepos=\"24:5-24:110\"><strong>Eficien\u021b\u0103 crescut\u0103 a sistemului:<\/strong> Minimiza\u021bi pierderile de putere, reduc\u00e2nd consumul de energie \u0219i costurile de operare.<\/li>\n<li data-sourcepos=\"25:5-25:105\"><strong>\u00cembun\u0103t\u0103\u021birea duratei de via\u021b\u0103 a echipamentului:<\/strong> Proteja\u021bi echipamentele sensibile de efectele d\u0103un\u0103toare ale armonicilor.<\/li>\n<li data-sourcepos=\"26:5-27:0\"><strong>\u00cembun\u0103t\u0103\u021birea fiabilit\u0103\u021bii sistemului:<\/strong> Construc\u021bia robust\u0103 \u0219i capacit\u0103\u021bile de autoregenerare sporesc fiabilitatea pe termen lung a sistemului.<\/li>\n<\/ul>\n<\/li>\n<\/ul>","protected":false},"excerpt":{"rendered":"<table style=\"height: 447px;\" width=\"813\">\n<tbody>\n<tr>\n<td width=\"146\"><strong><b>Produs<\/b><\/strong>\u00a0<strong><b>Nume:<\/b><\/strong><\/td>\n<td width=\"601\"><strong>Condensator de filtrare de mare putere<\/strong><\/td>\n<\/tr>\n<tr>\n<td width=\"146\">\n<h4>Cerere:<\/h4>\n<\/td>\n<td width=\"601\">Destina\u021bie general\u0103, alimentare, \u00eenalt\u0103 tensiune, UPS<\/td>\n<\/tr>\n<tr>\n<td width=\"146\"><strong>Gama de capacit\u0103\u021bi:<\/strong><\/td>\n<td width=\"601\">\u00a00.33UF~60UF<\/td>\n<\/tr>\n<tr>\n<td width=\"146\"><strong>Tensiune nominal\u0103\uff1a<\/strong><\/td>\n<td width=\"601\">450V.DC - 1800V.DC<\/td>\n<\/tr>\n<tr>\n<td width=\"146\"><strong>Standard de referin\u021b\u0103:<\/strong><\/td>\n<td width=\"601\">\u00a0IEC61071; GB\/T 17702<\/td>\n<\/tr>\n<tr>\n<td width=\"146\"><strong>Utilizare:\u00a0<\/strong><\/td>\n<td width=\"601\">\u00a0Filtru AC<\/td>\n<\/tr>\n<\/tbody>\n<\/table>","protected":false},"featured_media":1714,"comment_status":"open","ping_status":"closed","template":"","meta":[],"product_brand":[],"product_cat":[39],"product_tag":[],"class_list":{"0":"post-1713","1":"product","2":"type-product","3":"status-publish","4":"has-post-thumbnail","6":"product_cat-ac-filter-capacitor-1","8":"first","9":"instock","10":"shipping-taxable","11":"product-type-simple"},"_links":{"self":[{"href":"https:\/\/rf-capacitor.com\/ro\/wp-json\/wp\/v2\/product\/1713","targetHints":{"allow":["GET"]}}],"collection":[{"href":"https:\/\/rf-capacitor.com\/ro\/wp-json\/wp\/v2\/product"}],"about":[{"href":"https:\/\/rf-capacitor.com\/ro\/wp-json\/wp\/v2\/types\/product"}],"replies":[{"embeddable":true,"href":"https:\/\/rf-capacitor.com\/ro\/wp-json\/wp\/v2\/comments?post=1713"}],"wp:featuredmedia":[{"embeddable":true,"href":"https:\/\/rf-capacitor.com\/ro\/wp-json\/wp\/v2\/media\/1714"}],"wp:attachment":[{"href":"https:\/\/rf-capacitor.com\/ro\/wp-json\/wp\/v2\/media?parent=1713"}],"wp:term":[{"taxonomy":"product_brand","embeddable":true,"href":"https:\/\/rf-capacitor.com\/ro\/wp-json\/wp\/v2\/product_brand?post=1713"},{"taxonomy":"product_cat","embeddable":true,"href":"https:\/\/rf-capacitor.com\/ro\/wp-json\/wp\/v2\/product_cat?post=1713"},{"taxonomy":"product_tag","embeddable":true,"href":"https:\/\/rf-capacitor.com\/ro\/wp-json\/wp\/v2\/product_tag?post=1713"}],"curies":[{"name":"wp","href":"https:\/\/api.w.org\/{rel}","templated":true}]}}