{"id":1674,"date":"2024-12-27T03:45:28","date_gmt":"2024-12-27T03:45:28","guid":{"rendered":"https:\/\/rf-capacitor.com\/?post_type=product&#038;p=1674"},"modified":"2024-12-27T03:45:28","modified_gmt":"2024-12-27T03:45:28","slug":"power-film-capacitor","status":"publish","type":"product","link":"https:\/\/rf-capacitor.com\/ro\/power-film-capacitor\/","title":{"rendered":"Condensator de putere cu film"},"content":{"rendered":"<h3 data-sourcepos=\"1:1-1:25\"><strong>Condensatoare de putere cu film<\/strong><\/h3>\n<p data-sourcepos=\"3:1-3:291\"><span class=\"citation-0 recitation citation-end-0\">Condensatoarele cu film de putere sunt un tip specializat de condensator cu film conceput pentru a face fa\u021b\u0103 aplica\u021biilor de mare putere.<\/span> <span class=\"citation-1 recitation citation-end-1\">Acestea sunt construite folosind straturi sub\u021biri de materiale dielectrice, cum ar fi polipropilen\u0103, poliester sau pelicul\u0103 metalizat\u0103, intercalate \u00eentre electrozi conductori.<\/span><span class=\"button-container hide-from-message-actions ng-star-inserted\">\u00a0<\/span><\/p>\n<h3 data-sourcepos=\"5:1-5:24\"><strong>Caracteristici cheie:<\/strong><\/h3>\n<ul data-sourcepos=\"7:1-12:0\">\n<li data-sourcepos=\"7:1-7:123\"><strong>Putere ridicat\u0103:<\/strong> <span class=\"citation-2 recitation citation-end-2\">Capabile s\u0103 gestioneze curen\u021bi mari \u0219i niveluri ridicate de putere f\u0103r\u0103 pierderi semnificative.<\/span><span class=\"button-container hide-from-message-actions ng-star-inserted\">\u00a0 \u00a0<\/span>\n<div class=\"container ng-tns-c362440147-107 hide\">\n<div class=\"carousel-container ng-tns-c362440147-107\"><\/div>\n<\/div>\n<\/li>\n<li data-sourcepos=\"8:1-8:135\"><strong><span class=\"citation-3 recitation\">ESR (Rezisten\u021b\u0103 echivalent\u0103 \u00een serie) sc\u0103zut\u0103:<\/span><\/strong> Rezisten\u021ba intern\u0103 redus\u0103 minimizeaz\u0103 disiparea de energie \u0219i \u00eembun\u0103t\u0103\u021be\u0219te eficien\u021ba.<span class=\"button-container hide-from-message-actions ng-star-inserted\">\u00a0 \u00a0<\/span>\n<div class=\"container ng-tns-c362440147-108 hide\">\n<div class=\"carousel-container ng-tns-c362440147-108\"><\/div>\n<\/div>\n<\/li>\n<li data-sourcepos=\"9:1-9:133\"><strong><span class=\"citation-4 recitation\">Capacitate ridicat\u0103 de curent Ripple:<\/span><\/strong><span class=\"citation-4 recitation citation-end-4\"> Poate rezista la curen\u021bi cu ondula\u021bie ridicat\u0103, care sunt comuni \u00een circuitele electronice de putere.<\/span>\n<div class=\"container ng-tns-c362440147-109 hide\">\n<div class=\"carousel-container ng-tns-c362440147-109\"><\/div>\n<\/div>\n<\/li>\n<li data-sourcepos=\"10:1-10:123\"><strong>Dimensiune compact\u0103:<\/strong> <span class=\"citation-5 recitation citation-end-5\">Sunt adesea disponibile \u00een dimensiuni compacte, ceea ce le face potrivite pentru aplica\u021bii cu spa\u021biu limitat.<\/span><span class=\"button-container hide-from-message-actions ng-star-inserted\">\u00a0\u00a0<\/span>\n<div class=\"container ng-tns-c362440147-110 hide\">\n<div class=\"carousel-container ng-tns-c362440147-110\"><\/div>\n<\/div>\n<\/li>\n<li data-sourcepos=\"11:1-12:0\"><strong><span class=\"citation-6 recitation\">Durat\u0103 lung\u0103 de via\u021b\u0103:<\/span><\/strong><span class=\"citation-6 recitation citation-end-6\"> Proiectat pentru func\u021bionare pe termen lung \u00een aplica\u021bii de putere solicitante.<\/span><span class=\"button-container hide-from-message-actions ng-star-inserted\"> \u00a0<\/span>\n<div class=\"container ng-tns-c362440147-111 hide\">\n<div class=\"carousel-container ng-tns-c362440147-111\"><\/div>\n<\/div>\n<\/li>\n<\/ul>\n<h3 data-sourcepos=\"13:1-13:24\"><strong>Aplica\u021bii comune:<\/strong><\/h3>\n<ul data-sourcepos=\"15:1-20:0\">\n<li data-sourcepos=\"15:1-15:170\"><strong>Surse de alimentare:<\/strong> <span class=\"citation-7 recitation citation-end-7\">Utilizat \u00een sursele de alimentare pentru diverse dispozitive electronice, inclusiv echipamente industriale, sisteme de energie regenerabil\u0103 \u0219i vehicule electrice.<\/span><span class=\"button-container hide-from-message-actions ng-star-inserted\"> \u00a0<\/span>\n<div class=\"container ng-tns-c362440147-112 hide\">\n<div class=\"carousel-container ng-tns-c362440147-112\"><\/div>\n<\/div>\n<\/li>\n<li data-sourcepos=\"16:1-16:110\"><strong><span class=\"citation-8 recitation\">Motor Drives:<\/span><\/strong><span class=\"citation-8 recitation citation-end-8\"> Utilizate \u00een sistemele de ac\u021bionare a motoarelor pentru filtrare, netezire \u0219i stocare a energiei.<\/span><span class=\"button-container hide-from-message-actions ng-star-inserted\">\u00a0 \u00a0<\/span>\n<div class=\"container ng-tns-c362440147-113 hide\">\n<div class=\"carousel-container ng-tns-c362440147-113\"><\/div>\n<\/div>\n<\/li>\n<li data-sourcepos=\"17:1-17:110\"><strong><span class=\"citation-9 recitation\">Corec\u021bia factorului de putere:<\/span><\/strong><span class=\"citation-9 recitation citation-end-9\"> Utilizat \u00een circuitele de corec\u021bie a factorului de putere pentru a \u00eembun\u0103t\u0103\u021bi calitatea energiei.<\/span><span class=\"button-container hide-from-message-actions ng-star-inserted\">\u00a0 \u00a0<\/span>\n<div class=\"container ng-tns-c362440147-114 hide\">\n<div class=\"carousel-container ng-tns-c362440147-114\"><\/div>\n<\/div>\n<\/li>\n<li data-sourcepos=\"18:1-18:75\"><strong>Invertoare:<\/strong> Utilizat \u00een invertoare pentru conversia curentului continuu \u00een curent alternativ.<\/li>\n<li data-sourcepos=\"19:1-20:0\"><strong><span class=\"citation-10 recitation\">Circuite rezonante:<\/span><\/strong><span class=\"citation-10 recitation citation-end-10\"> Utilizate \u00een circuite rezonante pentru aplica\u021bii precum \u00eenc\u0103lzirea prin induc\u021bie \u0219i generarea de plasm\u0103.<\/span><span class=\"button-container hide-from-message-actions ng-star-inserted\"> \u00a0 <\/span><\/li>\n<\/ul>","protected":false},"excerpt":{"rendered":"<table style=\"height: 437px;\" width=\"726\">\n<tbody>\n<tr>\n<td width=\"146\"><strong><b>Produs<\/b><\/strong>\u00a0<strong><b>Nume:<\/b><\/strong><\/td>\n<td width=\"601\"><strong>Condensator de putere cu film<\/strong><\/td>\n<\/tr>\n<tr>\n<td width=\"146\">\n<h4><strong>Scurt\u0103 descriere:<\/strong><\/h4>\n<\/td>\n<td width=\"601\">Condensatoarele cu film pentru defibrilatoare sunt proiectate special pentru a \u00eendeplini cerin\u021bele de fiabilitate ale unui dispozitiv medical de clasa III.<\/td>\n<\/tr>\n<tr>\n<td width=\"146\"><strong>Gama de capacit\u0103\u021bi:<\/strong><\/td>\n<td width=\"601\">32\u00b5F p\u00e2n\u0103 la 500 \u00b5F<\/td>\n<\/tr>\n<tr>\n<td width=\"146\"><strong>Tensiune nominal\u0103\uff1a<\/strong><\/td>\n<td width=\"601\">800 VDC p\u00e2n\u0103 la 6000 VDC<\/td>\n<\/tr>\n<tr>\n<td width=\"146\"><strong>Cap.tol\uff1a<\/strong><\/td>\n<td width=\"601\">+70 p\u00e2n\u0103 la -45 \u2103<\/td>\n<\/tr>\n<\/tbody>\n<\/table>","protected":false},"featured_media":1676,"comment_status":"open","ping_status":"closed","template":"","meta":[],"product_brand":[],"product_cat":[38],"product_tag":[],"class_list":{"0":"post-1674","1":"product","2":"type-product","3":"status-publish","4":"has-post-thumbnail","6":"product_cat-dc-capacitor-2","8":"first","9":"instock","10":"shipping-taxable","11":"product-type-simple"},"_links":{"self":[{"href":"https:\/\/rf-capacitor.com\/ro\/wp-json\/wp\/v2\/product\/1674","targetHints":{"allow":["GET"]}}],"collection":[{"href":"https:\/\/rf-capacitor.com\/ro\/wp-json\/wp\/v2\/product"}],"about":[{"href":"https:\/\/rf-capacitor.com\/ro\/wp-json\/wp\/v2\/types\/product"}],"replies":[{"embeddable":true,"href":"https:\/\/rf-capacitor.com\/ro\/wp-json\/wp\/v2\/comments?post=1674"}],"wp:featuredmedia":[{"embeddable":true,"href":"https:\/\/rf-capacitor.com\/ro\/wp-json\/wp\/v2\/media\/1676"}],"wp:attachment":[{"href":"https:\/\/rf-capacitor.com\/ro\/wp-json\/wp\/v2\/media?parent=1674"}],"wp:term":[{"taxonomy":"product_brand","embeddable":true,"href":"https:\/\/rf-capacitor.com\/ro\/wp-json\/wp\/v2\/product_brand?post=1674"},{"taxonomy":"product_cat","embeddable":true,"href":"https:\/\/rf-capacitor.com\/ro\/wp-json\/wp\/v2\/product_cat?post=1674"},{"taxonomy":"product_tag","embeddable":true,"href":"https:\/\/rf-capacitor.com\/ro\/wp-json\/wp\/v2\/product_tag?post=1674"}],"curies":[{"name":"wp","href":"https:\/\/api.w.org\/{rel}","templated":true}]}}