{"id":1649,"date":"2024-12-27T03:26:39","date_gmt":"2024-12-27T03:26:39","guid":{"rendered":"https:\/\/rf-capacitor.com\/?post_type=product&#038;p=1649"},"modified":"2024-12-27T03:26:39","modified_gmt":"2024-12-27T03:26:39","slug":"high-voltage-film-capacitor","status":"publish","type":"product","link":"https:\/\/rf-capacitor.com\/ro\/high-voltage-film-capacitor\/","title":{"rendered":"Condensator cu film de \u00eenalt\u0103 tensiune"},"content":{"rendered":"<h3 data-sourcepos=\"1:1-1:32\"><strong>Condensatoare cu film de \u00eenalt\u0103 tensiune<\/strong><\/h3>\n<p data-sourcepos=\"3:1-3:313\"><span class=\"citation-0 recitation citation-end-0\">Condensatoarele cu film de \u00eenalt\u0103 tensiune sunt componente specializate concepute pentru a suporta niveluri ridicate de tensiune, men\u021bin\u00e2nd \u00een acela\u0219i timp propriet\u0103\u021bi electrice excelente.<\/span> Acestea sunt construite folosind straturi sub\u021biri de materiale dielectrice, cum ar fi polipropilena, poliesterul sau polistirenul, intercalate \u00eentre electrozi conductori.<span class=\"button-container hide-from-message-actions ng-star-inserted\"> \u00a0<\/span><\/p>\n<h3 data-sourcepos=\"5:1-5:24\"><strong>Caracteristici cheie:<\/strong><\/h3>\n<ul data-sourcepos=\"7:1-12:0\">\n<li data-sourcepos=\"7:1-7:106\"><strong>Capacitate de \u00eenalt\u0103 tensiune:<\/strong> <span class=\"citation-1 recitation citation-end-1\">Capabile s\u0103 reziste la tensiuni extrem de ridicate f\u0103r\u0103 defectare.<\/span><span class=\"button-container hide-from-message-actions ng-star-inserted\"> \u00a0<\/span>\n<div class=\"container ng-tns-c362440147-70 hide\">\n<div class=\"carousel-container ng-tns-c362440147-70\"><\/div>\n<\/div>\n<\/li>\n<li data-sourcepos=\"8:1-8:109\"><strong>Curent de scurgere sc\u0103zut:<\/strong> Scurgere minim\u0103 de curent, asigur\u00e2nd stocarea eficient\u0103 a energiei \u0219i pierderi minime de putere.<\/li>\n<li data-sourcepos=\"9:1-9:151\"><strong><span class=\"citation-2 recitation\">Rezisten\u021b\u0103 ridicat\u0103 la izolare:<\/span><\/strong><span class=\"citation-2 recitation citation-end-2\"> Rezisten\u021b\u0103 excelent\u0103 la defec\u021biuni electrice, asigur\u00e2nd o func\u021bionare fiabil\u0103 \u00een aplica\u021bii de \u00eenalt\u0103 tensiune.<\/span><span class=\"button-container hide-from-message-actions ng-star-inserted\"> \u00a0<\/span>\n<div class=\"container ng-tns-c362440147-71 hide\">\n<div class=\"carousel-container ng-tns-c362440147-71\"><\/div>\n<\/div>\n<\/li>\n<li data-sourcepos=\"10:1-10:198\"><strong>Propriet\u0103\u021bi de autovindecare:<\/strong> <span class=\"citation-3 recitation citation-end-3\">Unele condensatoare cu film au capacit\u0103\u021bi de autovindecare, prin care defec\u021biunile dielectrice localizate sunt reparate automat, prelungind durata de via\u021b\u0103 a condensatorului.<\/span><span class=\"button-container hide-from-message-actions ng-star-inserted\"> \u00a0<\/span>\n<div class=\"container ng-tns-c362440147-72 hide\">\n<div class=\"carousel-container ng-tns-c362440147-72\"><\/div>\n<\/div>\n<\/li>\n<li data-sourcepos=\"11:1-12:0\"><strong><span class=\"citation-4 recitation\">Gam\u0103 larg\u0103 de valori ale capacit\u0103\u021bii:<\/span><\/strong><span class=\"citation-4 recitation citation-end-4\"> Disponibil \u00eentr-o varietate de valori ale capacit\u0103\u021bii pentru a se potrivi diferitelor aplica\u021bii.<\/span><span class=\"button-container hide-from-message-actions ng-star-inserted\">\u00a0 \u00a0<\/span>\n<div class=\"container ng-tns-c362440147-73 hide\">\n<div class=\"carousel-container ng-tns-c362440147-73\"><\/div>\n<\/div>\n<\/li>\n<\/ul>\n<h4 data-sourcepos=\"13:1-13:24\"><strong>Condensator cu film de \u00eenalt\u0103 tensiune Aplica\u021bii comune:<\/strong><\/h4>\n<ul data-sourcepos=\"15:1-20:0\">\n<li data-sourcepos=\"15:1-15:157\"><strong>Surse de alimentare de \u00eenalt\u0103 tensiune:<\/strong> Utilizat \u00een sursele de alimentare pentru diverse dispozitive electronice, inclusiv televizoare, echipamente medicale \u0219i utilaje industriale.<\/li>\n<li data-sourcepos=\"16:1-16:164\"><strong><span class=\"citation-5 recitation\">Pulse Power Systems:<\/span><\/strong><span class=\"citation-5 recitation citation-end-5\"> Utilizate \u00een aplica\u021bii care necesit\u0103 stocarea \u0219i eliberarea rapid\u0103 a energiei \u00eenalte, cum ar fi laserele pulsate \u0219i sistemele radar.<\/span><span class=\"button-container hide-from-message-actions ng-star-inserted\"> \u00a0<\/span>\n<div class=\"container ng-tns-c362440147-74 hide\">\n<div class=\"carousel-container ng-tns-c362440147-74\"><\/div>\n<\/div>\n<\/li>\n<li data-sourcepos=\"17:1-17:100\"><strong>Motor Drives:<\/strong> <span class=\"citation-6 recitation citation-end-6\">Utilizat \u00een sistemele de control al motoarelor pentru filtrare \u0219i stocare a energiei.<\/span><span class=\"button-container hide-from-message-actions ng-star-inserted\">\u00a0<\/span>\n<div class=\"container ng-tns-c362440147-75 hide\">\n<div class=\"carousel-container ng-tns-c362440147-75\"><\/div>\n<\/div>\n<\/li>\n<li data-sourcepos=\"18:1-18:131\"><strong>Echipamente de testare de \u00eenalt\u0103 tensiune:<\/strong> Utilizat \u00een echipamente pentru testarea propriet\u0103\u021bilor de izolare ale componentelor \u0219i sistemelor electrice.<\/li>\n<li data-sourcepos=\"19:1-20:0\"><strong>Sisteme de stocare a energiei:<\/strong> Se utilizeaz\u0103 \u00een sistemele de stocare a energiei pentru sursele regenerabile de energie, cum ar fi energia solar\u0103 \u0219i eolian\u0103.<\/li>\n<\/ul>","protected":false},"excerpt":{"rendered":"<table style=\"height: 474px;\" width=\"704\">\n<tbody>\n<tr>\n<td width=\"146\"><strong><b>Produs<\/b><\/strong>\u00a0<strong><b>Nume:<\/b><\/strong><\/td>\n<td width=\"601\"><strong>Condensator cu film de \u00eenalt\u0103 tensiune<\/strong><\/td>\n<\/tr>\n<tr>\n<td width=\"146\">\n<h4><strong>Scurt\u0103 descriere:<\/strong><\/h4>\n<\/td>\n<td width=\"601\">Utilizat pe scar\u0103 larg\u0103 \u00een diferite tipuri de echipamente electronice Partea de leg\u0103tur\u0103 DC pentru suport DC, stocare de energie \u0219i filtru. de exemplu, sisteme de energie eolian\u0103 \u0219i invertoare;<\/td>\n<\/tr>\n<tr>\n<td width=\"146\"><strong>Gama de capacit\u0103\u021bi:<\/strong><\/td>\n<td width=\"601\">20\u00b5F ~ 5600\u00b5F<\/td>\n<\/tr>\n<tr>\n<td width=\"146\"><strong>Tensiune nominal\u0103\uff1a<\/strong><\/td>\n<td width=\"601\">500 ~ 4000VDC<\/td>\n<\/tr>\n<tr>\n<td width=\"146\"><strong>Cap.tol\uff1a<\/strong><\/td>\n<td width=\"601\">\u00a0\u00a0\u00b15%\uff08J\uff09\uff1b\u00b110%\uff08K\uff09<\/td>\n<\/tr>\n<tr>\n<td width=\"146\"><\/td>\n<td width=\"601\"><\/td>\n<\/tr>\n<\/tbody>\n<\/table>","protected":false},"featured_media":1664,"comment_status":"open","ping_status":"closed","template":"","meta":[],"product_brand":[],"product_cat":[38],"product_tag":[],"class_list":{"0":"post-1649","1":"product","2":"type-product","3":"status-publish","4":"has-post-thumbnail","6":"product_cat-dc-capacitor-2","8":"first","9":"instock","10":"shipping-taxable","11":"product-type-simple"},"_links":{"self":[{"href":"https:\/\/rf-capacitor.com\/ro\/wp-json\/wp\/v2\/product\/1649","targetHints":{"allow":["GET"]}}],"collection":[{"href":"https:\/\/rf-capacitor.com\/ro\/wp-json\/wp\/v2\/product"}],"about":[{"href":"https:\/\/rf-capacitor.com\/ro\/wp-json\/wp\/v2\/types\/product"}],"replies":[{"embeddable":true,"href":"https:\/\/rf-capacitor.com\/ro\/wp-json\/wp\/v2\/comments?post=1649"}],"wp:featuredmedia":[{"embeddable":true,"href":"https:\/\/rf-capacitor.com\/ro\/wp-json\/wp\/v2\/media\/1664"}],"wp:attachment":[{"href":"https:\/\/rf-capacitor.com\/ro\/wp-json\/wp\/v2\/media?parent=1649"}],"wp:term":[{"taxonomy":"product_brand","embeddable":true,"href":"https:\/\/rf-capacitor.com\/ro\/wp-json\/wp\/v2\/product_brand?post=1649"},{"taxonomy":"product_cat","embeddable":true,"href":"https:\/\/rf-capacitor.com\/ro\/wp-json\/wp\/v2\/product_cat?post=1649"},{"taxonomy":"product_tag","embeddable":true,"href":"https:\/\/rf-capacitor.com\/ro\/wp-json\/wp\/v2\/product_tag?post=1649"}],"curies":[{"name":"wp","href":"https:\/\/api.w.org\/{rel}","templated":true}]}}