{"id":1643,"date":"2024-12-27T02:32:04","date_gmt":"2024-12-27T02:32:04","guid":{"rendered":"https:\/\/rf-capacitor.com\/?post_type=product&#038;p=1643"},"modified":"2024-12-27T02:40:52","modified_gmt":"2024-12-27T02:40:52","slug":"dc-bias-capacitor","status":"publish","type":"product","link":"https:\/\/rf-capacitor.com\/ro\/dc-bias-capacitor\/","title":{"rendered":"Condensator DC Bias"},"content":{"rendered":"<p data-sourcepos=\"1:1-1:155\"><span class=\"citation-0 recitation\">A <\/span><strong><span class=\"citation-0 recitation\">Condensator de polarizare DC<\/span><\/strong><span class=\"citation-0 recitation citation-end-0\"> este un condensator utilizat \u00een circuitele electronice pentru a bloca fluxul de curent continuu, permi\u021b\u00e2nd \u00een acela\u0219i timp semnalelor de curent alternativ s\u0103 treac\u0103.<\/span><span class=\"button-container hide-from-message-actions ng-star-inserted\"> \u00a0<\/span><\/p>\n<h3 data-sourcepos=\"3:1-3:23\"><strong>Iat\u0103 o defalcare:<\/strong><\/h3>\n<ul data-sourcepos=\"5:1-9:0\">\n<li data-sourcepos=\"5:1-6:225\"><strong>Blocarea DC:<\/strong>\n<ul data-sourcepos=\"6:5-6:225\">\n<li data-sourcepos=\"6:5-6:225\"><span class=\"citation-1 recitation citation-end-1\">Condensatoarele stocheaz\u0103 sarcina electric\u0103.<\/span> Atunci c\u00e2nd se aplic\u0103 o tensiune continu\u0103, condensatorul se \u00eencarc\u0103 p\u00e2n\u0103 la acea tensiune \u0219i apoi nu mai conduce. Acest lucru blocheaz\u0103 efectiv trecerea curentului continuu prin circuit.\n<div class=\"container ng-tns-c362440147-43 hide\">\n<div class=\"carousel-container ng-tns-c362440147-43\"><\/div>\n<\/div>\n<\/li>\n<\/ul>\n<\/li>\n<li data-sourcepos=\"7:1-9:0\"><strong>Trecerea AC:<\/strong>\n<ul data-sourcepos=\"8:5-9:0\">\n<li data-sourcepos=\"8:5-9:0\"><span class=\"citation-2 recitation citation-end-2\">Semnalele de curent alternativ, prin defini\u021bie, au tensiuni \u00een continu\u0103 schimbare.<\/span> Acest lucru face ca condensatorul s\u0103 se \u00eencarce \u0219i s\u0103 se descarce continuu, permi\u021b\u00e2nd semnalului de curent alternativ s\u0103 treac\u0103 prin el.<span class=\"button-container hide-from-message-actions ng-star-inserted\">\u00a0<\/span>\n<div class=\"container ng-tns-c362440147-44 hide\">\n<div class=\"carousel-container ng-tns-c362440147-44\">\n<div class=\"carousel-content ng-tns-c362440147-44\">\n<div class=\"sources-carousel-source ng-tns-c362440147-44 hide ng-star-inserted\" data-test-id=\"sources-carousel-source\"><\/div>\n<\/div>\n<\/div>\n<\/div>\n<\/li>\n<\/ul>\n<\/li>\n<\/ul>\n<h3 data-sourcepos=\"10:1-10:24\"><strong>Aplica\u021bii comune:<\/strong><\/h3>\n<ul data-sourcepos=\"12:1-18:0\">\n<li data-sourcepos=\"12:1-13:165\"><strong>Cuplarea semnalelor AC:<\/strong>\n<ul data-sourcepos=\"13:5-13:165\">\n<li data-sourcepos=\"13:5-13:165\"><span class=\"citation-3 recitation citation-end-3\">Condensatoarele de polarizare continu\u0103 sunt adesea utilizate pentru cuplarea semnalelor de curent alternativ \u00eentre diferite etaje ale unui amplificator, izol\u00e2nd \u00een acela\u0219i timp tensiunea de polarizare continu\u0103 a fiec\u0103rui etaj.<\/span><span class=\"button-container hide-from-message-actions ng-star-inserted\">\u00a0<\/span>\n<div class=\"container ng-tns-c362440147-45 hide\">\n<div class=\"carousel-container ng-tns-c362440147-45\">\n<div class=\"carousel-content ng-tns-c362440147-45\">\n<div class=\"sources-carousel-source ng-tns-c362440147-45 hide ng-star-inserted\" data-test-id=\"sources-carousel-source\"><\/div>\n<\/div>\n<\/div>\n<\/div>\n<\/li>\n<\/ul>\n<\/li>\n<li data-sourcepos=\"14:1-15:116\"><strong>Eliminarea decalajelor DC:<\/strong>\n<ul data-sourcepos=\"15:5-15:116\">\n<li data-sourcepos=\"15:5-15:116\">Acestea pot fi utilizate pentru a elimina orice decalaj DC prezent \u00eentr-un semnal AC \u00eenainte ca acesta s\u0103 fie procesat de o etap\u0103 ulterioar\u0103.<\/li>\n<\/ul>\n<\/li>\n<li data-sourcepos=\"16:1-18:0\"><strong>Filtre trece-\u00eenalt:<\/strong>\n<ul data-sourcepos=\"17:5-18:0\">\n<li data-sourcepos=\"17:5-18:0\"><span class=\"citation-4 recitation citation-end-4\">Atunci c\u00e2nd este combinat cu un rezistor, un condensator de polarizare DC poate forma un filtru trece-\u00eenalt simplu, permi\u021b\u00e2nd semnalelor de \u00eenalt\u0103 frecven\u021b\u0103 s\u0103 treac\u0103 \u00een timp ce blocheaz\u0103 semnalele de joas\u0103 frecven\u021b\u0103, inclusiv DC.<\/span><span class=\"button-container hide-from-message-actions ng-star-inserted\">\u00a0<\/span>\n<div class=\"container ng-tns-c362440147-46 hide\">\n<div class=\"carousel-container ng-tns-c362440147-46\">\n<div class=\"carousel-content ng-tns-c362440147-46\">\n<div class=\"sources-carousel-source ng-tns-c362440147-46 hide ng-star-inserted\" data-test-id=\"sources-carousel-source\"><\/div>\n<\/div>\n<\/div>\n<\/div>\n<\/li>\n<\/ul>\n<\/li>\n<\/ul>\n<h3 data-sourcepos=\"19:1-19:23\"><strong>Considera\u021bii cheie:<\/strong><\/h3>\n<ul data-sourcepos=\"21:1-24:0\">\n<li data-sourcepos=\"21:1-21:172\"><strong>Valoarea capacit\u0103\u021bii:<\/strong> Valoarea capacit\u0103\u021bii condensatorului de polarizare CC este esen\u021bial\u0103 pentru performan\u021ba sa. O capacitate mai mare va permite, \u00een general, trecerea frecven\u021belor mai mici.<\/li>\n<li data-sourcepos=\"22:1-22:105\"><strong>Tensiune nominal\u0103:<\/strong> Condensatorul trebuie s\u0103 fie dimensionat pentru tensiunea maxim\u0103 care va fi aplicat\u0103 prin el.<\/li>\n<li data-sourcepos=\"23:1-24:0\"><strong>Curent de scurgere:<\/strong> Curentul de scurgere al condensatorului poate afecta punctul de polarizare DC al circuitului.<\/li>\n<\/ul>\n<h3 data-sourcepos=\"25:1-25:15\"><strong>\u00cen rezumat:<\/strong><\/h3>\n<p data-sourcepos=\"27:1-27:252\">Condensatoarele de polarizare continu\u0103 joac\u0103 un rol vital \u00een multe circuite electronice, permi\u021b\u00e2nd transferul eficient al semnalelor de curent alternativ, izol\u00e2nd \u00een acela\u0219i timp componentele de curent continuu. Prin \u00een\u021belegerea func\u021biei \u0219i caracteristicilor acestora, inginerii le pot utiliza eficient \u00een proiectele lor.<\/p>","protected":false},"excerpt":{"rendered":"<table style=\"height: 575px;\" width=\"683\">\n<tbody>\n<tr>\n<td width=\"146\"><strong><b>Produs<\/b><\/strong>\u00a0<strong><b>Nume:<\/b><\/strong><\/td>\n<td width=\"601\">Condensator DC Bias<\/td>\n<\/tr>\n<tr>\n<td width=\"146\">\n<h4><strong>Scurt\u0103 descriere:<\/strong><\/h4>\n<\/td>\n<td width=\"601\">Invertor Pv, convertor de energie eolian\u0103; AII tipuri de convertor de frecven\u021b\u0103 \u0219i invertor<br \/>\nalimentare cu energie electric\u0103; ma\u0219ini pur electrice \u0219i hibride; pilon de \u00eenc\u0103rcare, UPS, etc.<\/td>\n<\/tr>\n<tr>\n<td width=\"146\"><strong>Gama de capacit\u0103\u021bi:<\/strong><\/td>\n<td width=\"601\">\u00a01\u03bcF - 200\u03bcF<\/td>\n<\/tr>\n<tr>\n<td width=\"146\"><strong>Tensiune nominal\u0103\uff1a<\/strong><\/td>\n<td width=\"601\">450V.DC - 1800V.DC<\/td>\n<\/tr>\n<tr>\n<td width=\"146\"><strong>Cap.tol\uff1a<\/strong><\/td>\n<td width=\"601\">\u00a0\u00b15%\uff08J\uff09\uff1b\u00b110%\uff08K\uff09<\/td>\n<\/tr>\n<tr>\n<td width=\"146\"><strong>Condensator Model:\u00a0<\/strong><\/td>\n<td width=\"601\">Seria DMJ-PS<\/td>\n<\/tr>\n<\/tbody>\n<\/table>","protected":false},"featured_media":1644,"comment_status":"open","ping_status":"closed","template":"","meta":[],"product_brand":[],"product_cat":[38],"product_tag":[],"class_list":{"0":"post-1643","1":"product","2":"type-product","3":"status-publish","4":"has-post-thumbnail","6":"product_cat-dc-capacitor-2","8":"first","9":"instock","10":"shipping-taxable","11":"product-type-simple"},"_links":{"self":[{"href":"https:\/\/rf-capacitor.com\/ro\/wp-json\/wp\/v2\/product\/1643","targetHints":{"allow":["GET"]}}],"collection":[{"href":"https:\/\/rf-capacitor.com\/ro\/wp-json\/wp\/v2\/product"}],"about":[{"href":"https:\/\/rf-capacitor.com\/ro\/wp-json\/wp\/v2\/types\/product"}],"replies":[{"embeddable":true,"href":"https:\/\/rf-capacitor.com\/ro\/wp-json\/wp\/v2\/comments?post=1643"}],"wp:featuredmedia":[{"embeddable":true,"href":"https:\/\/rf-capacitor.com\/ro\/wp-json\/wp\/v2\/media\/1644"}],"wp:attachment":[{"href":"https:\/\/rf-capacitor.com\/ro\/wp-json\/wp\/v2\/media?parent=1643"}],"wp:term":[{"taxonomy":"product_brand","embeddable":true,"href":"https:\/\/rf-capacitor.com\/ro\/wp-json\/wp\/v2\/product_brand?post=1643"},{"taxonomy":"product_cat","embeddable":true,"href":"https:\/\/rf-capacitor.com\/ro\/wp-json\/wp\/v2\/product_cat?post=1643"},{"taxonomy":"product_tag","embeddable":true,"href":"https:\/\/rf-capacitor.com\/ro\/wp-json\/wp\/v2\/product_tag?post=1643"}],"curies":[{"name":"wp","href":"https:\/\/api.w.org\/{rel}","templated":true}]}}