{"id":1630,"date":"2024-12-26T08:55:26","date_gmt":"2024-12-26T08:55:26","guid":{"rendered":"https:\/\/rf-capacitor.com\/?post_type=product&#038;p=1630"},"modified":"2024-12-26T09:16:35","modified_gmt":"2024-12-26T09:16:35","slug":"dc-circuit-capacitor","status":"publish","type":"product","link":"https:\/\/rf-capacitor.com\/ro\/dc-circuit-capacitor\/","title":{"rendered":"Condensator circuit DC"},"content":{"rendered":"<h3 data-sourcepos=\"1:1-1:47\"><strong>Condensatoare \u00een circuitele de curent continuu: Roluri nea\u0219teptate<\/strong><\/h3>\n<p data-sourcepos=\"3:1-3:203\">\u00cen timp ce condensatoarele de circuit de curent continuu sunt adesea asociate cu circuitele de curent alternativ, acestea pot juca roluri surprinz\u0103toare \u0219i cruciale \u0219i \u00een circuitele de curent continuu. Iat\u0103 o defalcare a modului \u00een care condensatoarele se comport\u0103 \u0219i sunt utilizate \u00een medii de curent continuu:<\/p>\n<h4 data-sourcepos=\"5:1-5:37\"><strong>1. \u00cenc\u0103rcarea \u0219i blocarea ini\u021bial\u0103:<\/strong><\/h4>\n<ul data-sourcepos=\"7:1-9:0\">\n<li data-sourcepos=\"7:1-7:201\"><strong>Faza de \u00eenc\u0103rcare:<\/strong> Atunci c\u00e2nd un condensator cu circuit de curent continuu este conectat pentru prima dat\u0103 la un condensator ne\u00eenc\u0103rcat, circul\u0103 un scurt curent. Acest curent \u00eencarc\u0103 pl\u0103cile condensatorului, cre\u00e2nd un c\u00e2mp electric opus.<\/li>\n<li data-sourcepos=\"7:1-7:201\"><strong>Stare de echilibru:<\/strong> Odat\u0103 ce condensatorul este complet \u00eenc\u0103rcat, acesta ac\u021bioneaz\u0103 ca un circuit deschis, bloc\u00e2nd fluxul de curent continuu ulterior. Acest lucru se datoreaz\u0103 faptului c\u0103 sarcina acumulat\u0103 pe pl\u0103ci creeaz\u0103 un c\u00e2mp electric care contracareaz\u0103 perfect circuitul de curent continuu aplicat Condensator.<\/li>\n<li data-sourcepos=\"8:1-9:0\"><strong style=\"color: #555555; font-size: 14.4px;\">2. Netezire \u0219i filtrare:<\/strong><\/li>\n<\/ul>\n<ul data-sourcepos=\"12:1-14:0\">\n<li data-sourcepos=\"12:1-12:281\"><strong>Reducerea ondula\u021biei:<\/strong> \u00cen sursele de alimentare, condensatoarele sunt utilizate pentru a atenua fluctua\u021biile de tensiune (ondularea) care apar adesea din cauza procesului de redresare. Condensatorul absoarbe excesul de sarcin\u0103 \u00een timpul v\u00e2rfurilor de tensiune \u0219i \u00eel elibereaz\u0103 \u00een timpul sc\u0103derilor, rezult\u00e2nd o ie\u0219ire de curent continuu mai stabil\u0103.<\/li>\n<li data-sourcepos=\"13:1-14:0\"><strong>Filtrare:<\/strong> Condensatoarele pot fi utilizate pentru a filtra zgomotul de \u00eenalt\u0103 frecven\u021b\u0103 dintr-un semnal de curent continuu. Condensator de circuit CC Acest lucru este deosebit de important \u00een circuitele electronice sensibile, unde zgomotul poate interfera cu func\u021bionarea corect\u0103.<\/li>\n<\/ul>\n<h4 data-sourcepos=\"15:1-15:23\"><strong>3. Circuite de temporizare:<\/strong><\/h4>\n<ul data-sourcepos=\"17:1-18:0\">\n<li data-sourcepos=\"17:1-18:0\"><strong>Circuite RC:<\/strong> Condensatoarele combinate cu rezisten\u021be (circuite RC) formeaz\u0103 baza circuitelor de temporizare. Timpul necesar unui condensator pentru a se \u00eenc\u0103rca sau desc\u0103rca printr-o rezisten\u021b\u0103 poate fi controlat cu precizie, permi\u021b\u00e2nd crearea de \u00eent\u00e2rzieri, oscilatoare \u0219i alte func\u021bii legate de temporizare.<\/li>\n<li data-sourcepos=\"17:1-18:0\">\n<h4><strong style=\"color: #555555; font-size: 14.4px;\">4. Cuplarea semnalelor de curent alternativ:<\/strong><\/h4>\n<\/li>\n<\/ul>\n<ul data-sourcepos=\"21:1-22:0\">\n<li data-sourcepos=\"21:1-22:0\"><strong>Blocarea DC:<\/strong> Condensatoarele pot fi utilizate pentru cuplarea semnalelor de curent alternativ \u00eentre diferite etape ale unui circuit de curent continuu, bloc\u00e2nd \u00een acela\u0219i timp \u00een mod eficient componenta de curent continuu. Acest lucru este esen\u021bial \u00een multe circuite audio \u0219i de amplificare.<\/li>\n<li data-sourcepos=\"21:1-22:0\"><strong style=\"color: #555555; font-size: 14.4px;\">Puncte cheie:<\/strong><\/li>\n<\/ul>\n<ul data-sourcepos=\"25:1-27:0\">\n<li data-sourcepos=\"25:1-25:248\"><strong>Nu \u00eentotdeauna pasiv:<\/strong> De\u0219i condensatoarele blocheaz\u0103 \u00een general curentul continuu, comportamentul lor \u00een circuitele de curent continuu nu este \u00eentotdeauna pasiv. Ele pot participa activ la modelarea comportamentului circuitului, \u00een special \u00een aplica\u021bii de \u00eenc\u0103rcare, netezire \u0219i temporizare.<\/li>\n<li data-sourcepos=\"25:1-25:248\"><strong>Aplica\u021bie specific\u0103:<\/strong> Rolul specific al unui condensator \u00eentr-un circuit de curent continuu depinde \u00een mare m\u0103sur\u0103 de proiectarea circuitului \u0219i de func\u021bia prev\u0103zut\u0103.<\/li>\n<\/ul>\n<p data-sourcepos=\"28:1-28:223\"><strong>\u00cen esen\u021b\u0103, condensatoarele din circuitele de curent continuu nu sunt doar elemente pasive; ele pot fi componente dinamice care joac\u0103 roluri vitale \u00een modelarea comportamentului circuitului, de la atenuarea aliment\u0103rii cu energie p\u00e2n\u0103 la crearea unor mecanisme de sincronizare precise.<\/strong><\/p>","protected":false},"excerpt":{"rendered":"<table style=\"height: 544px;\" width=\"704\">\n<tbody>\n<tr>\n<td width=\"146\"><strong><b>Produs<\/b><\/strong>\u00a0<strong><b>Nume:<\/b><\/strong><\/td>\n<td width=\"601\">Condensator circuit DC<\/td>\n<\/tr>\n<tr>\n<td width=\"146\">\n<h4><strong>Scurt\u0103 descriere:<\/strong><\/h4>\n<\/td>\n<td width=\"601\">Condensatoarele cu pelicul\u0103 metalizat\u0103 sunt unele dintre cele mai comune condensatoare utilizate \u00een circuitele electronice de ast\u0103zi, \u00een timp ce condensatoarele cu pelicul\u0103 cu putere redus\u0103 sunt utilizate \u00een mod obi\u0219nuit pentru aplica\u021bii de decuplare \u0219i filtrare.<\/td>\n<\/tr>\n<tr>\n<td width=\"146\"><strong>Gama de capacit\u0103\u021bi:<\/strong><\/td>\n<td width=\"601\">8-150uf<\/td>\n<\/tr>\n<tr>\n<td width=\"146\"><strong>Tensiune nominal\u0103\uff1a<\/strong><\/td>\n<td width=\"601\">450-1300V<\/td>\n<\/tr>\n<tr>\n<td width=\"146\">\u00a0<strong>Temperatura:<\/strong><\/td>\n<td width=\"601\">p\u00e2n\u0103 la 105 \u2103<\/td>\n<\/tr>\n<\/tbody>\n<\/table>","protected":false},"featured_media":1632,"comment_status":"open","ping_status":"closed","template":"","meta":[],"product_brand":[],"product_cat":[38],"product_tag":[],"class_list":{"0":"post-1630","1":"product","2":"type-product","3":"status-publish","4":"has-post-thumbnail","6":"product_cat-dc-capacitor-2","8":"first","9":"instock","10":"shipping-taxable","11":"product-type-simple"},"_links":{"self":[{"href":"https:\/\/rf-capacitor.com\/ro\/wp-json\/wp\/v2\/product\/1630","targetHints":{"allow":["GET"]}}],"collection":[{"href":"https:\/\/rf-capacitor.com\/ro\/wp-json\/wp\/v2\/product"}],"about":[{"href":"https:\/\/rf-capacitor.com\/ro\/wp-json\/wp\/v2\/types\/product"}],"replies":[{"embeddable":true,"href":"https:\/\/rf-capacitor.com\/ro\/wp-json\/wp\/v2\/comments?post=1630"}],"wp:featuredmedia":[{"embeddable":true,"href":"https:\/\/rf-capacitor.com\/ro\/wp-json\/wp\/v2\/media\/1632"}],"wp:attachment":[{"href":"https:\/\/rf-capacitor.com\/ro\/wp-json\/wp\/v2\/media?parent=1630"}],"wp:term":[{"taxonomy":"product_brand","embeddable":true,"href":"https:\/\/rf-capacitor.com\/ro\/wp-json\/wp\/v2\/product_brand?post=1630"},{"taxonomy":"product_cat","embeddable":true,"href":"https:\/\/rf-capacitor.com\/ro\/wp-json\/wp\/v2\/product_cat?post=1630"},{"taxonomy":"product_tag","embeddable":true,"href":"https:\/\/rf-capacitor.com\/ro\/wp-json\/wp\/v2\/product_tag?post=1630"}],"curies":[{"name":"wp","href":"https:\/\/api.w.org\/{rel}","templated":true}]}}