{"id":1624,"date":"2024-12-26T07:13:54","date_gmt":"2024-12-26T07:13:54","guid":{"rendered":"https:\/\/rf-capacitor.com\/?post_type=product&#038;p=1624"},"modified":"2024-12-26T07:13:54","modified_gmt":"2024-12-26T07:13:54","slug":"dc-link-capacitor","status":"publish","type":"product","link":"https:\/\/rf-capacitor.com\/ro\/dc-link-capacitor\/","title":{"rendered":"Condensator de leg\u0103tur\u0103 DC"},"content":{"rendered":"<h2 data-sourcepos=\"1:1-1:48\">Condensator de leg\u0103tur\u0103 DC: Un tampon pentru electronica de putere<\/h2>\n<p data-sourcepos=\"3:1-3:271\"><strong><span class=\"citation-0 recitation\">Un condensator de leg\u0103tur\u0103 de curent continuu<\/span><\/strong><span class=\"citation-0 recitation citation-end-0\"> este o component\u0103 esen\u021bial\u0103 \u00een circuitele electronice de putere, ac\u021bion\u00e2nd ca un tampon \u00eentre etajele de intrare \u0219i ie\u0219ire ale unui convertor.<\/span> <span class=\"citation-1 recitation citation-end-1\">Acesta joac\u0103 un rol vital \u00een stabilizarea tensiunii continue \u0219i \u00een asigurarea func\u021bion\u0103rii f\u0103r\u0103 probleme a sistemului.<\/span><span class=\"button-container hide-from-message-actions ng-star-inserted\">\u00a0<\/span><\/p>\n<h3 data-sourcepos=\"5:1-5:16\">Cum func\u021bioneaz\u0103<\/h3>\n<ul data-sourcepos=\"6:1-9:0\">\n<li data-sourcepos=\"6:1-6:146\"><strong>Stocarea energiei:<\/strong> <span class=\"citation-2 recitation citation-end-2\">Condensatorul de leg\u0103tur\u0103 de curent continuu stocheaz\u0103 energia \u00een timpul perioadelor de cerere sc\u0103zut\u0103 \u0219i o elibereaz\u0103 \u00een timpul perioadelor de cerere ridicat\u0103.<\/span>\n<div class=\"container ng-tns-c362440147-34 hide\">\n<div class=\"carousel-container ng-tns-c362440147-34\"><\/div>\n<\/div>\n<\/li>\n<li data-sourcepos=\"7:1-7:209\"><strong><span class=\"citation-3 recitation\">Stabilizarea tensiunii:<\/span><\/strong><span class=\"citation-3 recitation citation-end-3\"> Prin absorb\u021bia \u0219i eliberarea energiei, condensatorul ajut\u0103 la men\u021binerea unui nivel stabil al tensiunii continue, reduc\u00e2nd fluctua\u021biile cauzate de varia\u021biile puterii de intrare sau ale cererii de sarcin\u0103.<\/span><span class=\"button-container hide-from-message-actions ng-star-inserted\">\u00a0<\/span>\n<div class=\"container ng-tns-c362440147-35 hide\">\n<div class=\"carousel-container ng-tns-c362440147-35\"><\/div>\n<\/div>\n<\/li>\n<li data-sourcepos=\"8:1-9:0\"><strong><span class=\"citation-4 recitation\">Reducerea curentului de ondula\u021bie:<\/span><\/strong><span class=\"citation-4 recitation citation-end-4\"> De asemenea, ajut\u0103 la reducerea curentului de ondula\u021bie generat de ac\u021biunea de comutare a convertorului, rezult\u00e2nd o ie\u0219ire DC mai curat\u0103.<\/span><span class=\"button-container hide-from-message-actions ng-star-inserted\"> \u00a0<\/span>\n<div class=\"container ng-tns-c362440147-36 hide\">\n<div class=\"carousel-container ng-tns-c362440147-36\"><\/div>\n<\/div>\n<\/li>\n<\/ul>\n<h3 data-sourcepos=\"10:1-10:16\">Aplica\u021bii<\/h3>\n<p data-sourcepos=\"11:1-11:88\">Condensatoarele de leg\u0103tur\u0103 DC sunt utilizate pe scar\u0103 larg\u0103 \u00een diverse aplica\u021bii de electronic\u0103 de putere, inclusiv:<\/p>\n<ul data-sourcepos=\"18:1-21:0\">\n<li data-sourcepos=\"12:1-12:122\"><strong><span class=\"citation-5 recitation\">Invertoare:<\/span><\/strong><span class=\"citation-5 recitation citation-end-5\"> Pentru a furniza o surs\u0103 stabil\u0103 de tensiune continu\u0103 pentru invertor, care converte\u0219te curentul continuu \u00een curent alternativ.<\/span><span class=\"button-container hide-from-message-actions ng-star-inserted\">\u00a0 \u00a0<\/span>\n<div class=\"container ng-tns-c362440147-37 hide\">\n<div class=\"carousel-container ng-tns-c362440147-37\"><\/div>\n<\/div>\n<\/li>\n<li data-sourcepos=\"13:1-13:98\"><strong><span class=\"citation-6 recitation\">Convertoare:<\/span><\/strong><span class=\"citation-6 recitation citation-end-6\"> Pentru netezirea tensiunii continue \u00eentre etajele unui convertor cu mai multe etaje.<\/span><span class=\"button-container hide-from-message-actions ng-star-inserted\">\u00a0 \u00a0<\/span>\n<div class=\"container ng-tns-c362440147-38 hide\">\n<div class=\"carousel-container ng-tns-c362440147-38\"><\/div>\n<\/div>\n<\/li>\n<li data-sourcepos=\"14:1-14:124\"><strong><span class=\"citation-7 recitation\">Motor Drives:<\/span><\/strong><span class=\"citation-7 recitation citation-end-7\"> Pentru a asigura func\u021bionarea stabil\u0103 a ac\u021bion\u0103rilor motorului prin furnizarea unei tensiuni continue constante la motor.<\/span><span class=\"button-container hide-from-message-actions ng-star-inserted\">\u00a0 \u00a0<\/span>\n<div class=\"container ng-tns-c362440147-39 hide\">\n<div class=\"carousel-container ng-tns-c362440147-39\"><\/div>\n<\/div>\n<\/li>\n<li data-sourcepos=\"15:1-16:0\"><strong><span class=\"citation-8 recitation\">Sisteme de energie regenerabil\u0103:<\/span><\/strong><span class=\"citation-8 recitation citation-end-8\"> Pentru a stoca energia din surse precum panourile solare \u0219i turbinele eoliene, asigur\u00e2nd o alimentare stabil\u0103 cu curent continuu.<\/span><span class=\"button-container hide-from-message-actions ng-star-inserted\">\u00a0<\/span>\n<div class=\"container ng-tns-c362440147-40 hide\">\n<div class=\"carousel-container ng-tns-c362440147-40\">\n<div class=\"carousel-content ng-tns-c362440147-40\">\n<div data-test-id=\"sources-carousel-source\"><\/div>\n<div data-test-id=\"sources-carousel-source\"><\/div>\n<div class=\"sources-carousel-source ng-tns-c362440147-40 hide ng-star-inserted\" data-test-id=\"sources-carousel-source\"><span style=\"font-size: 20.16px;\">Considera\u021bii cheie<\/span><\/div>\n<\/div>\n<\/div>\n<\/div>\n<\/li>\n<li data-sourcepos=\"18:1-18:147\"><strong>Valoarea capacit\u0103\u021bii:<\/strong> <span class=\"citation-9 recitation citation-end-9\">Valoarea capacit\u0103\u021bii este aleas\u0103 \u00een func\u021bie de unda de tensiune dorit\u0103 \u0219i de cerin\u021bele de putere ale sistemului.<\/span><\/li>\n<li data-sourcepos=\"18:1-18:147\"><strong style=\"font-size: 14.4px;\">Tensiune nominal\u0103:<\/strong><span style=\"font-size: 14.4px;\"> Condensatorul trebuie s\u0103 fie evaluat pentru tensiunea maxim\u0103 la care va fi expus \u00een circuit.<\/span><\/li>\n<li data-sourcepos=\"20:1-21:0\"><strong>Valoarea curentului Ripple:<\/strong> <span class=\"citation-10 recitation citation-end-10\">Condensatorul trebuie s\u0103 fie capabil s\u0103 suporte curen\u021bii mari de ondula\u021bie genera\u021bi de ac\u021biunea de comutare a convertorului.<\/span><span class=\"button-container hide-from-message-actions ng-star-inserted\"> \u00a0<\/span>\n<div class=\"container ng-tns-c362440147-42 hide\">\n<div class=\"carousel-container ng-tns-c362440147-42\"><\/div>\n<\/div>\n<\/li>\n<\/ul>\n<p data-sourcepos=\"22:1-22:323\"><strong><span class=\"citation-11 recitation citation-end-11\">\u00cen esen\u021b\u0103, un condensator de leg\u0103tur\u0103 DC este o component\u0103 critic\u0103 care asigur\u0103 func\u021bionarea stabil\u0103 \u0219i eficient\u0103 a sistemelor electronice de putere.<\/span> <span class=\"citation-12 recitation\">Oferind un tampon pentru stocarea energiei \u0219i stabilizarea tensiunii, acesta joac\u0103 un rol cheie \u00een diverse aplica\u021bii, de la sisteme de energie regenerabil\u0103 la ac\u021bion\u0103ri de motoare.<\/span><\/strong><span class=\"button-container hide-from-message-actions ng-star-inserted\"> \u00a0 <\/span><\/p>","protected":false},"excerpt":{"rendered":"<table style=\"height: 485px;\" width=\"682\">\n<tbody>\n<tr>\n<td width=\"146\"><strong><b>Produs<\/b><\/strong>\u00a0<strong><b>Nume:<\/b><\/strong><\/td>\n<td width=\"601\">Condensator de leg\u0103tur\u0103 DC<\/td>\n<\/tr>\n<tr>\n<td width=\"146\">\n<h4><strong>Scurt\u0103 descriere:<\/strong><\/h4>\n<\/td>\n<td width=\"601\">Utilizat pe scar\u0103 larg\u0103 \u00een diferite tipuri de echipamente electronice Partea de leg\u0103tur\u0103 DC pentru suport DC, stocare de energie \u0219i filtru. de exemplu, sisteme de energie eolian\u0103 \u0219i invertoare;<\/td>\n<\/tr>\n<tr>\n<td width=\"146\"><strong>Gama de capacit\u0103\u021bi:<\/strong><\/td>\n<td width=\"601\">20\u00b5F ~ 5600\u00b5F<\/td>\n<\/tr>\n<tr>\n<td width=\"146\"><strong>Tensiune nominal\u0103\uff1a<\/strong><\/td>\n<td width=\"601\">500 ~ 4000VDC<\/td>\n<\/tr>\n<tr>\n<td width=\"146\"><strong>Cap.tol\uff1a<\/strong><\/td>\n<td width=\"601\">\u00a0\u00a0\u00b15%\uff08J\uff09\uff1b\u00b110%\uff08K\uff09<\/td>\n<\/tr>\n<tr>\n<td width=\"146\"><\/td>\n<td width=\"601\"><\/td>\n<\/tr>\n<\/tbody>\n<\/table>","protected":false},"featured_media":1625,"comment_status":"open","ping_status":"closed","template":"","meta":[],"product_brand":[],"product_cat":[38],"product_tag":[],"class_list":{"0":"post-1624","1":"product","2":"type-product","3":"status-publish","4":"has-post-thumbnail","6":"product_cat-dc-capacitor-2","8":"first","9":"instock","10":"shipping-taxable","11":"product-type-simple"},"_links":{"self":[{"href":"https:\/\/rf-capacitor.com\/ro\/wp-json\/wp\/v2\/product\/1624","targetHints":{"allow":["GET"]}}],"collection":[{"href":"https:\/\/rf-capacitor.com\/ro\/wp-json\/wp\/v2\/product"}],"about":[{"href":"https:\/\/rf-capacitor.com\/ro\/wp-json\/wp\/v2\/types\/product"}],"replies":[{"embeddable":true,"href":"https:\/\/rf-capacitor.com\/ro\/wp-json\/wp\/v2\/comments?post=1624"}],"wp:featuredmedia":[{"embeddable":true,"href":"https:\/\/rf-capacitor.com\/ro\/wp-json\/wp\/v2\/media\/1625"}],"wp:attachment":[{"href":"https:\/\/rf-capacitor.com\/ro\/wp-json\/wp\/v2\/media?parent=1624"}],"wp:term":[{"taxonomy":"product_brand","embeddable":true,"href":"https:\/\/rf-capacitor.com\/ro\/wp-json\/wp\/v2\/product_brand?post=1624"},{"taxonomy":"product_cat","embeddable":true,"href":"https:\/\/rf-capacitor.com\/ro\/wp-json\/wp\/v2\/product_cat?post=1624"},{"taxonomy":"product_tag","embeddable":true,"href":"https:\/\/rf-capacitor.com\/ro\/wp-json\/wp\/v2\/product_tag?post=1624"}],"curies":[{"name":"wp","href":"https:\/\/api.w.org\/{rel}","templated":true}]}}