{"id":1886,"date":"2025-01-02T06:26:09","date_gmt":"2025-01-02T06:26:09","guid":{"rendered":"https:\/\/rf-capacitor.com\/?post_type=product&#038;p=1886"},"modified":"2025-01-02T06:26:09","modified_gmt":"2025-01-02T06:26:09","slug":"high-voltage-resonance-capacitor","status":"publish","type":"product","link":"https:\/\/rf-capacitor.com\/pt\/high-voltage-resonance-capacitor\/","title":{"rendered":"Condensador de resson\u00e2ncia de alta tens\u00e3o"},"content":{"rendered":"<div class=\"user-query-container ng-star-inserted\">\n<div id=\"user-query-content-5\" class=\"query-content\">\n<div class=\"query-text gds-body-l ng-star-inserted\" dir=\"ltr\" role=\"heading\" aria-level=\"2\">\n<h3 class=\"query-text-line ng-star-inserted\">Condensador de resson\u00e2ncia de alta tens\u00e3o<\/h3>\n<\/div>\n<\/div>\n<\/div>\n<div>\n<div class=\"response-container ng-tns-c3227055261-91 response-optimization tts-removed ng-star-inserted response-container-has-multiple-responses\">\n<div class=\"presented-response-container ng-tns-c3227055261-91\">\n<div class=\"response-container-content ng-tns-c3227055261-91 tunable-selection-with-avatar\">\n<div class=\"response-content ng-tns-c3227055261-91\">\n<div id=\"model-response-message-contentr_53dd446f46a75fa7\" class=\"markdown markdown-main-panel tutor-markdown-rendering response-optimization\" dir=\"ltr\">\n<p data-sourcepos=\"1:1-1:126\"><span class=\"citation-0 recitation citation-end-0\">Os condensadores de resson\u00e2ncia de alta tens\u00e3o s\u00e3o componentes especializados concebidos para utiliza\u00e7\u00e3o em circuitos de resson\u00e2ncia de alta tens\u00e3o.<\/span><span class=\"button-container hide-from-message-actions ng-star-inserted\"> \u00a0<\/span><\/p>\n<h3 data-sourcepos=\"3:1-3:24\"><strong>Carater\u00edsticas principais:<\/strong><\/h3>\n<ul data-sourcepos=\"5:1-10:0\">\n<li data-sourcepos=\"5:1-5:127\"><strong>Classifica\u00e7\u00e3o de tens\u00e3o extremamente elevada:<\/strong> <span class=\"citation-1 recitation citation-end-1\">Capaz de suportar tens\u00f5es muito elevadas (normalmente da ordem dos quilovolts).<\/span><span class=\"button-container hide-from-message-actions ng-star-inserted\">\u00a0 \u00a0<\/span>\n<div class=\"container ng-tns-c362440147-96 hide\">\n<div class=\"carousel-container ng-tns-c362440147-96\"><\/div>\n<\/div>\n<\/li>\n<li data-sourcepos=\"6:1-6:95\"><strong>Baixa perda:<\/strong> Perdas internas m\u00ednimas para minimizar a dissipa\u00e7\u00e3o de energia e maximizar a efici\u00eancia.<\/li>\n<li data-sourcepos=\"7:1-7:110\"><strong>Fator Q elevado:<\/strong> <span class=\"citation-2 recitation citation-end-2\">Um fator de qualidade elevado (Q) \u00e9 crucial para o funcionamento eficiente do circuito ressonante.<\/span><span class=\"button-container hide-from-message-actions ng-star-inserted\">\u00a0 \u00a0<\/span>\n<div class=\"container ng-tns-c362440147-97 hide\">\n<div class=\"carousel-container ng-tns-c362440147-97\"><\/div>\n<\/div>\n<\/li>\n<li data-sourcepos=\"8:1-8:96\"><strong>Capacit\u00e2ncia exacta:<\/strong> Cr\u00edtico para alcan\u00e7ar a frequ\u00eancia ressonante desejada no circuito.<\/li>\n<li data-sourcepos=\"9:1-10:0\"><strong>Constru\u00e7\u00e3o robusta:<\/strong> Concebidos para suportar as tens\u00f5es do funcionamento em alta tens\u00e3o e os ambientes exigentes em que s\u00e3o utilizados.<\/li>\n<\/ul>\n<h3 data-sourcepos=\"11:1-11:17\"><strong>Aplica\u00e7\u00f5es:<\/strong><\/h3>\n<ul data-sourcepos=\"13:1-18:0\">\n<li data-sourcepos=\"13:1-13:154\"><strong><span class=\"citation-3 recitation\">Bobinas de Tesla:<\/span><\/strong><span class=\"citation-3 recitation citation-end-3\"> Um exemplo cl\u00e1ssico, em que s\u00e3o utilizados condensadores de resson\u00e2ncia de alta tens\u00e3o para gerar oscila\u00e7\u00f5es de alta tens\u00e3o e alta frequ\u00eancia.<\/span><span class=\"button-container hide-from-message-actions ng-star-inserted\">\u00a0<\/span>\n<div class=\"container ng-tns-c362440147-98 hide\">\n<div class=\"carousel-container ng-tns-c362440147-98\"><\/div>\n<\/div>\n<\/li>\n<li data-sourcepos=\"14:1-14:135\"><strong>Aceleradores de part\u00edculas:<\/strong> Utilizado em v\u00e1rios componentes de aceleradores de part\u00edculas para gerar e manipular feixes de part\u00edculas de alta energia.<\/li>\n<li data-sourcepos=\"15:1-15:85\"><strong>Transmissores de alta pot\u00eancia:<\/strong> Encontrado em transmissores de r\u00e1dio e televis\u00e3o de alta pot\u00eancia.<\/li>\n<li data-sourcepos=\"16:1-16:98\"><strong>Investiga\u00e7\u00e3o em F\u00edsica de Plasmas:<\/strong> Utilizado em experi\u00eancias de f\u00edsica dos plasmas para gerar e confinar plasmas.<\/li>\n<li data-sourcepos=\"17:1-18:0\"><strong>Aplica\u00e7\u00f5es industriais:<\/strong> Algumas aplica\u00e7\u00f5es industriais especializadas podem exigir condensadores de resson\u00e2ncia de alta tens\u00e3o.<\/li>\n<\/ul>\n<p data-sourcepos=\"19:1-19:15\"><strong>Em resumo:<\/strong><\/p>\n<p data-sourcepos=\"21:1-21:254\">Os condensadores de resson\u00e2ncia de alta tens\u00e3o s\u00e3o componentes cr\u00edticos em muitas aplica\u00e7\u00f5es de alta tens\u00e3o. A sua capacidade de suportar tens\u00f5es extremas, minimizar perdas e funcionar eficientemente em circuitos ressonantes torna-os essenciais para estas aplica\u00e7\u00f5es exigentes.<\/p>\n<\/div>\n<\/div>\n<\/div>\n<\/div>\n<\/div>\n<\/div>","protected":false},"excerpt":{"rendered":"<table style=\"height: 581px;\" width=\"824\">\n<tbody>\n<tr>\n<td width=\"146\"><strong><b>Produto<\/b><\/strong>\u00a0<strong><b>Nome:<\/b><\/strong><\/td>\n<td width=\"601\"><strong>Condensador de resson\u00e2ncia de alta tens\u00e3o<\/strong><\/td>\n<\/tr>\n<tr>\n<td width=\"146\">\n<h4><strong>Breve descri\u00e7\u00e3o:<\/strong><\/h4>\n<\/td>\n<td width=\"601\">1. Embalagem pequena e compacta<\/p>\n<p>2. Capaz de suportar grandes tens\u00f5es e correntes<\/p>\n<p>3. Utilizar um diel\u00e9trico de baixa perda de pel\u00edcula de polipropileno<\/td>\n<\/tr>\n<tr>\n<td width=\"146\"><strong>Resist\u00eancia \u00e0 descarga:<\/strong><\/td>\n<td width=\"601\">30000M\u03a9<\/td>\n<\/tr>\n<tr>\n<td width=\"146\"><strong>Tens\u00e3o nominal\uff1a<\/strong><\/td>\n<td width=\"601\">5000v\/\u00b5s<\/td>\n<\/tr>\n<tr>\n<td width=\"146\"><strong>Cap.tol\uff1a<\/strong><\/td>\n<td width=\"601\">\n<table style=\"height: 6px;\" border=\"0\" width=\"5\" cellspacing=\"0\">\n<tbody>\n<tr>\n<td valign=\"center\" nowrap=\"nowrap\" width=\"330\"><\/td>\n<\/tr>\n<\/tbody>\n<\/table>\n<p>-40\u2103~ +85\u2103<\/td>\n<\/tr>\n<tr>\n<td width=\"146\"><strong>Vida \u00fatil:\u00a0<\/strong><\/td>\n<td width=\"601\">100000H<\/td>\n<\/tr>\n<\/tbody>\n<\/table>","protected":false},"featured_media":1887,"comment_status":"open","ping_status":"closed","template":"","meta":[],"product_brand":[],"product_cat":[42],"product_tag":[],"class_list":{"0":"post-1886","1":"product","2":"type-product","3":"status-publish","4":"has-post-thumbnail","6":"product_cat-resonance-capacitor","8":"first","9":"instock","10":"shipping-taxable","11":"product-type-simple"},"_links":{"self":[{"href":"https:\/\/rf-capacitor.com\/pt\/wp-json\/wp\/v2\/product\/1886","targetHints":{"allow":["GET"]}}],"collection":[{"href":"https:\/\/rf-capacitor.com\/pt\/wp-json\/wp\/v2\/product"}],"about":[{"href":"https:\/\/rf-capacitor.com\/pt\/wp-json\/wp\/v2\/types\/product"}],"replies":[{"embeddable":true,"href":"https:\/\/rf-capacitor.com\/pt\/wp-json\/wp\/v2\/comments?post=1886"}],"wp:featuredmedia":[{"embeddable":true,"href":"https:\/\/rf-capacitor.com\/pt\/wp-json\/wp\/v2\/media\/1887"}],"wp:attachment":[{"href":"https:\/\/rf-capacitor.com\/pt\/wp-json\/wp\/v2\/media?parent=1886"}],"wp:term":[{"taxonomy":"product_brand","embeddable":true,"href":"https:\/\/rf-capacitor.com\/pt\/wp-json\/wp\/v2\/product_brand?post=1886"},{"taxonomy":"product_cat","embeddable":true,"href":"https:\/\/rf-capacitor.com\/pt\/wp-json\/wp\/v2\/product_cat?post=1886"},{"taxonomy":"product_tag","embeddable":true,"href":"https:\/\/rf-capacitor.com\/pt\/wp-json\/wp\/v2\/product_tag?post=1886"}],"curies":[{"name":"wp","href":"https:\/\/api.w.org\/{rel}","templated":true}]}}