{"id":1866,"date":"2025-01-02T02:57:34","date_gmt":"2025-01-02T02:57:34","guid":{"rendered":"https:\/\/rf-capacitor.com\/?post_type=product&#038;p=1866"},"modified":"2025-01-02T02:57:34","modified_gmt":"2025-01-02T02:57:34","slug":"water-cooled-capacitor","status":"publish","type":"product","link":"https:\/\/rf-capacitor.com\/pt\/water-cooled-capacitor\/","title":{"rendered":"Condensador arrefecido a \u00e1gua"},"content":{"rendered":"<div class=\"user-query-container ng-star-inserted\">\n<div id=\"user-query-content-4\" class=\"query-content\">\n<div class=\"query-text gds-body-l ng-star-inserted\" dir=\"ltr\" role=\"heading\" aria-level=\"2\">\n<h2 class=\"query-text-line ng-star-inserted\"><strong>Condensador arrefecido a \u00e1gua<\/strong><\/h2>\n<\/div>\n<\/div>\n<\/div>\n<div>\n<div class=\"response-container ng-tns-c3227055261-63 response-optimization tts-removed ng-star-inserted response-container-has-multiple-responses\">\n<div class=\"presented-response-container ng-tns-c3227055261-63\">\n<div class=\"response-container-content ng-tns-c3227055261-63 tunable-selection-with-avatar\">\n<div class=\"response-content ng-tns-c3227055261-63\">\n<div id=\"model-response-message-contentr_bb0f189e172b8913\" class=\"markdown markdown-main-panel tutor-markdown-rendering response-optimization\" dir=\"ltr\">\n<p data-sourcepos=\"1:1-1:143\"><span class=\"citation-0 recitation citation-end-0\">Os condensadores arrefecidos a \u00e1gua s\u00e3o concebidos para aplica\u00e7\u00f5es de alta pot\u00eancia em que a dissipa\u00e7\u00e3o eficaz do calor \u00e9 fundamental.<\/span> Aqui est\u00e1 um resumo:<span class=\"button-container hide-from-message-actions ng-star-inserted\"> \u00a0<\/span><\/p>\n<h3 data-sourcepos=\"3:1-3:18\"><strong>Como funciona o condensador arrefecido a \u00e1gua:<\/strong><\/h3>\n<ul data-sourcepos=\"5:1-7:0\">\n<li data-sourcepos=\"5:1-5:162\"><strong><span class=\"citation-1 recitation\">Gera\u00e7\u00e3o de calor:<\/span><\/strong><span class=\"citation-1 recitation citation-end-1\"> Em aplica\u00e7\u00f5es de alta pot\u00eancia, os condensadores podem gerar um calor significativo devido a perdas internas (como perdas diel\u00e9ctricas e ESR).<\/span><span class=\"button-container hide-from-message-actions ng-star-inserted\">\u00a0<\/span>\n<div class=\"container ng-tns-c362440147-68 hide\">\n<div class=\"carousel-container ng-tns-c362440147-68\"><\/div>\n<\/div>\n<\/li>\n<li data-sourcepos=\"6:1-7:0\"><strong><span class=\"citation-2 recitation\">Mecanismo de arrefecimento:<\/span><\/strong><span class=\"citation-2 recitation citation-end-2\"> A \u00e1gua circula atrav\u00e9s de canais internos ou \u00e0 volta do exterior do condensador.<\/span> <span class=\"citation-3 recitation citation-end-3\">Isto permite uma transfer\u00eancia eficiente do calor para fora do condensador, evitando um aumento excessivo da temperatura.<\/span><span class=\"button-container hide-from-message-actions ng-star-inserted\">\u00a0<button class=\"mat-mdc-tooltip-trigger button image-fade-on hide-from-message-actions\" aria-controls=\"sources\" aria-expanded=\"false\" aria-describedby=\"cdk-describedby-message-ng-1-29\"><\/button><\/span>\n<div class=\"container ng-tns-c362440147-69 hide\">\n<div class=\"carousel-container ng-tns-c362440147-69\"><\/div>\n<\/div>\n<\/li>\n<\/ul>\n<h3 data-sourcepos=\"8:1-8:24\"><strong>Carater\u00edsticas principais:<\/strong><\/h3>\n<ul data-sourcepos=\"10:1-14:0\">\n<li data-sourcepos=\"10:1-10:89\"><strong>Elevada pot\u00eancia de manuseamento:<\/strong> <span class=\"citation-4 recitation citation-end-4\">Concebido para n\u00edveis de pot\u00eancia elevados e correntes elevadas.<\/span>\n<div class=\"container ng-tns-c362440147-70 hide\">\n<div class=\"carousel-container ng-tns-c362440147-70\"><\/div>\n<\/div>\n<\/li>\n<li data-sourcepos=\"11:1-11:65\"><strong>Classifica\u00e7\u00e3o de alta tens\u00e3o:<\/strong> Capaz de suportar tens\u00f5es elevadas.<\/li>\n<li data-sourcepos=\"12:1-12:63\"><strong><span class=\"citation-5 recitation\">Baixa ESR:<\/span><\/strong><span class=\"citation-5 recitation citation-end-5\"> Minimiza a produ\u00e7\u00e3o interna de calor.<\/span><span class=\"button-container hide-from-message-actions ng-star-inserted\"> \u00a0<\/span>\n<div class=\"container ng-tns-c362440147-71 hide\">\n<div class=\"carousel-container ng-tns-c362440147-71\"><\/div>\n<\/div>\n<\/li>\n<li data-sourcepos=\"13:1-14:0\"><strong>Constru\u00e7\u00e3o robusta:<\/strong> Constru\u00eddo para suportar as tens\u00f5es do funcionamento de alta pot\u00eancia e os efeitos do arrefecimento a \u00e1gua.<\/li>\n<\/ul>\n<h3 data-sourcepos=\"15:1-15:17\"><strong>Aplica\u00e7\u00f5es:<\/strong><\/h3>\n<ul data-sourcepos=\"17:1-23:0\">\n<li data-sourcepos=\"17:1-21:89\"><strong>Aplica\u00e7\u00f5es industriais:<\/strong>\n<ul data-sourcepos=\"18:5-21:89\">\n<li data-sourcepos=\"18:5-18:104\"><strong>Aquecimento por indu\u00e7\u00e3o:<\/strong> <span class=\"citation-6 recitation citation-end-6\">Utilizado em sistemas de aquecimento por indu\u00e7\u00e3o de alta pot\u00eancia para o trabalho de metais.<\/span><span class=\"button-container hide-from-message-actions ng-star-inserted\">\u00a0<\/span>\n<div class=\"container ng-tns-c362440147-72 hide\">\n<div class=\"carousel-container ng-tns-c362440147-72\"><\/div>\n<\/div>\n<\/li>\n<li data-sourcepos=\"19:5-19:117\"><strong><span class=\"citation-7 recitation\">Corre\u00e7\u00e3o do fator de pot\u00eancia:<\/span><\/strong><span class=\"citation-7 recitation citation-end-7\"> Utilizado em sistemas de corre\u00e7\u00e3o do fator de pot\u00eancia em instala\u00e7\u00f5es industriais.<\/span><span class=\"button-container hide-from-message-actions ng-star-inserted\"> \u00a0<\/span>\n<div class=\"container ng-tns-c362440147-73 hide\">\n<div class=\"carousel-container ng-tns-c362440147-73\"><\/div>\n<\/div>\n<\/li>\n<li data-sourcepos=\"20:5-20:89\"><strong>Transmiss\u00e3o de alta tens\u00e3o:<\/strong> Utilizado em sistemas de transmiss\u00e3o de energia de alta tens\u00e3o.<\/li>\n<li data-sourcepos=\"21:5-21:89\"><strong><span class=\"citation-8 recitation\">Transmissores RF:<\/span><\/strong><span class=\"citation-8 recitation citation-end-8\"> Encontrado em transmissores de radiofrequ\u00eancia de alta pot\u00eancia.<\/span>\n<div class=\"container ng-tns-c362440147-74 hide\">\n<div class=\"carousel-container ng-tns-c362440147-74\"><\/div>\n<\/div>\n<\/li>\n<\/ul>\n<\/li>\n<li data-sourcepos=\"22:1-23:0\"><strong>Investiga\u00e7\u00e3o e aplica\u00e7\u00f5es cient\u00edficas:<\/strong> Utilizado em experi\u00eancias de f\u00edsica de alta energia e noutras investiga\u00e7\u00f5es cient\u00edficas.<\/li>\n<\/ul>\n<h3 data-sourcepos=\"24:1-24:13\"><strong>Benef\u00edcios Condensador arrefecido a \u00e1gua:<\/strong><\/h3>\n<ul data-sourcepos=\"26:1-29:0\">\n<li data-sourcepos=\"26:1-26:117\"><strong>Fiabilidade melhorada:<\/strong> <span class=\"citation-9 recitation citation-end-9\">Um arrefecimento eficaz evita o sobreaquecimento, que pode levar \u00e0 falha de componentes.<\/span><span class=\"button-container hide-from-message-actions ng-star-inserted\"> \u00a0<\/span>\n<div class=\"container ng-tns-c362440147-75 hide\">\n<div class=\"carousel-container ng-tns-c362440147-75\"><\/div>\n<\/div>\n<\/li>\n<li data-sourcepos=\"27:1-27:99\"><strong>Maior densidade de pot\u00eancia:<\/strong> <span class=\"citation-10 recitation citation-end-10\">Permite um funcionamento com maior pot\u00eancia num espa\u00e7o mais pequeno.<\/span><span class=\"button-container hide-from-message-actions ng-star-inserted\"> \u00a0<\/span>\n<div class=\"container ng-tns-c362440147-76 hide\">\n<div class=\"carousel-container ng-tns-c362440147-76\"><\/div>\n<\/div>\n<\/li>\n<li data-sourcepos=\"28:1-29:0\"><strong><span class=\"citation-11 recitation\">Vida \u00fatil alargada:<\/span><\/strong><span class=\"citation-11 recitation citation-end-11\"> A redu\u00e7\u00e3o das temperaturas de funcionamento pode aumentar significativamente o tempo de vida do condensador.<\/span><span class=\"button-container hide-from-message-actions ng-star-inserted\"> \u00a0 <\/span><\/li>\n<\/ul>\n<\/div>\n<\/div>\n<\/div>\n<\/div>\n<\/div>\n<\/div>","protected":false},"excerpt":{"rendered":"<table style=\"height: 462px;\" width=\"711\">\n<tbody>\n<tr>\n<td width=\"146\"><strong><b>Produto<\/b><\/strong>\u00a0<strong><b>Nome:<\/b><\/strong><\/td>\n<td width=\"601\"><strong>Condensador arrefecido a \u00e1gua<\/strong><\/td>\n<\/tr>\n<tr>\n<td width=\"146\">\n<h4><strong>Breve descri\u00e7\u00e3o:<\/strong><\/h4>\n<\/td>\n<td width=\"601\">Os condensadores arrefecidos a \u00e1gua s\u00e3o principalmente utilizados em sistemas de tens\u00e3o AC control\u00e1veis ou ajust\u00e1veis com tens\u00f5es nominais at\u00e9 4,8kv e frequ\u00eancias at\u00e9 100KHZ para melhorar o fator de pot\u00eancia em dispositivos de aquecimento por indu\u00e7\u00e3o, fus\u00e3o, agita\u00e7\u00e3o ou fundi\u00e7\u00e3o e aplica\u00e7\u00f5es semelhantes.<\/td>\n<\/tr>\n<tr>\n<td width=\"146\"><strong>Gama de capacit\u00e2ncias:<\/strong><\/td>\n<td width=\"601\">at\u00e9 6000 uF<\/td>\n<\/tr>\n<tr>\n<td width=\"146\"><strong>Tens\u00e3o nominal\uff1a<\/strong><\/td>\n<td width=\"601\">0,75kv a 3kv<\/td>\n<\/tr>\n<tr>\n<td width=\"146\"><strong>Cap.tol\uff1a<\/strong><\/td>\n<td width=\"601\">\u00a0-25 ~ +50\u2103<\/td>\n<\/tr>\n<tr>\n<td width=\"146\"><strong>Modelo de condensador:\u00a0<\/strong><\/td>\n<td width=\"601\">:GB\/T3984.1-2004<\/td>\n<\/tr>\n<\/tbody>\n<\/table>","protected":false},"featured_media":1867,"comment_status":"open","ping_status":"closed","template":"","meta":[],"product_brand":[],"product_cat":[41],"product_tag":[],"class_list":{"0":"post-1866","1":"product","2":"type-product","3":"status-publish","4":"has-post-thumbnail","6":"product_cat-induction-heating-capacitor","8":"first","9":"instock","10":"shipping-taxable","11":"product-type-simple"},"_links":{"self":[{"href":"https:\/\/rf-capacitor.com\/pt\/wp-json\/wp\/v2\/product\/1866","targetHints":{"allow":["GET"]}}],"collection":[{"href":"https:\/\/rf-capacitor.com\/pt\/wp-json\/wp\/v2\/product"}],"about":[{"href":"https:\/\/rf-capacitor.com\/pt\/wp-json\/wp\/v2\/types\/product"}],"replies":[{"embeddable":true,"href":"https:\/\/rf-capacitor.com\/pt\/wp-json\/wp\/v2\/comments?post=1866"}],"wp:featuredmedia":[{"embeddable":true,"href":"https:\/\/rf-capacitor.com\/pt\/wp-json\/wp\/v2\/media\/1867"}],"wp:attachment":[{"href":"https:\/\/rf-capacitor.com\/pt\/wp-json\/wp\/v2\/media?parent=1866"}],"wp:term":[{"taxonomy":"product_brand","embeddable":true,"href":"https:\/\/rf-capacitor.com\/pt\/wp-json\/wp\/v2\/product_brand?post=1866"},{"taxonomy":"product_cat","embeddable":true,"href":"https:\/\/rf-capacitor.com\/pt\/wp-json\/wp\/v2\/product_cat?post=1866"},{"taxonomy":"product_tag","embeddable":true,"href":"https:\/\/rf-capacitor.com\/pt\/wp-json\/wp\/v2\/product_tag?post=1866"}],"curies":[{"name":"wp","href":"https:\/\/api.w.org\/{rel}","templated":true}]}}