{"id":1863,"date":"2025-01-02T02:25:29","date_gmt":"2025-01-02T02:25:29","guid":{"rendered":"https:\/\/rf-capacitor.com\/?post_type=product&#038;p=1863"},"modified":"2025-01-02T02:25:29","modified_gmt":"2025-01-02T02:25:29","slug":"rmf-induction-heating-capacitor","status":"publish","type":"product","link":"https:\/\/rf-capacitor.com\/pt\/rmf-induction-heating-capacitor\/","title":{"rendered":"RMF Condensador de aquecimento por indu\u00e7\u00e3o"},"content":{"rendered":"<div class=\"user-query-container ng-star-inserted\">\n<div id=\"user-query-content-3\" class=\"query-content\">\n<div class=\"query-text gds-body-l ng-star-inserted\" dir=\"ltr\" role=\"heading\" aria-level=\"2\">\n<h3 class=\"query-text-line ng-star-inserted\">RMF Condensador de aquecimento por indu\u00e7\u00e3o<\/h3>\n<\/div>\n<\/div>\n<\/div>\n<div>\n<div class=\"response-container ng-tns-c3227055261-50 response-optimization tts-removed ng-star-inserted response-container-has-multiple-responses\">\n<div class=\"presented-response-container ng-tns-c3227055261-50\">\n<div class=\"response-container-content ng-tns-c3227055261-50 tunable-selection-with-avatar\">\n<div class=\"response-content ng-tns-c3227055261-50\">\n<div id=\"model-response-message-contentr_6c2a80d1ec190fc8\" class=\"markdown markdown-main-panel tutor-markdown-rendering response-optimization\" dir=\"ltr\">\n<p data-sourcepos=\"1:1-1:113\"><span class=\"citation-0 recitation\">Os condensadores RFM s\u00e3o especificamente concebidos para utiliza\u00e7\u00e3o em <\/span><strong><span class=\"citation-0 recitation\">sistemas de aquecimento por indu\u00e7\u00e3o de m\u00e9dia frequ\u00eancia<\/span><\/strong><span class=\"citation-0 recitation citation-end-0\">.<\/span><span class=\"button-container hide-from-message-actions ng-star-inserted\">\u00a0<\/span><\/p>\n<h3 data-sourcepos=\"3:1-3:24\"><strong>Carater\u00edsticas principais:<\/strong><\/h3>\n<ul data-sourcepos=\"5:1-10:0\">\n<li data-sourcepos=\"5:1-5:95\"><strong>Classifica\u00e7\u00e3o de alta tens\u00e3o:<\/strong> T\u00eam de suportar as altas tens\u00f5es geradas nestes sistemas.<\/li>\n<li data-sourcepos=\"6:1-6:119\"><strong>Elevada capacidade de manuseamento de corrente:<\/strong> <span class=\"citation-1 recitation citation-end-1\">Capaz de suportar as grandes correntes associadas ao aquecimento por indu\u00e7\u00e3o.<\/span><span class=\"button-container hide-from-message-actions ng-star-inserted\"> \u00a0<\/span>\n<div class=\"container ng-tns-c362440147-55 hide\">\n<div class=\"carousel-container ng-tns-c362440147-55\"><\/div>\n<\/div>\n<\/li>\n<li data-sourcepos=\"7:1-7:104\"><strong><span class=\"citation-2 recitation\">Baixa ESR (Resist\u00eancia de S\u00e9rie Equivalente):<\/span><\/strong><span class=\"citation-2 recitation citation-end-2\"> Minimiza as perdas de energia no condensador.<\/span><span class=\"button-container hide-from-message-actions ng-star-inserted\">\u00a0 \u00a0<\/span>\n<div class=\"container ng-tns-c362440147-56 hide\">\n<div class=\"carousel-container ng-tns-c362440147-56\"><\/div>\n<\/div>\n<\/li>\n<li data-sourcepos=\"8:1-8:123\"><strong>Boa estabilidade t\u00e9rmica:<\/strong> Capaz de funcionar a altas temperaturas devido ao calor gerado durante o aquecimento por indu\u00e7\u00e3o.<\/li>\n<li data-sourcepos=\"9:1-10:0\"><strong>Constru\u00e7\u00e3o robusta:<\/strong> Concebidos para suportar as condi\u00e7\u00f5es de funcionamento adversas dos ambientes industriais.<\/li>\n<\/ul>\n<h3 data-sourcepos=\"11:1-11:39\"><strong>Como funcionam no RMF Condensador de aquecimento por indu\u00e7\u00e3o:<\/strong><\/h3>\n<ol data-sourcepos=\"13:1-15:0\">\n<li data-sourcepos=\"13:1-13:220\"><strong><span class=\"citation-3 recitation\">Resson\u00e2ncia:<\/span><\/strong><span class=\"citation-3 recitation citation-end-3\"> Os condensadores RFM s\u00e3o utilizados para criar um circuito ressonante com a bobina de indu\u00e7\u00e3o.<\/span> Esta resson\u00e2ncia maximiza o fluxo de corrente atrav\u00e9s da bobina, o que \u00e9 essencial para um aquecimento por indu\u00e7\u00e3o eficiente.<span class=\"button-container hide-from-message-actions ng-star-inserted\">\u00a0 \u00a0<\/span>\n<div class=\"container ng-tns-c362440147-57 hide\">\n<div class=\"carousel-container ng-tns-c362440147-57\"><\/div>\n<\/div>\n<\/li>\n<li data-sourcepos=\"14:1-15:0\"><strong><span class=\"citation-4 recitation\">Corre\u00e7\u00e3o do fator de pot\u00eancia:<\/span><\/strong><span class=\"citation-4 recitation citation-end-4\"> Ajudam a melhorar o fator de pot\u00eancia do sistema de aquecimento por indu\u00e7\u00e3o, reduzindo a pot\u00eancia reactiva e melhorando a efici\u00eancia global do sistema.<\/span><span class=\"button-container hide-from-message-actions ng-star-inserted\"> \u00a0<\/span>\n<div class=\"container ng-tns-c362440147-58 hide\">\n<div class=\"carousel-container ng-tns-c362440147-58\"><\/div>\n<\/div>\n<\/li>\n<\/ol>\n<h3 data-sourcepos=\"16:1-16:25\"><strong>Aplica\u00e7\u00f5es t\u00edpicas:<\/strong><\/h3>\n<ul data-sourcepos=\"18:1-20:0\">\n<li data-sourcepos=\"18:1-18:93\"><strong>Metal Aquecimento:<\/strong> Utilizado em v\u00e1rias aplica\u00e7\u00f5es, como forjamento, endurecimento e fus\u00e3o de metais.<\/li>\n<li data-sourcepos=\"19:1-20:0\"><strong>Tratamento t\u00e9rmico:<\/strong> <span class=\"citation-5 recitation citation-end-5\">Utilizado no tratamento t\u00e9rmico de metais para melhorar as suas propriedades mec\u00e2nicas.<\/span><span class=\"button-container hide-from-message-actions ng-star-inserted\"> \u00a0 <\/span><\/li>\n<\/ul>\n<\/div>\n<\/div>\n<\/div>\n<\/div>\n<\/div>\n<\/div>","protected":false},"excerpt":{"rendered":"<table style=\"height: 472px;\" width=\"718\">\n<tbody>\n<tr>\n<td width=\"146\"><strong><b>Produto<\/b><\/strong>\u00a0<strong><b>Nome:<\/b><\/strong><\/td>\n<td width=\"601\"><strong>RMF Condensador de aquecimento por indu\u00e7\u00e3o<\/strong><\/td>\n<\/tr>\n<tr>\n<td width=\"146\">\n<h4><strong>Breve descri\u00e7\u00e3o:<\/strong><\/h4>\n<\/td>\n<td width=\"601\">Inversor Pv, conversor de energia e\u00f3lica; Todos os tipos de conversor de frequ\u00eancia e inversor<br \/>\nfonte de alimenta\u00e7\u00e3o; autom\u00f3veis puramente el\u00e9ctricos e h\u00edbridos; pilha de carregamento, UPS, etc.<\/td>\n<\/tr>\n<tr>\n<td width=\"146\"><b>Gama de pot\u00eancia<\/b>:<\/td>\n<td width=\"601\">at\u00e9 6000 uF<\/td>\n<\/tr>\n<tr>\n<td width=\"146\"><strong>Tens\u00e3o nominal\uff1a<\/strong><\/td>\n<td width=\"601\">0,75kv a 3kv<\/td>\n<\/tr>\n<tr>\n<td width=\"146\"><strong><b>Norma de refer\u00eancia<\/b>:\uff1a<\/strong><\/td>\n<td width=\"601\">GB\/T3984.1-2004<\/td>\n<\/tr>\n<tr>\n<td width=\"146\"><strong>IEC60110-1:<\/strong><\/td>\n<td width=\"601\">1998<\/td>\n<\/tr>\n<\/tbody>\n<\/table>","protected":false},"featured_media":1864,"comment_status":"open","ping_status":"closed","template":"","meta":[],"product_brand":[],"product_cat":[41],"product_tag":[],"class_list":{"0":"post-1863","1":"product","2":"type-product","3":"status-publish","4":"has-post-thumbnail","6":"product_cat-induction-heating-capacitor","8":"first","9":"instock","10":"shipping-taxable","11":"product-type-simple"},"_links":{"self":[{"href":"https:\/\/rf-capacitor.com\/pt\/wp-json\/wp\/v2\/product\/1863","targetHints":{"allow":["GET"]}}],"collection":[{"href":"https:\/\/rf-capacitor.com\/pt\/wp-json\/wp\/v2\/product"}],"about":[{"href":"https:\/\/rf-capacitor.com\/pt\/wp-json\/wp\/v2\/types\/product"}],"replies":[{"embeddable":true,"href":"https:\/\/rf-capacitor.com\/pt\/wp-json\/wp\/v2\/comments?post=1863"}],"wp:featuredmedia":[{"embeddable":true,"href":"https:\/\/rf-capacitor.com\/pt\/wp-json\/wp\/v2\/media\/1864"}],"wp:attachment":[{"href":"https:\/\/rf-capacitor.com\/pt\/wp-json\/wp\/v2\/media?parent=1863"}],"wp:term":[{"taxonomy":"product_brand","embeddable":true,"href":"https:\/\/rf-capacitor.com\/pt\/wp-json\/wp\/v2\/product_brand?post=1863"},{"taxonomy":"product_cat","embeddable":true,"href":"https:\/\/rf-capacitor.com\/pt\/wp-json\/wp\/v2\/product_cat?post=1863"},{"taxonomy":"product_tag","embeddable":true,"href":"https:\/\/rf-capacitor.com\/pt\/wp-json\/wp\/v2\/product_tag?post=1863"}],"curies":[{"name":"wp","href":"https:\/\/api.w.org\/{rel}","templated":true}]}}