{"id":1860,"date":"2025-01-02T02:14:12","date_gmt":"2025-01-02T02:14:12","guid":{"rendered":"https:\/\/rf-capacitor.com\/?post_type=product&#038;p=1860"},"modified":"2025-01-02T02:14:12","modified_gmt":"2025-01-02T02:14:12","slug":"switching-power-snubber-capacitor","status":"publish","type":"product","link":"https:\/\/rf-capacitor.com\/pt\/switching-power-snubber-capacitor\/","title":{"rendered":"Condensador de prote\u00e7\u00e3o de pot\u00eancia de comuta\u00e7\u00e3o"},"content":{"rendered":"<div class=\"user-query-container ng-star-inserted\">\n<div id=\"user-query-content-2\" class=\"query-content\">\n<div class=\"query-text gds-body-l ng-star-inserted\" dir=\"ltr\" role=\"heading\" aria-level=\"2\">\n<h3 class=\"query-text-line ng-star-inserted\">Condensador de prote\u00e7\u00e3o de pot\u00eancia de comuta\u00e7\u00e3o<\/h3>\n<\/div>\n<\/div>\n<div class=\"button-gutter\"><span class=\"citation-0 recitation citation-end-0\" style=\"font-size: 14.4px; color: #555555;\">Nas fontes de alimenta\u00e7\u00e3o comutadas, os condensadores de amortecimento s\u00e3o cruciais para proteger os dispositivos de comuta\u00e7\u00e3o (como MOSFETs ou IGBTs) de tens\u00f5es e correntes excessivas durante as transi\u00e7\u00f5es de comuta\u00e7\u00e3o.<\/span><span class=\"button-container hide-from-message-actions ng-star-inserted\" style=\"font-size: 14.4px; color: #555555;\">\u00a0 \u00a0<\/span><\/div>\n<\/div>\n<div>\n<div class=\"response-container ng-tns-c3227055261-38 response-optimization tts-removed ng-star-inserted response-container-has-multiple-responses\">\n<div class=\"presented-response-container ng-tns-c3227055261-38\">\n<div class=\"response-container-content ng-tns-c3227055261-38 tunable-selection-with-avatar\">\n<div class=\"response-content ng-tns-c3227055261-38\">\n<div id=\"model-response-message-contentr_690cc733da6ea17b\" class=\"markdown markdown-main-panel tutor-markdown-rendering response-optimization\" dir=\"ltr\">\n<h2 data-sourcepos=\"1:1-1:208\"><strong style=\"font-size: 14.4px;\">\u00a0Como funciona o condensador de prote\u00e7\u00e3o de pot\u00eancia de comuta\u00e7\u00e3o:<\/strong><\/h2>\n<ul data-sourcepos=\"5:1-7:0\">\n<li data-sourcepos=\"5:1-5:287\"><strong><span class=\"citation-1 recitation\">Picos de tens\u00e3o:<\/span><\/strong><span class=\"citation-1 recitation citation-end-1\"> Quando o interrutor se desliga, a indut\u00e2ncia parasita no circuito pode causar um r\u00e1pido aumento da tens\u00e3o atrav\u00e9s do interrutor.<\/span> <span class=\"citation-2 recitation citation-end-2\">O condensador de prote\u00e7\u00e3o absorve este pico de tens\u00e3o s\u00fabito, limitando a tens\u00e3o de pico e evitando danos no interrutor.<\/span>\n<div class=\"container ng-tns-c362440147-43 hide\">\n<div class=\"carousel-container ng-tns-c362440147-43\"><\/div>\n<\/div>\n<\/li>\n<li data-sourcepos=\"6:1-7:0\"><strong>Comuta\u00e7\u00e3o de corrente:<\/strong> Durante a transi\u00e7\u00e3o de desligamento, o capacitor de amortecimento fornece um caminho tempor\u00e1rio para a corrente fluir, reduzindo o di\/dt (taxa de mudan\u00e7a de corrente) e minimizando a EMI (interfer\u00eancia eletromagn\u00e9tica).<\/li>\n<\/ul>\n<h3 data-sourcepos=\"8:1-8:24\"><strong>Carater\u00edsticas principais:<\/strong><\/h3>\n<ul data-sourcepos=\"10:1-14:0\">\n<li data-sourcepos=\"10:1-10:88\"><strong>Classifica\u00e7\u00e3o de alta tens\u00e3o:<\/strong> Deve suportar as tens\u00f5es de pico que ocorrem durante a comuta\u00e7\u00e3o.<\/li>\n<li data-sourcepos=\"11:1-11:104\"><strong><span class=\"citation-3 recitation\">Baixa ESR (Resist\u00eancia de S\u00e9rie Equivalente):<\/span><\/strong><span class=\"citation-3 recitation citation-end-3\"> Minimiza as perdas de energia no condensador.<\/span><span class=\"button-container hide-from-message-actions ng-star-inserted\"> \u00a0<\/span>\n<div class=\"container ng-tns-c362440147-44 hide\">\n<div class=\"carousel-container ng-tns-c362440147-44\"><\/div>\n<\/div>\n<\/li>\n<li data-sourcepos=\"12:1-12:123\"><strong>Capacidade de carregamento\/descarregamento r\u00e1pido:<\/strong> <span class=\"citation-4 recitation citation-end-4\">Capaz de absorver e libertar rapidamente energia durante os eventos de mudan\u00e7a.<\/span>\n<div class=\"container ng-tns-c362440147-45 hide\">\n<div class=\"carousel-container ng-tns-c362440147-45\"><\/div>\n<\/div>\n<\/li>\n<li data-sourcepos=\"13:1-14:0\"><strong>Tamanho compacto:<\/strong> Para minimizar os requisitos de espa\u00e7o em sistemas electr\u00f3nicos de pot\u00eancia.<\/li>\n<\/ul>\n<h3 data-sourcepos=\"15:1-15:32\"><strong>Tipos de condensador de prote\u00e7\u00e3o de pot\u00eancia de comuta\u00e7\u00e3o:<\/strong><\/h3>\n<ul data-sourcepos=\"17:1-19:0\">\n<li data-sourcepos=\"17:1-17:112\"><strong>Condensadores de pel\u00edcula:<\/strong> S\u00e3o normalmente utilizados devido \u00e0 sua elevada tens\u00e3o nominal, baixa ESR e boa estabilidade t\u00e9rmica.<\/li>\n<li data-sourcepos=\"18:1-19:0\"><strong>Condensadores de cer\u00e2mica:<\/strong> Oferecem elevada capacit\u00e2ncia num pequeno inv\u00f3lucro, mas podem ter limita\u00e7\u00f5es em termos de tens\u00e3o nominal e estabilidade t\u00e9rmica.<\/li>\n<\/ul>\n<h3 data-sourcepos=\"20:1-20:26\"><strong>Considera\u00e7\u00f5es sobre a conce\u00e7\u00e3o:<\/strong><\/h3>\n<ul data-sourcepos=\"22:1-25:0\">\n<li data-sourcepos=\"22:1-22:87\"><strong>Carater\u00edsticas do dispositivo de comuta\u00e7\u00e3o:<\/strong> Tempos de ativa\u00e7\u00e3o\/desativa\u00e7\u00e3o, correntes de pico e tens\u00f5es.<\/li>\n<li data-sourcepos=\"23:1-23:69\"><strong>Par\u00e2metros do circuito:<\/strong> Indut\u00e2ncia parasita, carater\u00edsticas de carga.<\/li>\n<li data-sourcepos=\"24:1-25:0\"><strong><span class=\"citation-5 recitation\">Topologia do circuito do amortecedor:<\/span><\/strong><span class=\"citation-5 recitation citation-end-5\"> Diferentes configura\u00e7\u00f5es de amortecedores (R-C, RCD, etc.) t\u00eam impactos vari\u00e1veis no desempenho do circuito.<\/span><span class=\"button-container hide-from-message-actions ng-star-inserted\">\u00a0 \u00a0<\/span>\n<div class=\"container ng-tns-c362440147-46 hide\">\n<div class=\"carousel-container ng-tns-c362440147-46\"><\/div>\n<\/div>\n<\/li>\n<\/ul>\n<h3 data-sourcepos=\"26:1-26:41\"><strong>Vantagens da utiliza\u00e7\u00e3o de condensadores de prote\u00e7\u00e3o:<\/strong><\/h3>\n<ul data-sourcepos=\"28:1-31:0\">\n<li data-sourcepos=\"28:1-28:102\"><strong>Fiabilidade melhorada do interrutor:<\/strong> Redu\u00e7\u00e3o da tens\u00e3o no dispositivo de comuta\u00e7\u00e3o, o que leva a uma vida \u00fatil mais longa.<\/li>\n<li data-sourcepos=\"29:1-29:68\"><strong>Emiss\u00f5es EMI reduzidas:<\/strong> Minimiza as interfer\u00eancias electromagn\u00e9ticas.<\/li>\n<li data-sourcepos=\"30:1-31:0\"><strong>Melhoria da efici\u00eancia do sistema:<\/strong> Perdas de pot\u00eancia reduzidas devido a menores perdas de comuta\u00e7\u00e3o.<\/li>\n<\/ul>\n<\/div>\n<\/div>\n<\/div>\n<\/div>\n<\/div>\n<\/div>","protected":false},"excerpt":{"rendered":"<table style=\"height: 523px;\" width=\"704\">\n<tbody>\n<tr>\n<td width=\"146\"><strong><b>Produto<\/b><\/strong>\u00a0<strong><b>Nome:<\/b><\/strong><\/td>\n<td width=\"601\"><strong>Condensador de prote\u00e7\u00e3o de pot\u00eancia de comuta\u00e7\u00e3o<\/strong><\/td>\n<\/tr>\n<tr>\n<td width=\"146\">\n<h4><strong>Breve descri\u00e7\u00e3o:<\/strong><\/h4>\n<\/td>\n<td width=\"601\">Os condensadores de pel\u00edcula amortecedora CRE s\u00e3o concebidos para o funcionamento com corrente de pico elevada necess\u00e1ria para prote\u00e7\u00e3o contra tens\u00f5es transit\u00f3rias.<\/td>\n<\/tr>\n<tr>\n<td width=\"146\"><strong>Gama de capacit\u00e2ncias:<\/strong><\/td>\n<td width=\"601\">\u00a02\u03bcF\u00b110%<\/td>\n<\/tr>\n<tr>\n<td width=\"146\"><strong>Tens\u00e3o nominal\uff1a<\/strong><\/td>\n<td width=\"601\">700V.DC\uff5e3000V.DC<\/td>\n<\/tr>\n<tr>\n<td width=\"146\"><strong>Cap.tol\uff1a<\/strong><\/td>\n<td width=\"601\">\u00b15%(J);\u00b110%(K)<\/td>\n<\/tr>\n<tr>\n<td width=\"146\"><\/td>\n<td width=\"601\"><\/td>\n<\/tr>\n<\/tbody>\n<\/table>","protected":false},"featured_media":1861,"comment_status":"open","ping_status":"closed","template":"","meta":[],"product_brand":[],"product_cat":[40],"product_tag":[],"class_list":{"0":"post-1860","1":"product","2":"type-product","3":"status-publish","4":"has-post-thumbnail","6":"product_cat-snubber-capacitor","8":"first","9":"instock","10":"shipping-taxable","11":"product-type-simple"},"_links":{"self":[{"href":"https:\/\/rf-capacitor.com\/pt\/wp-json\/wp\/v2\/product\/1860","targetHints":{"allow":["GET"]}}],"collection":[{"href":"https:\/\/rf-capacitor.com\/pt\/wp-json\/wp\/v2\/product"}],"about":[{"href":"https:\/\/rf-capacitor.com\/pt\/wp-json\/wp\/v2\/types\/product"}],"replies":[{"embeddable":true,"href":"https:\/\/rf-capacitor.com\/pt\/wp-json\/wp\/v2\/comments?post=1860"}],"wp:featuredmedia":[{"embeddable":true,"href":"https:\/\/rf-capacitor.com\/pt\/wp-json\/wp\/v2\/media\/1861"}],"wp:attachment":[{"href":"https:\/\/rf-capacitor.com\/pt\/wp-json\/wp\/v2\/media?parent=1860"}],"wp:term":[{"taxonomy":"product_brand","embeddable":true,"href":"https:\/\/rf-capacitor.com\/pt\/wp-json\/wp\/v2\/product_brand?post=1860"},{"taxonomy":"product_cat","embeddable":true,"href":"https:\/\/rf-capacitor.com\/pt\/wp-json\/wp\/v2\/product_cat?post=1860"},{"taxonomy":"product_tag","embeddable":true,"href":"https:\/\/rf-capacitor.com\/pt\/wp-json\/wp\/v2\/product_tag?post=1860"}],"curies":[{"name":"wp","href":"https:\/\/api.w.org\/{rel}","templated":true}]}}