{"id":1767,"date":"2024-12-31T02:35:15","date_gmt":"2024-12-31T02:35:15","guid":{"rendered":"https:\/\/rf-capacitor.com\/?post_type=product&#038;p=1767"},"modified":"2024-12-31T02:35:15","modified_gmt":"2024-12-31T02:35:15","slug":"metallized-polypropylene-film-capacitor","status":"publish","type":"product","link":"https:\/\/rf-capacitor.com\/pt\/metallized-polypropylene-film-capacitor\/","title":{"rendered":"Condensador de pel\u00edcula de polipropileno metalizado"},"content":{"rendered":"<h3 data-sourcepos=\"1:1-1:50\"><strong>Condensadores de pel\u00edcula de polipropileno metalizado (MKP)<\/strong><\/h3>\n<ul data-sourcepos=\"3:1-27:0\">\n<li data-sourcepos=\"3:1-7:0\">\n<p data-sourcepos=\"3:3-3:19\"><strong>Constru\u00e7\u00e3o:<\/strong><\/p>\n<ul data-sourcepos=\"4:5-7:0\">\n<li data-sourcepos=\"4:5-4:104\"><strong>Diel\u00e9trico:<\/strong> <span class=\"citation-0 recitation citation-end-0\">Utilizar camadas finas de pel\u00edcula de polipropileno como material isolante.<\/span><span class=\"button-container hide-from-message-actions ng-star-inserted\">\u00a0 \u00a0<\/span>\n<div class=\"container ng-tns-c362440147-96 hide\">\n<div class=\"carousel-container ng-tns-c362440147-96\"><\/div>\n<\/div>\n<\/li>\n<li data-sourcepos=\"5:5-5:136\"><strong>Metaliza\u00e7\u00e3o:<\/strong> Uma fina camada de metal (normalmente alum\u00ednio) \u00e9 depositada no v\u00e1cuo sobre a pel\u00edcula, formando os el\u00e9ctrodos condutores.<\/li>\n<li data-sourcepos=\"6:5-7:0\"><strong>Auto-Cura:<\/strong> <span class=\"citation-1 recitation citation-end-1\">Se ocorrer um curto-circuito localizado devido a um defeito de fabrico ou a uma sobretens\u00e3o, a metaliza\u00e7\u00e3o \u00e0 volta da falha evapora-se, isolando a \u00e1rea e evitando danos adicionais.<\/span> <span class=\"citation-2 recitation citation-end-2\">Este mecanismo de auto-cura aumenta a fiabilidade.<\/span><span class=\"button-container hide-from-message-actions ng-star-inserted\"> \u00a0<\/span>\n<div class=\"container ng-tns-c362440147-97 hide\">\n<div class=\"carousel-container ng-tns-c362440147-97\"><\/div>\n<\/div>\n<\/li>\n<\/ul>\n<\/li>\n<li data-sourcepos=\"8:1-14:0\">\n<h3 data-sourcepos=\"8:3-8:26\"><strong>Carater\u00edsticas principais Condensador de pel\u00edcula de polipropileno metalizado:<\/strong><\/h3>\n<ul data-sourcepos=\"9:5-14:0\">\n<li data-sourcepos=\"9:5-9:122\"><strong><span class=\"citation-3 recitation\">Baixa perda:<\/span><\/strong><span class=\"citation-3 recitation citation-end-3\"> Apresentam perdas diel\u00e9ctricas muito baixas, o que os torna adequados para aplica\u00e7\u00f5es de alta frequ\u00eancia.<\/span><span class=\"button-container hide-from-message-actions ng-star-inserted\"> \u00a0<\/span>\n<div class=\"container ng-tns-c362440147-98 hide\">\n<div class=\"carousel-container ng-tns-c362440147-98\"><\/div>\n<\/div>\n<\/li>\n<li data-sourcepos=\"10:5-10:72\"><strong>Alta estabilidade:<\/strong> Excelente estabilidade \u00e0 temperatura e ao tempo.<\/li>\n<li data-sourcepos=\"11:5-11:83\"><strong>Auto-Cura:<\/strong> <span class=\"citation-4 recitation citation-end-4\">Aumenta a fiabilidade e prolonga a vida \u00fatil.<\/span><span class=\"button-container hide-from-message-actions ng-star-inserted\"> \u00a0<\/span>\n<div class=\"container ng-tns-c362440147-99 hide\">\n<div class=\"carousel-container ng-tns-c362440147-99\"><\/div>\n<\/div>\n<\/li>\n<li data-sourcepos=\"12:5-12:72\"><strong>Classifica\u00e7\u00e3o de alta tens\u00e3o:<\/strong> <span class=\"citation-5 recitation citation-end-5\">Suporta altas tens\u00f5es.<\/span><span class=\"button-container hide-from-message-actions ng-star-inserted\"> \u00a0<\/span>\n<div class=\"container ng-tns-c362440147-100 hide\">\n<div class=\"carousel-container ng-tns-c362440147-100\"><\/div>\n<\/div>\n<\/li>\n<li data-sourcepos=\"13:5-14:0\"><strong>Tamanho compacto:<\/strong> Atingem valores de capacit\u00e2ncia elevados em embalagens relativamente pequenas.<\/li>\n<\/ul>\n<\/li>\n<li data-sourcepos=\"15:1-21:0\">\n<h3 data-sourcepos=\"15:3-15:19\"><strong>Aplica\u00e7\u00f5es:<\/strong><\/h3>\n<ul data-sourcepos=\"16:5-21:0\">\n<li data-sourcepos=\"16:5-16:110\"><strong>Filtros AC:<\/strong> <span class=\"citation-6 recitation citation-end-6\">Utilizado em sistemas de energia AC para filtrar harm\u00f3nicos e melhorar a qualidade da energia.<\/span><span class=\"button-container hide-from-message-actions ng-star-inserted\"> \u00a0<\/span>\n<div class=\"container ng-tns-c362440147-101 hide\">\n<div class=\"carousel-container ng-tns-c362440147-101\"><\/div>\n<\/div>\n<\/li>\n<li data-sourcepos=\"17:5-17:98\"><strong>Accionamentos de motores:<\/strong> Utilizado em accionamentos de velocidade vari\u00e1vel para melhorar o desempenho e reduzir o ru\u00eddo.<\/li>\n<li data-sourcepos=\"18:5-18:142\"><strong>Fontes de alimenta\u00e7\u00e3o comutadas:<\/strong> Amplamente utilizado em v\u00e1rios circuitos electr\u00f3nicos, incluindo fontes de alimenta\u00e7\u00e3o comutadas, inversores e conversores.<\/li>\n<li data-sourcepos=\"19:5-19:149\"><strong>Aplica\u00e7\u00f5es de alta frequ\u00eancia:<\/strong> Adequado para aplica\u00e7\u00f5es que funcionam a altas frequ\u00eancias, como circuitos RF e equipamento de telecomunica\u00e7\u00f5es.<\/li>\n<li data-sourcepos=\"20:5-21:0\"><strong>Equipamento \u00e1udio:<\/strong> <span class=\"citation-7 recitation citation-end-7\">Utilizado em aplica\u00e7\u00f5es \u00e1udio para melhorar a qualidade do sinal e reduzir a distor\u00e7\u00e3o.<\/span><span class=\"button-container hide-from-message-actions ng-star-inserted\">\u00a0<\/span>\n<div class=\"container ng-tns-c362440147-102 hide\">\n<div class=\"carousel-container ng-tns-c362440147-102\"><\/div>\n<\/div>\n<\/li>\n<\/ul>\n<\/li>\n<li data-sourcepos=\"22:1-27:0\">\n<h3 data-sourcepos=\"22:3-22:15\"><strong>Benef\u00edcios:<\/strong><\/h3>\n<ul data-sourcepos=\"23:5-27:0\">\n<li data-sourcepos=\"23:5-23:108\"><strong><span class=\"citation-8 recitation\">Desempenho melhorado:<\/span><\/strong><span class=\"citation-8 recitation citation-end-8\"> Melhorar o desempenho e a efici\u00eancia dos equipamentos electr\u00f3nicos.<\/span>\n<div class=\"container ng-tns-c362440147-103 hide\">\n<div class=\"carousel-container ng-tns-c362440147-103\"><\/div>\n<\/div>\n<\/li>\n<li data-sourcepos=\"24:5-24:80\"><strong>Redu\u00e7\u00e3o das perdas de energia:<\/strong> Minimizar as perdas de energia em v\u00e1rias aplica\u00e7\u00f5es.<\/li>\n<li data-sourcepos=\"25:5-25:87\"><strong>Maior fiabilidade:<\/strong> O mecanismo de auto-cura melhora a fiabilidade a longo prazo.<\/li>\n<li data-sourcepos=\"26:5-27:0\"><strong>Compacto e leve:<\/strong> Adequado para aplica\u00e7\u00f5es com restri\u00e7\u00f5es de espa\u00e7o.<\/li>\n<\/ul>\n<\/li>\n<\/ul>\n<p data-sourcepos=\"28:1-28:293\"><strong>Em resumo:<\/strong> Os condensadores de pel\u00edcula de polipropileno metalizado s\u00e3o um componente vers\u00e1til e fi\u00e1vel com uma vasta gama de aplica\u00e7\u00f5es em v\u00e1rios sistemas electr\u00f3nicos e de energia. As suas baixas perdas, elevada estabilidade e capacidades de auto-regenera\u00e7\u00e3o fazem deles a escolha preferida para muitas aplica\u00e7\u00f5es cr\u00edticas.<\/p>\n<p data-sourcepos=\"30:1-30:82\">","protected":false},"excerpt":{"rendered":"<table style=\"height: 493px;\" width=\"698\">\n<tbody>\n<tr>\n<td width=\"146\"><strong><b>Produto<\/b><\/strong>\u00a0<strong><b>Nome:<\/b><\/strong><\/td>\n<td width=\"601\"><strong>Condensador de pel\u00edcula de polipropileno metalizado<\/strong><\/td>\n<\/tr>\n<tr>\n<td width=\"146\">\n<h4><strong>Material diel\u00e9trico:<\/strong><\/h4>\n<\/td>\n<td width=\"601\">Pel\u00edcula de polipropileno metalizado<\/td>\n<\/tr>\n<tr>\n<td width=\"146\"><strong>Gama de capacit\u00e2ncias:<\/strong><\/td>\n<td width=\"601\">50 Hz e\/ou 60 Hz<\/td>\n<\/tr>\n<tr>\n<td width=\"146\"><strong>Tens\u00e3o nominal\uff1a<\/strong><\/td>\n<td width=\"601\">\u00a0660 VAC<\/td>\n<\/tr>\n<tr>\n<td width=\"146\"><strong>Cap.tol\uff1a<\/strong><\/td>\n<td width=\"601\">5%~+5%<\/td>\n<\/tr>\n<tr>\n<td width=\"146\"><strong>Temperatura ambiente m\u00e1xima:<\/strong><\/td>\n<td width=\"601\">\u00a0-40\u2103 a +70\u2103<\/td>\n<\/tr>\n<\/tbody>\n<\/table>","protected":false},"featured_media":1770,"comment_status":"open","ping_status":"closed","template":"","meta":[],"product_brand":[],"product_cat":[39],"product_tag":[],"class_list":{"0":"post-1767","1":"product","2":"type-product","3":"status-publish","4":"has-post-thumbnail","6":"product_cat-ac-filter-capacitor-1","8":"first","9":"instock","10":"shipping-taxable","11":"product-type-simple"},"_links":{"self":[{"href":"https:\/\/rf-capacitor.com\/pt\/wp-json\/wp\/v2\/product\/1767","targetHints":{"allow":["GET"]}}],"collection":[{"href":"https:\/\/rf-capacitor.com\/pt\/wp-json\/wp\/v2\/product"}],"about":[{"href":"https:\/\/rf-capacitor.com\/pt\/wp-json\/wp\/v2\/types\/product"}],"replies":[{"embeddable":true,"href":"https:\/\/rf-capacitor.com\/pt\/wp-json\/wp\/v2\/comments?post=1767"}],"wp:featuredmedia":[{"embeddable":true,"href":"https:\/\/rf-capacitor.com\/pt\/wp-json\/wp\/v2\/media\/1770"}],"wp:attachment":[{"href":"https:\/\/rf-capacitor.com\/pt\/wp-json\/wp\/v2\/media?parent=1767"}],"wp:term":[{"taxonomy":"product_brand","embeddable":true,"href":"https:\/\/rf-capacitor.com\/pt\/wp-json\/wp\/v2\/product_brand?post=1767"},{"taxonomy":"product_cat","embeddable":true,"href":"https:\/\/rf-capacitor.com\/pt\/wp-json\/wp\/v2\/product_cat?post=1767"},{"taxonomy":"product_tag","embeddable":true,"href":"https:\/\/rf-capacitor.com\/pt\/wp-json\/wp\/v2\/product_tag?post=1767"}],"curies":[{"name":"wp","href":"https:\/\/api.w.org\/{rel}","templated":true}]}}