{"id":1715,"date":"2024-12-30T03:49:14","date_gmt":"2024-12-30T03:49:14","guid":{"rendered":"https:\/\/rf-capacitor.com\/?post_type=product&#038;p=1715"},"modified":"2024-12-30T03:49:14","modified_gmt":"2024-12-30T03:49:14","slug":"three-phase-ac-filter-capacitor","status":"publish","type":"product","link":"https:\/\/rf-capacitor.com\/pt\/three-phase-ac-filter-capacitor\/","title":{"rendered":"Condensador de filtro CA trif\u00e1sico"},"content":{"rendered":"<h3 data-sourcepos=\"1:1-1:36\"><strong>Condensador de filtro CA trif\u00e1sico<\/strong><\/h3>\n<ul data-sourcepos=\"3:1-21:0\">\n<li data-sourcepos=\"3:1-3:147\">\n<p data-sourcepos=\"3:3-3:147\"><strong>Objetivo:<\/strong> <span class=\"citation-0 recitation citation-end-0\">Especificamente concebido para sistemas de alimenta\u00e7\u00e3o CA trif\u00e1sicos para filtrar a distor\u00e7\u00e3o harm\u00f3nica gerada por cargas n\u00e3o lineares.<\/span><span class=\"button-container hide-from-message-actions ng-star-inserted\">\u00a0<\/span><\/p>\n<div class=\"container ng-tns-c362440147-79 hide\">\n<div class=\"carousel-container ng-tns-c362440147-79\"><\/div>\n<\/div>\n<\/li>\n<li data-sourcepos=\"4:1-10:0\">\n<h3 data-sourcepos=\"4:3-4:26\"><strong>Carater\u00edsticas principais Condensador trif\u00e1sico com filtro AC:<\/strong><\/h3>\n<ul data-sourcepos=\"5:5-10:0\">\n<li data-sourcepos=\"5:5-5:151\"><strong>Configura\u00e7\u00e3o trif\u00e1sica:<\/strong> Normalmente ligado em configura\u00e7\u00e3o delta ou estrela para filtrar eficazmente os harm\u00f3nicos em sistemas trif\u00e1sicos.<\/li>\n<li data-sourcepos=\"6:5-6:126\"><strong>Elevada pot\u00eancia de manuseamento:<\/strong> <span class=\"citation-1 recitation citation-end-1\">Capaz de lidar com as altas correntes e tens\u00f5es presentes em sistemas trif\u00e1sicos.<\/span><span class=\"button-container hide-from-message-actions ng-star-inserted\">\u00a0 \u00a0<\/span>\n<div class=\"container ng-tns-c362440147-80 hide\">\n<div class=\"carousel-container ng-tns-c362440147-80\"><\/div>\n<\/div>\n<\/li>\n<li data-sourcepos=\"7:5-7:78\"><strong>Baixa imped\u00e2ncia:<\/strong> <span class=\"citation-2 recitation citation-end-2\">Minimizar as perdas de energia durante o funcionamento.<\/span><span class=\"button-container hide-from-message-actions ng-star-inserted\">\u00a0 \u00a0<\/span>\n<div class=\"container ng-tns-c362440147-81 hide\">\n<div class=\"carousel-container ng-tns-c362440147-81\"><\/div>\n<\/div>\n<\/li>\n<li data-sourcepos=\"8:5-8:158\"><strong>Constru\u00e7\u00e3o robusta:<\/strong> Constru\u00eddo para suportar as exig\u00eancias dos sistemas de energia trif\u00e1sicos, incluindo tens\u00f5es mais elevadas e potencial para correntes de falha mais elevadas.<\/li>\n<li data-sourcepos=\"9:5-10:0\"><strong>Auto-Cura:<\/strong> <span class=\"citation-3 recitation citation-end-3\">Incorporam frequentemente mecanismos de auto-regenera\u00e7\u00e3o para aumentar a fiabilidade e prolongar a vida \u00fatil.<\/span><span class=\"button-container hide-from-message-actions ng-star-inserted\"> \u00a0<\/span>\n<div class=\"container ng-tns-c362440147-82 hide\">\n<div class=\"carousel-container ng-tns-c362440147-82\"><\/div>\n<\/div>\n<\/li>\n<\/ul>\n<\/li>\n<li data-sourcepos=\"11:1-15:0\">\n<h3 data-sourcepos=\"11:3-11:19\"><strong>Aplica\u00e7\u00f5es Condensador trif\u00e1sico de filtro AC:<\/strong><\/h3>\n<ul data-sourcepos=\"12:5-15:0\">\n<li data-sourcepos=\"12:5-12:158\"><strong>Industrial:<\/strong> <span class=\"citation-4 recitation citation-end-4\">Filtragem de harm\u00f3nicas geradas por variadores de velocidade (VSD), conversores electr\u00f3nicos de pot\u00eancia e outros equipamentos industriais.<\/span><span class=\"button-container hide-from-message-actions ng-star-inserted\">\u00a0 \u00a0<\/span>\n<div class=\"container ng-tns-c362440147-83 hide\">\n<div class=\"carousel-container ng-tns-c362440147-83\"><\/div>\n<\/div>\n<\/li>\n<li data-sourcepos=\"13:5-13:140\"><strong><span class=\"citation-5 recitation\">Energias renov\u00e1veis:<\/span><\/strong><span class=\"citation-5 recitation citation-end-5\"> Filtragem de harm\u00f3nicos produzidos por turbinas e\u00f3licas, inversores solares e outras fontes de energia renov\u00e1veis.<\/span>\n<div class=\"container ng-tns-c362440147-84 hide\">\n<div class=\"carousel-container ng-tns-c362440147-84\"><\/div>\n<\/div>\n<\/li>\n<li data-sourcepos=\"14:5-15:0\"><strong>Transmiss\u00e3o e distribui\u00e7\u00e3o de energia:<\/strong> Melhoria da qualidade da energia em sistemas trif\u00e1sicos de transmiss\u00e3o e distribui\u00e7\u00e3o.<\/li>\n<\/ul>\n<\/li>\n<li data-sourcepos=\"16:1-21:0\">\n<h3 data-sourcepos=\"16:3-16:15\"><strong>Benef\u00edcios:<\/strong><\/h3>\n<ul data-sourcepos=\"17:5-21:0\">\n<li data-sourcepos=\"17:5-17:127\"><strong>Melhoria da qualidade da energia:<\/strong> Reduzem significativamente a distor\u00e7\u00e3o harm\u00f3nica, conduzindo a sistemas de energia mais est\u00e1veis e eficientes.<\/li>\n<li data-sourcepos=\"18:5-18:131\"><strong><span class=\"citation-6 recitation\">Redu\u00e7\u00e3o das perdas de energia:<\/span><\/strong><span class=\"citation-6 recitation citation-end-6\"> Minimizar as perdas de energia no sistema, reduzindo o consumo de energia e os custos de funcionamento.<\/span><span class=\"button-container hide-from-message-actions ng-star-inserted\">\u00a0 \u00a0<\/span>\n<div class=\"container ng-tns-c362440147-85 hide\">\n<div class=\"carousel-container ng-tns-c362440147-85\"><\/div>\n<\/div>\n<\/li>\n<li data-sourcepos=\"19:5-19:105\"><strong>Vida \u00fatil do equipamento melhorada:<\/strong> Proteger os equipamentos sens\u00edveis dos efeitos prejudiciais das harm\u00f3nicas.<\/li>\n<li data-sourcepos=\"20:5-21:0\"><strong>Aumento da fiabilidade do sistema:<\/strong> Melhorar a fiabilidade e a estabilidade globais do sistema el\u00e9trico trif\u00e1sico.<\/li>\n<\/ul>\n<\/li>\n<\/ul>","protected":false},"excerpt":{"rendered":"<table style=\"height: 446px;\" width=\"714\">\n<tbody>\n<tr>\n<td width=\"146\"><strong><b>Produto<\/b><\/strong>\u00a0<strong><b>Nome:<\/b><\/strong><\/td>\n<td width=\"601\"><strong>Condensador de filtro CA trif\u00e1sico<\/strong><\/td>\n<\/tr>\n<tr>\n<td width=\"146\">\n<h4><strong>Breve descri\u00e7\u00e3o:<\/strong><\/h4>\n<\/td>\n<td width=\"601\">Inv\u00f3lucro met\u00e1lico de alum\u00ednio, pacote de ep\u00f3xi retardador de chama (UL 94V-0) com alta corrente, grande capacidade, baixo ESL e baixa perda<\/td>\n<\/tr>\n<tr>\n<td width=\"146\"><strong>Gama de capacit\u00e2ncias:<\/strong><\/td>\n<td width=\"601\">3\u2716\ufe0f20~3\u2716\ufe0f500UF<\/td>\n<\/tr>\n<tr>\n<td width=\"146\"><strong>Tens\u00e3o nominal\uff1a<\/strong><\/td>\n<td width=\"601\">220-1000vac<\/td>\n<\/tr>\n<tr>\n<td width=\"146\"><strong>Estrutura:\u00a0<\/strong><\/td>\n<td width=\"601\">\u00a0Estrutura seca de pel\u00edcula metalizada<\/td>\n<\/tr>\n<tr>\n<td width=\"146\"><strong>Modelo de condensador:\u00a0<\/strong><\/td>\n<td width=\"601\">AKMJ-MC<\/td>\n<\/tr>\n<\/tbody>\n<\/table>","protected":false},"featured_media":1716,"comment_status":"open","ping_status":"closed","template":"","meta":[],"product_brand":[],"product_cat":[39],"product_tag":[],"class_list":{"0":"post-1715","1":"product","2":"type-product","3":"status-publish","4":"has-post-thumbnail","6":"product_cat-ac-filter-capacitor-1","8":"first","9":"instock","10":"shipping-taxable","11":"product-type-simple"},"_links":{"self":[{"href":"https:\/\/rf-capacitor.com\/pt\/wp-json\/wp\/v2\/product\/1715","targetHints":{"allow":["GET"]}}],"collection":[{"href":"https:\/\/rf-capacitor.com\/pt\/wp-json\/wp\/v2\/product"}],"about":[{"href":"https:\/\/rf-capacitor.com\/pt\/wp-json\/wp\/v2\/types\/product"}],"replies":[{"embeddable":true,"href":"https:\/\/rf-capacitor.com\/pt\/wp-json\/wp\/v2\/comments?post=1715"}],"wp:featuredmedia":[{"embeddable":true,"href":"https:\/\/rf-capacitor.com\/pt\/wp-json\/wp\/v2\/media\/1716"}],"wp:attachment":[{"href":"https:\/\/rf-capacitor.com\/pt\/wp-json\/wp\/v2\/media?parent=1715"}],"wp:term":[{"taxonomy":"product_brand","embeddable":true,"href":"https:\/\/rf-capacitor.com\/pt\/wp-json\/wp\/v2\/product_brand?post=1715"},{"taxonomy":"product_cat","embeddable":true,"href":"https:\/\/rf-capacitor.com\/pt\/wp-json\/wp\/v2\/product_cat?post=1715"},{"taxonomy":"product_tag","embeddable":true,"href":"https:\/\/rf-capacitor.com\/pt\/wp-json\/wp\/v2\/product_tag?post=1715"}],"curies":[{"name":"wp","href":"https:\/\/api.w.org\/{rel}","templated":true}]}}