{"id":1709,"date":"2024-12-30T03:11:32","date_gmt":"2024-12-30T03:11:32","guid":{"rendered":"https:\/\/rf-capacitor.com\/?post_type=product&#038;p=1709"},"modified":"2024-12-30T03:11:32","modified_gmt":"2024-12-30T03:11:32","slug":"power-factor-correction-film-capacitors","status":"publish","type":"product","link":"https:\/\/rf-capacitor.com\/pt\/power-factor-correction-film-capacitors\/","title":{"rendered":"Condensadores de pel\u00edcula de corre\u00e7\u00e3o do fator de pot\u00eancia"},"content":{"rendered":"<h3 data-sourcepos=\"1:1-1:49\"><strong>Condensadores de pel\u00edcula de corre\u00e7\u00e3o do fator de pot\u00eancia<\/strong><\/h3>\n<ul data-sourcepos=\"3:1-13:0\">\n<li data-sourcepos=\"3:1-3:94\">\n<p data-sourcepos=\"3:3-3:94\"><strong><span class=\"citation-0 recitation\">Objetivo:<\/span><\/strong><span class=\"citation-0 recitation citation-end-0\"> Utilizado principalmente para melhorar o fator de pot\u00eancia em sistemas el\u00e9ctricos.<\/span><span class=\"button-container hide-from-message-actions ng-star-inserted\">\u00a0<\/span><\/p>\n<div class=\"container ng-tns-c362440147-42 hide\">\n<div class=\"carousel-container ng-tns-c362440147-42\"><\/div>\n<\/div>\n<\/li>\n<li data-sourcepos=\"4:1-11:0\">\n<p data-sourcepos=\"4:3-4:21\"><strong>Como funcionam:<\/strong><\/p>\n<ul data-sourcepos=\"5:5-11:0\">\n<li data-sourcepos=\"5:5-5:174\"><strong>Pot\u00eancia reactiva:<\/strong> <span class=\"citation-1 recitation citation-end-1\">As cargas indutivas (como motores e transformadores) consomem pot\u00eancia reactiva, que n\u00e3o contribui para o trabalho \u00fatil mas aumenta o fluxo de corrente.<\/span><span class=\"button-container hide-from-message-actions ng-star-inserted\"> \u00a0<\/span>\n<div class=\"container ng-tns-c362440147-43 hide\">\n<div class=\"carousel-container ng-tns-c362440147-43\"><\/div>\n<\/div>\n<\/li>\n<li data-sourcepos=\"6:5-6:124\"><strong><span class=\"citation-2 recitation\">Condensadores:<\/span><\/strong><span class=\"citation-2 recitation citation-end-2\"> Fornecer pot\u00eancia reactiva principal, que anula a pot\u00eancia reactiva secund\u00e1ria da carga.<\/span><span class=\"button-container hide-from-message-actions ng-star-inserted\"> \u00a0<\/span>\n<div class=\"container ng-tns-c362440147-44 hide\">\n<div class=\"carousel-container ng-tns-c362440147-44\"><\/div>\n<\/div>\n<\/li>\n<li data-sourcepos=\"7:5-11:0\"><strong>Fator de pot\u00eancia melhorado:<\/strong> Ao adicionar condensadores PFC, o fator de pot\u00eancia global do sistema \u00e9 aumentado, resultando em\n<ul data-sourcepos=\"8:9-11:0\">\n<li data-sourcepos=\"8:9-8:65\">Fluxo de corrente reduzido para a mesma quantidade de pot\u00eancia real.<\/li>\n<li data-sourcepos=\"9:9-9:57\"><span class=\"citation-3 recitation citation-end-3\">Menores perdas de energia no sistema.<\/span><span class=\"button-container hide-from-message-actions ng-star-inserted\"> \u00a0<\/span>\n<div class=\"container ng-tns-c362440147-45 hide\">\n<div class=\"carousel-container ng-tns-c362440147-45\"><\/div>\n<\/div>\n<\/li>\n<li data-sourcepos=\"10:9-11:0\"><span class=\"citation-4 recitation citation-end-4\">Melhoria da estabilidade da tens\u00e3o.<\/span><span class=\"button-container hide-from-message-actions ng-star-inserted\">\u00a0 \u00a0<\/span><\/li>\n<li data-sourcepos=\"10:9-11:0\"><strong>Constru\u00e7\u00e3o:<\/strong> Semelhantes aos condensadores de filtro CA gerais, utilizando normalmente pel\u00edcula de polipropileno metalizado como diel\u00e9trico.<\/li>\n<\/ul>\n<\/li>\n<\/ul>\n<\/li>\n<\/ul>\n<h3 data-sourcepos=\"14:1-14:17\"><strong>Carater\u00edsticas principais Condensadores de pel\u00edcula de corre\u00e7\u00e3o do fator de pot\u00eancia :<\/strong><\/h3>\n<ul data-sourcepos=\"16:1-20:0\">\n<li data-sourcepos=\"16:1-16:86\"><strong>Alta densidade de capacit\u00e2ncia:<\/strong> Pode atingir valores de capacit\u00e2ncia elevados num tamanho compacto.<\/li>\n<li data-sourcepos=\"17:1-17:60\"><strong>Baixa perda:<\/strong> Dissipa\u00e7\u00e3o m\u00ednima de energia durante o funcionamento.<\/li>\n<li data-sourcepos=\"18:1-18:80\"><strong>Auto-Cura:<\/strong> <span class=\"citation-5 recitation citation-end-5\">Aumenta a fiabilidade e prolonga a vida \u00fatil.<\/span><span class=\"button-container hide-from-message-actions ng-star-inserted\"> \u00a0<\/span>\n<div class=\"container ng-tns-c362440147-47 hide\">\n<div class=\"carousel-container ng-tns-c362440147-47\"><\/div>\n<\/div>\n<\/li>\n<li data-sourcepos=\"19:1-20:0\"><strong>Longo tempo de vida:<\/strong> Concebidos para funcionamento cont\u00ednuo em sistemas de energia.<\/li>\n<\/ul>\n<h3 data-sourcepos=\"21:1-21:17\"><strong>Aplica\u00e7\u00f5es Condensadores de pel\u00edcula de corre\u00e7\u00e3o do fator de pot\u00eancia :<\/strong><\/h3>\n<ul data-sourcepos=\"23:1-26:0\">\n<li data-sourcepos=\"23:1-23:147\"><strong><span class=\"citation-6 recitation\">Industrial:<\/span><\/strong><span class=\"citation-6 recitation citation-end-6\"> Amplamente utilizado em instala\u00e7\u00f5es industriais para melhorar o fator de pot\u00eancia de motores, transformadores e outras cargas indutivas.<\/span><span class=\"button-container hide-from-message-actions ng-star-inserted\">\u00a0<\/span>\n<div class=\"container ng-tns-c362440147-48 hide\">\n<div class=\"carousel-container ng-tns-c362440147-48\"><\/div>\n<\/div>\n<\/li>\n<li data-sourcepos=\"24:1-24:113\"><strong>Comercial:<\/strong> <span class=\"citation-7 recitation citation-end-7\">Utilizado em edif\u00edcios comerciais para reduzir os custos de energia e melhorar a efici\u00eancia do sistema.<\/span><span class=\"button-container hide-from-message-actions ng-star-inserted\">\u00a0 \u00a0<\/span>\n<div class=\"container ng-tns-c362440147-49 hide\">\n<div class=\"carousel-container ng-tns-c362440147-49\"><\/div>\n<\/div>\n<\/li>\n<li data-sourcepos=\"25:1-26:0\"><strong><span class=\"citation-8 recitation\">Utilidades:<\/span><\/strong><span class=\"citation-8 recitation citation-end-8\"> Utilizado pelas empresas de eletricidade para melhorar a qualidade geral da energia da rede.<\/span><span class=\"button-container hide-from-message-actions ng-star-inserted\">\u00a0<\/span>\n<div class=\"container ng-tns-c362440147-50 hide\">\n<div class=\"carousel-container ng-tns-c362440147-50\"><\/div>\n<\/div>\n<\/li>\n<\/ul>\n<h3 data-sourcepos=\"27:1-27:13\"><strong>Benef\u00edcios:<\/strong><\/h3>\n<ul data-sourcepos=\"29:1-34:0\">\n<li data-sourcepos=\"29:1-29:117\"><strong>Redu\u00e7\u00e3o dos custos energ\u00e9ticos:<\/strong> O menor consumo de corrente leva \u00e0 redu\u00e7\u00e3o das perdas de energia nas linhas de transmiss\u00e3o e distribui\u00e7\u00e3o.<\/li>\n<li data-sourcepos=\"30:1-30:126\"><strong>Melhoria da efici\u00eancia do sistema:<\/strong> <span class=\"citation-9 recitation citation-end-9\">O aumento do fator de pot\u00eancia melhora a efici\u00eancia global do equipamento el\u00e9trico.<\/span><span class=\"button-container hide-from-message-actions ng-star-inserted\">\u00a0 \u00a0<\/span>\n<div class=\"container ng-tns-c362440147-51 hide\">\n<div class=\"carousel-container ng-tns-c362440147-51\"><\/div>\n<\/div>\n<\/li>\n<li data-sourcepos=\"31:1-31:131\"><strong>Aumento da capacidade do sistema:<\/strong> <span class=\"citation-10 recitation citation-end-10\">Uma corrente mais baixa permite aumentar o fornecimento de energia sem atualizar a infraestrutura.<\/span><span class=\"button-container hide-from-message-actions ng-star-inserted\"> \u00a0<\/span>\n<div class=\"container ng-tns-c362440147-52 hide\">\n<div class=\"carousel-container ng-tns-c362440147-52\"><\/div>\n<\/div>\n<\/li>\n<li data-sourcepos=\"32:1-32:93\"><strong>Melhoria da estabilidade da tens\u00e3o:<\/strong> Redu\u00e7\u00e3o das flutua\u00e7\u00f5es de tens\u00e3o e melhoria da estabilidade do sistema.<\/li>\n<li data-sourcepos=\"33:1-34:0\"><strong>Redu\u00e7\u00e3o do desgaste do equipamento:<\/strong> Uma corrente mais baixa reduz o stress no equipamento el\u00e9trico, prolongando a sua vida \u00fatil.<\/li>\n<\/ul>","protected":false},"excerpt":{"rendered":"<table style=\"height: 506px;\" width=\"694\">\n<tbody>\n<tr>\n<td width=\"146\"><strong><b>Produto<\/b><\/strong>\u00a0<strong><b>Nome:<\/b><\/strong><\/td>\n<td width=\"601\"><strong>Condensadores de pel\u00edcula de corre\u00e7\u00e3o do fator de pot\u00eancia<\/strong><\/td>\n<\/tr>\n<tr>\n<td width=\"146\">\n<h4><strong>Breve descri\u00e7\u00e3o:<\/strong><\/h4>\n<\/td>\n<td width=\"601\">&nbsp;<\/p>\n<p>A CRE desenvolveu este filtro AC de pel\u00edcula seca que resolveu o problema de falha do filtro AC convencional.<\/td>\n<\/tr>\n<tr>\n<td width=\"146\"><strong>Gama de capacit\u00e2ncias:<\/strong><\/td>\n<td width=\"601\">\u00a03*200\u03bcF\u00b15%<\/td>\n<\/tr>\n<tr>\n<td width=\"146\"><strong>Tens\u00e3o nominal\uff1a<\/strong><\/td>\n<td width=\"601\">450V.AC SH<\/td>\n<\/tr>\n<tr>\n<td width=\"146\"><strong>Cap.tol\uff1a<\/strong><\/td>\n<td width=\"601\">\u00a0\u00b15%\uff08J\uff09\uff1b\u00b110%\uff08K\uff09<\/td>\n<\/tr>\n<tr>\n<td width=\"146\"><strong>Modelo de condensador:\u00a0<\/strong><\/td>\n<td width=\"601\">S\u00e9rie DMJ-PS<\/td>\n<\/tr>\n<\/tbody>\n<\/table>","protected":false},"featured_media":1710,"comment_status":"open","ping_status":"closed","template":"","meta":[],"product_brand":[],"product_cat":[39],"product_tag":[],"class_list":{"0":"post-1709","1":"product","2":"type-product","3":"status-publish","4":"has-post-thumbnail","6":"product_cat-ac-filter-capacitor-1","8":"first","9":"instock","10":"shipping-taxable","11":"product-type-simple"},"_links":{"self":[{"href":"https:\/\/rf-capacitor.com\/pt\/wp-json\/wp\/v2\/product\/1709","targetHints":{"allow":["GET"]}}],"collection":[{"href":"https:\/\/rf-capacitor.com\/pt\/wp-json\/wp\/v2\/product"}],"about":[{"href":"https:\/\/rf-capacitor.com\/pt\/wp-json\/wp\/v2\/types\/product"}],"replies":[{"embeddable":true,"href":"https:\/\/rf-capacitor.com\/pt\/wp-json\/wp\/v2\/comments?post=1709"}],"wp:featuredmedia":[{"embeddable":true,"href":"https:\/\/rf-capacitor.com\/pt\/wp-json\/wp\/v2\/media\/1710"}],"wp:attachment":[{"href":"https:\/\/rf-capacitor.com\/pt\/wp-json\/wp\/v2\/media?parent=1709"}],"wp:term":[{"taxonomy":"product_brand","embeddable":true,"href":"https:\/\/rf-capacitor.com\/pt\/wp-json\/wp\/v2\/product_brand?post=1709"},{"taxonomy":"product_cat","embeddable":true,"href":"https:\/\/rf-capacitor.com\/pt\/wp-json\/wp\/v2\/product_cat?post=1709"},{"taxonomy":"product_tag","embeddable":true,"href":"https:\/\/rf-capacitor.com\/pt\/wp-json\/wp\/v2\/product_tag?post=1709"}],"curies":[{"name":"wp","href":"https:\/\/api.w.org\/{rel}","templated":true}]}}