{"id":1702,"date":"2024-12-30T01:56:26","date_gmt":"2024-12-30T01:56:26","guid":{"rendered":"https:\/\/rf-capacitor.com\/?post_type=product&#038;p=1702"},"modified":"2024-12-30T01:56:26","modified_gmt":"2024-12-30T01:56:26","slug":"ac-power-capacitor","status":"publish","type":"product","link":"https:\/\/rf-capacitor.com\/pt\/ac-power-capacitor\/","title":{"rendered":"Condensador de alimenta\u00e7\u00e3o CA"},"content":{"rendered":"<h3 data-sourcepos=\"1:1-1:33\"><strong>Condensadores de pot\u00eancia CA: Uma cartilha<\/strong><\/h3>\n<p data-sourcepos=\"3:1-3:275\">Um condensador de corrente alternada \u00e9 um tipo especializado de condensador concebido para ser utilizado em sistemas de energia el\u00e9ctrica de corrente alternada (CA). S\u00e3o utilizados principalmente para <strong>corre\u00e7\u00e3o do fator de pot\u00eancia<\/strong>uma t\u00e9cnica destinada a melhorar a efici\u00eancia e a estabilidade da rede el\u00e9ctrica.<\/p>\n<h3 data-sourcepos=\"3:1-3:275\"><strong>Como funcionam<\/strong><\/h3>\n<ul data-sourcepos=\"7:1-10:0\">\n<li data-sourcepos=\"7:1-7:211\"><strong>React\u00e2ncia capacitiva:<\/strong> Os condensadores apresentam uma propriedade conhecida como react\u00e2ncia capacitiva, que se op\u00f5e ao fluxo de corrente alternada. Esta react\u00e2ncia \u00e9 inversamente proporcional \u00e0 frequ\u00eancia do sinal CA.<\/li>\n<li data-sourcepos=\"7:1-7:211\"><strong>Corrente principal:<\/strong> Quando ligado a um circuito de corrente alternada, um condensador extrai uma corrente principal, o que significa que a forma de onda da corrente lidera a forma de onda da tens\u00e3o em 90 graus.<\/li>\n<li data-sourcepos=\"9:1-10:0\"><strong>Corre\u00e7\u00e3o do fator de pot\u00eancia:<\/strong> Em muitas aplica\u00e7\u00f5es industriais e comerciais, as cargas el\u00e9ctricas s\u00e3o principalmente indutivas (por exemplo, motores, transformadores). As cargas indutivas fazem com que a corrente se atrase em rela\u00e7\u00e3o \u00e0 tens\u00e3o, resultando num fraco fator de pot\u00eancia. Ao introduzir uma react\u00e2ncia capacitiva no sistema, os condensadores de pot\u00eancia CA podem compensar a corrente de atraso, aproximando o fator de pot\u00eancia da unidade (1).<\/li>\n<\/ul>\n<h3 data-sourcepos=\"11:1-11:41\"><strong>Vantagens da utiliza\u00e7\u00e3o de condensadores de pot\u00eancia CA<\/strong><\/h3>\n<ul data-sourcepos=\"13:1-17:0\">\n<li data-sourcepos=\"13:1-13:195\"><strong>Perdas de energia reduzidas:<\/strong> Um fator de pot\u00eancia inferior leva a um aumento das perdas de energia no sistema el\u00e9trico. A corre\u00e7\u00e3o do fator de pot\u00eancia minimiza estas perdas, resultando em poupan\u00e7as de energia significativas.<\/li>\n<li data-sourcepos=\"14:1-14:140\"><strong>Regula\u00e7\u00e3o de tens\u00e3o melhorada:<\/strong> Ao reduzir as flutua\u00e7\u00f5es de corrente, os condensadores ajudam a manter um n\u00edvel de tens\u00e3o mais est\u00e1vel em todo o sistema.<\/li>\n<li data-sourcepos=\"15:1-15:140\"><strong>Aumento da capacidade do sistema:<\/strong> Um fator de pot\u00eancia mais elevado permite a transmiss\u00e3o de mais energia atrav\u00e9s da infraestrutura el\u00e9ctrica existente.<\/li>\n<li data-sourcepos=\"15:1-15:140\"><strong>Redu\u00e7\u00e3o do stress do equipamento:<\/strong> A melhoria da qualidade da energia reduz o stress sobre o equipamento el\u00e9trico, prolongando a sua vida \u00fatil.<\/li>\n<\/ul>\n<h3 data-sourcepos=\"18:1-18:16\"><strong>Aplica\u00e7\u00f5es<\/strong><\/h3>\n<p data-sourcepos=\"20:1-20:71\">Os condensadores de pot\u00eancia CA s\u00e3o amplamente utilizados em v\u00e1rios contextos, incluindo:<\/p>\n<ul data-sourcepos=\"22:1-25:0\">\n<li data-sourcepos=\"22:1-22:121\"><strong>Instala\u00e7\u00f5es industriais:<\/strong> F\u00e1bricas, instala\u00e7\u00f5es de fabrico e outras instala\u00e7\u00f5es industriais t\u00eam frequentemente cargas indutivas elevadas.<\/li>\n<li data-sourcepos=\"23:1-23:132\"><strong>Edif\u00edcios comerciais:<\/strong> Os grandes edif\u00edcios comerciais com necessidades el\u00e9ctricas significativas podem beneficiar da corre\u00e7\u00e3o do fator de pot\u00eancia.<\/li>\n<li data-sourcepos=\"24:1-25:0\"><strong>Subesta\u00e7\u00f5es de servi\u00e7os p\u00fablicos:<\/strong> As empresas de eletricidade utilizam condensadores nas subesta\u00e7\u00f5es para melhorar a qualidade geral da energia da rede.<\/li>\n<\/ul>\n<h3 data-sourcepos=\"26:1-26:22\"><strong>Considera\u00e7\u00f5es fundamentais<\/strong><\/h3>\n<ul data-sourcepos=\"28:1-31:0\">\n<li data-sourcepos=\"28:1-28:191\"><strong>Classifica\u00e7\u00e3o do condensador:<\/strong> A sele\u00e7\u00e3o da classifica\u00e7\u00e3o adequada do condensador \u00e9 crucial para uma corre\u00e7\u00e3o eficaz do fator de pot\u00eancia. Devem ser considerados factores como a tens\u00e3o, a corrente e a frequ\u00eancia do sistema.<\/li>\n<li data-sourcepos=\"29:1-29:135\"><strong>Seguran\u00e7a:<\/strong> A instala\u00e7\u00e3o e manuten\u00e7\u00e3o adequadas dos condensadores de corrente alternada s\u00e3o essenciais para garantir a seguran\u00e7a e evitar riscos el\u00e9ctricos.<\/li>\n<li data-sourcepos=\"30:1-31:0\"><strong>Harm\u00f3nicos:<\/strong> Em alguns casos, os condensadores podem introduzir distor\u00e7\u00e3o harm\u00f3nica no sistema el\u00e9trico. Uma conce\u00e7\u00e3o e filtragem cuidadosas podem atenuar este problema.<\/li>\n<\/ul>","protected":false},"excerpt":{"rendered":"<table style=\"height: 493px;\" width=\"923\">\n<tbody>\n<tr>\n<td width=\"146\"><strong><b>Produto<\/b><\/strong>\u00a0<strong><b>Nome:<\/b><\/strong><\/td>\n<td width=\"601\">Condensador de alimenta\u00e7\u00e3o CA<\/td>\n<\/tr>\n<tr>\n<td width=\"146\">\n<h4><strong>Aplica\u00e7\u00e3o:\u00a0<\/strong><\/h4>\n<\/td>\n<td width=\"601\">Finalidade geral, Energia, Alta tens\u00e3o, UPS<\/td>\n<\/tr>\n<tr>\n<td width=\"146\"><strong>Gama de capacit\u00e2ncias:<\/strong><\/td>\n<td width=\"601\">\u00a00,33UF~60UF<\/td>\n<\/tr>\n<tr>\n<td width=\"146\"><strong>Norma de refer\u00eancia:<\/strong><\/td>\n<td width=\"601\">IEC61071;GB\/T 17702<\/td>\n<\/tr>\n<tr>\n<td width=\"146\"><strong>Utiliza\u00e7\u00e3o:\u00a0<\/strong><\/td>\n<td width=\"601\">Filtro AC<\/td>\n<\/tr>\n<tr>\n<td width=\"146\">Material de fabrico:<\/td>\n<td width=\"601\">Polipropileno<\/td>\n<\/tr>\n<\/tbody>\n<\/table>","protected":false},"featured_media":1703,"comment_status":"open","ping_status":"closed","template":"","meta":[],"product_brand":[],"product_cat":[39],"product_tag":[],"class_list":{"0":"post-1702","1":"product","2":"type-product","3":"status-publish","4":"has-post-thumbnail","6":"product_cat-ac-filter-capacitor-1","8":"first","9":"instock","10":"shipping-taxable","11":"product-type-simple"},"_links":{"self":[{"href":"https:\/\/rf-capacitor.com\/pt\/wp-json\/wp\/v2\/product\/1702","targetHints":{"allow":["GET"]}}],"collection":[{"href":"https:\/\/rf-capacitor.com\/pt\/wp-json\/wp\/v2\/product"}],"about":[{"href":"https:\/\/rf-capacitor.com\/pt\/wp-json\/wp\/v2\/types\/product"}],"replies":[{"embeddable":true,"href":"https:\/\/rf-capacitor.com\/pt\/wp-json\/wp\/v2\/comments?post=1702"}],"wp:featuredmedia":[{"embeddable":true,"href":"https:\/\/rf-capacitor.com\/pt\/wp-json\/wp\/v2\/media\/1703"}],"wp:attachment":[{"href":"https:\/\/rf-capacitor.com\/pt\/wp-json\/wp\/v2\/media?parent=1702"}],"wp:term":[{"taxonomy":"product_brand","embeddable":true,"href":"https:\/\/rf-capacitor.com\/pt\/wp-json\/wp\/v2\/product_brand?post=1702"},{"taxonomy":"product_cat","embeddable":true,"href":"https:\/\/rf-capacitor.com\/pt\/wp-json\/wp\/v2\/product_cat?post=1702"},{"taxonomy":"product_tag","embeddable":true,"href":"https:\/\/rf-capacitor.com\/pt\/wp-json\/wp\/v2\/product_tag?post=1702"}],"curies":[{"name":"wp","href":"https:\/\/api.w.org\/{rel}","templated":true}]}}