{"id":1674,"date":"2024-12-27T03:45:28","date_gmt":"2024-12-27T03:45:28","guid":{"rendered":"https:\/\/rf-capacitor.com\/?post_type=product&#038;p=1674"},"modified":"2024-12-27T03:45:28","modified_gmt":"2024-12-27T03:45:28","slug":"power-film-capacitor","status":"publish","type":"product","link":"https:\/\/rf-capacitor.com\/pt\/power-film-capacitor\/","title":{"rendered":"Condensador de pel\u00edcula de pot\u00eancia"},"content":{"rendered":"<h3 data-sourcepos=\"1:1-1:25\"><strong>Condensadores de pel\u00edcula de pot\u00eancia<\/strong><\/h3>\n<p data-sourcepos=\"3:1-3:291\"><span class=\"citation-0 recitation citation-end-0\">Os condensadores de pel\u00edcula de pot\u00eancia s\u00e3o um tipo especializado de condensador de pel\u00edcula concebido para lidar com aplica\u00e7\u00f5es de alta pot\u00eancia.<\/span> <span class=\"citation-1 recitation citation-end-1\">S\u00e3o constru\u00eddos utilizando pel\u00edculas finas de materiais diel\u00e9ctricos, tais como polipropileno, poli\u00e9ster ou pel\u00edcula metalizada, colocadas entre el\u00e9ctrodos condutores.<\/span><span class=\"button-container hide-from-message-actions ng-star-inserted\">\u00a0<\/span><\/p>\n<h3 data-sourcepos=\"5:1-5:24\"><strong>Carater\u00edsticas principais:<\/strong><\/h3>\n<ul data-sourcepos=\"7:1-12:0\">\n<li data-sourcepos=\"7:1-7:123\"><strong>Elevada pot\u00eancia de manuseamento:<\/strong> <span class=\"citation-2 recitation citation-end-2\">Capaz de suportar correntes elevadas e n\u00edveis de pot\u00eancia elevados sem perdas significativas.<\/span><span class=\"button-container hide-from-message-actions ng-star-inserted\">\u00a0 \u00a0<\/span>\n<div class=\"container ng-tns-c362440147-107 hide\">\n<div class=\"carousel-container ng-tns-c362440147-107\"><\/div>\n<\/div>\n<\/li>\n<li data-sourcepos=\"8:1-8:135\"><strong><span class=\"citation-3 recitation\">Baixa ESR (Resist\u00eancia de S\u00e9rie Equivalente):<\/span><\/strong> A baixa resist\u00eancia interna minimiza a dissipa\u00e7\u00e3o de energia e melhora a efici\u00eancia.<span class=\"button-container hide-from-message-actions ng-star-inserted\">\u00a0 \u00a0<\/span>\n<div class=\"container ng-tns-c362440147-108 hide\">\n<div class=\"carousel-container ng-tns-c362440147-108\"><\/div>\n<\/div>\n<\/li>\n<li data-sourcepos=\"9:1-9:133\"><strong><span class=\"citation-4 recitation\">Capacidade de corrente de ondula\u00e7\u00e3o elevada:<\/span><\/strong><span class=\"citation-4 recitation citation-end-4\"> Suporta correntes de ondula\u00e7\u00e3o elevadas, que s\u00e3o comuns em circuitos electr\u00f3nicos de pot\u00eancia.<\/span>\n<div class=\"container ng-tns-c362440147-109 hide\">\n<div class=\"carousel-container ng-tns-c362440147-109\"><\/div>\n<\/div>\n<\/li>\n<li data-sourcepos=\"10:1-10:123\"><strong>Tamanho compacto:<\/strong> <span class=\"citation-5 recitation citation-end-5\">Muitas vezes dispon\u00edveis em tamanhos compactos, o que os torna adequados para aplica\u00e7\u00f5es com restri\u00e7\u00f5es de espa\u00e7o.<\/span><span class=\"button-container hide-from-message-actions ng-star-inserted\">\u00a0\u00a0<\/span>\n<div class=\"container ng-tns-c362440147-110 hide\">\n<div class=\"carousel-container ng-tns-c362440147-110\"><\/div>\n<\/div>\n<\/li>\n<li data-sourcepos=\"11:1-12:0\"><strong><span class=\"citation-6 recitation\">Longo tempo de vida:<\/span><\/strong><span class=\"citation-6 recitation citation-end-6\"> Concebidos para um funcionamento a longo prazo em aplica\u00e7\u00f5es de energia exigentes.<\/span><span class=\"button-container hide-from-message-actions ng-star-inserted\"> \u00a0<\/span>\n<div class=\"container ng-tns-c362440147-111 hide\">\n<div class=\"carousel-container ng-tns-c362440147-111\"><\/div>\n<\/div>\n<\/li>\n<\/ul>\n<h3 data-sourcepos=\"13:1-13:24\"><strong>Aplica\u00e7\u00f5es comuns:<\/strong><\/h3>\n<ul data-sourcepos=\"15:1-20:0\">\n<li data-sourcepos=\"15:1-15:170\"><strong>Fontes de alimenta\u00e7\u00e3o:<\/strong> <span class=\"citation-7 recitation citation-end-7\">Utilizado em fontes de alimenta\u00e7\u00e3o para v\u00e1rios dispositivos electr\u00f3nicos, incluindo equipamento industrial, sistemas de energia renov\u00e1vel e ve\u00edculos el\u00e9ctricos.<\/span><span class=\"button-container hide-from-message-actions ng-star-inserted\"> \u00a0<\/span>\n<div class=\"container ng-tns-c362440147-112 hide\">\n<div class=\"carousel-container ng-tns-c362440147-112\"><\/div>\n<\/div>\n<\/li>\n<li data-sourcepos=\"16:1-16:110\"><strong><span class=\"citation-8 recitation\">Accionamentos de motores:<\/span><\/strong><span class=\"citation-8 recitation citation-end-8\"> Utilizado em sistemas de acionamento de motores para filtragem, suaviza\u00e7\u00e3o e armazenamento de energia.<\/span><span class=\"button-container hide-from-message-actions ng-star-inserted\">\u00a0 \u00a0<\/span>\n<div class=\"container ng-tns-c362440147-113 hide\">\n<div class=\"carousel-container ng-tns-c362440147-113\"><\/div>\n<\/div>\n<\/li>\n<li data-sourcepos=\"17:1-17:110\"><strong><span class=\"citation-9 recitation\">Corre\u00e7\u00e3o do fator de pot\u00eancia:<\/span><\/strong><span class=\"citation-9 recitation citation-end-9\"> Utilizado em circuitos de corre\u00e7\u00e3o do fator de pot\u00eancia para melhorar a qualidade da energia.<\/span><span class=\"button-container hide-from-message-actions ng-star-inserted\">\u00a0 \u00a0<\/span>\n<div class=\"container ng-tns-c362440147-114 hide\">\n<div class=\"carousel-container ng-tns-c362440147-114\"><\/div>\n<\/div>\n<\/li>\n<li data-sourcepos=\"18:1-18:75\"><strong>Inversores:<\/strong> Utilizado em inversores para converter energia CC em energia CA.<\/li>\n<li data-sourcepos=\"19:1-20:0\"><strong><span class=\"citation-10 recitation\">Circuitos ressonantes:<\/span><\/strong><span class=\"citation-10 recitation citation-end-10\"> Utilizados em circuitos ressonantes para aplica\u00e7\u00f5es como o aquecimento por indu\u00e7\u00e3o e a gera\u00e7\u00e3o de plasma.<\/span><span class=\"button-container hide-from-message-actions ng-star-inserted\"> \u00a0 <\/span><\/li>\n<\/ul>","protected":false},"excerpt":{"rendered":"<table style=\"height: 437px;\" width=\"726\">\n<tbody>\n<tr>\n<td width=\"146\"><strong><b>Produto<\/b><\/strong>\u00a0<strong><b>Nome:<\/b><\/strong><\/td>\n<td width=\"601\"><strong>Condensador de pel\u00edcula de pot\u00eancia<\/strong><\/td>\n<\/tr>\n<tr>\n<td width=\"146\">\n<h4><strong>Breve descri\u00e7\u00e3o:<\/strong><\/h4>\n<\/td>\n<td width=\"601\">Os condensadores de pel\u00edcula para desfibrilhadores s\u00e3o concebidos especificamente para satisfazer as exig\u00eancias de fiabilidade de um dispositivo m\u00e9dico de Classe III.<\/td>\n<\/tr>\n<tr>\n<td width=\"146\"><strong>Gama de capacit\u00e2ncias:<\/strong><\/td>\n<td width=\"601\">32\u00b5F a 500 \u00b5F<\/td>\n<\/tr>\n<tr>\n<td width=\"146\"><strong>Tens\u00e3o nominal\uff1a<\/strong><\/td>\n<td width=\"601\">800 VDC a 6000 VDC<\/td>\n<\/tr>\n<tr>\n<td width=\"146\"><strong>Cap.tol\uff1a<\/strong><\/td>\n<td width=\"601\">+70 a -45\u2103<\/td>\n<\/tr>\n<\/tbody>\n<\/table>","protected":false},"featured_media":1676,"comment_status":"open","ping_status":"closed","template":"","meta":[],"product_brand":[],"product_cat":[38],"product_tag":[],"class_list":{"0":"post-1674","1":"product","2":"type-product","3":"status-publish","4":"has-post-thumbnail","6":"product_cat-dc-capacitor-2","8":"first","9":"instock","10":"shipping-taxable","11":"product-type-simple"},"_links":{"self":[{"href":"https:\/\/rf-capacitor.com\/pt\/wp-json\/wp\/v2\/product\/1674","targetHints":{"allow":["GET"]}}],"collection":[{"href":"https:\/\/rf-capacitor.com\/pt\/wp-json\/wp\/v2\/product"}],"about":[{"href":"https:\/\/rf-capacitor.com\/pt\/wp-json\/wp\/v2\/types\/product"}],"replies":[{"embeddable":true,"href":"https:\/\/rf-capacitor.com\/pt\/wp-json\/wp\/v2\/comments?post=1674"}],"wp:featuredmedia":[{"embeddable":true,"href":"https:\/\/rf-capacitor.com\/pt\/wp-json\/wp\/v2\/media\/1676"}],"wp:attachment":[{"href":"https:\/\/rf-capacitor.com\/pt\/wp-json\/wp\/v2\/media?parent=1674"}],"wp:term":[{"taxonomy":"product_brand","embeddable":true,"href":"https:\/\/rf-capacitor.com\/pt\/wp-json\/wp\/v2\/product_brand?post=1674"},{"taxonomy":"product_cat","embeddable":true,"href":"https:\/\/rf-capacitor.com\/pt\/wp-json\/wp\/v2\/product_cat?post=1674"},{"taxonomy":"product_tag","embeddable":true,"href":"https:\/\/rf-capacitor.com\/pt\/wp-json\/wp\/v2\/product_tag?post=1674"}],"curies":[{"name":"wp","href":"https:\/\/api.w.org\/{rel}","templated":true}]}}