{"id":1643,"date":"2024-12-27T02:32:04","date_gmt":"2024-12-27T02:32:04","guid":{"rendered":"https:\/\/rf-capacitor.com\/?post_type=product&#038;p=1643"},"modified":"2024-12-27T02:40:52","modified_gmt":"2024-12-27T02:40:52","slug":"dc-bias-capacitor","status":"publish","type":"product","link":"https:\/\/rf-capacitor.com\/pt\/dc-bias-capacitor\/","title":{"rendered":"Condensador de polariza\u00e7\u00e3o DC"},"content":{"rendered":"<p data-sourcepos=\"1:1-1:155\"><span class=\"citation-0 recitation\">A <\/span><strong><span class=\"citation-0 recitation\">Condensador de polariza\u00e7\u00e3o DC<\/span><\/strong><span class=\"citation-0 recitation citation-end-0\"> \u00e9 um condensador que \u00e9 utilizado em circuitos electr\u00f3nicos para bloquear o fluxo de corrente cont\u00ednua, permitindo a passagem de sinais de corrente alternada.<\/span><span class=\"button-container hide-from-message-actions ng-star-inserted\"> \u00a0<\/span><\/p>\n<h3 data-sourcepos=\"3:1-3:23\"><strong>Aqui est\u00e1 um resumo:<\/strong><\/h3>\n<ul data-sourcepos=\"5:1-9:0\">\n<li data-sourcepos=\"5:1-6:225\"><strong>Bloqueio de DC:<\/strong>\n<ul data-sourcepos=\"6:5-6:225\">\n<li data-sourcepos=\"6:5-6:225\"><span class=\"citation-1 recitation citation-end-1\">Os condensadores armazenam carga el\u00e9ctrica.<\/span> Quando \u00e9 aplicada uma tens\u00e3o DC, o condensador carrega-se at\u00e9 essa tens\u00e3o e depois deixa de conduzir. Isto bloqueia efetivamente o fluxo de corrente DC atrav\u00e9s do circuito.\n<div class=\"container ng-tns-c362440147-43 hide\">\n<div class=\"carousel-container ng-tns-c362440147-43\"><\/div>\n<\/div>\n<\/li>\n<\/ul>\n<\/li>\n<li data-sourcepos=\"7:1-9:0\"><strong>Passagem de CA:<\/strong>\n<ul data-sourcepos=\"8:5-9:0\">\n<li data-sourcepos=\"8:5-9:0\"><span class=\"citation-2 recitation citation-end-2\">Os sinais AC, por defini\u00e7\u00e3o, t\u00eam tens\u00f5es em constante mudan\u00e7a.<\/span> Isto faz com que o condensador se carregue e descarregue continuamente, permitindo a passagem do sinal AC.<span class=\"button-container hide-from-message-actions ng-star-inserted\">\u00a0<\/span>\n<div class=\"container ng-tns-c362440147-44 hide\">\n<div class=\"carousel-container ng-tns-c362440147-44\">\n<div class=\"carousel-content ng-tns-c362440147-44\">\n<div class=\"sources-carousel-source ng-tns-c362440147-44 hide ng-star-inserted\" data-test-id=\"sources-carousel-source\"><\/div>\n<\/div>\n<\/div>\n<\/div>\n<\/li>\n<\/ul>\n<\/li>\n<\/ul>\n<h3 data-sourcepos=\"10:1-10:24\"><strong>Aplica\u00e7\u00f5es comuns:<\/strong><\/h3>\n<ul data-sourcepos=\"12:1-18:0\">\n<li data-sourcepos=\"12:1-13:165\"><strong>Acoplamento de sinais AC:<\/strong>\n<ul data-sourcepos=\"13:5-13:165\">\n<li data-sourcepos=\"13:5-13:165\"><span class=\"citation-3 recitation citation-end-3\">Os condensadores de polariza\u00e7\u00e3o CC s\u00e3o frequentemente utilizados para acoplar sinais CA entre diferentes fases de um amplificador, isolando simultaneamente a tens\u00e3o de polariza\u00e7\u00e3o CC de cada fase.<\/span><span class=\"button-container hide-from-message-actions ng-star-inserted\">\u00a0<\/span>\n<div class=\"container ng-tns-c362440147-45 hide\">\n<div class=\"carousel-container ng-tns-c362440147-45\">\n<div class=\"carousel-content ng-tns-c362440147-45\">\n<div class=\"sources-carousel-source ng-tns-c362440147-45 hide ng-star-inserted\" data-test-id=\"sources-carousel-source\"><\/div>\n<\/div>\n<\/div>\n<\/div>\n<\/li>\n<\/ul>\n<\/li>\n<li data-sourcepos=\"14:1-15:116\"><strong>Remo\u00e7\u00e3o de desvios DC:<\/strong>\n<ul data-sourcepos=\"15:5-15:116\">\n<li data-sourcepos=\"15:5-15:116\">Podem ser utilizados para remover qualquer desvio DC presente num sinal AC antes de este ser processado por uma fase subsequente.<\/li>\n<\/ul>\n<\/li>\n<li data-sourcepos=\"16:1-18:0\"><strong>Filtros passa-alto:<\/strong>\n<ul data-sourcepos=\"17:5-18:0\">\n<li data-sourcepos=\"17:5-18:0\"><span class=\"citation-4 recitation citation-end-4\">Quando combinado com uma resist\u00eancia, um condensador de polariza\u00e7\u00e3o CC pode formar um filtro passa-alto simples, permitindo a passagem de sinais de alta frequ\u00eancia enquanto bloqueia sinais de baixa frequ\u00eancia, incluindo CC.<\/span><span class=\"button-container hide-from-message-actions ng-star-inserted\">\u00a0<\/span>\n<div class=\"container ng-tns-c362440147-46 hide\">\n<div class=\"carousel-container ng-tns-c362440147-46\">\n<div class=\"carousel-content ng-tns-c362440147-46\">\n<div class=\"sources-carousel-source ng-tns-c362440147-46 hide ng-star-inserted\" data-test-id=\"sources-carousel-source\"><\/div>\n<\/div>\n<\/div>\n<\/div>\n<\/li>\n<\/ul>\n<\/li>\n<\/ul>\n<h3 data-sourcepos=\"19:1-19:23\"><strong>Principais considera\u00e7\u00f5es:<\/strong><\/h3>\n<ul data-sourcepos=\"21:1-24:0\">\n<li data-sourcepos=\"21:1-21:172\"><strong>Valor da capacit\u00e2ncia:<\/strong> O valor da capacit\u00e2ncia do condensador de polariza\u00e7\u00e3o DC \u00e9 crucial para o seu desempenho. Uma capacit\u00e2ncia maior geralmente permite a passagem de frequ\u00eancias mais baixas.<\/li>\n<li data-sourcepos=\"22:1-22:105\"><strong>Classifica\u00e7\u00e3o da tens\u00e3o:<\/strong> O condensador deve ser dimensionado para a tens\u00e3o m\u00e1xima que ser\u00e1 aplicada atrav\u00e9s dele.<\/li>\n<li data-sourcepos=\"23:1-24:0\"><strong>Corrente de fuga:<\/strong> A corrente de fuga do condensador pode afetar o ponto de polariza\u00e7\u00e3o DC do circuito.<\/li>\n<\/ul>\n<h3 data-sourcepos=\"25:1-25:15\"><strong>Em resumo:<\/strong><\/h3>\n<p data-sourcepos=\"27:1-27:252\">Os condensadores de polariza\u00e7\u00e3o DC desempenham um papel vital em muitos circuitos electr\u00f3nicos, permitindo a transfer\u00eancia eficiente de sinais AC enquanto isolam os componentes DC. Ao compreender a sua fun\u00e7\u00e3o e carater\u00edsticas, os engenheiros podem utiliz\u00e1-los eficazmente nos seus projectos.<\/p>","protected":false},"excerpt":{"rendered":"<table style=\"height: 575px;\" width=\"683\">\n<tbody>\n<tr>\n<td width=\"146\"><strong><b>Produto<\/b><\/strong>\u00a0<strong><b>Nome:<\/b><\/strong><\/td>\n<td width=\"601\">Condensador de polariza\u00e7\u00e3o DC<\/td>\n<\/tr>\n<tr>\n<td width=\"146\">\n<h4><strong>Breve descri\u00e7\u00e3o:<\/strong><\/h4>\n<\/td>\n<td width=\"601\">Inversor Pv, conversor de energia e\u00f3lica; Todos os tipos de conversor de frequ\u00eancia e inversor<br \/>\nfonte de alimenta\u00e7\u00e3o; autom\u00f3veis puramente el\u00e9ctricos e h\u00edbridos; pilha de carregamento, UPS, etc.<\/td>\n<\/tr>\n<tr>\n<td width=\"146\"><strong>Gama de capacit\u00e2ncias:<\/strong><\/td>\n<td width=\"601\">\u00a01\u03bcF - 200\u03bcF<\/td>\n<\/tr>\n<tr>\n<td width=\"146\"><strong>Tens\u00e3o nominal\uff1a<\/strong><\/td>\n<td width=\"601\">450V.DC - 1800V.DC<\/td>\n<\/tr>\n<tr>\n<td width=\"146\"><strong>Cap.tol\uff1a<\/strong><\/td>\n<td width=\"601\">\u00a0\u00b15%\uff08J\uff09\uff1b\u00b110%\uff08K\uff09<\/td>\n<\/tr>\n<tr>\n<td width=\"146\"><strong>Modelo de condensador:\u00a0<\/strong><\/td>\n<td width=\"601\">S\u00e9rie DMJ-PS<\/td>\n<\/tr>\n<\/tbody>\n<\/table>","protected":false},"featured_media":1644,"comment_status":"open","ping_status":"closed","template":"","meta":[],"product_brand":[],"product_cat":[38],"product_tag":[],"class_list":{"0":"post-1643","1":"product","2":"type-product","3":"status-publish","4":"has-post-thumbnail","6":"product_cat-dc-capacitor-2","8":"first","9":"instock","10":"shipping-taxable","11":"product-type-simple"},"_links":{"self":[{"href":"https:\/\/rf-capacitor.com\/pt\/wp-json\/wp\/v2\/product\/1643","targetHints":{"allow":["GET"]}}],"collection":[{"href":"https:\/\/rf-capacitor.com\/pt\/wp-json\/wp\/v2\/product"}],"about":[{"href":"https:\/\/rf-capacitor.com\/pt\/wp-json\/wp\/v2\/types\/product"}],"replies":[{"embeddable":true,"href":"https:\/\/rf-capacitor.com\/pt\/wp-json\/wp\/v2\/comments?post=1643"}],"wp:featuredmedia":[{"embeddable":true,"href":"https:\/\/rf-capacitor.com\/pt\/wp-json\/wp\/v2\/media\/1644"}],"wp:attachment":[{"href":"https:\/\/rf-capacitor.com\/pt\/wp-json\/wp\/v2\/media?parent=1643"}],"wp:term":[{"taxonomy":"product_brand","embeddable":true,"href":"https:\/\/rf-capacitor.com\/pt\/wp-json\/wp\/v2\/product_brand?post=1643"},{"taxonomy":"product_cat","embeddable":true,"href":"https:\/\/rf-capacitor.com\/pt\/wp-json\/wp\/v2\/product_cat?post=1643"},{"taxonomy":"product_tag","embeddable":true,"href":"https:\/\/rf-capacitor.com\/pt\/wp-json\/wp\/v2\/product_tag?post=1643"}],"curies":[{"name":"wp","href":"https:\/\/api.w.org\/{rel}","templated":true}]}}