{"id":1630,"date":"2024-12-26T08:55:26","date_gmt":"2024-12-26T08:55:26","guid":{"rendered":"https:\/\/rf-capacitor.com\/?post_type=product&#038;p=1630"},"modified":"2024-12-26T09:16:35","modified_gmt":"2024-12-26T09:16:35","slug":"dc-circuit-capacitor","status":"publish","type":"product","link":"https:\/\/rf-capacitor.com\/pt\/dc-circuit-capacitor\/","title":{"rendered":"Condensador de circuito DC"},"content":{"rendered":"<h3 data-sourcepos=\"1:1-1:47\"><strong>Condensadores em circuitos de corrente cont\u00ednua: Fun\u00e7\u00f5es inesperadas<\/strong><\/h3>\n<p data-sourcepos=\"3:1-3:203\">Embora os condensadores de circuito DC estejam frequentemente associados a circuitos AC, tamb\u00e9m podem desempenhar pap\u00e9is surpreendentes e cruciais em circuitos DC. Aqui est\u00e1 um resumo de como os condensadores se comportam e s\u00e3o utilizados em ambientes DC:<\/p>\n<h4 data-sourcepos=\"5:1-5:37\"><strong>1. Carregamento inicial e bloqueio:<\/strong><\/h4>\n<ul data-sourcepos=\"7:1-9:0\">\n<li data-sourcepos=\"7:1-7:201\"><strong>Fase de carregamento:<\/strong> Quando um condensador de circuito DC \u00e9 ligado pela primeira vez a um condensador n\u00e3o carregado, flui uma breve corrente. Esta corrente carrega as placas do condensador, criando um campo el\u00e9trico oposto.<\/li>\n<li data-sourcepos=\"7:1-7:201\"><strong>Estado estacion\u00e1rio:<\/strong> Quando o condensador est\u00e1 totalmente carregado, actua como um circuito aberto, bloqueando o fluxo de mais corrente DC. Isto deve-se ao facto de a carga acumulada nas placas criar um campo el\u00e9trico que contraria perfeitamente a corrente cont\u00ednua aplicada no condensador.<\/li>\n<li data-sourcepos=\"8:1-9:0\"><strong style=\"color: #555555; font-size: 14.4px;\">2. Suaviza\u00e7\u00e3o e filtragem:<\/strong><\/li>\n<\/ul>\n<ul data-sourcepos=\"12:1-14:0\">\n<li data-sourcepos=\"12:1-12:281\"><strong>Redu\u00e7\u00e3o de ondula\u00e7\u00e3o:<\/strong> Nas fontes de alimenta\u00e7\u00e3o, os condensadores s\u00e3o utilizados para suavizar as flutua\u00e7\u00f5es de tens\u00e3o (ondula\u00e7\u00e3o) que ocorrem frequentemente devido ao processo de retifica\u00e7\u00e3o. O condensador absorve o excesso de carga durante os picos de tens\u00e3o e liberta-a durante as descidas, resultando numa sa\u00edda DC mais est\u00e1vel.<\/li>\n<li data-sourcepos=\"13:1-14:0\"><strong>Filtragem:<\/strong> Os condensadores podem ser utilizados para filtrar o ru\u00eddo de alta frequ\u00eancia de um sinal DC. Condensador de circuito DC Isto \u00e9 particularmente importante em circuitos electr\u00f3nicos sens\u00edveis onde o ru\u00eddo pode interferir com o funcionamento correto.<\/li>\n<\/ul>\n<h4 data-sourcepos=\"15:1-15:23\"><strong>3. Circuitos de temporiza\u00e7\u00e3o:<\/strong><\/h4>\n<ul data-sourcepos=\"17:1-18:0\">\n<li data-sourcepos=\"17:1-18:0\"><strong>Circuitos RC:<\/strong> Os condensadores combinados com resist\u00eancias (circuitos RC) constituem a base dos circuitos de temporiza\u00e7\u00e3o. O tempo que um condensador leva a carregar ou descarregar atrav\u00e9s de uma resist\u00eancia pode ser controlado com precis\u00e3o, permitindo a cria\u00e7\u00e3o de atrasos, osciladores e outras fun\u00e7\u00f5es relacionadas com a temporiza\u00e7\u00e3o.<\/li>\n<li data-sourcepos=\"17:1-18:0\">\n<h4><strong style=\"color: #555555; font-size: 14.4px;\">4. Acoplamento de sinais CA:<\/strong><\/h4>\n<\/li>\n<\/ul>\n<ul data-sourcepos=\"21:1-22:0\">\n<li data-sourcepos=\"21:1-22:0\"><strong>Bloqueio de DC:<\/strong> Os condensadores podem ser utilizados para acoplar sinais AC entre diferentes fases de um circuito DC, bloqueando eficazmente o componente DC. Isto \u00e9 crucial em muitos circuitos de \u00e1udio e amplificadores.<\/li>\n<li data-sourcepos=\"21:1-22:0\"><strong style=\"color: #555555; font-size: 14.4px;\">Pontos-chave:<\/strong><\/li>\n<\/ul>\n<ul data-sourcepos=\"25:1-27:0\">\n<li data-sourcepos=\"25:1-25:248\"><strong>Nem sempre passiva:<\/strong> Embora os condensadores bloqueiem geralmente a corrente cont\u00ednua, o seu comportamento nos circuitos de corrente cont\u00ednua nem sempre \u00e9 passivo. Podem participar ativamente na modela\u00e7\u00e3o do comportamento do circuito, especialmente em aplica\u00e7\u00f5es de carga, suaviza\u00e7\u00e3o e temporiza\u00e7\u00e3o.<\/li>\n<li data-sourcepos=\"25:1-25:248\"><strong>Espec\u00edfico da aplica\u00e7\u00e3o:<\/strong> O papel espec\u00edfico de um condensador num circuito de corrente cont\u00ednua depende muito da conce\u00e7\u00e3o do circuito e da fun\u00e7\u00e3o pretendida.<\/li>\n<\/ul>\n<p data-sourcepos=\"28:1-28:223\"><strong>Essencialmente, os condensadores nos circuitos de corrente cont\u00ednua n\u00e3o s\u00e3o apenas elementos passivos; podem ser componentes din\u00e2micos que desempenham pap\u00e9is vitais na modela\u00e7\u00e3o do comportamento do circuito, desde a suaviza\u00e7\u00e3o das fontes de alimenta\u00e7\u00e3o at\u00e9 \u00e0 cria\u00e7\u00e3o de mecanismos de temporiza\u00e7\u00e3o precisos.<\/strong><\/p>","protected":false},"excerpt":{"rendered":"<table style=\"height: 544px;\" width=\"704\">\n<tbody>\n<tr>\n<td width=\"146\"><strong><b>Produto<\/b><\/strong>\u00a0<strong><b>Nome:<\/b><\/strong><\/td>\n<td width=\"601\">Condensador de circuito DC<\/td>\n<\/tr>\n<tr>\n<td width=\"146\">\n<h4><strong>Breve descri\u00e7\u00e3o:<\/strong><\/h4>\n<\/td>\n<td width=\"601\">Os condensadores de pel\u00edcula metalizada s\u00e3o alguns dos condensadores mais comuns utilizados nos circuitos electr\u00f3nicos actuais, enquanto os condensadores de pel\u00edcula de baixa pot\u00eancia s\u00e3o normalmente utilizados para aplica\u00e7\u00f5es de desacoplamento e filtragem.<\/td>\n<\/tr>\n<tr>\n<td width=\"146\"><strong>Gama de capacit\u00e2ncias:<\/strong><\/td>\n<td width=\"601\">8-150uf<\/td>\n<\/tr>\n<tr>\n<td width=\"146\"><strong>Tens\u00e3o nominal\uff1a<\/strong><\/td>\n<td width=\"601\">450-1300V<\/td>\n<\/tr>\n<tr>\n<td width=\"146\">\u00a0<strong>Temperatura:<\/strong><\/td>\n<td width=\"601\">at\u00e9 105\u2103<\/td>\n<\/tr>\n<\/tbody>\n<\/table>","protected":false},"featured_media":1632,"comment_status":"open","ping_status":"closed","template":"","meta":[],"product_brand":[],"product_cat":[38],"product_tag":[],"class_list":{"0":"post-1630","1":"product","2":"type-product","3":"status-publish","4":"has-post-thumbnail","6":"product_cat-dc-capacitor-2","8":"first","9":"instock","10":"shipping-taxable","11":"product-type-simple"},"_links":{"self":[{"href":"https:\/\/rf-capacitor.com\/pt\/wp-json\/wp\/v2\/product\/1630","targetHints":{"allow":["GET"]}}],"collection":[{"href":"https:\/\/rf-capacitor.com\/pt\/wp-json\/wp\/v2\/product"}],"about":[{"href":"https:\/\/rf-capacitor.com\/pt\/wp-json\/wp\/v2\/types\/product"}],"replies":[{"embeddable":true,"href":"https:\/\/rf-capacitor.com\/pt\/wp-json\/wp\/v2\/comments?post=1630"}],"wp:featuredmedia":[{"embeddable":true,"href":"https:\/\/rf-capacitor.com\/pt\/wp-json\/wp\/v2\/media\/1632"}],"wp:attachment":[{"href":"https:\/\/rf-capacitor.com\/pt\/wp-json\/wp\/v2\/media?parent=1630"}],"wp:term":[{"taxonomy":"product_brand","embeddable":true,"href":"https:\/\/rf-capacitor.com\/pt\/wp-json\/wp\/v2\/product_brand?post=1630"},{"taxonomy":"product_cat","embeddable":true,"href":"https:\/\/rf-capacitor.com\/pt\/wp-json\/wp\/v2\/product_cat?post=1630"},{"taxonomy":"product_tag","embeddable":true,"href":"https:\/\/rf-capacitor.com\/pt\/wp-json\/wp\/v2\/product_tag?post=1630"}],"curies":[{"name":"wp","href":"https:\/\/api.w.org\/{rel}","templated":true}]}}