{"id":2108,"date":"2025-01-14T07:26:21","date_gmt":"2025-01-14T07:26:21","guid":{"rendered":"https:\/\/rf-capacitor.com\/?post_type=product&#038;p=2108"},"modified":"2025-01-14T07:41:19","modified_gmt":"2025-01-14T07:41:19","slug":"dc-voltage-effect-sensor","status":"publish","type":"product","link":"https:\/\/rf-capacitor.com\/pl\/dc-voltage-effect-sensor\/","title":{"rendered":"Czujnik efektu napi\u0119cia sta\u0142ego"},"content":{"rendered":"<p data-sourcepos=\"1:1-1:155\">Czujnik efektu napi\u0119ciowego DC jest krytycznym urz\u0105dzeniem bezpiecze\u0144stwa, kt\u00f3re wykrywa i mierzy ma\u0142e pr\u0105dy elektryczne, kt\u00f3re nie s\u0105 cz\u0119\u015bci\u0105 zamierzonego obwodu.<\/p>\n<h2 data-sourcepos=\"3:1-3:17\">Jak dzia\u0142a czujnik napi\u0119cia sta\u0142ego:<\/h2>\n<ul data-sourcepos=\"5:1-8:0\">\n<li data-sourcepos=\"5:1-5:117\"><strong>Wykrywanie usterek uziemienia:<\/strong> Przede wszystkim monitoruje niezamierzony przep\u0142yw pr\u0105du do uziemienia, znany jako zwarcia doziemne.<\/li>\n<li data-sourcepos=\"6:1-6:126\"><strong>Pomiar pr\u0105du up\u0142ywu:<\/strong> Czujnik dok\u0142adnie mierzy wielko\u015b\u0107 pr\u0105du up\u0142ywu, nawet przy bardzo niskich poziomach.<\/li>\n<li data-sourcepos=\"7:1-8:0\"><strong>Uruchamianie \u015brodk\u00f3w ochronnych:<\/strong> Gdy pr\u0105d up\u0142ywu przekroczy ustalony pr\u00f3g, czujnik uruchamia \u015brodki ochronne, takie jak wyzwolenie wy\u0142\u0105cznika automatycznego lub w\u0142\u0105czenie alarmu.<\/li>\n<\/ul>\n<h2 data-sourcepos=\"9:1-9:21\">Kluczowe aplikacje:<\/h2>\n<ul data-sourcepos=\"11:1-16:0\">\n<li data-sourcepos=\"11:1-14:109\"><strong>Bezpiecze\u0144stwo elektryczne:<\/strong>\n<ul data-sourcepos=\"12:5-14:109\">\n<li data-sourcepos=\"12:5-12:145\"><strong>Zastosowania mieszkaniowe:<\/strong> Stosowany w domowych wy\u0142\u0105cznikach automatycznych (RCD) w celu zapobiegania pora\u017ceniom pr\u0105dem elektrycznym i zmniejszenia ryzyka po\u017car\u00f3w elektrycznych.<\/li>\n<li data-sourcepos=\"13:5-13:161\"><strong>Zastosowania przemys\u0142owe:<\/strong> Stosowany w maszynach przemys\u0142owych, systemach dystrybucji energii i centrach danych w celu zwi\u0119kszenia bezpiecze\u0144stwa i zapobiegania uszkodzeniom sprz\u0119tu.<\/li>\n<li data-sourcepos=\"14:5-14:109\"><strong>Sprz\u0119t medyczny:<\/strong> Stosowany w urz\u0105dzeniach medycznych w celu zapewnienia bezpiecze\u0144stwa pacjenta i zapobiegania zagro\u017ceniom elektrycznym.<\/li>\n<\/ul>\n<\/li>\n<li data-sourcepos=\"15:1-16:0\"><strong>Automatyka budynkowa:<\/strong> Zintegrowany z systemami zarz\u0105dzania budynkiem w celu zapewnienia bezpiecze\u0144stwa po\u017carowego i monitorowania energii.<\/li>\n<\/ul>\n<h2 data-sourcepos=\"17:1-17:40\">Rodzaje czujnik\u00f3w napi\u0119cia sta\u0142ego :<\/h2>\n<ul data-sourcepos=\"19:1-21:0\">\n<li data-sourcepos=\"19:1-19:100\"><strong>Wy\u0142\u0105czniki r\u00f3\u017cnicowopr\u0105dowe (RCD):<\/strong> Najpopularniejszy typ, przeznaczony do wykrywania niewielkich zwar\u0107 doziemnych.<\/li>\n<li data-sourcepos=\"20:1-21:0\"><strong>Wy\u0142\u0105czniki r\u00f3\u017cnicowopr\u0105dowe (ELCB):<\/strong> Typ wy\u0142\u0105cznika RCD, kt\u00f3ry automatycznie przerywa zasilanie w przypadku zwarcia doziemnego.<\/li>\n<\/ul>\n<h2 data-sourcepos=\"22:1-22:24\">Kluczowe cechy:<\/h2>\n<ul data-sourcepos=\"24:1-28:0\">\n<li data-sourcepos=\"24:1-24:67\"><strong>Wysoka czu\u0142o\u015b\u0107:<\/strong> Mo\u017cliwo\u015b\u0107 wykrywania nawet niewielkich pr\u0105d\u00f3w up\u0142ywowych.<\/li>\n<li data-sourcepos=\"25:1-25:99\"><strong>Szybki czas reakcji:<\/strong> Szybka reakcja na zwarcia doziemne w celu zminimalizowania ryzyka obra\u017ce\u0144 lub uszkodze\u0144.<\/li>\n<li data-sourcepos=\"26:1-26:65\"><strong>Niezawodno\u015b\u0107:<\/strong> Sta\u0142a i niezawodna wydajno\u015b\u0107 w czasie.<\/li>\n<li data-sourcepos=\"27:1-28:0\"><strong>Dok\u0142adno\u015b\u0107:<\/strong> Dok\u0142adny pomiar pr\u0105du up\u0142ywu w celu niezawodnego wykrywania usterek.<\/li>\n<\/ul>\n<p data-sourcepos=\"29:1-29:129\">Czujniki napi\u0119cia DC odgrywaj\u0105 istotn\u0105 rol\u0119 w zwi\u0119kszaniu bezpiecze\u0144stwa elektrycznego i zapobieganiu wypadkom w r\u00f3\u017cnych zastosowaniach.<\/p>","protected":false},"excerpt":{"rendered":"<table style=\"height: 611px;\" width=\"474\">\n<tbody>\n<tr>\n<td width=\"120\">Model<\/td>\n<td width=\"113\">Zasada<\/td>\n<td width=\"109\">Wej\u015bcie znamionowe<\/td>\n<td width=\"160\">Napi\u0119cie zasilania (V)<\/td>\n<td width=\"117\">Wyj\u015bcie\/wej\u015bcie znamionowe<\/td>\n<td width=\"51\">Szeroko\u015b\u0107 pasma (KHz)<\/td>\n<td width=\"91\">Dok\u0142adno\u015b\u0107 w normalnej temperaturze \uff08%\uff09<\/td>\n<td width=\"105\">TA (\u2103)<\/td>\n<td width=\"109\">Metoda instalacji<\/td>\n<td width=\"151\">Przys\u0142ona\/Z\u0142\u0105cze (mm)<\/td>\n<\/tr>\n<tr>\n<td width=\"120\">HDV1C1LTA<\/td>\n<td width=\"113\">Pr\u0105d up\u0142ywu<\/td>\n<td width=\"109\">\u00b110mA<\/td>\n<td width=\"160\">\u00b112..\u00b115<\/td>\n<td width=\"117\">\u00b15V<\/td>\n<td width=\"51\">DC<\/td>\n<td width=\"91\">1<\/td>\n<td width=\"105\">-40&#8230;+85<\/td>\n<td width=\"109\">Perforacja<\/td>\n<td width=\"151\">\u03a620<\/td>\n<\/tr>\n<tr>\n<td width=\"120\">HDV2C1LTA<\/td>\n<td width=\"113\">Pr\u0105d up\u0142ywu<\/td>\n<td width=\"109\">\u00b120mA<\/td>\n<td width=\"160\">\u00b112..\u00b115<\/td>\n<td width=\"117\">\u00b15V<\/td>\n<td width=\"51\">DC<\/td>\n<td width=\"91\">1<\/td>\n<td width=\"105\">-40&#8230;+85<\/td>\n<td width=\"109\">Perforacja<\/td>\n<td width=\"151\">\u03a620<\/td>\n<\/tr>\n<tr>\n<td width=\"120\">HDV2C3LTA<\/td>\n<td width=\"113\">Pr\u0105d up\u0142ywu<\/td>\n<td width=\"109\">\u00b12000mA<\/td>\n<td width=\"160\">\u00b112..\u00b115<\/td>\n<td width=\"117\">\u00b15V<\/td>\n<td width=\"51\">DC<\/td>\n<td width=\"91\">1<\/td>\n<td width=\"105\">-40&#8230;+85<\/td>\n<td width=\"109\">Perforacja<\/td>\n<td width=\"151\">\u03a620<\/td>\n<\/tr>\n<tr>\n<td width=\"120\">HDV5C3LTA<\/td>\n<td width=\"113\">Pr\u0105d up\u0142ywu<\/td>\n<td width=\"109\">\u00b15000mA<\/td>\n<td width=\"160\">\u00b112..\u00b115<\/td>\n<td width=\"117\">\u00b15V<\/td>\n<td width=\"51\">DC<\/td>\n<td width=\"91\">1<\/td>\n<td width=\"105\">-40&#8230;+85<\/td>\n<td width=\"109\">Perforacja<\/td>\n<td width=\"151\">\u03a620<\/td>\n<\/tr>\n<tr>\n<td width=\"120\">HDV1C1LDB<\/td>\n<td width=\"113\">Pr\u0105d up\u0142ywu<\/td>\n<td width=\"109\">\u00b110mA<\/td>\n<td width=\"160\">\u00b112..\u00b115<\/td>\n<td width=\"117\">\u00b15V<\/td>\n<td width=\"51\">DC<\/td>\n<td width=\"91\">1<\/td>\n<td width=\"105\">-40&#8230;+85<\/td>\n<td width=\"109\">Perforacja<\/td>\n<td width=\"151\">\u03a620<\/td>\n<\/tr>\n<tr>\n<td width=\"120\">HDV2C1LDB<\/td>\n<td width=\"113\">Pr\u0105d up\u0142ywu<\/td>\n<td width=\"109\">\u00b120mA<\/td>\n<td width=\"160\">\u00b112..\u00b115<\/td>\n<td width=\"117\">\u00b15V<\/td>\n<td width=\"51\">DC<\/td>\n<td width=\"91\">1<\/td>\n<td width=\"105\">-40&#8230;+85<\/td>\n<td width=\"109\">Perforacja<\/td>\n<td width=\"151\">\u03a620<\/td>\n<\/tr>\n<tr>\n<td width=\"120\">HDV5C1LDB<\/td>\n<td width=\"113\">Pr\u0105d up\u0142ywu<\/td>\n<td width=\"109\">\u00b150mA<\/td>\n<td width=\"160\">\u00b112..\u00b115<\/td>\n<td width=\"117\">\u00b15V<\/td>\n<td width=\"51\">DC<\/td>\n<td width=\"91\">1<\/td>\n<td width=\"105\">-40&#8230;+85<\/td>\n<td width=\"109\">Perforacja<\/td>\n<td width=\"151\">\u03a620<\/td>\n<\/tr>\n<tr>\n<td width=\"120\">HDV1C2LDB<\/td>\n<td width=\"113\">Pr\u0105d up\u0142ywu<\/td>\n<td width=\"109\">\u00b1100mA<\/td>\n<td width=\"160\">\u00b112..\u00b115<\/td>\n<td width=\"117\">\u00b15V<\/td>\n<td width=\"51\">DC<\/td>\n<td width=\"91\">1<\/td>\n<td width=\"105\">-40&#8230;+85<\/td>\n<td width=\"109\">Perforacja<\/td>\n<td width=\"151\">\u03a620<\/td>\n<\/tr>\n<tr>\n<td width=\"120\">HDV1C1EA<\/td>\n<td width=\"113\">Pr\u0105d up\u0142ywu<\/td>\n<td width=\"109\">\u00b110mA<\/td>\n<td width=\"160\">\u00b112..\u00b115<\/td>\n<td width=\"117\">\u00b15V<\/td>\n<td width=\"51\">DC<\/td>\n<td width=\"91\">1<\/td>\n<td width=\"105\">-40&#8230;+85<\/td>\n<td width=\"109\">Perforacja<\/td>\n<td width=\"151\">\u03a640.5<\/td>\n<\/tr>\n<tr>\n<td width=\"120\">HDV2C1EA<\/td>\n<td width=\"113\">Pr\u0105d up\u0142ywu<\/td>\n<td width=\"109\">\u00b120mA<\/td>\n<td width=\"160\">\u00b112..\u00b115<\/td>\n<td width=\"117\">\u00b15V<\/td>\n<td width=\"51\">DC<\/td>\n<td width=\"91\">1<\/td>\n<td width=\"105\">-40&#8230;+85<\/td>\n<td width=\"109\">Perforacja<\/td>\n<td width=\"151\">\u03a640.5<\/td>\n<\/tr>\n<tr>\n<td width=\"120\">HDV2C3EA<\/td>\n<td width=\"113\">Pr\u0105d up\u0142ywu<\/td>\n<td width=\"109\">\u00b12000mA<\/td>\n<td width=\"160\">\u00b112..\u00b115<\/td>\n<td width=\"117\">\u00b15V<\/td>\n<td width=\"51\">DC<\/td>\n<td width=\"91\">1<\/td>\n<td width=\"105\">-40&#8230;+85<\/td>\n<td width=\"109\">Perforacja<\/td>\n<td width=\"151\">\u03a640.5<\/td>\n<\/tr>\n<\/tbody>\n<\/table>","protected":false},"featured_media":2109,"comment_status":"open","ping_status":"closed","template":"","meta":[],"product_brand":[],"product_cat":[44],"product_tag":[],"class_list":{"0":"post-2108","1":"product","2":"type-product","3":"status-publish","4":"has-post-thumbnail","6":"product_cat-current-sensor-2","8":"first","9":"instock","10":"shipping-taxable","11":"product-type-simple"},"_links":{"self":[{"href":"https:\/\/rf-capacitor.com\/pl\/wp-json\/wp\/v2\/product\/2108","targetHints":{"allow":["GET"]}}],"collection":[{"href":"https:\/\/rf-capacitor.com\/pl\/wp-json\/wp\/v2\/product"}],"about":[{"href":"https:\/\/rf-capacitor.com\/pl\/wp-json\/wp\/v2\/types\/product"}],"replies":[{"embeddable":true,"href":"https:\/\/rf-capacitor.com\/pl\/wp-json\/wp\/v2\/comments?post=2108"}],"wp:featuredmedia":[{"embeddable":true,"href":"https:\/\/rf-capacitor.com\/pl\/wp-json\/wp\/v2\/media\/2109"}],"wp:attachment":[{"href":"https:\/\/rf-capacitor.com\/pl\/wp-json\/wp\/v2\/media?parent=2108"}],"wp:term":[{"taxonomy":"product_brand","embeddable":true,"href":"https:\/\/rf-capacitor.com\/pl\/wp-json\/wp\/v2\/product_brand?post=2108"},{"taxonomy":"product_cat","embeddable":true,"href":"https:\/\/rf-capacitor.com\/pl\/wp-json\/wp\/v2\/product_cat?post=2108"},{"taxonomy":"product_tag","embeddable":true,"href":"https:\/\/rf-capacitor.com\/pl\/wp-json\/wp\/v2\/product_tag?post=2108"}],"curies":[{"name":"wp","href":"https:\/\/api.w.org\/{rel}","templated":true}]}}